{"id":1386,"date":"2022-12-05T18:50:21","date_gmt":"2022-12-05T21:50:21","guid":{"rendered":"https:\/\/promocaododia.com.br\/site\/?post_type=product&#038;p=1386"},"modified":"2022-12-05T18:50:21","modified_gmt":"2022-12-05T21:50:21","slug":"kit-lixeira-com-pedal-3-litros-e-escova-sanitaria-cromada-casanova","status":"publish","type":"product","link":"https:\/\/promocaododia.com.br\/site\/produto\/kit-lixeira-com-pedal-3-litros-e-escova-sanitaria-cromada-casanova\/","title":{"rendered":"Kit Lixeira com Pedal 3 Litros E Escova Sanit\u00e1ria Cromada &#8211; Casanova"},"content":{"rendered":"<p>O Kit Lixeira com Pedal 3 Litros e Escova Sanit\u00e1ria Cromada da Casanova conta com um pedal em a\u00e7o cromado que abre e fecha a tampa, garantindo que voc\u00ea jogue o lixo sem ter contato com qualquer tipo de res\u00edduo. Produto conta ainda com cesto remov\u00edvel e escova sanit\u00e1ria, sendo ideal para uso em lavabos e banheiros.A Casanova \u00e9 uma marca C&amp;C Casa e Constru\u00e7\u00e3o e que conta com toda qualidade, seguran\u00e7a e sofistica\u00e7\u00e3o em seus produtos, que v\u00e3o desde materiais essenciais para constru\u00e7\u00e3o a itens de decora\u00e7\u00e3o, seja para sala, quarto, \u00e1reas externas ou banheiro.Cor:Inox, Garantia (m\u00eas):3, Produto:Kit Lixeira 3 litros com Escova Sanit\u00e1ria, Conte\u00fado da Embalagem:1 Lixeira e 1 Escova, Dimens\u00f5es Aproximadas do Produto com Embalagem (cm) &#8211; AxLxP:25,8 x 16,8 x 16,8 cm, Material:Inox, Informa\u00e7\u00f5es Adicionais:Dimens\u00f5es: Lixeira 25,8 x 16,8 x 16,8 cm, Escova 42 x 10 x 10 cm. Informa\u00e7\u00f5es e dados s\u00e3o de responsabilidade do fornecedor., Local Indicado:Banheiro, Tipo:Lixeira, Marca:Casanova, Formato:Cil\u00edndrico, Altura (cm):25,8, Profundidade (cm):16,8, Largura (cm):16,8<\/p>\n<p>&nbsp;<\/p>\n","protected":false},"excerpt":{"rendered":"<p>O Kit Lixeira com Pedal 3 Litros e Escova Sanit\u00e1ria Cromada da Casanova conta com um pedal em a\u00e7o cromado que abre e fecha a tampa, garantindo que voc\u00ea jogue o lixo sem ter contato com qualquer tipo de res\u00edduo. Produto conta ainda com cesto remov\u00edvel e escova sanit\u00e1ria, sendo ideal para uso em lavabos e banheiros.A Casanova \u00e9 uma marca C&amp;C Casa e Constru\u00e7\u00e3o e que conta com toda qualidade, seguran\u00e7a e sofistica\u00e7\u00e3o em seus produtos, que v\u00e3o desde materiais essenciais para constru\u00e7\u00e3o a itens de decora\u00e7\u00e3o, seja para sala, quarto, \u00e1reas externas ou banheiro.Cor:Inox, Garantia (m\u00eas):3, Produto:Kit Lixeira 3 litros com Escova Sanit\u00e1ria, Conte\u00fado da Embalagem:1 Lixeira e 1 Escova, Dimens\u00f5es Aproximadas do Produto com Embalagem (cm) &#8211; AxLxP:25,8 x 16,8 x 16,8 cm, Material:Inox, Informa\u00e7\u00f5es Adicionais:Dimens\u00f5es: Lixeira 25,8 x 16,8 x 16,8 cm, Escova 42 x 10 x 10 cm. Informa\u00e7\u00f5es e dados s\u00e3o de responsabilidade do fornecedor., Local Indicado:Banheiro, Tipo:Lixeira, Marca:Casanova, Formato:Cil\u00edndrico, Altura (cm):25,8, Profundidade (cm):16,8, Largura (cm):16,8 &nbsp;<\/p>\n","protected":false},"featured_media":1387,"template":"","meta":{"_uag_custom_page_level_css":"","site-sidebar-layout":"default","site-content-layout":"default","ast-site-content-layout":"default","site-content-style":"default","site-sidebar-style":"default","ast-global-header-display":"","ast-banner-title-visibility":"","ast-main-header-display":"","ast-hfb-above-header-display":"","ast-hfb-below-header-display":"","ast-hfb-mobile-header-display":"","site-post-title":"","ast-breadcrumbs-content":"","ast-featured-img":"","footer-sml-layout":"","theme-transparent-header-meta":"default","adv-header-id-meta":"","stick-header-meta":"","header-above-stick-meta":"","header-main-stick-meta":"","header-below-stick-meta":"","astra-migrate-meta-layouts":"default","ast-page-background-enabled":"default","ast-page-background-meta":{"desktop":{"background-color":"","background-image":"","background-repeat":"repeat","background-position":"center center","background-size":"auto","background-attachment":"scroll","background-type":"","background-media":"","overlay-type":"","overlay-color":"","overlay-opacity":"","overlay-gradient":""},"tablet":{"background-color":"","background-image":"","background-repeat":"repeat","background-position":"center center","background-size":"auto","background-attachment":"scroll","background-type":"","background-media":"","overlay-type":"","overlay-color":"","overlay-opacity":"","overlay-gradient":""},"mobile":{"background-color":"","background-image":"","background-repeat":"repeat","background-position":"center center","background-size":"auto","background-attachment":"scroll","background-type":"","background-media":"","overlay-type":"","overlay-color":"","overlay-opacity":"","overlay-gradient":""}},"ast-content-background-meta":{"desktop":{"background-color":"var(--ast-global-color-5)","background-image":"","background-repeat":"repeat","background-position":"center center","background-size":"auto","background-attachment":"scroll","background-type":"","background-media":"","overlay-type":"","overlay-color":"","overlay-opacity":"","overlay-gradient":""},"tablet":{"background-color":"var(--ast-global-color-5)","background-image":"","background-repeat":"repeat","background-position":"center center","background-size":"auto","background-attachment":"scroll","background-type":"","background-media":"","overlay-type":"","overlay-color":"","overlay-opacity":"","overlay-gradient":""},"mobile":{"background-color":"var(--ast-global-color-5)","background-image":"","background-repeat":"repeat","background-position":"center center","background-size":"auto","background-attachment":"scroll","background-type":"","background-media":"","overlay-type":"","overlay-color":"","overlay-opacity":"","overlay-gradient":""}}},"product_brand":[],"product_cat":[153,523],"product_tag":[326,119,469,470],"class_list":{"0":"post-1386","1":"product","2":"type-product","3":"status-publish","4":"has-post-thumbnail","6":"product_cat-casa-e-construcao","7":"product_cat-casa-e-decoracao","8":"product_tag-inox","9":"product_tag-kit","10":"product_tag-lixeira","11":"product_tag-lixeira-inox","12":"desktop-align-center","13":"tablet-align-left","14":"mobile-align-center","16":"first","17":"instock","18":"shipping-taxable","19":"product-type-external"},"uagb_featured_image_src":{"full":["https:\/\/promocaododia.com.br\/site\/wp-content\/uploads\/2022\/12\/Kit-Lixeira-com-Pedal-3-Litros-E-Escova-Sanitaria-Cromada-Casanova.jpg",600,600,false],"thumbnail":["https:\/\/promocaododia.com.br\/site\/wp-content\/uploads\/2022\/12\/Kit-Lixeira-com-Pedal-3-Litros-E-Escova-Sanitaria-Cromada-Casanova-150x150.jpg",150,150,true],"medium":["https:\/\/promocaododia.com.br\/site\/wp-content\/uploads\/2022\/12\/Kit-Lixeira-com-Pedal-3-Litros-E-Escova-Sanitaria-Cromada-Casanova-300x300.jpg",300,300,true],"medium_large":["https:\/\/promocaododia.com.br\/site\/wp-content\/uploads\/2022\/12\/Kit-Lixeira-com-Pedal-3-Litros-E-Escova-Sanitaria-Cromada-Casanova.jpg",600,600,false],"large":["https:\/\/promocaododia.com.br\/site\/wp-content\/uploads\/2022\/12\/Kit-Lixeira-com-Pedal-3-Litros-E-Escova-Sanitaria-Cromada-Casanova.jpg",600,600,false],"1536x1536":["https:\/\/promocaododia.com.br\/site\/wp-content\/uploads\/2022\/12\/Kit-Lixeira-com-Pedal-3-Litros-E-Escova-Sanitaria-Cromada-Casanova.jpg",600,600,false],"2048x2048":["https:\/\/promocaododia.com.br\/site\/wp-content\/uploads\/2022\/12\/Kit-Lixeira-com-Pedal-3-Litros-E-Escova-Sanitaria-Cromada-Casanova.jpg",600,600,false],"woocommerce_thumbnail":["https:\/\/promocaododia.com.br\/site\/wp-content\/uploads\/2022\/12\/Kit-Lixeira-com-Pedal-3-Litros-E-Escova-Sanitaria-Cromada-Casanova-250x250.jpg",250,250,true],"woocommerce_single":["https:\/\/promocaododia.com.br\/site\/wp-content\/uploads\/2022\/12\/Kit-Lixeira-com-Pedal-3-Litros-E-Escova-Sanitaria-Cromada-Casanova-250x250.jpg",250,250,true],"woocommerce_gallery_thumbnail":["https:\/\/promocaododia.com.br\/site\/wp-content\/uploads\/2022\/12\/Kit-Lixeira-com-Pedal-3-Litros-E-Escova-Sanitaria-Cromada-Casanova-100x100.jpg",100,100,true]},"uagb_author_info":{"display_name":"danilo.gbr","author_link":"https:\/\/promocaododia.com.br\/site\/author\/"},"uagb_comment_info":0,"uagb_excerpt":"O Kit Lixeira com Pedal 3 Litros e Escova Sanit\u00e1ria Cromada da Casanova conta com um pedal em a\u00e7o cromado que abre e fecha a tampa, garantindo que voc\u00ea jogue o lixo sem ter contato com qualquer tipo de res\u00edduo. Produto conta ainda com cesto remov\u00edvel e escova sanit\u00e1ria, sendo ideal para uso em lavabos&hellip;","_links":{"self":[{"href":"https:\/\/promocaododia.com.br\/site\/wp-json\/wp\/v2\/product\/1386","targetHints":{"allow":["GET"]}}],"collection":[{"href":"https:\/\/promocaododia.com.br\/site\/wp-json\/wp\/v2\/product"}],"about":[{"href":"https:\/\/promocaododia.com.br\/site\/wp-json\/wp\/v2\/types\/product"}],"wp:featuredmedia":[{"embeddable":true,"href":"https:\/\/promocaododia.com.br\/site\/wp-json\/wp\/v2\/media\/1387"}],"wp:attachment":[{"href":"https:\/\/promocaododia.com.br\/site\/wp-json\/wp\/v2\/media?parent=1386"}],"wp:term":[{"taxonomy":"product_brand","embeddable":true,"href":"https:\/\/promocaododia.com.br\/site\/wp-json\/wp\/v2\/product_brand?post=1386"},{"taxonomy":"product_cat","embeddable":true,"href":"https:\/\/promocaododia.com.br\/site\/wp-json\/wp\/v2\/product_cat?post=1386"},{"taxonomy":"product_tag","embeddable":true,"href":"https:\/\/promocaododia.com.br\/site\/wp-json\/wp\/v2\/product_tag?post=1386"}],"curies":[{"name":"wp","href":"https:\/\/api.w.org\/{rel}","templated":true}]}}