{"id":1388,"date":"2022-12-05T18:54:00","date_gmt":"2022-12-05T21:54:00","guid":{"rendered":"https:\/\/promocaododia.com.br\/site\/?post_type=product&#038;p=1388"},"modified":"2022-12-05T18:54:00","modified_gmt":"2022-12-05T21:54:00","slug":"smartphone-samsung-galaxy-a03-core-32gb-2gb-ram-tela-infinita-6-5-camera-traseira-de-8mp-dual-chip","status":"publish","type":"product","link":"https:\/\/promocaododia.com.br\/site\/produto\/smartphone-samsung-galaxy-a03-core-32gb-2gb-ram-tela-infinita-6-5-camera-traseira-de-8mp-dual-chip\/","title":{"rendered":"Smartphone Samsung Galaxy A03 Core 32GB, 2GB RAM Tela infinita 6.5&#8243; C\u00e2mera Traseira de 8MP Dual Chip"},"content":{"rendered":"<p>Amplie o seu \u00e2ngulo de vis\u00e3o com o Display Infinito de 6,5 polegadas do Galaxy A03 Core e veja o que voc\u00ea tem perdido. Gra\u00e7as \u00e0 tecnologia HD+, seu conte\u00fado di\u00e1rio aparece mais n\u00edtido, v\u00edvido, amplo e claro. O Galaxy A03 Core combina curvas suaves com novas cores e design de textura polida. A sua tela expansiva e suave permite desfrutar ao m\u00e1ximo os v\u00eddeos. E o padr\u00e3o met\u00e1lico acrescenta estilo e chama a aten\u00e7\u00e3o. Escolha entre as cores Preto, Verde e Cobre. Capture fotos claras, n\u00edtidas e incr\u00edveis dos seus momentos favoritos com a C\u00e2mera Principal Galaxy A03 Core de 8MP. Se preferir, vire-a e use a C\u00e2mera Frontal de 5MP para colocar os holofotes em voc\u00ea. O Galaxy A03 Core conta com o poderoso processador Octa-core de 2GB de RAM para um desempenho r\u00e1pido e eficiente. Ele tamb\u00e9m vem com 32GB de armazenamento interno. Aproveite todo o dia com uma bateria que n\u00e3o te deixa na m\u00e3o. A capacidade de 5.000mAh permite que voc\u00ea continue realizando as suas tarefas por muito mais tempo. Aproveite a tranquilidade ao comprar um smartphone Galaxy. Os diagn\u00f3sticos interativos e a otimiza\u00e7\u00e3o do aplicativo Samsung Members facilitam a melhoria de desempenho dos seus dispositivos, enquanto nossa linha de assist\u00eancia permite a resolu\u00e7\u00e3o de problemas quando voc\u00ea precisar de assist\u00eancia extra.<\/p>\n","protected":false},"excerpt":{"rendered":"<p>Amplie o seu \u00e2ngulo de vis\u00e3o com o Display Infinito de 6,5 polegadas do Galaxy A03 Core e veja o que voc\u00ea tem perdido. Gra\u00e7as \u00e0 tecnologia HD+, seu conte\u00fado di\u00e1rio aparece mais n\u00edtido, v\u00edvido, amplo e claro. O Galaxy A03 Core combina curvas suaves com novas cores e design de textura polida. A sua tela expansiva e suave permite desfrutar ao m\u00e1ximo os v\u00eddeos. E o padr\u00e3o met\u00e1lico acrescenta estilo e chama a aten\u00e7\u00e3o. Escolha entre as cores Preto, Verde e Cobre. Capture fotos claras, n\u00edtidas e incr\u00edveis dos seus momentos favoritos com a C\u00e2mera Principal Galaxy A03 Core de 8MP. Se preferir, vire-a e use a C\u00e2mera Frontal de 5MP para colocar os holofotes em voc\u00ea. O Galaxy A03 Core conta com o poderoso processador Octa-core de 2GB de RAM para um desempenho r\u00e1pido e eficiente. Ele tamb\u00e9m vem com 32GB de armazenamento interno. Aproveite todo o dia com uma bateria que n\u00e3o te deixa na m\u00e3o. A capacidade de 5.000mAh permite que voc\u00ea continue realizando as suas tarefas por muito mais tempo. Aproveite a tranquilidade ao comprar um smartphone Galaxy. Os diagn\u00f3sticos interativos e a otimiza\u00e7\u00e3o do aplicativo Samsung Members facilitam a melhoria de desempenho dos seus dispositivos, enquanto nossa linha de assist\u00eancia permite a resolu\u00e7\u00e3o de problemas quando voc\u00ea precisar de assist\u00eancia extra.<\/p>\n","protected":false},"featured_media":1390,"template":"","meta":{"_uag_custom_page_level_css":"","site-sidebar-layout":"default","site-content-layout":"default","ast-site-content-layout":"default","site-content-style":"default","site-sidebar-style":"default","ast-global-header-display":"","ast-banner-title-visibility":"","ast-main-header-display":"","ast-hfb-above-header-display":"","ast-hfb-below-header-display":"","ast-hfb-mobile-header-display":"","site-post-title":"","ast-breadcrumbs-content":"","ast-featured-img":"","footer-sml-layout":"","theme-transparent-header-meta":"default","adv-header-id-meta":"","stick-header-meta":"","header-above-stick-meta":"","header-main-stick-meta":"","header-below-stick-meta":"","astra-migrate-meta-layouts":"default","ast-page-background-enabled":"default","ast-page-background-meta":{"desktop":{"background-color":"","background-image":"","background-repeat":"repeat","background-position":"center center","background-size":"auto","background-attachment":"scroll","background-type":"","background-media":"","overlay-type":"","overlay-color":"","overlay-opacity":"","overlay-gradient":""},"tablet":{"background-color":"","background-image":"","background-repeat":"repeat","background-position":"center center","background-size":"auto","background-attachment":"scroll","background-type":"","background-media":"","overlay-type":"","overlay-color":"","overlay-opacity":"","overlay-gradient":""},"mobile":{"background-color":"","background-image":"","background-repeat":"repeat","background-position":"center center","background-size":"auto","background-attachment":"scroll","background-type":"","background-media":"","overlay-type":"","overlay-color":"","overlay-opacity":"","overlay-gradient":""}},"ast-content-background-meta":{"desktop":{"background-color":"var(--ast-global-color-5)","background-image":"","background-repeat":"repeat","background-position":"center center","background-size":"auto","background-attachment":"scroll","background-type":"","background-media":"","overlay-type":"","overlay-color":"","overlay-opacity":"","overlay-gradient":""},"tablet":{"background-color":"var(--ast-global-color-5)","background-image":"","background-repeat":"repeat","background-position":"center center","background-size":"auto","background-attachment":"scroll","background-type":"","background-media":"","overlay-type":"","overlay-color":"","overlay-opacity":"","overlay-gradient":""},"mobile":{"background-color":"var(--ast-global-color-5)","background-image":"","background-repeat":"repeat","background-position":"center center","background-size":"auto","background-attachment":"scroll","background-type":"","background-media":"","overlay-type":"","overlay-color":"","overlay-opacity":"","overlay-gradient":""}}},"product_brand":[],"product_cat":[23,35],"product_tag":[91,89,88,90],"class_list":{"0":"post-1388","1":"product","2":"type-product","3":"status-publish","4":"has-post-thumbnail","6":"product_cat-celulares-e-tablets","7":"product_cat-smartphone","8":"product_tag-celular","9":"product_tag-samsung","10":"product_tag-samsung-galaxy","11":"product_tag-smartphone","12":"desktop-align-center","13":"tablet-align-left","14":"mobile-align-center","16":"first","17":"instock","18":"sale","19":"shipping-taxable","20":"product-type-external"},"uagb_featured_image_src":{"full":["https:\/\/promocaododia.com.br\/site\/wp-content\/uploads\/2022\/12\/Smartphone-Samsung-Galaxy-A03-Core-32GB-2GB-RAM-Tela-infinita-6.5-Camera-Traseira-de-8MP-Dual-Chip-1.jpg",600,600,false],"thumbnail":["https:\/\/promocaododia.com.br\/site\/wp-content\/uploads\/2022\/12\/Smartphone-Samsung-Galaxy-A03-Core-32GB-2GB-RAM-Tela-infinita-6.5-Camera-Traseira-de-8MP-Dual-Chip-1-150x150.jpg",150,150,true],"medium":["https:\/\/promocaododia.com.br\/site\/wp-content\/uploads\/2022\/12\/Smartphone-Samsung-Galaxy-A03-Core-32GB-2GB-RAM-Tela-infinita-6.5-Camera-Traseira-de-8MP-Dual-Chip-1-300x300.jpg",300,300,true],"medium_large":["https:\/\/promocaododia.com.br\/site\/wp-content\/uploads\/2022\/12\/Smartphone-Samsung-Galaxy-A03-Core-32GB-2GB-RAM-Tela-infinita-6.5-Camera-Traseira-de-8MP-Dual-Chip-1.jpg",600,600,false],"large":["https:\/\/promocaododia.com.br\/site\/wp-content\/uploads\/2022\/12\/Smartphone-Samsung-Galaxy-A03-Core-32GB-2GB-RAM-Tela-infinita-6.5-Camera-Traseira-de-8MP-Dual-Chip-1.jpg",600,600,false],"1536x1536":["https:\/\/promocaododia.com.br\/site\/wp-content\/uploads\/2022\/12\/Smartphone-Samsung-Galaxy-A03-Core-32GB-2GB-RAM-Tela-infinita-6.5-Camera-Traseira-de-8MP-Dual-Chip-1.jpg",600,600,false],"2048x2048":["https:\/\/promocaododia.com.br\/site\/wp-content\/uploads\/2022\/12\/Smartphone-Samsung-Galaxy-A03-Core-32GB-2GB-RAM-Tela-infinita-6.5-Camera-Traseira-de-8MP-Dual-Chip-1.jpg",600,600,false],"woocommerce_thumbnail":["https:\/\/promocaododia.com.br\/site\/wp-content\/uploads\/2022\/12\/Smartphone-Samsung-Galaxy-A03-Core-32GB-2GB-RAM-Tela-infinita-6.5-Camera-Traseira-de-8MP-Dual-Chip-1-250x250.jpg",250,250,true],"woocommerce_single":["https:\/\/promocaododia.com.br\/site\/wp-content\/uploads\/2022\/12\/Smartphone-Samsung-Galaxy-A03-Core-32GB-2GB-RAM-Tela-infinita-6.5-Camera-Traseira-de-8MP-Dual-Chip-1-250x250.jpg",250,250,true],"woocommerce_gallery_thumbnail":["https:\/\/promocaododia.com.br\/site\/wp-content\/uploads\/2022\/12\/Smartphone-Samsung-Galaxy-A03-Core-32GB-2GB-RAM-Tela-infinita-6.5-Camera-Traseira-de-8MP-Dual-Chip-1-100x100.jpg",100,100,true]},"uagb_author_info":{"display_name":"danilo.gbr","author_link":"https:\/\/promocaododia.com.br\/site\/author\/"},"uagb_comment_info":0,"uagb_excerpt":"Amplie o seu \u00e2ngulo de vis\u00e3o com o Display Infinito de 6,5 polegadas do Galaxy A03 Core e veja o que voc\u00ea tem perdido. Gra\u00e7as \u00e0 tecnologia HD+, seu conte\u00fado di\u00e1rio aparece mais n\u00edtido, v\u00edvido, amplo e claro. O Galaxy A03 Core combina curvas suaves com novas cores e design de textura polida. A sua&hellip;","_links":{"self":[{"href":"https:\/\/promocaododia.com.br\/site\/wp-json\/wp\/v2\/product\/1388","targetHints":{"allow":["GET"]}}],"collection":[{"href":"https:\/\/promocaododia.com.br\/site\/wp-json\/wp\/v2\/product"}],"about":[{"href":"https:\/\/promocaododia.com.br\/site\/wp-json\/wp\/v2\/types\/product"}],"wp:featuredmedia":[{"embeddable":true,"href":"https:\/\/promocaododia.com.br\/site\/wp-json\/wp\/v2\/media\/1390"}],"wp:attachment":[{"href":"https:\/\/promocaododia.com.br\/site\/wp-json\/wp\/v2\/media?parent=1388"}],"wp:term":[{"taxonomy":"product_brand","embeddable":true,"href":"https:\/\/promocaododia.com.br\/site\/wp-json\/wp\/v2\/product_brand?post=1388"},{"taxonomy":"product_cat","embeddable":true,"href":"https:\/\/promocaododia.com.br\/site\/wp-json\/wp\/v2\/product_cat?post=1388"},{"taxonomy":"product_tag","embeddable":true,"href":"https:\/\/promocaododia.com.br\/site\/wp-json\/wp\/v2\/product_tag?post=1388"}],"curies":[{"name":"wp","href":"https:\/\/api.w.org\/{rel}","templated":true}]}}