{"id":1391,"date":"2022-12-05T18:57:39","date_gmt":"2022-12-05T21:57:39","guid":{"rendered":"https:\/\/promocaododia.com.br\/site\/?post_type=product&#038;p=1391"},"modified":"2022-12-05T18:57:39","modified_gmt":"2022-12-05T21:57:39","slug":"loreal-professionnel-absolut-repair-oleo-10-em-1","status":"publish","type":"product","link":"https:\/\/promocaododia.com.br\/site\/produto\/loreal-professionnel-absolut-repair-oleo-10-em-1\/","title":{"rendered":"L&#8217;Or\u00e9al Professionnel Absolut Repair \u00d3leo 10 em 1"},"content":{"rendered":"<p>Cabelos finos e danificados? O \u00d3leo 10in1 Absolut Repair Gold Quinoa foi desenvolvido especialmente para cabelos danificados! Ele promove um resultado de fios nutridos, brilhosos e leves. \u00d3leo com toque leve para cabelos normais a sensibilizados. Seus principais ingredientes, a Quinoa Dourada e Prote\u00edna Hidrolisada de Trigo, criam um filme protetor que mant\u00e9m as cut\u00edculas seladas, retendo as propriedades restauradoras dentro da fibra capilar. Gra\u00e7as a sua tecnologia de co-emuls\u00e3o, suas mol\u00e9culas s\u00e3o 50% menores que os tracionais. Com isso, os ingredientes ativos penetram profundamente na fibra, formando um filme fino e homog\u00eaneo e aperfei\u00e7oando a superf\u00edcie do cabelo. 1 a\u00e7\u00e3o 10 benef\u00edcios: 1. Nutre o cabelo. 2. Retoma a fibra instantaneamente. 3. Deixa os cabelos com um toque leve 4. Deixa os fios mais macios. 5. Desembara\u00e7a o cabelo. 6. Condiciona a fibra. 7. Torna o cabelo mais gerenci\u00e1vel. 8. Adiciona brilho aos fios. 9. Protege a fibra 10. Acalma os cabelos.<\/p>\n","protected":false},"excerpt":{"rendered":"<p>Cabelos finos e danificados? O \u00d3leo 10in1 Absolut Repair Gold Quinoa foi desenvolvido especialmente para cabelos danificados! Ele promove um resultado de fios nutridos, brilhosos e leves. \u00d3leo com toque leve para cabelos normais a sensibilizados. Seus principais ingredientes, a Quinoa Dourada e Prote\u00edna Hidrolisada de Trigo, criam um filme protetor que mant\u00e9m as cut\u00edculas seladas, retendo as propriedades restauradoras dentro da fibra capilar. Gra\u00e7as a sua tecnologia de co-emuls\u00e3o, suas mol\u00e9culas s\u00e3o 50% menores que os tracionais. Com isso, os ingredientes ativos penetram profundamente na fibra, formando um filme fino e homog\u00eaneo e aperfei\u00e7oando a superf\u00edcie do cabelo. 1 a\u00e7\u00e3o 10 benef\u00edcios: 1. Nutre o cabelo. 2. Retoma a fibra instantaneamente. 3. Deixa os cabelos com um toque leve 4. Deixa os fios mais macios. 5. Desembara\u00e7a o cabelo. 6. Condiciona a fibra. 7. Torna o cabelo mais gerenci\u00e1vel. 8. Adiciona brilho aos fios. 9. Protege a fibra 10. Acalma os cabelos.<\/p>\n","protected":false},"featured_media":1392,"template":"","meta":{"_uag_custom_page_level_css":"","site-sidebar-layout":"default","site-content-layout":"default","ast-site-content-layout":"default","site-content-style":"default","site-sidebar-style":"default","ast-global-header-display":"","ast-banner-title-visibility":"","ast-main-header-display":"","ast-hfb-above-header-display":"","ast-hfb-below-header-display":"","ast-hfb-mobile-header-display":"","site-post-title":"","ast-breadcrumbs-content":"","ast-featured-img":"","footer-sml-layout":"","theme-transparent-header-meta":"default","adv-header-id-meta":"","stick-header-meta":"","header-above-stick-meta":"","header-main-stick-meta":"","header-below-stick-meta":"","astra-migrate-meta-layouts":"default","ast-page-background-enabled":"default","ast-page-background-meta":{"desktop":{"background-color":"","background-image":"","background-repeat":"repeat","background-position":"center center","background-size":"auto","background-attachment":"scroll","background-type":"","background-media":"","overlay-type":"","overlay-color":"","overlay-opacity":"","overlay-gradient":""},"tablet":{"background-color":"","background-image":"","background-repeat":"repeat","background-position":"center center","background-size":"auto","background-attachment":"scroll","background-type":"","background-media":"","overlay-type":"","overlay-color":"","overlay-opacity":"","overlay-gradient":""},"mobile":{"background-color":"","background-image":"","background-repeat":"repeat","background-position":"center center","background-size":"auto","background-attachment":"scroll","background-type":"","background-media":"","overlay-type":"","overlay-color":"","overlay-opacity":"","overlay-gradient":""}},"ast-content-background-meta":{"desktop":{"background-color":"var(--ast-global-color-5)","background-image":"","background-repeat":"repeat","background-position":"center center","background-size":"auto","background-attachment":"scroll","background-type":"","background-media":"","overlay-type":"","overlay-color":"","overlay-opacity":"","overlay-gradient":""},"tablet":{"background-color":"var(--ast-global-color-5)","background-image":"","background-repeat":"repeat","background-position":"center center","background-size":"auto","background-attachment":"scroll","background-type":"","background-media":"","overlay-type":"","overlay-color":"","overlay-opacity":"","overlay-gradient":""},"mobile":{"background-color":"var(--ast-global-color-5)","background-image":"","background-repeat":"repeat","background-position":"center center","background-size":"auto","background-attachment":"scroll","background-type":"","background-media":"","overlay-type":"","overlay-color":"","overlay-opacity":"","overlay-gradient":""}}},"product_brand":[],"product_cat":[33,536],"product_tag":[100],"class_list":{"0":"post-1391","1":"product","2":"type-product","3":"status-publish","4":"has-post-thumbnail","6":"product_cat-beleza-e-perfumaria","7":"product_cat-cuidados","8":"product_tag-beleza","9":"desktop-align-center","10":"tablet-align-left","11":"mobile-align-center","13":"first","14":"instock","15":"sale","16":"shipping-taxable","17":"product-type-external"},"uagb_featured_image_src":{"full":["https:\/\/promocaododia.com.br\/site\/wp-content\/uploads\/2022\/12\/LOreal-Professionnel-Absolut-Repair-Oleo-10-em-1.jpg",600,600,false],"thumbnail":["https:\/\/promocaododia.com.br\/site\/wp-content\/uploads\/2022\/12\/LOreal-Professionnel-Absolut-Repair-Oleo-10-em-1-150x150.jpg",150,150,true],"medium":["https:\/\/promocaododia.com.br\/site\/wp-content\/uploads\/2022\/12\/LOreal-Professionnel-Absolut-Repair-Oleo-10-em-1-300x300.jpg",300,300,true],"medium_large":["https:\/\/promocaododia.com.br\/site\/wp-content\/uploads\/2022\/12\/LOreal-Professionnel-Absolut-Repair-Oleo-10-em-1.jpg",600,600,false],"large":["https:\/\/promocaododia.com.br\/site\/wp-content\/uploads\/2022\/12\/LOreal-Professionnel-Absolut-Repair-Oleo-10-em-1.jpg",600,600,false],"1536x1536":["https:\/\/promocaododia.com.br\/site\/wp-content\/uploads\/2022\/12\/LOreal-Professionnel-Absolut-Repair-Oleo-10-em-1.jpg",600,600,false],"2048x2048":["https:\/\/promocaododia.com.br\/site\/wp-content\/uploads\/2022\/12\/LOreal-Professionnel-Absolut-Repair-Oleo-10-em-1.jpg",600,600,false],"woocommerce_thumbnail":["https:\/\/promocaododia.com.br\/site\/wp-content\/uploads\/2022\/12\/LOreal-Professionnel-Absolut-Repair-Oleo-10-em-1-250x250.jpg",250,250,true],"woocommerce_single":["https:\/\/promocaododia.com.br\/site\/wp-content\/uploads\/2022\/12\/LOreal-Professionnel-Absolut-Repair-Oleo-10-em-1-250x250.jpg",250,250,true],"woocommerce_gallery_thumbnail":["https:\/\/promocaododia.com.br\/site\/wp-content\/uploads\/2022\/12\/LOreal-Professionnel-Absolut-Repair-Oleo-10-em-1-100x100.jpg",100,100,true]},"uagb_author_info":{"display_name":"danilo.gbr","author_link":"https:\/\/promocaododia.com.br\/site\/author\/"},"uagb_comment_info":0,"uagb_excerpt":"Cabelos finos e danificados? O \u00d3leo 10in1 Absolut Repair Gold Quinoa foi desenvolvido especialmente para cabelos danificados! Ele promove um resultado de fios nutridos, brilhosos e leves. \u00d3leo com toque leve para cabelos normais a sensibilizados. Seus principais ingredientes, a Quinoa Dourada e Prote\u00edna Hidrolisada de Trigo, criam um filme protetor que mant\u00e9m as cut\u00edculas&hellip;","_links":{"self":[{"href":"https:\/\/promocaododia.com.br\/site\/wp-json\/wp\/v2\/product\/1391","targetHints":{"allow":["GET"]}}],"collection":[{"href":"https:\/\/promocaododia.com.br\/site\/wp-json\/wp\/v2\/product"}],"about":[{"href":"https:\/\/promocaododia.com.br\/site\/wp-json\/wp\/v2\/types\/product"}],"wp:featuredmedia":[{"embeddable":true,"href":"https:\/\/promocaododia.com.br\/site\/wp-json\/wp\/v2\/media\/1392"}],"wp:attachment":[{"href":"https:\/\/promocaododia.com.br\/site\/wp-json\/wp\/v2\/media?parent=1391"}],"wp:term":[{"taxonomy":"product_brand","embeddable":true,"href":"https:\/\/promocaododia.com.br\/site\/wp-json\/wp\/v2\/product_brand?post=1391"},{"taxonomy":"product_cat","embeddable":true,"href":"https:\/\/promocaododia.com.br\/site\/wp-json\/wp\/v2\/product_cat?post=1391"},{"taxonomy":"product_tag","embeddable":true,"href":"https:\/\/promocaododia.com.br\/site\/wp-json\/wp\/v2\/product_tag?post=1391"}],"curies":[{"name":"wp","href":"https:\/\/api.w.org\/{rel}","templated":true}]}}