{"id":1397,"date":"2022-12-05T19:24:47","date_gmt":"2022-12-05T22:24:47","guid":{"rendered":"https:\/\/promocaododia.com.br\/site\/?post_type=product&#038;p=1397"},"modified":"2022-12-05T19:24:48","modified_gmt":"2022-12-05T22:24:48","slug":"micro-ondas-35l-midea-mxsa35b2","status":"publish","type":"product","link":"https:\/\/promocaododia.com.br\/site\/produto\/micro-ondas-35l-midea-mxsa35b2\/","title":{"rendered":"Micro-Ondas 35l Midea &#8211; Mxsa35b2"},"content":{"rendered":"<p>Micro-ondas 35l midea &#8211; mxsa35b2<\/p>\n<p>O micro-ondas midea vai se tornar seu melhor amigo na cozinha. Retirar x\u00edcaras e canecas vai ser muito mais f\u00e1cil: possui prato inteligente, que retorna a al\u00e7a dos recipientes para a posi\u00e7\u00e3o inicial. O micro-ondas midea \u00e9 super completo com fun\u00e7\u00e3o preferido, \u00e9 poss\u00edvel deixar salvo o programa e tempo de suas receitas prediletas. Al\u00e9m de todas essas facilidades, conta com minuto f\u00e1cil para acesso r\u00e1pido de 1,2 ou 3 minutos, fun\u00e7\u00e3o tira odor, limpa f\u00e1cil e fun\u00e7\u00e3o eco para mais economia de energia com o visor desligado.: prato inteligente: facilita a remo\u00e7\u00e3o de x\u00edcaras e canecas, retornando a al\u00e7a dos recipientes para a posi\u00e7\u00e3o inicial<br \/>\nFun\u00e7\u00e3o preferido: deixe salvo o programa e o tempo de suas receitas prediletas<\/p>\n<p>Minuto f\u00e1cil: acesso r\u00e1pido com teclas de 1,2 ou 3 minutos para facilitar seu dia a dia na cozinha<br \/>\nMenu descongelar: programa ideal para descongelar carne, frango\/peixe e feij\u00e3o no ponto certo<br \/>\nReceitas pr\u00e9-programadas: mais praticidade no seu dia a dia<br \/>\nPraticidade na limpeza: fun\u00e7\u00e3o tira odor e limpa f\u00e1cil<br \/>\nFun\u00e7\u00e3o eco: mais economia de energia com o visor desligado<br \/>\nLuz do visor em led<\/p>\n<p>Caracter\u00edsticas: capacidade (litros): 35ltipo: de mesa\/bancadavolume \u00fatil (litros): 20material interno: metalmaterial externo: metal e pl\u00e1sticocor externa: brancocor interna: brancoabertura: horizontaldisplay digital: simdisplay cor: led verdepuxador: simdescongelamento por peso: simn\u00edveis de pot\u00eancia: 10grill: n\u00e3osistema toque r\u00e1pido &#8211; aquecimento em 1 toque: simmenu descongelar: sim (carne, frango\/peixe e feij\u00e3o)receitas pr\u00e9-programadas: arroz, pipoca, batata, aquecer prato pronto, pudim e brigadeirofun\u00e7\u00f5es: tira odor, eco, preferido, limpa f\u00e1cilprato girat\u00f3rio inteligente: simrel\u00f3gio: simtemporizador m\u00e1ximo: 99 minutos\/ 99 segundosfun\u00e7\u00e3o limpa f\u00e1cil: simdesodorizador: simtrava de seguran\u00e7a: sim (no painel)dupla emiss\u00e3o de ondas: n\u00e3oinverter: n\u00e3o<br \/>\nDados t\u00e9cnicos: di\u00e2metro do prato: 31,5 cmfreq\u00eancia de opera\u00e7\u00e3o do microondas: 60hzpot\u00eancia nominal: 1450wpot\u00eancia de micro-ondas: 1000wclasse de efici\u00eancia energ\u00e9tica: aefici\u00eancia energ\u00e9tica: 127v: 54,8 % cor: branco &#8211; voltagem: 220 volts.<\/p>\n","protected":false},"excerpt":{"rendered":"<p>Micro-ondas 35l midea &#8211; mxsa35b2 O micro-ondas midea vai se tornar seu melhor amigo na cozinha. Retirar x\u00edcaras e canecas vai ser muito mais f\u00e1cil: possui prato inteligente, que retorna a al\u00e7a dos recipientes para a posi\u00e7\u00e3o inicial. O micro-ondas midea \u00e9 super completo com fun\u00e7\u00e3o preferido, \u00e9 poss\u00edvel deixar salvo o programa e tempo de suas receitas prediletas. Al\u00e9m de todas essas facilidades, conta com minuto f\u00e1cil para acesso r\u00e1pido de 1,2 ou 3 minutos, fun\u00e7\u00e3o tira odor, limpa f\u00e1cil e fun\u00e7\u00e3o eco para mais economia de energia com o visor desligado.: prato inteligente: facilita a remo\u00e7\u00e3o de x\u00edcaras e canecas, retornando a al\u00e7a dos recipientes para a posi\u00e7\u00e3o inicial Fun\u00e7\u00e3o preferido: deixe salvo o programa e o tempo de suas receitas prediletas Minuto f\u00e1cil: acesso r\u00e1pido com teclas de 1,2 ou 3 minutos para facilitar seu dia a dia na cozinha Menu descongelar: programa ideal para descongelar carne, frango\/peixe e feij\u00e3o no ponto certo Receitas pr\u00e9-programadas: mais praticidade no seu dia a dia Praticidade na limpeza: fun\u00e7\u00e3o tira odor e limpa f\u00e1cil Fun\u00e7\u00e3o eco: mais economia de energia com o visor desligado Luz do visor em led Caracter\u00edsticas: capacidade (litros): 35ltipo: de mesa\/bancadavolume \u00fatil (litros): 20material interno: metalmaterial externo: metal e pl\u00e1sticocor externa: brancocor interna: brancoabertura: horizontaldisplay digital: simdisplay cor: led verdepuxador: simdescongelamento por peso: simn\u00edveis de pot\u00eancia: 10grill: n\u00e3osistema toque r\u00e1pido &#8211; aquecimento em 1 toque: simmenu descongelar: sim (carne, frango\/peixe e feij\u00e3o)receitas pr\u00e9-programadas: arroz, pipoca, batata, aquecer prato pronto, pudim e brigadeirofun\u00e7\u00f5es: tira odor, eco, preferido, limpa f\u00e1cilprato girat\u00f3rio inteligente: simrel\u00f3gio: simtemporizador m\u00e1ximo: 99 minutos\/ 99 segundosfun\u00e7\u00e3o limpa f\u00e1cil: simdesodorizador: simtrava de seguran\u00e7a: sim (no painel)dupla emiss\u00e3o de ondas: n\u00e3oinverter: n\u00e3o Dados t\u00e9cnicos: di\u00e2metro do prato: 31,5 cmfreq\u00eancia de opera\u00e7\u00e3o do microondas: 60hzpot\u00eancia nominal: 1450wpot\u00eancia de micro-ondas: 1000wclasse de efici\u00eancia energ\u00e9tica: aefici\u00eancia energ\u00e9tica: 127v: 54,8 % cor: branco &#8211; voltagem: 220 volts.<\/p>\n","protected":false},"featured_media":1398,"template":"","meta":{"_uag_custom_page_level_css":"","site-sidebar-layout":"default","site-content-layout":"default","ast-site-content-layout":"default","site-content-style":"default","site-sidebar-style":"default","ast-global-header-display":"","ast-banner-title-visibility":"","ast-main-header-display":"","ast-hfb-above-header-display":"","ast-hfb-below-header-display":"","ast-hfb-mobile-header-display":"","site-post-title":"","ast-breadcrumbs-content":"","ast-featured-img":"","footer-sml-layout":"","theme-transparent-header-meta":"default","adv-header-id-meta":"","stick-header-meta":"","header-above-stick-meta":"","header-main-stick-meta":"","header-below-stick-meta":"","astra-migrate-meta-layouts":"default","ast-page-background-enabled":"default","ast-page-background-meta":{"desktop":{"background-color":"","background-image":"","background-repeat":"repeat","background-position":"center center","background-size":"auto","background-attachment":"scroll","background-type":"","background-media":"","overlay-type":"","overlay-color":"","overlay-opacity":"","overlay-gradient":""},"tablet":{"background-color":"","background-image":"","background-repeat":"repeat","background-position":"center center","background-size":"auto","background-attachment":"scroll","background-type":"","background-media":"","overlay-type":"","overlay-color":"","overlay-opacity":"","overlay-gradient":""},"mobile":{"background-color":"","background-image":"","background-repeat":"repeat","background-position":"center center","background-size":"auto","background-attachment":"scroll","background-type":"","background-media":"","overlay-type":"","overlay-color":"","overlay-opacity":"","overlay-gradient":""}},"ast-content-background-meta":{"desktop":{"background-color":"var(--ast-global-color-5)","background-image":"","background-repeat":"repeat","background-position":"center center","background-size":"auto","background-attachment":"scroll","background-type":"","background-media":"","overlay-type":"","overlay-color":"","overlay-opacity":"","overlay-gradient":""},"tablet":{"background-color":"var(--ast-global-color-5)","background-image":"","background-repeat":"repeat","background-position":"center center","background-size":"auto","background-attachment":"scroll","background-type":"","background-media":"","overlay-type":"","overlay-color":"","overlay-opacity":"","overlay-gradient":""},"mobile":{"background-color":"var(--ast-global-color-5)","background-image":"","background-repeat":"repeat","background-position":"center center","background-size":"auto","background-attachment":"scroll","background-type":"","background-media":"","overlay-type":"","overlay-color":"","overlay-opacity":"","overlay-gradient":""}}},"product_brand":[],"product_cat":[28,484],"product_tag":[485],"class_list":{"0":"post-1397","1":"product","2":"type-product","3":"status-publish","4":"has-post-thumbnail","6":"product_cat-eletrodomesticos","7":"product_cat-micro-ondas","8":"product_tag-micro-ondas","9":"desktop-align-center","10":"tablet-align-left","11":"mobile-align-center","13":"first","14":"instock","15":"sale","16":"shipping-taxable","17":"product-type-external"},"uagb_featured_image_src":{"full":["https:\/\/promocaododia.com.br\/site\/wp-content\/uploads\/2022\/12\/Micro-Ondas-35l-Midea-Mxsa35b2.jpg",600,600,false],"thumbnail":["https:\/\/promocaododia.com.br\/site\/wp-content\/uploads\/2022\/12\/Micro-Ondas-35l-Midea-Mxsa35b2-150x150.jpg",150,150,true],"medium":["https:\/\/promocaododia.com.br\/site\/wp-content\/uploads\/2022\/12\/Micro-Ondas-35l-Midea-Mxsa35b2-300x300.jpg",300,300,true],"medium_large":["https:\/\/promocaododia.com.br\/site\/wp-content\/uploads\/2022\/12\/Micro-Ondas-35l-Midea-Mxsa35b2.jpg",600,600,false],"large":["https:\/\/promocaododia.com.br\/site\/wp-content\/uploads\/2022\/12\/Micro-Ondas-35l-Midea-Mxsa35b2.jpg",600,600,false],"1536x1536":["https:\/\/promocaododia.com.br\/site\/wp-content\/uploads\/2022\/12\/Micro-Ondas-35l-Midea-Mxsa35b2.jpg",600,600,false],"2048x2048":["https:\/\/promocaododia.com.br\/site\/wp-content\/uploads\/2022\/12\/Micro-Ondas-35l-Midea-Mxsa35b2.jpg",600,600,false],"woocommerce_thumbnail":["https:\/\/promocaododia.com.br\/site\/wp-content\/uploads\/2022\/12\/Micro-Ondas-35l-Midea-Mxsa35b2-250x250.jpg",250,250,true],"woocommerce_single":["https:\/\/promocaododia.com.br\/site\/wp-content\/uploads\/2022\/12\/Micro-Ondas-35l-Midea-Mxsa35b2-250x250.jpg",250,250,true],"woocommerce_gallery_thumbnail":["https:\/\/promocaododia.com.br\/site\/wp-content\/uploads\/2022\/12\/Micro-Ondas-35l-Midea-Mxsa35b2-100x100.jpg",100,100,true]},"uagb_author_info":{"display_name":"danilo.gbr","author_link":"https:\/\/promocaododia.com.br\/site\/author\/"},"uagb_comment_info":0,"uagb_excerpt":"Micro-ondas 35l midea &#8211; mxsa35b2 O micro-ondas midea vai se tornar seu melhor amigo na cozinha. Retirar x\u00edcaras e canecas vai ser muito mais f\u00e1cil: possui prato inteligente, que retorna a al\u00e7a dos recipientes para a posi\u00e7\u00e3o inicial. O micro-ondas midea \u00e9 super completo com fun\u00e7\u00e3o preferido, \u00e9 poss\u00edvel deixar salvo o programa e tempo&hellip;","_links":{"self":[{"href":"https:\/\/promocaododia.com.br\/site\/wp-json\/wp\/v2\/product\/1397","targetHints":{"allow":["GET"]}}],"collection":[{"href":"https:\/\/promocaododia.com.br\/site\/wp-json\/wp\/v2\/product"}],"about":[{"href":"https:\/\/promocaododia.com.br\/site\/wp-json\/wp\/v2\/types\/product"}],"wp:featuredmedia":[{"embeddable":true,"href":"https:\/\/promocaododia.com.br\/site\/wp-json\/wp\/v2\/media\/1398"}],"wp:attachment":[{"href":"https:\/\/promocaododia.com.br\/site\/wp-json\/wp\/v2\/media?parent=1397"}],"wp:term":[{"taxonomy":"product_brand","embeddable":true,"href":"https:\/\/promocaododia.com.br\/site\/wp-json\/wp\/v2\/product_brand?post=1397"},{"taxonomy":"product_cat","embeddable":true,"href":"https:\/\/promocaododia.com.br\/site\/wp-json\/wp\/v2\/product_cat?post=1397"},{"taxonomy":"product_tag","embeddable":true,"href":"https:\/\/promocaododia.com.br\/site\/wp-json\/wp\/v2\/product_tag?post=1397"}],"curies":[{"name":"wp","href":"https:\/\/api.w.org\/{rel}","templated":true}]}}