{"id":1401,"date":"2022-12-06T19:06:36","date_gmt":"2022-12-06T22:06:36","guid":{"rendered":"https:\/\/promocaododia.com.br\/site\/?post_type=product&#038;p=1401"},"modified":"2022-12-06T19:06:36","modified_gmt":"2022-12-06T22:06:36","slug":"tablet-samsung-galaxy-a7-lite-4g-32gb-3gb-ram-sm-t225nzapzto","status":"publish","type":"product","link":"https:\/\/promocaododia.com.br\/site\/produto\/tablet-samsung-galaxy-a7-lite-4g-32gb-3gb-ram-sm-t225nzapzto\/","title":{"rendered":"Tablet Samsung Galaxy A7 Lite 4g 32gb 3gb Ram Sm-T225nzapzto"},"content":{"rendered":"<p>Galaxy Tab A7 LiteDa divers\u00e3o, ao trabalho ou estudos. Tudo em um Tab. Feito para ir aonde voc\u00ea forN\u00e3o troque estilo por conveni\u00eancia. O Galaxy Tab A7 Lite oferece os dois em uma estrutura fina. Com espessura de 8,0 mm e 371 g de peso, ele \u00e9 super port\u00e1til e pode ser guardado com facilidade na bolsa sem pesar. Escolha entre as elegantes cores grafite ou prata. Feito para ir aonde voc\u00ea forN\u00e3o troque estilo por conveni\u00eancia. O Galaxy Tab A7 Lite oferece os dois em uma estrutura fina. Com espessura de 8,0 mm e 371 g de peso, ele \u00e9 super port\u00e1til e pode ser guardado com facilidade na bolsa sem pesar. Escolha entre as elegantes cores grafite ou prata. Gestos simples para usar com apenas uma m\u00e3oNavegue facilmente pelo tablet usando apenas uma m\u00e3o. Um menu baseado em gestos permite que voc\u00ea volte, veja aplicativos recentes e acesse o menu In\u00edcio, tudo com um simples deslizar do seu dedo. Com dezenas de fun\u00e7\u00f5es, o Galaxy Tab A7 Lite coloca a conveni\u00eancia na palma da sua m\u00e3o. Uma c\u00e2mera para capturar seus momentos ao vivoA c\u00e2mera do Galaxy Tab A7 Lite est\u00e1 pronta para capturar e compartilhar seu momento. N\u00e3o importa se tem interesse em retratos deslumbrantes ou paisagens de tirar o f\u00f4lego, este dispositivo tem o que voc\u00ea precisa. Com a c\u00e2mera principal de 8 mp, suas mem\u00f3rias permanecem vivas, brilhantes e claras. O cinema mais perto no seu bolsoO design com bordas finas significa um display maior de 8,7 polegadas em um tablet convenientemente compacto. Aproveite seus conte\u00fados favoritos em uma tela particular e improvisada no parque ou na cama com dois alto-falantes no modo paisagem que oferecem som est\u00e9reo rico. Armazene tudo o que voc\u00ea amaO Galaxy Tab A7 Lite est\u00e1 dispon\u00edvel com armazenamento de 32GB integrado para todos os seus v\u00eddeos, fotos e arquivos de alta resolu\u00e7\u00e3o. Voc\u00ea tamb\u00e9m pode expandi-lo com um cart\u00e3o microSD e aproveitar at\u00e9 1 tb. Armazene tudo o que voc\u00ea ama e exclua menos. Dura\u00e7\u00e3o da bateria diferenciadaO Galaxy Tab A7 Lite oferece muito mais autonomia de uso do que se imagina em um dispositivo t\u00e3o elegante e fino. Sua bateria de 5.100 mAh* oferece a liberdade de esquecer o carregador durante muito tempo quando voc\u00ea precisar ir a algum lugar ou tiver muito para assistir. Mantenha a conex\u00e3o em seu GalaxyTorne a vida mais conveniente com uma conex\u00e3o perfeita entre seus dispositivos Samsung Galaxy. Fa\u00e7a login em sua conta Samsung e conecte o Galaxy Tab A7 Lite ao celular para receber chamadas, enviar mensagens do seu tablet e conectar-se ao hotspot de dados m\u00f3veis, sem pegar o celular. Um ambiente digital de aprendizado e divers\u00e3oCrie um ambiente seguro para as crian\u00e7as explorarem com o Samsung Kids. \u00e9 s\u00f3 tocar em Samsung Kids no Painel r\u00e1pido e aproveitar aplicativos originais com personagens que vivem no mundo virtual. Voc\u00ea pode monitorar o tempo de uso e de jogo com o Controle Parental para que possa compartilhar o tablet com tranquilidade. A seguran\u00e7a em todos os n\u00edveis protege o que \u00e9 seuO Samsung Knox oferece seguran\u00e7a com n\u00edvel de defesa. Seus dados privados s\u00e3o protegidos contra a maioria de malware e ataques mal-intencionados, aproveitando a plataforma de seguran\u00e7a Knox, suportada por hardware e multicamadas.<\/p>\n","protected":false},"excerpt":{"rendered":"<p>Galaxy Tab A7 LiteDa divers\u00e3o, ao trabalho ou estudos. Tudo em um Tab. Feito para ir aonde voc\u00ea forN\u00e3o troque estilo por conveni\u00eancia. O Galaxy Tab A7 Lite oferece os dois em uma estrutura fina. Com espessura de 8,0 mm e 371 g de peso, ele \u00e9 super port\u00e1til e pode ser guardado com facilidade na bolsa sem pesar. Escolha entre as elegantes cores grafite ou prata. Feito para ir aonde voc\u00ea forN\u00e3o troque estilo por conveni\u00eancia. O Galaxy Tab A7 Lite oferece os dois em uma estrutura fina. Com espessura de 8,0 mm e 371 g de peso, ele \u00e9 super port\u00e1til e pode ser guardado com facilidade na bolsa sem pesar. Escolha entre as elegantes cores grafite ou prata. Gestos simples para usar com apenas uma m\u00e3oNavegue facilmente pelo tablet usando apenas uma m\u00e3o. Um menu baseado em gestos permite que voc\u00ea volte, veja aplicativos recentes e acesse o menu In\u00edcio, tudo com um simples deslizar do seu dedo. Com dezenas de fun\u00e7\u00f5es, o Galaxy Tab A7 Lite coloca a conveni\u00eancia na palma da sua m\u00e3o. Uma c\u00e2mera para capturar seus momentos ao vivoA c\u00e2mera do Galaxy Tab A7 Lite est\u00e1 pronta para capturar e compartilhar seu momento. N\u00e3o importa se tem interesse em retratos deslumbrantes ou paisagens de tirar o f\u00f4lego, este dispositivo tem o que voc\u00ea precisa. Com a c\u00e2mera principal de 8 mp, suas mem\u00f3rias permanecem vivas, brilhantes e claras. O cinema mais perto no seu bolsoO design com bordas finas significa um display maior de 8,7 polegadas em um tablet convenientemente compacto. Aproveite seus conte\u00fados favoritos em uma tela particular e improvisada no parque ou na cama com dois alto-falantes no modo paisagem que oferecem som est\u00e9reo rico. Armazene tudo o que voc\u00ea amaO Galaxy Tab A7 Lite est\u00e1 dispon\u00edvel com armazenamento de 32GB integrado para todos os seus v\u00eddeos, fotos e arquivos de alta resolu\u00e7\u00e3o. Voc\u00ea tamb\u00e9m pode expandi-lo com um cart\u00e3o microSD e aproveitar at\u00e9 1 tb. Armazene tudo o que voc\u00ea ama e exclua menos. Dura\u00e7\u00e3o da bateria diferenciadaO Galaxy Tab A7 Lite oferece muito mais autonomia de uso do que se imagina em um dispositivo t\u00e3o elegante e fino. Sua bateria de 5.100 mAh* oferece a liberdade de esquecer o carregador durante muito tempo quando voc\u00ea precisar ir a algum lugar ou tiver muito para assistir. Mantenha a conex\u00e3o em seu GalaxyTorne a vida mais conveniente com uma conex\u00e3o perfeita entre seus dispositivos Samsung Galaxy. Fa\u00e7a login em sua conta Samsung e conecte o Galaxy Tab A7 Lite ao celular para receber chamadas, enviar mensagens do seu tablet e conectar-se ao hotspot de dados m\u00f3veis, sem pegar o celular. Um ambiente digital de aprendizado e divers\u00e3oCrie um ambiente seguro para as crian\u00e7as explorarem com o Samsung Kids. \u00e9 s\u00f3 tocar em Samsung Kids no Painel r\u00e1pido e aproveitar aplicativos originais com personagens que vivem no mundo virtual. Voc\u00ea pode monitorar o tempo de uso e de jogo com o Controle Parental para que possa compartilhar o tablet com tranquilidade. A seguran\u00e7a em todos os n\u00edveis protege o que \u00e9 seuO Samsung Knox oferece seguran\u00e7a com n\u00edvel de defesa. Seus dados privados s\u00e3o protegidos contra a maioria de malware e ataques mal-intencionados, aproveitando a plataforma de seguran\u00e7a Knox, suportada por hardware e multicamadas.<\/p>\n","protected":false},"featured_media":1402,"template":"","meta":{"_uag_custom_page_level_css":"","site-sidebar-layout":"default","site-content-layout":"default","ast-site-content-layout":"default","site-content-style":"default","site-sidebar-style":"default","ast-global-header-display":"","ast-banner-title-visibility":"","ast-main-header-display":"","ast-hfb-above-header-display":"","ast-hfb-below-header-display":"","ast-hfb-mobile-header-display":"","site-post-title":"","ast-breadcrumbs-content":"","ast-featured-img":"","footer-sml-layout":"","theme-transparent-header-meta":"default","adv-header-id-meta":"","stick-header-meta":"","header-above-stick-meta":"","header-main-stick-meta":"","header-below-stick-meta":"","astra-migrate-meta-layouts":"default","ast-page-background-enabled":"default","ast-page-background-meta":{"desktop":{"background-color":"","background-image":"","background-repeat":"repeat","background-position":"center center","background-size":"auto","background-attachment":"scroll","background-type":"","background-media":"","overlay-type":"","overlay-color":"","overlay-opacity":"","overlay-gradient":""},"tablet":{"background-color":"","background-image":"","background-repeat":"repeat","background-position":"center center","background-size":"auto","background-attachment":"scroll","background-type":"","background-media":"","overlay-type":"","overlay-color":"","overlay-opacity":"","overlay-gradient":""},"mobile":{"background-color":"","background-image":"","background-repeat":"repeat","background-position":"center center","background-size":"auto","background-attachment":"scroll","background-type":"","background-media":"","overlay-type":"","overlay-color":"","overlay-opacity":"","overlay-gradient":""}},"ast-content-background-meta":{"desktop":{"background-color":"var(--ast-global-color-5)","background-image":"","background-repeat":"repeat","background-position":"center center","background-size":"auto","background-attachment":"scroll","background-type":"","background-media":"","overlay-type":"","overlay-color":"","overlay-opacity":"","overlay-gradient":""},"tablet":{"background-color":"var(--ast-global-color-5)","background-image":"","background-repeat":"repeat","background-position":"center center","background-size":"auto","background-attachment":"scroll","background-type":"","background-media":"","overlay-type":"","overlay-color":"","overlay-opacity":"","overlay-gradient":""},"mobile":{"background-color":"var(--ast-global-color-5)","background-image":"","background-repeat":"repeat","background-position":"center center","background-size":"auto","background-attachment":"scroll","background-type":"","background-media":"","overlay-type":"","overlay-color":"","overlay-opacity":"","overlay-gradient":""}}},"product_brand":[],"product_cat":[23,457],"product_tag":[570,376,89,377],"class_list":{"0":"post-1401","1":"product","2":"type-product","3":"status-publish","4":"has-post-thumbnail","6":"product_cat-celulares-e-tablets","7":"product_cat-tablets","8":"product_tag-galaxy-tab","9":"product_tag-octa-core","10":"product_tag-samsung","11":"product_tag-tablet","12":"desktop-align-center","13":"tablet-align-left","14":"mobile-align-center","16":"first","17":"instock","18":"sale","19":"shipping-taxable","20":"product-type-external"},"uagb_featured_image_src":{"full":["https:\/\/promocaododia.com.br\/site\/wp-content\/uploads\/2022\/12\/Tablet-Samsung-Galaxy-A7-Lite-4g-32gb-3gb-Ram-Sm-T225nzapzto.jpg",600,600,false],"thumbnail":["https:\/\/promocaododia.com.br\/site\/wp-content\/uploads\/2022\/12\/Tablet-Samsung-Galaxy-A7-Lite-4g-32gb-3gb-Ram-Sm-T225nzapzto-150x150.jpg",150,150,true],"medium":["https:\/\/promocaododia.com.br\/site\/wp-content\/uploads\/2022\/12\/Tablet-Samsung-Galaxy-A7-Lite-4g-32gb-3gb-Ram-Sm-T225nzapzto-300x300.jpg",300,300,true],"medium_large":["https:\/\/promocaododia.com.br\/site\/wp-content\/uploads\/2022\/12\/Tablet-Samsung-Galaxy-A7-Lite-4g-32gb-3gb-Ram-Sm-T225nzapzto.jpg",600,600,false],"large":["https:\/\/promocaododia.com.br\/site\/wp-content\/uploads\/2022\/12\/Tablet-Samsung-Galaxy-A7-Lite-4g-32gb-3gb-Ram-Sm-T225nzapzto.jpg",600,600,false],"1536x1536":["https:\/\/promocaododia.com.br\/site\/wp-content\/uploads\/2022\/12\/Tablet-Samsung-Galaxy-A7-Lite-4g-32gb-3gb-Ram-Sm-T225nzapzto.jpg",600,600,false],"2048x2048":["https:\/\/promocaododia.com.br\/site\/wp-content\/uploads\/2022\/12\/Tablet-Samsung-Galaxy-A7-Lite-4g-32gb-3gb-Ram-Sm-T225nzapzto.jpg",600,600,false],"woocommerce_thumbnail":["https:\/\/promocaododia.com.br\/site\/wp-content\/uploads\/2022\/12\/Tablet-Samsung-Galaxy-A7-Lite-4g-32gb-3gb-Ram-Sm-T225nzapzto-250x250.jpg",250,250,true],"woocommerce_single":["https:\/\/promocaododia.com.br\/site\/wp-content\/uploads\/2022\/12\/Tablet-Samsung-Galaxy-A7-Lite-4g-32gb-3gb-Ram-Sm-T225nzapzto-250x250.jpg",250,250,true],"woocommerce_gallery_thumbnail":["https:\/\/promocaododia.com.br\/site\/wp-content\/uploads\/2022\/12\/Tablet-Samsung-Galaxy-A7-Lite-4g-32gb-3gb-Ram-Sm-T225nzapzto-100x100.jpg",100,100,true]},"uagb_author_info":{"display_name":"danilo.gbr","author_link":"https:\/\/promocaododia.com.br\/site\/author\/"},"uagb_comment_info":0,"uagb_excerpt":"Galaxy Tab A7 LiteDa divers\u00e3o, ao trabalho ou estudos. Tudo em um Tab. Feito para ir aonde voc\u00ea forN\u00e3o troque estilo por conveni\u00eancia. O Galaxy Tab A7 Lite oferece os dois em uma estrutura fina. Com espessura de 8,0 mm e 371 g de peso, ele \u00e9 super port\u00e1til e pode ser guardado com facilidade&hellip;","_links":{"self":[{"href":"https:\/\/promocaododia.com.br\/site\/wp-json\/wp\/v2\/product\/1401","targetHints":{"allow":["GET"]}}],"collection":[{"href":"https:\/\/promocaododia.com.br\/site\/wp-json\/wp\/v2\/product"}],"about":[{"href":"https:\/\/promocaododia.com.br\/site\/wp-json\/wp\/v2\/types\/product"}],"wp:featuredmedia":[{"embeddable":true,"href":"https:\/\/promocaododia.com.br\/site\/wp-json\/wp\/v2\/media\/1402"}],"wp:attachment":[{"href":"https:\/\/promocaododia.com.br\/site\/wp-json\/wp\/v2\/media?parent=1401"}],"wp:term":[{"taxonomy":"product_brand","embeddable":true,"href":"https:\/\/promocaododia.com.br\/site\/wp-json\/wp\/v2\/product_brand?post=1401"},{"taxonomy":"product_cat","embeddable":true,"href":"https:\/\/promocaododia.com.br\/site\/wp-json\/wp\/v2\/product_cat?post=1401"},{"taxonomy":"product_tag","embeddable":true,"href":"https:\/\/promocaododia.com.br\/site\/wp-json\/wp\/v2\/product_tag?post=1401"}],"curies":[{"name":"wp","href":"https:\/\/api.w.org\/{rel}","templated":true}]}}