{"id":1405,"date":"2022-12-06T19:26:14","date_gmt":"2022-12-06T22:26:14","guid":{"rendered":"https:\/\/promocaododia.com.br\/site\/?post_type=product&#038;p=1405"},"modified":"2022-12-06T19:26:14","modified_gmt":"2022-12-06T22:26:14","slug":"forno-eletrico-38l-1600w-com-funcao-timer-preto-bel38d-127v","status":"publish","type":"product","link":"https:\/\/promocaododia.com.br\/site\/produto\/forno-eletrico-38l-1600w-com-funcao-timer-preto-bel38d-127v\/","title":{"rendered":"Forno El\u00e9trico 38L 1600W com Fun\u00e7\u00e3o Timer Preto &#8211; BEL38D 127V"},"content":{"rendered":"<p>Forno El\u00e9trico 38L 1600W com Fun\u00e7\u00e3o Timer Preto &#8211; BEL38D 127VO Forno El\u00e9trico BEL38D \u00e9 a sua melhor escolha.com um design moderno e sofisticado este forno ir\u00e1 valorizar sua cozinha al\u00e9m de preparar deliciosas receitas. Com capacidade de 38L, o Forno Eletrico BEL38D \u00e9 uma excelente op\u00e7\u00e3o para o preparar pizzas, assados, p\u00e3es e muito mais, utilizando menos gordura e conservando os nutrientes do alimento. Possui fun\u00e7\u00e3o timer com temperaturas em ate 250 graus. Conta tambem com um espa\u00e7o muito bem dimensionado para preparar os alimentos adequadamente. com sua porta em vidro temperado \u00e9 poss\u00edvel visualizar o alimento durante o preparo. Tudo isso para deixar seu alimento ainda mais saboroso. Adiquira j\u00e1 o seu forno e aproveite. Caracteristicas: Voltagem: 127V\/60HzPot\u00eancia m\u00e1xima: 1600 WVolume da cavidade: 38 litrosTemperatura: Controle ajust\u00e1vel 250\u00b0CTemporizador: 120minPeso l\u00edquido: 6,76kgMedidas: Tamanho m\u00e1ximo(mm): 536x380x335 mmPeso(Kg):6,76Garantia: 12 meses<\/p>\n","protected":false},"excerpt":{"rendered":"<p>Forno El\u00e9trico 38L 1600W com Fun\u00e7\u00e3o Timer Preto &#8211; BEL38D 127VO Forno El\u00e9trico BEL38D \u00e9 a sua melhor escolha.com um design moderno e sofisticado este forno ir\u00e1 valorizar sua cozinha al\u00e9m de preparar deliciosas receitas. Com capacidade de 38L, o Forno Eletrico BEL38D \u00e9 uma excelente op\u00e7\u00e3o para o preparar pizzas, assados, p\u00e3es e muito mais, utilizando menos gordura e conservando os nutrientes do alimento. Possui fun\u00e7\u00e3o timer com temperaturas em ate 250 graus. Conta tambem com um espa\u00e7o muito bem dimensionado para preparar os alimentos adequadamente. com sua porta em vidro temperado \u00e9 poss\u00edvel visualizar o alimento durante o preparo. Tudo isso para deixar seu alimento ainda mais saboroso. Adiquira j\u00e1 o seu forno e aproveite. Caracteristicas: Voltagem: 127V\/60HzPot\u00eancia m\u00e1xima: 1600 WVolume da cavidade: 38 litrosTemperatura: Controle ajust\u00e1vel 250\u00b0CTemporizador: 120minPeso l\u00edquido: 6,76kgMedidas: Tamanho m\u00e1ximo(mm): 536x380x335 mmPeso(Kg):6,76Garantia: 12 meses<\/p>\n","protected":false},"featured_media":1407,"template":"","meta":{"_uag_custom_page_level_css":"","site-sidebar-layout":"default","site-content-layout":"default","ast-site-content-layout":"default","site-content-style":"default","site-sidebar-style":"default","ast-global-header-display":"","ast-banner-title-visibility":"","ast-main-header-display":"","ast-hfb-above-header-display":"","ast-hfb-below-header-display":"","ast-hfb-mobile-header-display":"","site-post-title":"","ast-breadcrumbs-content":"","ast-featured-img":"","footer-sml-layout":"","theme-transparent-header-meta":"default","adv-header-id-meta":"","stick-header-meta":"","header-above-stick-meta":"","header-main-stick-meta":"","header-below-stick-meta":"","astra-migrate-meta-layouts":"default","ast-page-background-enabled":"default","ast-page-background-meta":{"desktop":{"background-color":"","background-image":"","background-repeat":"repeat","background-position":"center center","background-size":"auto","background-attachment":"scroll","background-type":"","background-media":"","overlay-type":"","overlay-color":"","overlay-opacity":"","overlay-gradient":""},"tablet":{"background-color":"","background-image":"","background-repeat":"repeat","background-position":"center center","background-size":"auto","background-attachment":"scroll","background-type":"","background-media":"","overlay-type":"","overlay-color":"","overlay-opacity":"","overlay-gradient":""},"mobile":{"background-color":"","background-image":"","background-repeat":"repeat","background-position":"center center","background-size":"auto","background-attachment":"scroll","background-type":"","background-media":"","overlay-type":"","overlay-color":"","overlay-opacity":"","overlay-gradient":""}},"ast-content-background-meta":{"desktop":{"background-color":"var(--ast-global-color-5)","background-image":"","background-repeat":"repeat","background-position":"center center","background-size":"auto","background-attachment":"scroll","background-type":"","background-media":"","overlay-type":"","overlay-color":"","overlay-opacity":"","overlay-gradient":""},"tablet":{"background-color":"var(--ast-global-color-5)","background-image":"","background-repeat":"repeat","background-position":"center center","background-size":"auto","background-attachment":"scroll","background-type":"","background-media":"","overlay-type":"","overlay-color":"","overlay-opacity":"","overlay-gradient":""},"mobile":{"background-color":"var(--ast-global-color-5)","background-image":"","background-repeat":"repeat","background-position":"center center","background-size":"auto","background-attachment":"scroll","background-type":"","background-media":"","overlay-type":"","overlay-color":"","overlay-opacity":"","overlay-gradient":""}}},"product_brand":[],"product_cat":[28,554],"product_tag":[555],"class_list":{"0":"post-1405","1":"product","2":"type-product","3":"status-publish","4":"has-post-thumbnail","6":"product_cat-eletrodomesticos","7":"product_cat-forno","8":"product_tag-forno","9":"desktop-align-center","10":"tablet-align-left","11":"mobile-align-center","13":"first","14":"instock","15":"sale","16":"shipping-taxable","17":"product-type-external"},"uagb_featured_image_src":{"full":["https:\/\/promocaododia.com.br\/site\/wp-content\/uploads\/2022\/12\/Forno-Eletrico-38L-1600W-com-Funcao-Timer-Preto-BEL38D-127V.jpg",600,600,false],"thumbnail":["https:\/\/promocaododia.com.br\/site\/wp-content\/uploads\/2022\/12\/Forno-Eletrico-38L-1600W-com-Funcao-Timer-Preto-BEL38D-127V-150x150.jpg",150,150,true],"medium":["https:\/\/promocaododia.com.br\/site\/wp-content\/uploads\/2022\/12\/Forno-Eletrico-38L-1600W-com-Funcao-Timer-Preto-BEL38D-127V-300x300.jpg",300,300,true],"medium_large":["https:\/\/promocaododia.com.br\/site\/wp-content\/uploads\/2022\/12\/Forno-Eletrico-38L-1600W-com-Funcao-Timer-Preto-BEL38D-127V.jpg",600,600,false],"large":["https:\/\/promocaododia.com.br\/site\/wp-content\/uploads\/2022\/12\/Forno-Eletrico-38L-1600W-com-Funcao-Timer-Preto-BEL38D-127V.jpg",600,600,false],"1536x1536":["https:\/\/promocaododia.com.br\/site\/wp-content\/uploads\/2022\/12\/Forno-Eletrico-38L-1600W-com-Funcao-Timer-Preto-BEL38D-127V.jpg",600,600,false],"2048x2048":["https:\/\/promocaododia.com.br\/site\/wp-content\/uploads\/2022\/12\/Forno-Eletrico-38L-1600W-com-Funcao-Timer-Preto-BEL38D-127V.jpg",600,600,false],"woocommerce_thumbnail":["https:\/\/promocaododia.com.br\/site\/wp-content\/uploads\/2022\/12\/Forno-Eletrico-38L-1600W-com-Funcao-Timer-Preto-BEL38D-127V-250x250.jpg",250,250,true],"woocommerce_single":["https:\/\/promocaododia.com.br\/site\/wp-content\/uploads\/2022\/12\/Forno-Eletrico-38L-1600W-com-Funcao-Timer-Preto-BEL38D-127V-250x250.jpg",250,250,true],"woocommerce_gallery_thumbnail":["https:\/\/promocaododia.com.br\/site\/wp-content\/uploads\/2022\/12\/Forno-Eletrico-38L-1600W-com-Funcao-Timer-Preto-BEL38D-127V-100x100.jpg",100,100,true]},"uagb_author_info":{"display_name":"danilo.gbr","author_link":"https:\/\/promocaododia.com.br\/site\/author\/"},"uagb_comment_info":0,"uagb_excerpt":"Forno El\u00e9trico 38L 1600W com Fun\u00e7\u00e3o Timer Preto &#8211; BEL38D 127VO Forno El\u00e9trico BEL38D \u00e9 a sua melhor escolha.com um design moderno e sofisticado este forno ir\u00e1 valorizar sua cozinha al\u00e9m de preparar deliciosas receitas. Com capacidade de 38L, o Forno Eletrico BEL38D \u00e9 uma excelente op\u00e7\u00e3o para o preparar pizzas, assados, p\u00e3es e muito&hellip;","_links":{"self":[{"href":"https:\/\/promocaododia.com.br\/site\/wp-json\/wp\/v2\/product\/1405","targetHints":{"allow":["GET"]}}],"collection":[{"href":"https:\/\/promocaododia.com.br\/site\/wp-json\/wp\/v2\/product"}],"about":[{"href":"https:\/\/promocaododia.com.br\/site\/wp-json\/wp\/v2\/types\/product"}],"wp:featuredmedia":[{"embeddable":true,"href":"https:\/\/promocaododia.com.br\/site\/wp-json\/wp\/v2\/media\/1407"}],"wp:attachment":[{"href":"https:\/\/promocaododia.com.br\/site\/wp-json\/wp\/v2\/media?parent=1405"}],"wp:term":[{"taxonomy":"product_brand","embeddable":true,"href":"https:\/\/promocaododia.com.br\/site\/wp-json\/wp\/v2\/product_brand?post=1405"},{"taxonomy":"product_cat","embeddable":true,"href":"https:\/\/promocaododia.com.br\/site\/wp-json\/wp\/v2\/product_cat?post=1405"},{"taxonomy":"product_tag","embeddable":true,"href":"https:\/\/promocaododia.com.br\/site\/wp-json\/wp\/v2\/product_tag?post=1405"}],"curies":[{"name":"wp","href":"https:\/\/api.w.org\/{rel}","templated":true}]}}