{"id":1408,"date":"2022-12-06T19:30:46","date_gmt":"2022-12-06T22:30:46","guid":{"rendered":"https:\/\/promocaododia.com.br\/site\/?post_type=product&#038;p=1408"},"modified":"2022-12-06T19:30:46","modified_gmt":"2022-12-06T22:30:46","slug":"notebook-asus-intel-core-i3-1005g1-8gb-256gb-ssd-tela-de-156-w11-cinza-x515ja-br2751w","status":"publish","type":"product","link":"https:\/\/promocaododia.com.br\/site\/produto\/notebook-asus-intel-core-i3-1005g1-8gb-256gb-ssd-tela-de-156-w11-cinza-x515ja-br2751w\/","title":{"rendered":"Notebook Asus, Intel Core i3 1005G1, 8GB, 256GB SSD, Tela de 15,6&#8243;, W11, Cinza &#8211; X515JA-BR2751W"},"content":{"rendered":"<p>Com Windows 11 Home, Tela LED-backlit Anti-Glare e Entradas USB e HDMI<\/p>\n<p align=\"justify\">Seja para trabalho ou lazer, o novo Notebook ASUS X515 \u00e9 perfeito para o dia-a-dia, que oferece desempenho e recursos visuais imersivos. Sua Tela NanoEdge possui bordas incrivelmente finas e um revestimento fosco antirreflexo para uma experi\u00eancia verdadeiramente envolvente. Al\u00e9m disso, o notebook ASUS X515 possui armazenamento SSD\u00b9, que al\u00e9m de mais r\u00e1pido \u00e9 mais leve e mais seguro, enquanto seu chassi refor\u00e7ado melhora a digita\u00e7\u00e3o e permite abrir e fechar a tampa em um movimento suave.<\/p>\n<p align=\"justify\">No interior do ASUS X515, existe uma estrutura de suporte de metal embaixo do teclado que fornece uma plataforma muito mais est\u00e1vel ao digitar e usar o touchpad. Al\u00e9m de fornecer rigidez estrutural, tamb\u00e9m fortalece a articula\u00e7\u00e3o da dobradi\u00e7a e protege os componentes internos. Os lados da tampa tamb\u00e9m s\u00e3o refor\u00e7ados e funcionam como vigas de prote\u00e7\u00e3o contra impactos laterais em autom\u00f3veis. Eles fornecem suporte estrutural para a tampa, o painel de LED e a junta de dobradi\u00e7a.<\/p>\n<p align=\"justify\">Prote\u00e7\u00e3o f\u00edsica e tamb\u00e9m para os seus dados. O ASUS X515 possui op\u00e7\u00f5es com armazenamento duplo SSD\u00b9, que juntamente com o HDD \u00e9 a combina\u00e7\u00e3o perfeita de velocidade e seguran\u00e7a.<\/p>\n<p align=\"justify\">Se voc\u00ea est\u00e1 sempre em movimento e quer produtividade onde estiver, o ASUS X515 tem tela grande, mas corpo pequeno. Provavelmente voc\u00ea deve pensar que notebooks de 15 polegadas s\u00e3o grandes, mas como a moldura da tela \u00e9 muito fina, o notebook ficou extremamente compacto, ainda assim sem perder produtividade e mantendo o teclado num\u00e9rico. Ele ainda \u00e9 leve, com apenas 1,8Kg, e bem fino, com 19,9mm de espessura &#8211; perfeito para levar, com voc\u00ea, onde for.<\/p>\n<p align=\"justify\">J\u00e1 que o ASUS X515 estar\u00e1 sempre com voc\u00ea, ele precisa estar sempre pronto! Com o carregamento r\u00e1pido, voc\u00ea pode ter 60% da sua carga total em apenas 49 minutos de tomada. E para que isso aconte\u00e7a com total seguran\u00e7a, a ASUS desenvolveu a exclusiva tecnologia que monitora a bateria, protegendo-a de sobrecargas e com isso aumentando a vida \u00fatil em at\u00e9 3 vezes.<\/p>\n<p align=\"justify\">No interior, ele \u00e9 alimentado pelo processador at\u00e9 Intel\u00ae Core\u2122\u00a0da 10\u00aa gera\u00e7\u00e3o, dispon\u00edvel em vers\u00f5es de at\u00e9 8GB de mem\u00f3ria RAM e at\u00e9 512GB de armazenamento SSD ou 1256GB de armazenamento duplo, SSD\u00b9 mais 1 HDD.<\/p>\n<p align=\"justify\">Al\u00e9m disso, o novo ASUS X515 est\u00e1 equipado com a porta revers\u00edvel USB Tipo-C 3.2, para transfer\u00eancia de dados at\u00e9 10x mais r\u00e1pidas\u00b3 do que as conex\u00f5es USB 2.0 mais antigas, e portas USB Tipo-A 3.2 e 2.0, sa\u00edda HDMI &#8211; para que voc\u00ea possa conectar facilmente todos os seus perif\u00e9ricos, monitores e projetores atuais, sem complica\u00e7\u00f5es. Dispon\u00edvel com Windows 10 Home \/ Windows 11 Home ou Endless OS.<\/p>\n<p align=\"justify\">Novo Notebook ASUS X515, f\u00e1cil de levar e produtividade sem esfor\u00e7o.<\/p>\n<p align=\"justify\"><i>1. As especifica\u00e7\u00f5es podem ser alteradas sem aviso pr\u00e9vio. Consulte a disponibilidade nos pontos de vendas.<br \/>\n2. Para o modelo X515JA, o processador gr\u00e1fico \u00e9 o Intel\u00ae HD graphics 620 (integrado ao processador Intel\u00ae Core\u2122 CORE I5 \/ 8 GB \/ at\u00e9 512GB SSD \/ 1256GB armazenamento duplo \/ Windows 10 Home \/ Cinza).<br \/>\n3. Os n\u00fameros de transfer\u00eancia de dados USB-C\u2122 s\u00e3o baseados no desempenho te\u00f3rico. O desempenho real pode variar em diferentes situa\u00e7\u00f5es de uso.<br \/>\n4. Para o modelo X515JA-EJ592R, o processador gr\u00e1fico \u00e9 o Intel\u00ae HD graphics 620 (integrado ao processador Intel\u00ae Core\u2122 CORE I5 \/ 8 GB \/ 256 GB \/ Windows 10 Pro \/ Cinza).<\/i><\/p>\n<p><b>Caracter\u00edsticas<\/b><\/p>\n<blockquote dir=\"ltr\"><p><b>Processador<\/b><br \/>\nIntel\u00ae Core\u2122 i3<b>&#8211;<\/b>1005G1<br \/>\nVelocidade do Processador: 1,2 GHz<br \/>\nCache: 4 MB<\/p>\n<p><b>Sistema Operacional<\/b><br \/>\nWindows 11 Home<\/p>\n<p><u>Sistema Operacional Windows pr\u00e9-instalado no produto, n\u00e3o acompanha m\u00eddia<\/u><\/p>\n<p><b>Mem\u00f3ria<\/b><br \/>\n8 GB<br \/>\nTipo da Mem\u00f3ria: DDR4<br \/>\nSuporta at\u00e9: 8 GB<\/p>\n<p><b>HD<\/b><br \/>\n256 GB SSD PCIe G3X2<\/p>\n<p><b>Tela<\/b><br \/>\nTipo de Tela: LED-backlit Anti-Glare<br \/>\nTamanho da Tela: 15,60&#8243;<br \/>\nResolu\u00e7\u00e3o da Tela:\u00a0 HD (1366&#215;768)<\/p>\n<p><b>Placa de V\u00eddeo<\/b><br \/>\nIntel\u00ae UHD Graphics<\/p>\n<p><b>Rede<\/b><br \/>\nWi-Fi<\/p>\n<p><b>Conex\u00e3o Wireless<\/b><br \/>\n802.11ac<\/p>\n<p><b>Bluetooth<\/b><br \/>\nSim<\/p>\n<p><b>\u00c1udio<\/b><br \/>\nSonicMaster<br \/>\nAudio by ICEpower\u00ae<br \/>\nBuilt-in speaker<br \/>\nBuilt-in microphone<\/p>\n<p><b>Slot de Cart\u00e3o de Mem\u00f3ria<\/b><br \/>\nN\u00e3o<\/p>\n<p><b>Portas Frontais\/Laterais\/Traseiras<\/b><br \/>\n01 3.5mm Combo Audio Jack<br \/>\n01 HDMI 1.4<br \/>\n01 USB 3.2 Gen 1 Type-A<br \/>\n01 USB 3.2 Gen 1 Type-C<br \/>\n02 USB 2.0 Type-A<\/p>\n<p><b>Teclado<\/b><br \/>\nChiclet<\/p>\n<p><b>Mouse<\/b><br \/>\nTouchpad<\/p>\n<p><b>Bateria<\/b><br \/>\n2 Cells \/ 3300 mAh<\/p>\n<p><b>Cor<\/b><br \/>\nCinza<\/p>\n<p><b>EAN<\/b><br \/>\n7898573298336<\/p><\/blockquote>\n<p><b>Softwares Inclusos<\/b><br \/>\nSystem Diagnosis<br \/>\nBattery Health Charging<br \/>\nSplendid<br \/>\nTru2Life<br \/>\nKeyboard\u00a0hotkeys<br \/>\nWiFi\u00a0roaming\u00a0optimization<br \/>\nAppDeals<br \/>\nLink to MyASUS<\/p>\n<p><b>Especifica\u00e7\u00f5es T\u00e9cnicas<\/b><br \/>\nModelo: X515JA-BR2751W<br \/>\nGarantia: 12 meses<\/p>\n<p><b>Dimens\u00f5es e Peso<\/b><br \/>\nDimens\u00f5es do produto sem embalagem (AxLxP): 19,9x360x235 mm<br \/>\nDimens\u00f5es do produto com embalagem (AxLxP): 65x481x288 mm<br \/>\nPeso do produto sem embalagem: 1,80 kg<br \/>\nPeso do produto com embalagem: 2,20 kg<\/p>\n<p><b>Itens Inclusos<\/b><br \/>\n01 Notebook Asus<br \/>\n01 Carregador<br \/>\n01 Manual<\/p>\n<p>&nbsp;<\/p>\n<p>&nbsp;<\/p>\n","protected":false},"excerpt":{"rendered":"<p>Com Windows 11 Home, Tela LED-backlit Anti-Glare e Entradas USB e HDMI Seja para trabalho ou lazer, o novo Notebook ASUS X515 \u00e9 perfeito para o dia-a-dia, que oferece desempenho e recursos visuais imersivos. Sua Tela NanoEdge possui bordas incrivelmente finas e um revestimento fosco antirreflexo para uma experi\u00eancia verdadeiramente envolvente. Al\u00e9m disso, o notebook ASUS X515 possui armazenamento SSD\u00b9, que al\u00e9m de mais r\u00e1pido \u00e9 mais leve e mais seguro, enquanto seu chassi refor\u00e7ado melhora a digita\u00e7\u00e3o e permite abrir e fechar a tampa em um movimento suave. No interior do ASUS X515, existe uma estrutura de suporte de metal embaixo do teclado que fornece uma plataforma muito mais est\u00e1vel ao digitar e usar o touchpad. Al\u00e9m de fornecer rigidez estrutural, tamb\u00e9m fortalece a articula\u00e7\u00e3o da dobradi\u00e7a e protege os componentes internos. Os lados da tampa tamb\u00e9m s\u00e3o refor\u00e7ados e funcionam como vigas de prote\u00e7\u00e3o contra impactos laterais em autom\u00f3veis. Eles fornecem suporte estrutural para a tampa, o painel de LED e a junta de dobradi\u00e7a. Prote\u00e7\u00e3o f\u00edsica e tamb\u00e9m para os seus dados. O ASUS X515 possui op\u00e7\u00f5es com armazenamento duplo SSD\u00b9, que juntamente com o HDD \u00e9 a combina\u00e7\u00e3o perfeita de velocidade e seguran\u00e7a. Se voc\u00ea est\u00e1 sempre em movimento e quer produtividade onde estiver, o ASUS X515 tem tela grande, mas corpo pequeno. Provavelmente voc\u00ea deve pensar que notebooks de 15 polegadas s\u00e3o grandes, mas como a moldura da tela \u00e9 muito fina, o notebook ficou extremamente compacto, ainda assim sem perder produtividade e mantendo o teclado num\u00e9rico. Ele ainda \u00e9 leve, com apenas 1,8Kg, e bem fino, com 19,9mm de espessura &#8211; perfeito para levar, com voc\u00ea, onde for. J\u00e1 que o ASUS X515 estar\u00e1 sempre com voc\u00ea, ele precisa estar sempre pronto! Com o carregamento r\u00e1pido, voc\u00ea pode ter 60% da sua carga total em apenas 49 minutos de tomada. E para que isso aconte\u00e7a com total seguran\u00e7a, a ASUS desenvolveu a exclusiva tecnologia que monitora a bateria, protegendo-a de sobrecargas e com isso aumentando a vida \u00fatil em at\u00e9 3 vezes. No interior, ele \u00e9 alimentado pelo processador at\u00e9 Intel\u00ae Core\u2122\u00a0da 10\u00aa gera\u00e7\u00e3o, dispon\u00edvel em vers\u00f5es de at\u00e9 8GB de mem\u00f3ria RAM e at\u00e9 512GB de armazenamento SSD ou 1256GB de armazenamento duplo, SSD\u00b9 mais 1 HDD. Al\u00e9m disso, o novo ASUS X515 est\u00e1 equipado com a porta revers\u00edvel USB Tipo-C 3.2, para transfer\u00eancia de dados at\u00e9 10x mais r\u00e1pidas\u00b3 do que as conex\u00f5es USB 2.0 mais antigas, e portas USB Tipo-A 3.2 e 2.0, sa\u00edda HDMI &#8211; para que voc\u00ea possa conectar facilmente todos os seus perif\u00e9ricos, monitores e projetores atuais, sem complica\u00e7\u00f5es. Dispon\u00edvel com Windows 10 Home \/ Windows 11 Home ou Endless OS. Novo Notebook ASUS X515, f\u00e1cil de levar e produtividade sem esfor\u00e7o. 1. As especifica\u00e7\u00f5es podem ser alteradas sem aviso pr\u00e9vio. Consulte a disponibilidade nos pontos de vendas. 2. Para o modelo X515JA, o processador gr\u00e1fico \u00e9 o Intel\u00ae HD graphics 620 (integrado ao processador Intel\u00ae Core\u2122 CORE I5 \/ 8 GB \/ at\u00e9 512GB SSD \/ 1256GB armazenamento duplo \/ Windows 10 Home \/ Cinza). 3. Os n\u00fameros de transfer\u00eancia de dados USB-C\u2122 s\u00e3o baseados no desempenho te\u00f3rico. O desempenho real pode variar em diferentes situa\u00e7\u00f5es de uso. 4. Para o modelo X515JA-EJ592R, o processador gr\u00e1fico \u00e9 o Intel\u00ae HD graphics 620 (integrado ao processador Intel\u00ae Core\u2122 CORE I5 \/ 8 GB \/ 256 GB \/ Windows 10 Pro \/ Cinza). Caracter\u00edsticas Processador Intel\u00ae Core\u2122 i3&#8211;1005G1 Velocidade do Processador: 1,2 GHz Cache: 4 MB Sistema Operacional Windows 11 Home Sistema Operacional Windows pr\u00e9-instalado no produto, n\u00e3o acompanha m\u00eddia Mem\u00f3ria 8 GB Tipo da Mem\u00f3ria: DDR4 Suporta at\u00e9: 8 GB HD 256 GB SSD PCIe G3X2 Tela Tipo de Tela: LED-backlit Anti-Glare Tamanho da Tela: 15,60&#8243; Resolu\u00e7\u00e3o da Tela:\u00a0 HD (1366&#215;768) Placa de V\u00eddeo Intel\u00ae UHD Graphics Rede Wi-Fi Conex\u00e3o Wireless 802.11ac Bluetooth Sim \u00c1udio SonicMaster Audio by ICEpower\u00ae Built-in speaker Built-in microphone Slot de Cart\u00e3o de Mem\u00f3ria N\u00e3o Portas Frontais\/Laterais\/Traseiras 01 3.5mm Combo Audio Jack 01 HDMI 1.4 01 USB 3.2 Gen 1 Type-A 01 USB 3.2 Gen 1 Type-C 02 USB 2.0 Type-A Teclado Chiclet Mouse Touchpad Bateria 2 Cells \/ 3300 mAh Cor Cinza EAN 7898573298336 Softwares Inclusos System Diagnosis Battery Health Charging Splendid Tru2Life Keyboard\u00a0hotkeys WiFi\u00a0roaming\u00a0optimization AppDeals Link to MyASUS Especifica\u00e7\u00f5es T\u00e9cnicas Modelo: X515JA-BR2751W Garantia: 12 meses Dimens\u00f5es e Peso Dimens\u00f5es do produto sem embalagem (AxLxP): 19,9x360x235 mm Dimens\u00f5es do produto com embalagem (AxLxP): 65x481x288 mm Peso do produto sem embalagem: 1,80 kg Peso do produto com embalagem: 2,20 kg Itens Inclusos 01 Notebook Asus 01 Carregador 01 Manual &nbsp; &nbsp;<\/p>\n","protected":false},"featured_media":1409,"template":"","meta":{"_uag_custom_page_level_css":"","site-sidebar-layout":"default","site-content-layout":"default","ast-site-content-layout":"default","site-content-style":"default","site-sidebar-style":"default","ast-global-header-display":"","ast-banner-title-visibility":"","ast-main-header-display":"","ast-hfb-above-header-display":"","ast-hfb-below-header-display":"","ast-hfb-mobile-header-display":"","site-post-title":"","ast-breadcrumbs-content":"","ast-featured-img":"","footer-sml-layout":"","theme-transparent-header-meta":"default","adv-header-id-meta":"","stick-header-meta":"","header-above-stick-meta":"","header-main-stick-meta":"","header-below-stick-meta":"","astra-migrate-meta-layouts":"default","ast-page-background-enabled":"default","ast-page-background-meta":{"desktop":{"background-color":"","background-image":"","background-repeat":"repeat","background-position":"center center","background-size":"auto","background-attachment":"scroll","background-type":"","background-media":"","overlay-type":"","overlay-color":"","overlay-opacity":"","overlay-gradient":""},"tablet":{"background-color":"","background-image":"","background-repeat":"repeat","background-position":"center center","background-size":"auto","background-attachment":"scroll","background-type":"","background-media":"","overlay-type":"","overlay-color":"","overlay-opacity":"","overlay-gradient":""},"mobile":{"background-color":"","background-image":"","background-repeat":"repeat","background-position":"center center","background-size":"auto","background-attachment":"scroll","background-type":"","background-media":"","overlay-type":"","overlay-color":"","overlay-opacity":"","overlay-gradient":""}},"ast-content-background-meta":{"desktop":{"background-color":"var(--ast-global-color-5)","background-image":"","background-repeat":"repeat","background-position":"center center","background-size":"auto","background-attachment":"scroll","background-type":"","background-media":"","overlay-type":"","overlay-color":"","overlay-opacity":"","overlay-gradient":""},"tablet":{"background-color":"var(--ast-global-color-5)","background-image":"","background-repeat":"repeat","background-position":"center center","background-size":"auto","background-attachment":"scroll","background-type":"","background-media":"","overlay-type":"","overlay-color":"","overlay-opacity":"","overlay-gradient":""},"mobile":{"background-color":"var(--ast-global-color-5)","background-image":"","background-repeat":"repeat","background-position":"center center","background-size":"auto","background-attachment":"scroll","background-type":"","background-media":"","overlay-type":"","overlay-color":"","overlay-opacity":"","overlay-gradient":""}}},"product_brand":[],"product_cat":[75,62],"product_tag":[239,238,161,567,83,82,163],"class_list":{"0":"post-1408","1":"product","2":"type-product","3":"status-publish","4":"has-post-thumbnail","6":"product_cat-informatica-e-acessorios","7":"product_cat-notebook","8":"product_tag-256gb-ssd","9":"product_tag-4gb-ram","10":"product_tag-core-i3","11":"product_tag-hp","12":"product_tag-informatica","13":"product_tag-notebook","14":"product_tag-windows-11","15":"desktop-align-center","16":"tablet-align-left","17":"mobile-align-center","19":"first","20":"instock","21":"sale","22":"shipping-taxable","23":"product-type-external"},"uagb_featured_image_src":{"full":["https:\/\/promocaododia.com.br\/site\/wp-content\/uploads\/2022\/12\/Notebook-Asus-Intel-Core-i3-1005G1-8GB-256GB-SSD-Tela-de-156-W11-Cinza-X515JA-BR2751W.jpg",600,600,false],"thumbnail":["https:\/\/promocaododia.com.br\/site\/wp-content\/uploads\/2022\/12\/Notebook-Asus-Intel-Core-i3-1005G1-8GB-256GB-SSD-Tela-de-156-W11-Cinza-X515JA-BR2751W-150x150.jpg",150,150,true],"medium":["https:\/\/promocaododia.com.br\/site\/wp-content\/uploads\/2022\/12\/Notebook-Asus-Intel-Core-i3-1005G1-8GB-256GB-SSD-Tela-de-156-W11-Cinza-X515JA-BR2751W-300x300.jpg",300,300,true],"medium_large":["https:\/\/promocaododia.com.br\/site\/wp-content\/uploads\/2022\/12\/Notebook-Asus-Intel-Core-i3-1005G1-8GB-256GB-SSD-Tela-de-156-W11-Cinza-X515JA-BR2751W.jpg",600,600,false],"large":["https:\/\/promocaododia.com.br\/site\/wp-content\/uploads\/2022\/12\/Notebook-Asus-Intel-Core-i3-1005G1-8GB-256GB-SSD-Tela-de-156-W11-Cinza-X515JA-BR2751W.jpg",600,600,false],"1536x1536":["https:\/\/promocaododia.com.br\/site\/wp-content\/uploads\/2022\/12\/Notebook-Asus-Intel-Core-i3-1005G1-8GB-256GB-SSD-Tela-de-156-W11-Cinza-X515JA-BR2751W.jpg",600,600,false],"2048x2048":["https:\/\/promocaododia.com.br\/site\/wp-content\/uploads\/2022\/12\/Notebook-Asus-Intel-Core-i3-1005G1-8GB-256GB-SSD-Tela-de-156-W11-Cinza-X515JA-BR2751W.jpg",600,600,false],"woocommerce_thumbnail":["https:\/\/promocaododia.com.br\/site\/wp-content\/uploads\/2022\/12\/Notebook-Asus-Intel-Core-i3-1005G1-8GB-256GB-SSD-Tela-de-156-W11-Cinza-X515JA-BR2751W-250x250.jpg",250,250,true],"woocommerce_single":["https:\/\/promocaododia.com.br\/site\/wp-content\/uploads\/2022\/12\/Notebook-Asus-Intel-Core-i3-1005G1-8GB-256GB-SSD-Tela-de-156-W11-Cinza-X515JA-BR2751W-250x250.jpg",250,250,true],"woocommerce_gallery_thumbnail":["https:\/\/promocaododia.com.br\/site\/wp-content\/uploads\/2022\/12\/Notebook-Asus-Intel-Core-i3-1005G1-8GB-256GB-SSD-Tela-de-156-W11-Cinza-X515JA-BR2751W-100x100.jpg",100,100,true]},"uagb_author_info":{"display_name":"danilo.gbr","author_link":"https:\/\/promocaododia.com.br\/site\/author\/"},"uagb_comment_info":0,"uagb_excerpt":"Com Windows 11 Home, Tela LED-backlit Anti-Glare e Entradas USB e HDMI Seja para trabalho ou lazer, o novo Notebook ASUS X515 \u00e9 perfeito para o dia-a-dia, que oferece desempenho e recursos visuais imersivos. Sua Tela NanoEdge possui bordas incrivelmente finas e um revestimento fosco antirreflexo para uma experi\u00eancia verdadeiramente envolvente. Al\u00e9m disso, o notebook&hellip;","_links":{"self":[{"href":"https:\/\/promocaododia.com.br\/site\/wp-json\/wp\/v2\/product\/1408","targetHints":{"allow":["GET"]}}],"collection":[{"href":"https:\/\/promocaododia.com.br\/site\/wp-json\/wp\/v2\/product"}],"about":[{"href":"https:\/\/promocaododia.com.br\/site\/wp-json\/wp\/v2\/types\/product"}],"wp:featuredmedia":[{"embeddable":true,"href":"https:\/\/promocaododia.com.br\/site\/wp-json\/wp\/v2\/media\/1409"}],"wp:attachment":[{"href":"https:\/\/promocaododia.com.br\/site\/wp-json\/wp\/v2\/media?parent=1408"}],"wp:term":[{"taxonomy":"product_brand","embeddable":true,"href":"https:\/\/promocaododia.com.br\/site\/wp-json\/wp\/v2\/product_brand?post=1408"},{"taxonomy":"product_cat","embeddable":true,"href":"https:\/\/promocaododia.com.br\/site\/wp-json\/wp\/v2\/product_cat?post=1408"},{"taxonomy":"product_tag","embeddable":true,"href":"https:\/\/promocaododia.com.br\/site\/wp-json\/wp\/v2\/product_tag?post=1408"}],"curies":[{"name":"wp","href":"https:\/\/api.w.org\/{rel}","templated":true}]}}