{"id":1412,"date":"2022-12-08T18:49:49","date_gmt":"2022-12-08T21:49:49","guid":{"rendered":"https:\/\/promocaododia.com.br\/site\/?post_type=product&#038;p=1412"},"modified":"2022-12-08T18:49:49","modified_gmt":"2022-12-08T21:49:49","slug":"panela-eletrica-cook-chef-britania-127v","status":"publish","type":"product","link":"https:\/\/promocaododia.com.br\/site\/produto\/panela-eletrica-cook-chef-britania-127v\/","title":{"rendered":"Panela El\u00e9trica Cook Chef Brit\u00e2nia 127V"},"content":{"rendered":"<p><b>Panela El\u00e9trica Cook Chef Brit\u00e2nia 127V<\/b>\u00a0&#8211; Panela El\u00e9trica Brit\u00e2nia Cook Chef \u00e9 5 em 1: Aquece, assa, tosta, gratina e grelha. In\u00fameras receitas deliciosas prontas em instantes!<br \/>\n&#8211; Ideal para preparar carnes, legumes, verduras e muito mais!<br \/>\n&#8211; Possui seletor de temperatura remov\u00edvel, permitindo que o aparelho seja levado \u00e0 mesa;<br \/>\n&#8211; Seu revestimento interno \u00e9 antiaderente, mais f\u00e1cil de cozinhar e limpar;<br \/>\n&#8211; A tampa \u00e9 de vidro temperado, dando maior resist\u00eancia, durabilidade e permitindo acompanhar o alimento;<br \/>\n&#8211; Refei\u00e7\u00f5es completas e deliciosas, preparadas de forma pr\u00e1tica e r\u00e1pida com a Panela El\u00e9trica Brit\u00e2nia Cook Chef!<br \/>\n<b>Especifica\u00e7\u00f5es:<\/b><br \/>\nDimens\u00e3o do Produto:<br \/>\nLargura: 44,4 cm<br \/>\nAltura: 44,8 cm<br \/>\nProfundidade: 16,1 cm<br \/>\nVoltagem: 127V<br \/>\nPeso L\u00edquido: 4.05 Kg<br \/>\nTipo: Panela el\u00e9trica<br \/>\nDisplay: Mec\u00e2nico<br \/>\nPot\u00eancia (w): 1200<br \/>\nGarantia: 12 meses<br \/>\nMarca: Brit\u00e2nia Ref.: 66401058<\/p>\n","protected":false},"excerpt":{"rendered":"<p>Panela El\u00e9trica Cook Chef Brit\u00e2nia 127V\u00a0&#8211; Panela El\u00e9trica Brit\u00e2nia Cook Chef \u00e9 5 em 1: Aquece, assa, tosta, gratina e grelha. In\u00fameras receitas deliciosas prontas em instantes! &#8211; Ideal para preparar carnes, legumes, verduras e muito mais! &#8211; Possui seletor de temperatura remov\u00edvel, permitindo que o aparelho seja levado \u00e0 mesa; &#8211; Seu revestimento interno \u00e9 antiaderente, mais f\u00e1cil de cozinhar e limpar; &#8211; A tampa \u00e9 de vidro temperado, dando maior resist\u00eancia, durabilidade e permitindo acompanhar o alimento; &#8211; Refei\u00e7\u00f5es completas e deliciosas, preparadas de forma pr\u00e1tica e r\u00e1pida com a Panela El\u00e9trica Brit\u00e2nia Cook Chef! Especifica\u00e7\u00f5es: Dimens\u00e3o do Produto: Largura: 44,4 cm Altura: 44,8 cm Profundidade: 16,1 cm Voltagem: 127V Peso L\u00edquido: 4.05 Kg Tipo: Panela el\u00e9trica Display: Mec\u00e2nico Pot\u00eancia (w): 1200 Garantia: 12 meses Marca: Brit\u00e2nia Ref.: 66401058<\/p>\n","protected":false},"featured_media":1413,"template":"","meta":{"_uag_custom_page_level_css":"","site-sidebar-layout":"default","site-content-layout":"default","ast-site-content-layout":"default","site-content-style":"default","site-sidebar-style":"default","ast-global-header-display":"","ast-banner-title-visibility":"","ast-main-header-display":"","ast-hfb-above-header-display":"","ast-hfb-below-header-display":"","ast-hfb-mobile-header-display":"","site-post-title":"","ast-breadcrumbs-content":"","ast-featured-img":"","footer-sml-layout":"","theme-transparent-header-meta":"default","adv-header-id-meta":"","stick-header-meta":"","header-above-stick-meta":"","header-main-stick-meta":"","header-below-stick-meta":"","astra-migrate-meta-layouts":"default","ast-page-background-enabled":"default","ast-page-background-meta":{"desktop":{"background-color":"","background-image":"","background-repeat":"repeat","background-position":"center center","background-size":"auto","background-attachment":"scroll","background-type":"","background-media":"","overlay-type":"","overlay-color":"","overlay-opacity":"","overlay-gradient":""},"tablet":{"background-color":"","background-image":"","background-repeat":"repeat","background-position":"center center","background-size":"auto","background-attachment":"scroll","background-type":"","background-media":"","overlay-type":"","overlay-color":"","overlay-opacity":"","overlay-gradient":""},"mobile":{"background-color":"","background-image":"","background-repeat":"repeat","background-position":"center center","background-size":"auto","background-attachment":"scroll","background-type":"","background-media":"","overlay-type":"","overlay-color":"","overlay-opacity":"","overlay-gradient":""}},"ast-content-background-meta":{"desktop":{"background-color":"var(--ast-global-color-5)","background-image":"","background-repeat":"repeat","background-position":"center center","background-size":"auto","background-attachment":"scroll","background-type":"","background-media":"","overlay-type":"","overlay-color":"","overlay-opacity":"","overlay-gradient":""},"tablet":{"background-color":"var(--ast-global-color-5)","background-image":"","background-repeat":"repeat","background-position":"center center","background-size":"auto","background-attachment":"scroll","background-type":"","background-media":"","overlay-type":"","overlay-color":"","overlay-opacity":"","overlay-gradient":""},"mobile":{"background-color":"var(--ast-global-color-5)","background-image":"","background-repeat":"repeat","background-position":"center center","background-size":"auto","background-attachment":"scroll","background-type":"","background-media":"","overlay-type":"","overlay-color":"","overlay-opacity":"","overlay-gradient":""}}},"product_brand":[],"product_cat":[28,134],"product_tag":[205,135],"class_list":{"0":"post-1412","1":"product","2":"type-product","3":"status-publish","4":"has-post-thumbnail","6":"product_cat-eletrodomesticos","7":"product_cat-panela-eletrica","8":"product_tag-panela","9":"product_tag-panela-eletrica","10":"desktop-align-center","11":"tablet-align-left","12":"mobile-align-center","14":"first","15":"instock","16":"sale","17":"shipping-taxable","18":"product-type-external"},"uagb_featured_image_src":{"full":["https:\/\/promocaododia.com.br\/site\/wp-content\/uploads\/2022\/12\/Panela-Eletrica-Cook-Chef-Britania-127V.jpg",600,600,false],"thumbnail":["https:\/\/promocaododia.com.br\/site\/wp-content\/uploads\/2022\/12\/Panela-Eletrica-Cook-Chef-Britania-127V-150x150.jpg",150,150,true],"medium":["https:\/\/promocaododia.com.br\/site\/wp-content\/uploads\/2022\/12\/Panela-Eletrica-Cook-Chef-Britania-127V-300x300.jpg",300,300,true],"medium_large":["https:\/\/promocaododia.com.br\/site\/wp-content\/uploads\/2022\/12\/Panela-Eletrica-Cook-Chef-Britania-127V.jpg",600,600,false],"large":["https:\/\/promocaododia.com.br\/site\/wp-content\/uploads\/2022\/12\/Panela-Eletrica-Cook-Chef-Britania-127V.jpg",600,600,false],"1536x1536":["https:\/\/promocaododia.com.br\/site\/wp-content\/uploads\/2022\/12\/Panela-Eletrica-Cook-Chef-Britania-127V.jpg",600,600,false],"2048x2048":["https:\/\/promocaododia.com.br\/site\/wp-content\/uploads\/2022\/12\/Panela-Eletrica-Cook-Chef-Britania-127V.jpg",600,600,false],"woocommerce_thumbnail":["https:\/\/promocaododia.com.br\/site\/wp-content\/uploads\/2022\/12\/Panela-Eletrica-Cook-Chef-Britania-127V-250x250.jpg",250,250,true],"woocommerce_single":["https:\/\/promocaododia.com.br\/site\/wp-content\/uploads\/2022\/12\/Panela-Eletrica-Cook-Chef-Britania-127V-250x250.jpg",250,250,true],"woocommerce_gallery_thumbnail":["https:\/\/promocaododia.com.br\/site\/wp-content\/uploads\/2022\/12\/Panela-Eletrica-Cook-Chef-Britania-127V-100x100.jpg",100,100,true]},"uagb_author_info":{"display_name":"danilo.gbr","author_link":"https:\/\/promocaododia.com.br\/site\/author\/"},"uagb_comment_info":0,"uagb_excerpt":"Panela El\u00e9trica Cook Chef Brit\u00e2nia 127V\u00a0&#8211; Panela El\u00e9trica Brit\u00e2nia Cook Chef \u00e9 5 em 1: Aquece, assa, tosta, gratina e grelha. In\u00fameras receitas deliciosas prontas em instantes! &#8211; Ideal para preparar carnes, legumes, verduras e muito mais! &#8211; Possui seletor de temperatura remov\u00edvel, permitindo que o aparelho seja levado \u00e0 mesa; &#8211; Seu revestimento interno&hellip;","_links":{"self":[{"href":"https:\/\/promocaododia.com.br\/site\/wp-json\/wp\/v2\/product\/1412","targetHints":{"allow":["GET"]}}],"collection":[{"href":"https:\/\/promocaododia.com.br\/site\/wp-json\/wp\/v2\/product"}],"about":[{"href":"https:\/\/promocaododia.com.br\/site\/wp-json\/wp\/v2\/types\/product"}],"wp:featuredmedia":[{"embeddable":true,"href":"https:\/\/promocaododia.com.br\/site\/wp-json\/wp\/v2\/media\/1413"}],"wp:attachment":[{"href":"https:\/\/promocaododia.com.br\/site\/wp-json\/wp\/v2\/media?parent=1412"}],"wp:term":[{"taxonomy":"product_brand","embeddable":true,"href":"https:\/\/promocaododia.com.br\/site\/wp-json\/wp\/v2\/product_brand?post=1412"},{"taxonomy":"product_cat","embeddable":true,"href":"https:\/\/promocaododia.com.br\/site\/wp-json\/wp\/v2\/product_cat?post=1412"},{"taxonomy":"product_tag","embeddable":true,"href":"https:\/\/promocaododia.com.br\/site\/wp-json\/wp\/v2\/product_tag?post=1412"}],"curies":[{"name":"wp","href":"https:\/\/api.w.org\/{rel}","templated":true}]}}