{"id":1414,"date":"2022-12-08T18:54:11","date_gmt":"2022-12-08T21:54:11","guid":{"rendered":"https:\/\/promocaododia.com.br\/site\/?post_type=product&#038;p=1414"},"modified":"2022-12-08T18:54:11","modified_gmt":"2022-12-08T21:54:11","slug":"balanca-digital-ate-180kg-multilaser-eatsmart-hc039","status":"publish","type":"product","link":"https:\/\/promocaododia.com.br\/site\/produto\/balanca-digital-ate-180kg-multilaser-eatsmart-hc039\/","title":{"rendered":"Balan\u00e7a Digital at\u00e9 180kg Multilaser &#8211; Eatsmart HC039"},"content":{"rendered":"<p>O compromisso da Multilaser com seus clientes \u00e9 um dos pilares da empresa, foi pensando em seu conforto e bem estar que desenvolveu a balan\u00e7a digital Eatsmart HC039! Com ela voc\u00ea poder\u00e1 se pesar todos os dias no conforto de sua casa. Suporta pesos de at\u00e9 180kg e conta com desligamento autom\u00e1tico, visor LCD e diversas fun\u00e7\u00f5es extras como zeragem autom\u00e1tica e indicador de bateria trazendo ainda mais praticidade no momento de sua utiliza\u00e7\u00e3o. Ah, conta ainda com base antiderrapante para que n\u00e3o ocorra nenhum acidente indesej\u00e1vel!<\/p>\n","protected":false},"excerpt":{"rendered":"<p>O compromisso da Multilaser com seus clientes \u00e9 um dos pilares da empresa, foi pensando em seu conforto e bem estar que desenvolveu a balan\u00e7a digital Eatsmart HC039! Com ela voc\u00ea poder\u00e1 se pesar todos os dias no conforto de sua casa. Suporta pesos de at\u00e9 180kg e conta com desligamento autom\u00e1tico, visor LCD e diversas fun\u00e7\u00f5es extras como zeragem autom\u00e1tica e indicador de bateria trazendo ainda mais praticidade no momento de sua utiliza\u00e7\u00e3o. Ah, conta ainda com base antiderrapante para que n\u00e3o ocorra nenhum acidente indesej\u00e1vel!<\/p>\n","protected":false},"featured_media":1415,"template":"","meta":{"_uag_custom_page_level_css":"","site-sidebar-layout":"default","site-content-layout":"default","ast-site-content-layout":"default","site-content-style":"default","site-sidebar-style":"default","ast-global-header-display":"","ast-banner-title-visibility":"","ast-main-header-display":"","ast-hfb-above-header-display":"","ast-hfb-below-header-display":"","ast-hfb-mobile-header-display":"","site-post-title":"","ast-breadcrumbs-content":"","ast-featured-img":"","footer-sml-layout":"","theme-transparent-header-meta":"default","adv-header-id-meta":"","stick-header-meta":"","header-above-stick-meta":"","header-main-stick-meta":"","header-below-stick-meta":"","astra-migrate-meta-layouts":"default","ast-page-background-enabled":"default","ast-page-background-meta":{"desktop":{"background-color":"","background-image":"","background-repeat":"repeat","background-position":"center center","background-size":"auto","background-attachment":"scroll","background-type":"","background-media":"","overlay-type":"","overlay-color":"","overlay-opacity":"","overlay-gradient":""},"tablet":{"background-color":"","background-image":"","background-repeat":"repeat","background-position":"center center","background-size":"auto","background-attachment":"scroll","background-type":"","background-media":"","overlay-type":"","overlay-color":"","overlay-opacity":"","overlay-gradient":""},"mobile":{"background-color":"","background-image":"","background-repeat":"repeat","background-position":"center center","background-size":"auto","background-attachment":"scroll","background-type":"","background-media":"","overlay-type":"","overlay-color":"","overlay-opacity":"","overlay-gradient":""}},"ast-content-background-meta":{"desktop":{"background-color":"var(--ast-global-color-5)","background-image":"","background-repeat":"repeat","background-position":"center center","background-size":"auto","background-attachment":"scroll","background-type":"","background-media":"","overlay-type":"","overlay-color":"","overlay-opacity":"","overlay-gradient":""},"tablet":{"background-color":"var(--ast-global-color-5)","background-image":"","background-repeat":"repeat","background-position":"center center","background-size":"auto","background-attachment":"scroll","background-type":"","background-media":"","overlay-type":"","overlay-color":"","overlay-opacity":"","overlay-gradient":""},"mobile":{"background-color":"var(--ast-global-color-5)","background-image":"","background-repeat":"repeat","background-position":"center center","background-size":"auto","background-attachment":"scroll","background-type":"","background-media":"","overlay-type":"","overlay-color":"","overlay-opacity":"","overlay-gradient":""}}},"product_brand":[],"product_cat":[59],"product_tag":[504,506,463,505],"class_list":{"0":"post-1414","1":"product","2":"type-product","3":"status-publish","4":"has-post-thumbnail","6":"product_cat-saude","7":"product_tag-balanca","8":"product_tag-boa-forma","9":"product_tag-fitness","10":"product_tag-saude","11":"desktop-align-center","12":"tablet-align-left","13":"mobile-align-center","15":"first","16":"instock","17":"sale","18":"shipping-taxable","19":"product-type-external"},"uagb_featured_image_src":{"full":["https:\/\/promocaododia.com.br\/site\/wp-content\/uploads\/2022\/12\/Balanca-Digital-ate-180kg-Multilaser-Eatsmart-HC039.jpg",600,600,false],"thumbnail":["https:\/\/promocaododia.com.br\/site\/wp-content\/uploads\/2022\/12\/Balanca-Digital-ate-180kg-Multilaser-Eatsmart-HC039-150x150.jpg",150,150,true],"medium":["https:\/\/promocaododia.com.br\/site\/wp-content\/uploads\/2022\/12\/Balanca-Digital-ate-180kg-Multilaser-Eatsmart-HC039-300x300.jpg",300,300,true],"medium_large":["https:\/\/promocaododia.com.br\/site\/wp-content\/uploads\/2022\/12\/Balanca-Digital-ate-180kg-Multilaser-Eatsmart-HC039.jpg",600,600,false],"large":["https:\/\/promocaododia.com.br\/site\/wp-content\/uploads\/2022\/12\/Balanca-Digital-ate-180kg-Multilaser-Eatsmart-HC039.jpg",600,600,false],"1536x1536":["https:\/\/promocaododia.com.br\/site\/wp-content\/uploads\/2022\/12\/Balanca-Digital-ate-180kg-Multilaser-Eatsmart-HC039.jpg",600,600,false],"2048x2048":["https:\/\/promocaododia.com.br\/site\/wp-content\/uploads\/2022\/12\/Balanca-Digital-ate-180kg-Multilaser-Eatsmart-HC039.jpg",600,600,false],"woocommerce_thumbnail":["https:\/\/promocaododia.com.br\/site\/wp-content\/uploads\/2022\/12\/Balanca-Digital-ate-180kg-Multilaser-Eatsmart-HC039-250x250.jpg",250,250,true],"woocommerce_single":["https:\/\/promocaododia.com.br\/site\/wp-content\/uploads\/2022\/12\/Balanca-Digital-ate-180kg-Multilaser-Eatsmart-HC039-250x250.jpg",250,250,true],"woocommerce_gallery_thumbnail":["https:\/\/promocaododia.com.br\/site\/wp-content\/uploads\/2022\/12\/Balanca-Digital-ate-180kg-Multilaser-Eatsmart-HC039-100x100.jpg",100,100,true]},"uagb_author_info":{"display_name":"danilo.gbr","author_link":"https:\/\/promocaododia.com.br\/site\/author\/"},"uagb_comment_info":0,"uagb_excerpt":"O compromisso da Multilaser com seus clientes \u00e9 um dos pilares da empresa, foi pensando em seu conforto e bem estar que desenvolveu a balan\u00e7a digital Eatsmart HC039! Com ela voc\u00ea poder\u00e1 se pesar todos os dias no conforto de sua casa. Suporta pesos de at\u00e9 180kg e conta com desligamento autom\u00e1tico, visor LCD e&hellip;","_links":{"self":[{"href":"https:\/\/promocaododia.com.br\/site\/wp-json\/wp\/v2\/product\/1414","targetHints":{"allow":["GET"]}}],"collection":[{"href":"https:\/\/promocaododia.com.br\/site\/wp-json\/wp\/v2\/product"}],"about":[{"href":"https:\/\/promocaododia.com.br\/site\/wp-json\/wp\/v2\/types\/product"}],"wp:featuredmedia":[{"embeddable":true,"href":"https:\/\/promocaododia.com.br\/site\/wp-json\/wp\/v2\/media\/1415"}],"wp:attachment":[{"href":"https:\/\/promocaododia.com.br\/site\/wp-json\/wp\/v2\/media?parent=1414"}],"wp:term":[{"taxonomy":"product_brand","embeddable":true,"href":"https:\/\/promocaododia.com.br\/site\/wp-json\/wp\/v2\/product_brand?post=1414"},{"taxonomy":"product_cat","embeddable":true,"href":"https:\/\/promocaododia.com.br\/site\/wp-json\/wp\/v2\/product_cat?post=1414"},{"taxonomy":"product_tag","embeddable":true,"href":"https:\/\/promocaododia.com.br\/site\/wp-json\/wp\/v2\/product_tag?post=1414"}],"curies":[{"name":"wp","href":"https:\/\/api.w.org\/{rel}","templated":true}]}}