{"id":1418,"date":"2022-12-08T19:11:01","date_gmt":"2022-12-08T22:11:01","guid":{"rendered":"https:\/\/promocaododia.com.br\/site\/?post_type=product&#038;p=1418"},"modified":"2022-12-08T19:11:27","modified_gmt":"2022-12-08T22:11:27","slug":"kit-shampoo-condicionador-mascara-capilar-lola-cosmetics-morte-subita","status":"publish","type":"product","link":"https:\/\/promocaododia.com.br\/site\/produto\/kit-shampoo-condicionador-mascara-capilar-lola-cosmetics-morte-subita\/","title":{"rendered":"Kit Shampoo + Condicionador + M\u00e1scara Capilar Lola Cosmetics Morte S\u00fabita"},"content":{"rendered":"<p>PR\u00c9-VENDA Data chegada: 10\/12\/22 O Kit Cont\u00e9m: 1 Morte S\u00fabita Lola Cosmetics &#8211; Condicionador Hidratante &#8211; 250ml 1 Morte S\u00fabita Lola Cosmetics &#8211; Shampoo Hidratante &#8211; 250ml 1 Morte S\u00fabita Super Hidratante Lola Cosmetics &#8211; M\u00e1scara Reconstrutora &#8211; 450g Shampoo Hidratante Morte S\u00fabita Tratamento di\u00e1rio e muito luxuoso para cabelos sedentos de vida. Tamb\u00e9m excelente para o uso p\u00f3s processo de colora\u00e7\u00e3o ou outra qu\u00edmica. Sua f\u00f3rmula supersaturada de ingredientes ativos restaura a barreira de hidrata\u00e7\u00e3o natural dos cabelos para da suavidade, for\u00e7a e desembara\u00e7ar sublime. Condicionador Hidratante Morte S\u00fabita \u00c9 um tratamento que voc\u00ea ama, ou n\u00e3o conhece. Pois penetra nos fios de seus cabelos sem pedir licen\u00e7a, acabando com os dias de cabelos secos e detonados, sem ter d\u00f3 nem piedade. M\u00e1scara Reconstrutora Morte S\u00fabita O creme Morte S\u00fabita \u00e9 perfeito para e ideal para uma hidrata\u00e7\u00e3o profunda. O Morte S\u00fabita possui um blend poderos\u00edssimo de \u00f3leos capilares e \u00e9 a m\u00e1scara capilar Lola mais indicada para etapa de nutri\u00e7\u00e3o. A f\u00f3rmula do Morte S\u00fabita possui ativos como \u00f3leo de Coco, prote\u00edna Hidrolisada, Aloe Vera, Creatina e Pantenol, que juntos penetram no cabelo, fortificando e servindo como tratamento para queda de cabelo, mantendo os cabelos mais saud\u00e1veis, brilhantes e saud\u00e1veis. Para uma hidrata\u00e7\u00e3o profunda, a M\u00e1scara Hidrante Lola Morte S\u00fabita pode ser usada como um tratamento semanal que rep\u00f5e prote\u00ednas perdidas devido agentes externos e procedimentos qu\u00edmicos. Al\u00e9m disso, recupera os cabelos ap\u00f3s processos de colora\u00e7\u00e3o e qu\u00edmica. Deseja saber como cuidar dos cabelos danificados? O creme Morte S\u00fabita \u00e9 a sua resposta.<\/p>\n","protected":false},"excerpt":{"rendered":"<p>PR\u00c9-VENDA Data chegada: 10\/12\/22 O Kit Cont\u00e9m: 1 Morte S\u00fabita Lola Cosmetics &#8211; Condicionador Hidratante &#8211; 250ml 1 Morte S\u00fabita Lola Cosmetics &#8211; Shampoo Hidratante &#8211; 250ml 1 Morte S\u00fabita Super Hidratante Lola Cosmetics &#8211; M\u00e1scara Reconstrutora &#8211; 450g Shampoo Hidratante Morte S\u00fabita Tratamento di\u00e1rio e muito luxuoso para cabelos sedentos de vida. Tamb\u00e9m excelente para o uso p\u00f3s processo de colora\u00e7\u00e3o ou outra qu\u00edmica. Sua f\u00f3rmula supersaturada de ingredientes ativos restaura a barreira de hidrata\u00e7\u00e3o natural dos cabelos para da suavidade, for\u00e7a e desembara\u00e7ar sublime. Condicionador Hidratante Morte S\u00fabita \u00c9 um tratamento que voc\u00ea ama, ou n\u00e3o conhece. Pois penetra nos fios de seus cabelos sem pedir licen\u00e7a, acabando com os dias de cabelos secos e detonados, sem ter d\u00f3 nem piedade. M\u00e1scara Reconstrutora Morte S\u00fabita O creme Morte S\u00fabita \u00e9 perfeito para e ideal para uma hidrata\u00e7\u00e3o profunda. O Morte S\u00fabita possui um blend poderos\u00edssimo de \u00f3leos capilares e \u00e9 a m\u00e1scara capilar Lola mais indicada para etapa de nutri\u00e7\u00e3o. A f\u00f3rmula do Morte S\u00fabita possui ativos como \u00f3leo de Coco, prote\u00edna Hidrolisada, Aloe Vera, Creatina e Pantenol, que juntos penetram no cabelo, fortificando e servindo como tratamento para queda de cabelo, mantendo os cabelos mais saud\u00e1veis, brilhantes e saud\u00e1veis. Para uma hidrata\u00e7\u00e3o profunda, a M\u00e1scara Hidrante Lola Morte S\u00fabita pode ser usada como um tratamento semanal que rep\u00f5e prote\u00ednas perdidas devido agentes externos e procedimentos qu\u00edmicos. Al\u00e9m disso, recupera os cabelos ap\u00f3s processos de colora\u00e7\u00e3o e qu\u00edmica. Deseja saber como cuidar dos cabelos danificados? O creme Morte S\u00fabita \u00e9 a sua resposta.<\/p>\n","protected":false},"featured_media":1419,"template":"","meta":{"_uag_custom_page_level_css":"","site-sidebar-layout":"default","site-content-layout":"default","ast-site-content-layout":"default","site-content-style":"default","site-sidebar-style":"default","ast-global-header-display":"","ast-banner-title-visibility":"","ast-main-header-display":"","ast-hfb-above-header-display":"","ast-hfb-below-header-display":"","ast-hfb-mobile-header-display":"","site-post-title":"","ast-breadcrumbs-content":"","ast-featured-img":"","footer-sml-layout":"","theme-transparent-header-meta":"default","adv-header-id-meta":"","stick-header-meta":"","header-above-stick-meta":"","header-main-stick-meta":"","header-below-stick-meta":"","astra-migrate-meta-layouts":"default","ast-page-background-enabled":"default","ast-page-background-meta":{"desktop":{"background-color":"","background-image":"","background-repeat":"repeat","background-position":"center center","background-size":"auto","background-attachment":"scroll","background-type":"","background-media":"","overlay-type":"","overlay-color":"","overlay-opacity":"","overlay-gradient":""},"tablet":{"background-color":"","background-image":"","background-repeat":"repeat","background-position":"center center","background-size":"auto","background-attachment":"scroll","background-type":"","background-media":"","overlay-type":"","overlay-color":"","overlay-opacity":"","overlay-gradient":""},"mobile":{"background-color":"","background-image":"","background-repeat":"repeat","background-position":"center center","background-size":"auto","background-attachment":"scroll","background-type":"","background-media":"","overlay-type":"","overlay-color":"","overlay-opacity":"","overlay-gradient":""}},"ast-content-background-meta":{"desktop":{"background-color":"var(--ast-global-color-5)","background-image":"","background-repeat":"repeat","background-position":"center center","background-size":"auto","background-attachment":"scroll","background-type":"","background-media":"","overlay-type":"","overlay-color":"","overlay-opacity":"","overlay-gradient":""},"tablet":{"background-color":"var(--ast-global-color-5)","background-image":"","background-repeat":"repeat","background-position":"center center","background-size":"auto","background-attachment":"scroll","background-type":"","background-media":"","overlay-type":"","overlay-color":"","overlay-opacity":"","overlay-gradient":""},"mobile":{"background-color":"var(--ast-global-color-5)","background-image":"","background-repeat":"repeat","background-position":"center center","background-size":"auto","background-attachment":"scroll","background-type":"","background-media":"","overlay-type":"","overlay-color":"","overlay-opacity":"","overlay-gradient":""}}},"product_brand":[],"product_cat":[33,536,144],"product_tag":[100,147,543,149,146],"class_list":{"0":"post-1418","1":"product","2":"type-product","3":"status-publish","4":"has-post-thumbnail","6":"product_cat-beleza-e-perfumaria","7":"product_cat-cuidados","8":"product_cat-higiene-pessoal","9":"product_tag-beleza","10":"product_tag-condicionador","11":"product_tag-cuidados","12":"product_tag-mascara","13":"product_tag-shampoo","14":"desktop-align-center","15":"tablet-align-left","16":"mobile-align-center","18":"first","19":"instock","20":"sale","21":"shipping-taxable","22":"product-type-external"},"uagb_featured_image_src":{"full":["https:\/\/promocaododia.com.br\/site\/wp-content\/uploads\/2022\/12\/Kit-Shampoo-Condicionador-Mascara-Capilar-Lola-Cosmetics-Morte-Subita.jpg",600,600,false],"thumbnail":["https:\/\/promocaododia.com.br\/site\/wp-content\/uploads\/2022\/12\/Kit-Shampoo-Condicionador-Mascara-Capilar-Lola-Cosmetics-Morte-Subita-150x150.jpg",150,150,true],"medium":["https:\/\/promocaododia.com.br\/site\/wp-content\/uploads\/2022\/12\/Kit-Shampoo-Condicionador-Mascara-Capilar-Lola-Cosmetics-Morte-Subita-300x300.jpg",300,300,true],"medium_large":["https:\/\/promocaododia.com.br\/site\/wp-content\/uploads\/2022\/12\/Kit-Shampoo-Condicionador-Mascara-Capilar-Lola-Cosmetics-Morte-Subita.jpg",600,600,false],"large":["https:\/\/promocaododia.com.br\/site\/wp-content\/uploads\/2022\/12\/Kit-Shampoo-Condicionador-Mascara-Capilar-Lola-Cosmetics-Morte-Subita.jpg",600,600,false],"1536x1536":["https:\/\/promocaododia.com.br\/site\/wp-content\/uploads\/2022\/12\/Kit-Shampoo-Condicionador-Mascara-Capilar-Lola-Cosmetics-Morte-Subita.jpg",600,600,false],"2048x2048":["https:\/\/promocaododia.com.br\/site\/wp-content\/uploads\/2022\/12\/Kit-Shampoo-Condicionador-Mascara-Capilar-Lola-Cosmetics-Morte-Subita.jpg",600,600,false],"woocommerce_thumbnail":["https:\/\/promocaododia.com.br\/site\/wp-content\/uploads\/2022\/12\/Kit-Shampoo-Condicionador-Mascara-Capilar-Lola-Cosmetics-Morte-Subita-250x250.jpg",250,250,true],"woocommerce_single":["https:\/\/promocaododia.com.br\/site\/wp-content\/uploads\/2022\/12\/Kit-Shampoo-Condicionador-Mascara-Capilar-Lola-Cosmetics-Morte-Subita-250x250.jpg",250,250,true],"woocommerce_gallery_thumbnail":["https:\/\/promocaododia.com.br\/site\/wp-content\/uploads\/2022\/12\/Kit-Shampoo-Condicionador-Mascara-Capilar-Lola-Cosmetics-Morte-Subita-100x100.jpg",100,100,true]},"uagb_author_info":{"display_name":"danilo.gbr","author_link":"https:\/\/promocaododia.com.br\/site\/author\/"},"uagb_comment_info":0,"uagb_excerpt":"PR\u00c9-VENDA Data chegada: 10\/12\/22 O Kit Cont\u00e9m: 1 Morte S\u00fabita Lola Cosmetics &#8211; Condicionador Hidratante &#8211; 250ml 1 Morte S\u00fabita Lola Cosmetics &#8211; Shampoo Hidratante &#8211; 250ml 1 Morte S\u00fabita Super Hidratante Lola Cosmetics &#8211; M\u00e1scara Reconstrutora &#8211; 450g Shampoo Hidratante Morte S\u00fabita Tratamento di\u00e1rio e muito luxuoso para cabelos sedentos de vida. Tamb\u00e9m excelente&hellip;","_links":{"self":[{"href":"https:\/\/promocaododia.com.br\/site\/wp-json\/wp\/v2\/product\/1418","targetHints":{"allow":["GET"]}}],"collection":[{"href":"https:\/\/promocaododia.com.br\/site\/wp-json\/wp\/v2\/product"}],"about":[{"href":"https:\/\/promocaododia.com.br\/site\/wp-json\/wp\/v2\/types\/product"}],"wp:featuredmedia":[{"embeddable":true,"href":"https:\/\/promocaododia.com.br\/site\/wp-json\/wp\/v2\/media\/1419"}],"wp:attachment":[{"href":"https:\/\/promocaododia.com.br\/site\/wp-json\/wp\/v2\/media?parent=1418"}],"wp:term":[{"taxonomy":"product_brand","embeddable":true,"href":"https:\/\/promocaododia.com.br\/site\/wp-json\/wp\/v2\/product_brand?post=1418"},{"taxonomy":"product_cat","embeddable":true,"href":"https:\/\/promocaododia.com.br\/site\/wp-json\/wp\/v2\/product_cat?post=1418"},{"taxonomy":"product_tag","embeddable":true,"href":"https:\/\/promocaododia.com.br\/site\/wp-json\/wp\/v2\/product_tag?post=1418"}],"curies":[{"name":"wp","href":"https:\/\/api.w.org\/{rel}","templated":true}]}}