{"id":1425,"date":"2022-12-12T18:34:29","date_gmt":"2022-12-12T21:34:29","guid":{"rendered":"https:\/\/promocaododia.com.br\/site\/?post_type=product&#038;p=1425"},"modified":"2022-12-12T18:39:38","modified_gmt":"2022-12-12T21:39:38","slug":"jogo-de-potes-de-plastico-hermetico-electrolux-com-tampa-quadrado-8-pecas","status":"publish","type":"product","link":"https:\/\/promocaododia.com.br\/site\/produto\/jogo-de-potes-de-plastico-hermetico-electrolux-com-tampa-quadrado-8-pecas\/","title":{"rendered":"Jogo de Potes de Pl\u00e1stico Herm\u00e9tico Electrolux &#8211; com Tampa Quadrado 8 Pe\u00e7as"},"content":{"rendered":"<p>Sua vida vai ficar muito mais f\u00e1cil com este lindo e pr\u00e1tico Jogo de Potes 41046084 da Electrolux. S\u00e3o 8 pe\u00e7as com formato quadrado, fechamento herm\u00e9tico e sistema de veda\u00e7\u00e3o com borracha. As capacidades s\u00e3o de 230ml, 470ml, 500ml, 600ml, 800ml, 1,18L, 1,4L e 1,71L. Todas as tampas s\u00e3o Easy Open para f\u00e1cil abertura e registro de data de armazenamento do produto. Al\u00e9m de resistentes, eles s\u00e3o feitos com pl\u00e1stico espec\u00edfico para o armazenamento de alimentos, livre de BPA. Podem ser guardados no freezer e usados no micro-ondas.<\/p>\n","protected":false},"excerpt":{"rendered":"<p>Sua vida vai ficar muito mais f\u00e1cil com este lindo e pr\u00e1tico Jogo de Potes 41046084 da Electrolux. S\u00e3o 8 pe\u00e7as com formato quadrado, fechamento herm\u00e9tico e sistema de veda\u00e7\u00e3o com borracha. As capacidades s\u00e3o de 230ml, 470ml, 500ml, 600ml, 800ml, 1,18L, 1,4L e 1,71L. Todas as tampas s\u00e3o Easy Open para f\u00e1cil abertura e registro de data de armazenamento do produto. Al\u00e9m de resistentes, eles s\u00e3o feitos com pl\u00e1stico espec\u00edfico para o armazenamento de alimentos, livre de BPA. Podem ser guardados no freezer e usados no micro-ondas.<\/p>\n","protected":false},"featured_media":1428,"template":"","meta":{"_uag_custom_page_level_css":"","site-sidebar-layout":"default","site-content-layout":"default","ast-site-content-layout":"default","site-content-style":"default","site-sidebar-style":"default","ast-global-header-display":"","ast-banner-title-visibility":"","ast-main-header-display":"","ast-hfb-above-header-display":"","ast-hfb-below-header-display":"","ast-hfb-mobile-header-display":"","site-post-title":"","ast-breadcrumbs-content":"","ast-featured-img":"","footer-sml-layout":"","theme-transparent-header-meta":"default","adv-header-id-meta":"","stick-header-meta":"","header-above-stick-meta":"","header-main-stick-meta":"","header-below-stick-meta":"","astra-migrate-meta-layouts":"default","ast-page-background-enabled":"default","ast-page-background-meta":{"desktop":{"background-color":"","background-image":"","background-repeat":"repeat","background-position":"center center","background-size":"auto","background-attachment":"scroll","background-type":"","background-media":"","overlay-type":"","overlay-color":"","overlay-opacity":"","overlay-gradient":""},"tablet":{"background-color":"","background-image":"","background-repeat":"repeat","background-position":"center center","background-size":"auto","background-attachment":"scroll","background-type":"","background-media":"","overlay-type":"","overlay-color":"","overlay-opacity":"","overlay-gradient":""},"mobile":{"background-color":"","background-image":"","background-repeat":"repeat","background-position":"center center","background-size":"auto","background-attachment":"scroll","background-type":"","background-media":"","overlay-type":"","overlay-color":"","overlay-opacity":"","overlay-gradient":""}},"ast-content-background-meta":{"desktop":{"background-color":"var(--ast-global-color-5)","background-image":"","background-repeat":"repeat","background-position":"center center","background-size":"auto","background-attachment":"scroll","background-type":"","background-media":"","overlay-type":"","overlay-color":"","overlay-opacity":"","overlay-gradient":""},"tablet":{"background-color":"var(--ast-global-color-5)","background-image":"","background-repeat":"repeat","background-position":"center center","background-size":"auto","background-attachment":"scroll","background-type":"","background-media":"","overlay-type":"","overlay-color":"","overlay-opacity":"","overlay-gradient":""},"mobile":{"background-color":"var(--ast-global-color-5)","background-image":"","background-repeat":"repeat","background-position":"center center","background-size":"auto","background-attachment":"scroll","background-type":"","background-media":"","overlay-type":"","overlay-color":"","overlay-opacity":"","overlay-gradient":""}}},"product_brand":[],"product_cat":[64,18],"product_tag":[117,575],"class_list":{"0":"post-1425","1":"product","2":"type-product","3":"status-publish","4":"has-post-thumbnail","6":"product_cat-recipientes-e-potes","7":"product_cat-utensilios-para-cozinhar","8":"product_tag-cozinha","9":"product_tag-potes","10":"desktop-align-center","11":"tablet-align-left","12":"mobile-align-center","14":"first","15":"instock","16":"shipping-taxable","17":"product-type-external"},"uagb_featured_image_src":{"full":["https:\/\/promocaododia.com.br\/site\/wp-content\/uploads\/2022\/12\/Jogo-de-Potes-de-Plastico-Hermetico-Electrolux-com-Tampa-Quadrado-8-Pecas-2.jpg",600,600,false],"thumbnail":["https:\/\/promocaododia.com.br\/site\/wp-content\/uploads\/2022\/12\/Jogo-de-Potes-de-Plastico-Hermetico-Electrolux-com-Tampa-Quadrado-8-Pecas-2-150x150.jpg",150,150,true],"medium":["https:\/\/promocaododia.com.br\/site\/wp-content\/uploads\/2022\/12\/Jogo-de-Potes-de-Plastico-Hermetico-Electrolux-com-Tampa-Quadrado-8-Pecas-2-300x300.jpg",300,300,true],"medium_large":["https:\/\/promocaododia.com.br\/site\/wp-content\/uploads\/2022\/12\/Jogo-de-Potes-de-Plastico-Hermetico-Electrolux-com-Tampa-Quadrado-8-Pecas-2.jpg",600,600,false],"large":["https:\/\/promocaododia.com.br\/site\/wp-content\/uploads\/2022\/12\/Jogo-de-Potes-de-Plastico-Hermetico-Electrolux-com-Tampa-Quadrado-8-Pecas-2.jpg",600,600,false],"1536x1536":["https:\/\/promocaododia.com.br\/site\/wp-content\/uploads\/2022\/12\/Jogo-de-Potes-de-Plastico-Hermetico-Electrolux-com-Tampa-Quadrado-8-Pecas-2.jpg",600,600,false],"2048x2048":["https:\/\/promocaododia.com.br\/site\/wp-content\/uploads\/2022\/12\/Jogo-de-Potes-de-Plastico-Hermetico-Electrolux-com-Tampa-Quadrado-8-Pecas-2.jpg",600,600,false],"woocommerce_thumbnail":["https:\/\/promocaododia.com.br\/site\/wp-content\/uploads\/2022\/12\/Jogo-de-Potes-de-Plastico-Hermetico-Electrolux-com-Tampa-Quadrado-8-Pecas-2-250x250.jpg",250,250,true],"woocommerce_single":["https:\/\/promocaododia.com.br\/site\/wp-content\/uploads\/2022\/12\/Jogo-de-Potes-de-Plastico-Hermetico-Electrolux-com-Tampa-Quadrado-8-Pecas-2-250x250.jpg",250,250,true],"woocommerce_gallery_thumbnail":["https:\/\/promocaododia.com.br\/site\/wp-content\/uploads\/2022\/12\/Jogo-de-Potes-de-Plastico-Hermetico-Electrolux-com-Tampa-Quadrado-8-Pecas-2-100x100.jpg",100,100,true]},"uagb_author_info":{"display_name":"danilo.gbr","author_link":"https:\/\/promocaododia.com.br\/site\/author\/"},"uagb_comment_info":0,"uagb_excerpt":"Sua vida vai ficar muito mais f\u00e1cil com este lindo e pr\u00e1tico Jogo de Potes 41046084 da Electrolux. S\u00e3o 8 pe\u00e7as com formato quadrado, fechamento herm\u00e9tico e sistema de veda\u00e7\u00e3o com borracha. As capacidades s\u00e3o de 230ml, 470ml, 500ml, 600ml, 800ml, 1,18L, 1,4L e 1,71L. Todas as tampas s\u00e3o Easy Open para f\u00e1cil abertura e&hellip;","_links":{"self":[{"href":"https:\/\/promocaododia.com.br\/site\/wp-json\/wp\/v2\/product\/1425","targetHints":{"allow":["GET"]}}],"collection":[{"href":"https:\/\/promocaododia.com.br\/site\/wp-json\/wp\/v2\/product"}],"about":[{"href":"https:\/\/promocaododia.com.br\/site\/wp-json\/wp\/v2\/types\/product"}],"wp:featuredmedia":[{"embeddable":true,"href":"https:\/\/promocaododia.com.br\/site\/wp-json\/wp\/v2\/media\/1428"}],"wp:attachment":[{"href":"https:\/\/promocaododia.com.br\/site\/wp-json\/wp\/v2\/media?parent=1425"}],"wp:term":[{"taxonomy":"product_brand","embeddable":true,"href":"https:\/\/promocaododia.com.br\/site\/wp-json\/wp\/v2\/product_brand?post=1425"},{"taxonomy":"product_cat","embeddable":true,"href":"https:\/\/promocaododia.com.br\/site\/wp-json\/wp\/v2\/product_cat?post=1425"},{"taxonomy":"product_tag","embeddable":true,"href":"https:\/\/promocaododia.com.br\/site\/wp-json\/wp\/v2\/product_tag?post=1425"}],"curies":[{"name":"wp","href":"https:\/\/api.w.org\/{rel}","templated":true}]}}