{"id":1429,"date":"2022-12-12T18:45:03","date_gmt":"2022-12-12T21:45:03","guid":{"rendered":"https:\/\/promocaododia.com.br\/site\/?post_type=product&#038;p=1429"},"modified":"2022-12-12T18:45:04","modified_gmt":"2022-12-12T21:45:04","slug":"kit-2x-waxy-whey-900g-bcaa-100g-power-creatine-100g-waxy-maize-800g-coqueteleira-bodybuilders-3","status":"publish","type":"product","link":"https:\/\/promocaododia.com.br\/site\/produto\/kit-2x-waxy-whey-900g-bcaa-100g-power-creatine-100g-waxy-maize-800g-coqueteleira-bodybuilders-3\/","title":{"rendered":"Kit 2x Waxy Whey 900g + BCAA 100g + Power Creatine 100g + Waxy Maize 800g + Coqueteleira Bodybuilders"},"content":{"rendered":"<p>Waxy Whey: (duas unidades) a whey protein quando consumida sozinha \u00e9 transformada em outras subst\u00e2ncias pelo organismo para suprir a falta de energia pois nosso corpo interpreta essa necessidade, maior do que a reposi\u00e7\u00e3o da prote\u00edna. Pensando nisso, a Waxy Whey Bodybuilders conta com a maltodextrina em sua f\u00f3rmula, um carboidrato que fornece essa reposi\u00e7\u00e3o de energia enquanto a prote\u00edna trabalha para o aumento de massa muscular, ou seja, cada um atua exatamente para o fim que voc\u00ea deseja. Waxy Whey Bodybuilders tem prote\u00ednas de alto valor biol\u00f3gico e um teor de amino\u00e1cidos diferenciado que se complementam devido a combina\u00e7\u00e3o de suas prote\u00ednas..<\/p>\n<p>BCAA 4,5: O BCAA 4,5 Bodybuilders \u00e9 indicado para ser ingerido antes e ap\u00f3s o treino, pois fornece energia e retarda a fadiga central. Estimula a s\u00edntese de prote\u00edna muscular recuperando imediatamente os m\u00fasculos danificados e prevenindo dores. A suplementa\u00e7\u00e3o com BCAA est\u00e1 entre as mais importantes para qualquer programa nutricional esportivo, pois eles s\u00e3o indispens\u00e1veis para a manuten\u00e7\u00e3o e crescimento dos m\u00fasculos.<\/p>\n<p>Creatina: Proveniente de um composto produzido naturalmente pelo organismo, a Creatina \u00e9 formada a partir da associa\u00e7\u00e3o de 3 amino\u00e1cidos de alto valor biol\u00f3gico: arginina, glicina e metionina. A Creatina Power Bodybuilders \u00e9 usada pelo tecido muscular, fator importante na forma\u00e7\u00e3o de adenosina trifosfato (ATP), que funciona como um repositor de energia. Recomenda-se a ingest\u00e3o com \u00e1gua, ou conforme orienta\u00e7\u00e3o de um m\u00e9dico ou nutricionista. Pode-se adicionar algum carboidrato, como maltodextrina ou sacarose na \u00e1gua, para facilitar seu transporte para dentro da c\u00e9lula muscular.<\/p>\n<p>Waxy Maize: O Waxy Maize Bodybuilders \u00e9 um suplemento energ\u00e9tico para atletas, composto a partir de um carboidrato complexo de cadeia longa e altamente ramificada, extremamente denso. Esse carboidrato favorece a reposi\u00e7\u00e3o energ\u00e9tica tornando-a muito mais r\u00e1pida e eficaz, al\u00e9m disso, favorece o transporte e a absor\u00e7\u00e3o de outras subst\u00e2ncias. Consumir antes, durante ou logo ap\u00f3s o treino para a reposi\u00e7\u00e3o do glicog\u00eanio muscular.<\/p>\n<p>Coqueteleira Bodybuilders<\/p>\n<p>Imagem meramente ilustrativa!<\/p>\n<p>Evite automedica\u00e7\u00e3o, consulte sempre um especialista.<\/p>\n<p>O r\u00f3tulo e a embalagem podem variar de acordo com o lote.<\/p>\n<p>As cores da coqueteleira podem variar de acordo com o estoque.<\/p>\n","protected":false},"excerpt":{"rendered":"<p>Waxy Whey: (duas unidades) a whey protein quando consumida sozinha \u00e9 transformada em outras subst\u00e2ncias pelo organismo para suprir a falta de energia pois nosso corpo interpreta essa necessidade, maior do que a reposi\u00e7\u00e3o da prote\u00edna. Pensando nisso, a Waxy Whey Bodybuilders conta com a maltodextrina em sua f\u00f3rmula, um carboidrato que fornece essa reposi\u00e7\u00e3o de energia enquanto a prote\u00edna trabalha para o aumento de massa muscular, ou seja, cada um atua exatamente para o fim que voc\u00ea deseja. Waxy Whey Bodybuilders tem prote\u00ednas de alto valor biol\u00f3gico e um teor de amino\u00e1cidos diferenciado que se complementam devido a combina\u00e7\u00e3o de suas prote\u00ednas.. BCAA 4,5: O BCAA 4,5 Bodybuilders \u00e9 indicado para ser ingerido antes e ap\u00f3s o treino, pois fornece energia e retarda a fadiga central. Estimula a s\u00edntese de prote\u00edna muscular recuperando imediatamente os m\u00fasculos danificados e prevenindo dores. A suplementa\u00e7\u00e3o com BCAA est\u00e1 entre as mais importantes para qualquer programa nutricional esportivo, pois eles s\u00e3o indispens\u00e1veis para a manuten\u00e7\u00e3o e crescimento dos m\u00fasculos. Creatina: Proveniente de um composto produzido naturalmente pelo organismo, a Creatina \u00e9 formada a partir da associa\u00e7\u00e3o de 3 amino\u00e1cidos de alto valor biol\u00f3gico: arginina, glicina e metionina. A Creatina Power Bodybuilders \u00e9 usada pelo tecido muscular, fator importante na forma\u00e7\u00e3o de adenosina trifosfato (ATP), que funciona como um repositor de energia. Recomenda-se a ingest\u00e3o com \u00e1gua, ou conforme orienta\u00e7\u00e3o de um m\u00e9dico ou nutricionista. Pode-se adicionar algum carboidrato, como maltodextrina ou sacarose na \u00e1gua, para facilitar seu transporte para dentro da c\u00e9lula muscular. Waxy Maize: O Waxy Maize Bodybuilders \u00e9 um suplemento energ\u00e9tico para atletas, composto a partir de um carboidrato complexo de cadeia longa e altamente ramificada, extremamente denso. Esse carboidrato favorece a reposi\u00e7\u00e3o energ\u00e9tica tornando-a muito mais r\u00e1pida e eficaz, al\u00e9m disso, favorece o transporte e a absor\u00e7\u00e3o de outras subst\u00e2ncias. Consumir antes, durante ou logo ap\u00f3s o treino para a reposi\u00e7\u00e3o do glicog\u00eanio muscular. Coqueteleira Bodybuilders Imagem meramente ilustrativa! Evite automedica\u00e7\u00e3o, consulte sempre um especialista. O r\u00f3tulo e a embalagem podem variar de acordo com o lote. As cores da coqueteleira podem variar de acordo com o estoque.<\/p>\n","protected":false},"featured_media":1430,"template":"","meta":{"_uag_custom_page_level_css":"","site-sidebar-layout":"default","site-content-layout":"default","ast-site-content-layout":"default","site-content-style":"default","site-sidebar-style":"default","ast-global-header-display":"","ast-banner-title-visibility":"","ast-main-header-display":"","ast-hfb-above-header-display":"","ast-hfb-below-header-display":"","ast-hfb-mobile-header-display":"","site-post-title":"","ast-breadcrumbs-content":"","ast-featured-img":"","footer-sml-layout":"","theme-transparent-header-meta":"default","adv-header-id-meta":"","stick-header-meta":"","header-above-stick-meta":"","header-main-stick-meta":"","header-below-stick-meta":"","astra-migrate-meta-layouts":"default","ast-page-background-enabled":"default","ast-page-background-meta":{"desktop":{"background-color":"","background-image":"","background-repeat":"repeat","background-position":"center center","background-size":"auto","background-attachment":"scroll","background-type":"","background-media":"","overlay-type":"","overlay-color":"","overlay-opacity":"","overlay-gradient":""},"tablet":{"background-color":"","background-image":"","background-repeat":"repeat","background-position":"center center","background-size":"auto","background-attachment":"scroll","background-type":"","background-media":"","overlay-type":"","overlay-color":"","overlay-opacity":"","overlay-gradient":""},"mobile":{"background-color":"","background-image":"","background-repeat":"repeat","background-position":"center center","background-size":"auto","background-attachment":"scroll","background-type":"","background-media":"","overlay-type":"","overlay-color":"","overlay-opacity":"","overlay-gradient":""}},"ast-content-background-meta":{"desktop":{"background-color":"var(--ast-global-color-5)","background-image":"","background-repeat":"repeat","background-position":"center center","background-size":"auto","background-attachment":"scroll","background-type":"","background-media":"","overlay-type":"","overlay-color":"","overlay-opacity":"","overlay-gradient":""},"tablet":{"background-color":"var(--ast-global-color-5)","background-image":"","background-repeat":"repeat","background-position":"center center","background-size":"auto","background-attachment":"scroll","background-type":"","background-media":"","overlay-type":"","overlay-color":"","overlay-opacity":"","overlay-gradient":""},"mobile":{"background-color":"var(--ast-global-color-5)","background-image":"","background-repeat":"repeat","background-position":"center center","background-size":"auto","background-attachment":"scroll","background-type":"","background-media":"","overlay-type":"","overlay-color":"","overlay-opacity":"","overlay-gradient":""}}},"product_brand":[],"product_cat":[284],"product_tag":[287,288,291,290,289,119,286],"class_list":{"0":"post-1429","1":"product","2":"type-product","3":"status-publish","4":"has-post-thumbnail","6":"product_cat-suplementos-alimentares","7":"product_tag-900g","8":"product_tag-bcaa","9":"product_tag-bodybuilders","10":"product_tag-coqueteleira","11":"product_tag-creatinas","12":"product_tag-kit","13":"product_tag-whey","14":"desktop-align-center","15":"tablet-align-left","16":"mobile-align-center","18":"first","19":"instock","20":"sale","21":"shipping-taxable","22":"product-type-external"},"uagb_featured_image_src":{"full":["https:\/\/promocaododia.com.br\/site\/wp-content\/uploads\/2022\/12\/Kit-2x-Waxy-Whey-900g-BCAA-100g-Power-Creatine-100g-Waxy-Maize-800g-Coqueteleira-Bodybuilders.jpg",600,600,false],"thumbnail":["https:\/\/promocaododia.com.br\/site\/wp-content\/uploads\/2022\/12\/Kit-2x-Waxy-Whey-900g-BCAA-100g-Power-Creatine-100g-Waxy-Maize-800g-Coqueteleira-Bodybuilders-150x150.jpg",150,150,true],"medium":["https:\/\/promocaododia.com.br\/site\/wp-content\/uploads\/2022\/12\/Kit-2x-Waxy-Whey-900g-BCAA-100g-Power-Creatine-100g-Waxy-Maize-800g-Coqueteleira-Bodybuilders-300x300.jpg",300,300,true],"medium_large":["https:\/\/promocaododia.com.br\/site\/wp-content\/uploads\/2022\/12\/Kit-2x-Waxy-Whey-900g-BCAA-100g-Power-Creatine-100g-Waxy-Maize-800g-Coqueteleira-Bodybuilders.jpg",600,600,false],"large":["https:\/\/promocaododia.com.br\/site\/wp-content\/uploads\/2022\/12\/Kit-2x-Waxy-Whey-900g-BCAA-100g-Power-Creatine-100g-Waxy-Maize-800g-Coqueteleira-Bodybuilders.jpg",600,600,false],"1536x1536":["https:\/\/promocaododia.com.br\/site\/wp-content\/uploads\/2022\/12\/Kit-2x-Waxy-Whey-900g-BCAA-100g-Power-Creatine-100g-Waxy-Maize-800g-Coqueteleira-Bodybuilders.jpg",600,600,false],"2048x2048":["https:\/\/promocaododia.com.br\/site\/wp-content\/uploads\/2022\/12\/Kit-2x-Waxy-Whey-900g-BCAA-100g-Power-Creatine-100g-Waxy-Maize-800g-Coqueteleira-Bodybuilders.jpg",600,600,false],"woocommerce_thumbnail":["https:\/\/promocaododia.com.br\/site\/wp-content\/uploads\/2022\/12\/Kit-2x-Waxy-Whey-900g-BCAA-100g-Power-Creatine-100g-Waxy-Maize-800g-Coqueteleira-Bodybuilders-250x250.jpg",250,250,true],"woocommerce_single":["https:\/\/promocaododia.com.br\/site\/wp-content\/uploads\/2022\/12\/Kit-2x-Waxy-Whey-900g-BCAA-100g-Power-Creatine-100g-Waxy-Maize-800g-Coqueteleira-Bodybuilders-250x250.jpg",250,250,true],"woocommerce_gallery_thumbnail":["https:\/\/promocaododia.com.br\/site\/wp-content\/uploads\/2022\/12\/Kit-2x-Waxy-Whey-900g-BCAA-100g-Power-Creatine-100g-Waxy-Maize-800g-Coqueteleira-Bodybuilders-100x100.jpg",100,100,true]},"uagb_author_info":{"display_name":"danilo.gbr","author_link":"https:\/\/promocaododia.com.br\/site\/author\/"},"uagb_comment_info":0,"uagb_excerpt":"Waxy Whey: (duas unidades) a whey protein quando consumida sozinha \u00e9 transformada em outras subst\u00e2ncias pelo organismo para suprir a falta de energia pois nosso corpo interpreta essa necessidade, maior do que a reposi\u00e7\u00e3o da prote\u00edna. Pensando nisso, a Waxy Whey Bodybuilders conta com a maltodextrina em sua f\u00f3rmula, um carboidrato que fornece essa reposi\u00e7\u00e3o&hellip;","_links":{"self":[{"href":"https:\/\/promocaododia.com.br\/site\/wp-json\/wp\/v2\/product\/1429","targetHints":{"allow":["GET"]}}],"collection":[{"href":"https:\/\/promocaododia.com.br\/site\/wp-json\/wp\/v2\/product"}],"about":[{"href":"https:\/\/promocaododia.com.br\/site\/wp-json\/wp\/v2\/types\/product"}],"wp:featuredmedia":[{"embeddable":true,"href":"https:\/\/promocaododia.com.br\/site\/wp-json\/wp\/v2\/media\/1430"}],"wp:attachment":[{"href":"https:\/\/promocaododia.com.br\/site\/wp-json\/wp\/v2\/media?parent=1429"}],"wp:term":[{"taxonomy":"product_brand","embeddable":true,"href":"https:\/\/promocaododia.com.br\/site\/wp-json\/wp\/v2\/product_brand?post=1429"},{"taxonomy":"product_cat","embeddable":true,"href":"https:\/\/promocaododia.com.br\/site\/wp-json\/wp\/v2\/product_cat?post=1429"},{"taxonomy":"product_tag","embeddable":true,"href":"https:\/\/promocaododia.com.br\/site\/wp-json\/wp\/v2\/product_tag?post=1429"}],"curies":[{"name":"wp","href":"https:\/\/api.w.org\/{rel}","templated":true}]}}