{"id":1431,"date":"2022-12-12T18:51:50","date_gmt":"2022-12-12T21:51:50","guid":{"rendered":"https:\/\/promocaododia.com.br\/site\/?post_type=product&#038;p=1431"},"modified":"2022-12-12T18:51:50","modified_gmt":"2022-12-12T21:51:50","slug":"tablet-samsung-galaxy-a7-lite-87-4g-wi-fi-32gb-mediatek-mt8768t-cam-8mp","status":"publish","type":"product","link":"https:\/\/promocaododia.com.br\/site\/produto\/tablet-samsung-galaxy-a7-lite-87-4g-wi-fi-32gb-mediatek-mt8768t-cam-8mp\/","title":{"rendered":"Tablet Samsung Galaxy A7 Lite 8,7\u201d 4G Wi-Fi 32GB &#8211; MediaTek MT8768T C\u00e2m. 8MP"},"content":{"rendered":"<p>O tablet Samsung Galaxy A7 Lite \u00e9 um aparelho compacto, leve e fino mas extremamente poderoso, nele voc\u00ea vai jogar seus jogos favoritos e assistir filmes sem travamentos em uma tela de 8,7&#8243;.O formato dele \u00e9 pensado exatamente para quando voc\u00ea precisar ficar com ele a m\u00e3o por horas e ainda assim ser\u00e1 confort\u00e1vel. Esse tablet ainda possui Wi-Fi, Bluetooth 5.0 e tecnologia 4G para voc\u00ea se conectar com o mundo! A mem\u00f3ria interna do A7 Lite \u00e9 de 32GB, mem\u00f3ria RAM de 3GB, processador MediaTek e conta com uma c\u00e2mera traseira de 8MP para tirar fotos incr\u00edveis e uma c\u00e2mera selfie de 2MP. Ah, ele tamb\u00e9m conta com o sistema Android e est\u00e1 dispon\u00edvel na cor grafite.<\/p>\n","protected":false},"excerpt":{"rendered":"<p>O tablet Samsung Galaxy A7 Lite \u00e9 um aparelho compacto, leve e fino mas extremamente poderoso, nele voc\u00ea vai jogar seus jogos favoritos e assistir filmes sem travamentos em uma tela de 8,7&#8243;.O formato dele \u00e9 pensado exatamente para quando voc\u00ea precisar ficar com ele a m\u00e3o por horas e ainda assim ser\u00e1 confort\u00e1vel. Esse tablet ainda possui Wi-Fi, Bluetooth 5.0 e tecnologia 4G para voc\u00ea se conectar com o mundo! A mem\u00f3ria interna do A7 Lite \u00e9 de 32GB, mem\u00f3ria RAM de 3GB, processador MediaTek e conta com uma c\u00e2mera traseira de 8MP para tirar fotos incr\u00edveis e uma c\u00e2mera selfie de 2MP. Ah, ele tamb\u00e9m conta com o sistema Android e est\u00e1 dispon\u00edvel na cor grafite.<\/p>\n","protected":false},"featured_media":1432,"template":"","meta":{"_uag_custom_page_level_css":"","site-sidebar-layout":"default","site-content-layout":"default","ast-site-content-layout":"default","site-content-style":"default","site-sidebar-style":"default","ast-global-header-display":"","ast-banner-title-visibility":"","ast-main-header-display":"","ast-hfb-above-header-display":"","ast-hfb-below-header-display":"","ast-hfb-mobile-header-display":"","site-post-title":"","ast-breadcrumbs-content":"","ast-featured-img":"","footer-sml-layout":"","theme-transparent-header-meta":"default","adv-header-id-meta":"","stick-header-meta":"","header-above-stick-meta":"","header-main-stick-meta":"","header-below-stick-meta":"","astra-migrate-meta-layouts":"default","ast-page-background-enabled":"default","ast-page-background-meta":{"desktop":{"background-color":"","background-image":"","background-repeat":"repeat","background-position":"center center","background-size":"auto","background-attachment":"scroll","background-type":"","background-media":"","overlay-type":"","overlay-color":"","overlay-opacity":"","overlay-gradient":""},"tablet":{"background-color":"","background-image":"","background-repeat":"repeat","background-position":"center center","background-size":"auto","background-attachment":"scroll","background-type":"","background-media":"","overlay-type":"","overlay-color":"","overlay-opacity":"","overlay-gradient":""},"mobile":{"background-color":"","background-image":"","background-repeat":"repeat","background-position":"center center","background-size":"auto","background-attachment":"scroll","background-type":"","background-media":"","overlay-type":"","overlay-color":"","overlay-opacity":"","overlay-gradient":""}},"ast-content-background-meta":{"desktop":{"background-color":"var(--ast-global-color-5)","background-image":"","background-repeat":"repeat","background-position":"center center","background-size":"auto","background-attachment":"scroll","background-type":"","background-media":"","overlay-type":"","overlay-color":"","overlay-opacity":"","overlay-gradient":""},"tablet":{"background-color":"var(--ast-global-color-5)","background-image":"","background-repeat":"repeat","background-position":"center center","background-size":"auto","background-attachment":"scroll","background-type":"","background-media":"","overlay-type":"","overlay-color":"","overlay-opacity":"","overlay-gradient":""},"mobile":{"background-color":"var(--ast-global-color-5)","background-image":"","background-repeat":"repeat","background-position":"center center","background-size":"auto","background-attachment":"scroll","background-type":"","background-media":"","overlay-type":"","overlay-color":"","overlay-opacity":"","overlay-gradient":""}}},"product_brand":[],"product_cat":[23,457],"product_tag":[570,376,89,377],"class_list":{"0":"post-1431","1":"product","2":"type-product","3":"status-publish","4":"has-post-thumbnail","6":"product_cat-celulares-e-tablets","7":"product_cat-tablets","8":"product_tag-galaxy-tab","9":"product_tag-octa-core","10":"product_tag-samsung","11":"product_tag-tablet","12":"desktop-align-center","13":"tablet-align-left","14":"mobile-align-center","16":"first","17":"instock","18":"sale","19":"shipping-taxable","20":"product-type-external"},"uagb_featured_image_src":{"full":["https:\/\/promocaododia.com.br\/site\/wp-content\/uploads\/2022\/12\/Tablet-Samsung-Galaxy-A7-Lite-87-4G-Wi-Fi-32GB-MediaTek-MT8768T-Cam.-8MP.jpg",600,600,false],"thumbnail":["https:\/\/promocaododia.com.br\/site\/wp-content\/uploads\/2022\/12\/Tablet-Samsung-Galaxy-A7-Lite-87-4G-Wi-Fi-32GB-MediaTek-MT8768T-Cam.-8MP-150x150.jpg",150,150,true],"medium":["https:\/\/promocaododia.com.br\/site\/wp-content\/uploads\/2022\/12\/Tablet-Samsung-Galaxy-A7-Lite-87-4G-Wi-Fi-32GB-MediaTek-MT8768T-Cam.-8MP-300x300.jpg",300,300,true],"medium_large":["https:\/\/promocaododia.com.br\/site\/wp-content\/uploads\/2022\/12\/Tablet-Samsung-Galaxy-A7-Lite-87-4G-Wi-Fi-32GB-MediaTek-MT8768T-Cam.-8MP.jpg",600,600,false],"large":["https:\/\/promocaododia.com.br\/site\/wp-content\/uploads\/2022\/12\/Tablet-Samsung-Galaxy-A7-Lite-87-4G-Wi-Fi-32GB-MediaTek-MT8768T-Cam.-8MP.jpg",600,600,false],"1536x1536":["https:\/\/promocaododia.com.br\/site\/wp-content\/uploads\/2022\/12\/Tablet-Samsung-Galaxy-A7-Lite-87-4G-Wi-Fi-32GB-MediaTek-MT8768T-Cam.-8MP.jpg",600,600,false],"2048x2048":["https:\/\/promocaododia.com.br\/site\/wp-content\/uploads\/2022\/12\/Tablet-Samsung-Galaxy-A7-Lite-87-4G-Wi-Fi-32GB-MediaTek-MT8768T-Cam.-8MP.jpg",600,600,false],"woocommerce_thumbnail":["https:\/\/promocaododia.com.br\/site\/wp-content\/uploads\/2022\/12\/Tablet-Samsung-Galaxy-A7-Lite-87-4G-Wi-Fi-32GB-MediaTek-MT8768T-Cam.-8MP-250x250.jpg",250,250,true],"woocommerce_single":["https:\/\/promocaododia.com.br\/site\/wp-content\/uploads\/2022\/12\/Tablet-Samsung-Galaxy-A7-Lite-87-4G-Wi-Fi-32GB-MediaTek-MT8768T-Cam.-8MP-250x250.jpg",250,250,true],"woocommerce_gallery_thumbnail":["https:\/\/promocaododia.com.br\/site\/wp-content\/uploads\/2022\/12\/Tablet-Samsung-Galaxy-A7-Lite-87-4G-Wi-Fi-32GB-MediaTek-MT8768T-Cam.-8MP-100x100.jpg",100,100,true]},"uagb_author_info":{"display_name":"danilo.gbr","author_link":"https:\/\/promocaododia.com.br\/site\/author\/"},"uagb_comment_info":0,"uagb_excerpt":"O tablet Samsung Galaxy A7 Lite \u00e9 um aparelho compacto, leve e fino mas extremamente poderoso, nele voc\u00ea vai jogar seus jogos favoritos e assistir filmes sem travamentos em uma tela de 8,7&#8243;.O formato dele \u00e9 pensado exatamente para quando voc\u00ea precisar ficar com ele a m\u00e3o por horas e ainda assim ser\u00e1 confort\u00e1vel. Esse&hellip;","_links":{"self":[{"href":"https:\/\/promocaododia.com.br\/site\/wp-json\/wp\/v2\/product\/1431","targetHints":{"allow":["GET"]}}],"collection":[{"href":"https:\/\/promocaododia.com.br\/site\/wp-json\/wp\/v2\/product"}],"about":[{"href":"https:\/\/promocaododia.com.br\/site\/wp-json\/wp\/v2\/types\/product"}],"wp:featuredmedia":[{"embeddable":true,"href":"https:\/\/promocaododia.com.br\/site\/wp-json\/wp\/v2\/media\/1432"}],"wp:attachment":[{"href":"https:\/\/promocaododia.com.br\/site\/wp-json\/wp\/v2\/media?parent=1431"}],"wp:term":[{"taxonomy":"product_brand","embeddable":true,"href":"https:\/\/promocaododia.com.br\/site\/wp-json\/wp\/v2\/product_brand?post=1431"},{"taxonomy":"product_cat","embeddable":true,"href":"https:\/\/promocaododia.com.br\/site\/wp-json\/wp\/v2\/product_cat?post=1431"},{"taxonomy":"product_tag","embeddable":true,"href":"https:\/\/promocaododia.com.br\/site\/wp-json\/wp\/v2\/product_tag?post=1431"}],"curies":[{"name":"wp","href":"https:\/\/api.w.org\/{rel}","templated":true}]}}