{"id":1440,"date":"2022-12-13T19:23:40","date_gmt":"2022-12-13T22:23:40","guid":{"rendered":"https:\/\/promocaododia.com.br\/site\/?post_type=product&#038;p=1440"},"modified":"2022-12-13T19:23:40","modified_gmt":"2022-12-13T22:23:40","slug":"furadeira-de-impacto-nell-400w-velocidade-variavel-e-reversivel-3-8-com-maleta-19-pecas","status":"publish","type":"product","link":"https:\/\/promocaododia.com.br\/site\/produto\/furadeira-de-impacto-nell-400w-velocidade-variavel-e-reversivel-3-8-com-maleta-19-pecas\/","title":{"rendered":"Furadeira de Impacto Nell 400W Velocidade Vari\u00e1vel &#8211; e Revers\u00edvel 3\/8\u201d com Maleta + 19 Pe\u00e7as"},"content":{"rendered":"<p>Realizar os mais variados tipos de servi\u00e7os dom\u00e9sticos ou profissionais exige equipamentos de qualidade que facilitem na hora da execu\u00e7\u00e3o n\u00e3o \u00e9 mesmo? Por isso vale a pena conferir a Furadeira MB7135 da Nell. Trata-se de uma ferramenta de impacto que certamente atender\u00e1 sua demanda, isso porque ela possui 400W de pot\u00eancia, mandril de 3\/8&#8243; e velocidade vari\u00e1vel e revers\u00edvel de at\u00e9 0 a 3200 RPM. Al\u00e9m de tudo isso, acompanha 19 acess\u00f3rios e maleta de transporte para os mais diversos usos que deixar\u00e3o seus dias muito mais pr\u00e1ticos.<\/p>\n","protected":false},"excerpt":{"rendered":"<p>Realizar os mais variados tipos de servi\u00e7os dom\u00e9sticos ou profissionais exige equipamentos de qualidade que facilitem na hora da execu\u00e7\u00e3o n\u00e3o \u00e9 mesmo? Por isso vale a pena conferir a Furadeira MB7135 da Nell. Trata-se de uma ferramenta de impacto que certamente atender\u00e1 sua demanda, isso porque ela possui 400W de pot\u00eancia, mandril de 3\/8&#8243; e velocidade vari\u00e1vel e revers\u00edvel de at\u00e9 0 a 3200 RPM. Al\u00e9m de tudo isso, acompanha 19 acess\u00f3rios e maleta de transporte para os mais diversos usos que deixar\u00e3o seus dias muito mais pr\u00e1ticos.<\/p>\n","protected":false},"featured_media":1441,"template":"","meta":{"_uag_custom_page_level_css":"","site-sidebar-layout":"default","site-content-layout":"default","ast-site-content-layout":"default","site-content-style":"default","site-sidebar-style":"default","ast-global-header-display":"","ast-banner-title-visibility":"","ast-main-header-display":"","ast-hfb-above-header-display":"","ast-hfb-below-header-display":"","ast-hfb-mobile-header-display":"","site-post-title":"","ast-breadcrumbs-content":"","ast-featured-img":"","footer-sml-layout":"","theme-transparent-header-meta":"default","adv-header-id-meta":"","stick-header-meta":"","header-above-stick-meta":"","header-main-stick-meta":"","header-below-stick-meta":"","astra-migrate-meta-layouts":"default","ast-page-background-enabled":"default","ast-page-background-meta":{"desktop":{"background-color":"","background-image":"","background-repeat":"repeat","background-position":"center center","background-size":"auto","background-attachment":"scroll","background-type":"","background-media":"","overlay-type":"","overlay-color":"","overlay-opacity":"","overlay-gradient":""},"tablet":{"background-color":"","background-image":"","background-repeat":"repeat","background-position":"center center","background-size":"auto","background-attachment":"scroll","background-type":"","background-media":"","overlay-type":"","overlay-color":"","overlay-opacity":"","overlay-gradient":""},"mobile":{"background-color":"","background-image":"","background-repeat":"repeat","background-position":"center center","background-size":"auto","background-attachment":"scroll","background-type":"","background-media":"","overlay-type":"","overlay-color":"","overlay-opacity":"","overlay-gradient":""}},"ast-content-background-meta":{"desktop":{"background-color":"var(--ast-global-color-5)","background-image":"","background-repeat":"repeat","background-position":"center center","background-size":"auto","background-attachment":"scroll","background-type":"","background-media":"","overlay-type":"","overlay-color":"","overlay-opacity":"","overlay-gradient":""},"tablet":{"background-color":"var(--ast-global-color-5)","background-image":"","background-repeat":"repeat","background-position":"center center","background-size":"auto","background-attachment":"scroll","background-type":"","background-media":"","overlay-type":"","overlay-color":"","overlay-opacity":"","overlay-gradient":""},"mobile":{"background-color":"var(--ast-global-color-5)","background-image":"","background-repeat":"repeat","background-position":"center center","background-size":"auto","background-attachment":"scroll","background-type":"","background-media":"","overlay-type":"","overlay-color":"","overlay-opacity":"","overlay-gradient":""}}},"product_brand":[],"product_cat":[21,22],"product_tag":[410,409,557],"class_list":{"0":"post-1440","1":"product","2":"type-product","3":"status-publish","4":"has-post-thumbnail","6":"product_cat-ferramentas-e-construcao","7":"product_cat-furadeira-e-parafusadeira","8":"product_tag-ferramentas","9":"product_tag-furadeira","10":"product_tag-parafuzadeira","11":"desktop-align-center","12":"tablet-align-left","13":"mobile-align-center","15":"first","16":"instock","17":"sale","18":"shipping-taxable","19":"product-type-external"},"uagb_featured_image_src":{"full":["https:\/\/promocaododia.com.br\/site\/wp-content\/uploads\/2022\/12\/Furadeira-de-Impacto-Nell-400W-Velocidade-Variavel-e-Reversivel-38-com-Maleta-19-Pecas.jpg",600,600,false],"thumbnail":["https:\/\/promocaododia.com.br\/site\/wp-content\/uploads\/2022\/12\/Furadeira-de-Impacto-Nell-400W-Velocidade-Variavel-e-Reversivel-38-com-Maleta-19-Pecas-150x150.jpg",150,150,true],"medium":["https:\/\/promocaododia.com.br\/site\/wp-content\/uploads\/2022\/12\/Furadeira-de-Impacto-Nell-400W-Velocidade-Variavel-e-Reversivel-38-com-Maleta-19-Pecas-300x300.jpg",300,300,true],"medium_large":["https:\/\/promocaododia.com.br\/site\/wp-content\/uploads\/2022\/12\/Furadeira-de-Impacto-Nell-400W-Velocidade-Variavel-e-Reversivel-38-com-Maleta-19-Pecas.jpg",600,600,false],"large":["https:\/\/promocaododia.com.br\/site\/wp-content\/uploads\/2022\/12\/Furadeira-de-Impacto-Nell-400W-Velocidade-Variavel-e-Reversivel-38-com-Maleta-19-Pecas.jpg",600,600,false],"1536x1536":["https:\/\/promocaododia.com.br\/site\/wp-content\/uploads\/2022\/12\/Furadeira-de-Impacto-Nell-400W-Velocidade-Variavel-e-Reversivel-38-com-Maleta-19-Pecas.jpg",600,600,false],"2048x2048":["https:\/\/promocaododia.com.br\/site\/wp-content\/uploads\/2022\/12\/Furadeira-de-Impacto-Nell-400W-Velocidade-Variavel-e-Reversivel-38-com-Maleta-19-Pecas.jpg",600,600,false],"woocommerce_thumbnail":["https:\/\/promocaododia.com.br\/site\/wp-content\/uploads\/2022\/12\/Furadeira-de-Impacto-Nell-400W-Velocidade-Variavel-e-Reversivel-38-com-Maleta-19-Pecas-250x250.jpg",250,250,true],"woocommerce_single":["https:\/\/promocaododia.com.br\/site\/wp-content\/uploads\/2022\/12\/Furadeira-de-Impacto-Nell-400W-Velocidade-Variavel-e-Reversivel-38-com-Maleta-19-Pecas-250x250.jpg",250,250,true],"woocommerce_gallery_thumbnail":["https:\/\/promocaododia.com.br\/site\/wp-content\/uploads\/2022\/12\/Furadeira-de-Impacto-Nell-400W-Velocidade-Variavel-e-Reversivel-38-com-Maleta-19-Pecas-100x100.jpg",100,100,true]},"uagb_author_info":{"display_name":"danilo.gbr","author_link":"https:\/\/promocaododia.com.br\/site\/author\/"},"uagb_comment_info":0,"uagb_excerpt":"Realizar os mais variados tipos de servi\u00e7os dom\u00e9sticos ou profissionais exige equipamentos de qualidade que facilitem na hora da execu\u00e7\u00e3o n\u00e3o \u00e9 mesmo? Por isso vale a pena conferir a Furadeira MB7135 da Nell. Trata-se de uma ferramenta de impacto que certamente atender\u00e1 sua demanda, isso porque ela possui 400W de pot\u00eancia, mandril de 3\/8&#8243;&hellip;","_links":{"self":[{"href":"https:\/\/promocaododia.com.br\/site\/wp-json\/wp\/v2\/product\/1440","targetHints":{"allow":["GET"]}}],"collection":[{"href":"https:\/\/promocaododia.com.br\/site\/wp-json\/wp\/v2\/product"}],"about":[{"href":"https:\/\/promocaododia.com.br\/site\/wp-json\/wp\/v2\/types\/product"}],"wp:featuredmedia":[{"embeddable":true,"href":"https:\/\/promocaododia.com.br\/site\/wp-json\/wp\/v2\/media\/1441"}],"wp:attachment":[{"href":"https:\/\/promocaododia.com.br\/site\/wp-json\/wp\/v2\/media?parent=1440"}],"wp:term":[{"taxonomy":"product_brand","embeddable":true,"href":"https:\/\/promocaododia.com.br\/site\/wp-json\/wp\/v2\/product_brand?post=1440"},{"taxonomy":"product_cat","embeddable":true,"href":"https:\/\/promocaododia.com.br\/site\/wp-json\/wp\/v2\/product_cat?post=1440"},{"taxonomy":"product_tag","embeddable":true,"href":"https:\/\/promocaododia.com.br\/site\/wp-json\/wp\/v2\/product_tag?post=1440"}],"curies":[{"name":"wp","href":"https:\/\/api.w.org\/{rel}","templated":true}]}}