{"id":1442,"date":"2022-12-13T19:26:38","date_gmt":"2022-12-13T22:26:38","guid":{"rendered":"https:\/\/promocaododia.com.br\/site\/?post_type=product&#038;p=1442"},"modified":"2022-12-13T19:26:38","modified_gmt":"2022-12-13T22:26:38","slug":"creatina-pura-300g-probiotica-probiotica","status":"publish","type":"product","link":"https:\/\/promocaododia.com.br\/site\/produto\/creatina-pura-300g-probiotica-probiotica\/","title":{"rendered":"Creatina Pura 300g &#8211; Probiotica &#8211; PROBI\u00d3TICA"},"content":{"rendered":"<p>A Creatina Pura Mono-hidratada Probi\u00f3tica 300g, sem sabor, Gluten Free auxilia no aumento do desempenho f\u00edsico durante exerc\u00edcios repetidos de curta dura\u00e7\u00e3o e alta intensidade.Trata-se de um produto destinado a complementar os estoques end\u00f3genos de creatina, a por\u00e7\u00e3o cont\u00e9m 3g de creatina e n\u00e3o cont\u00e9m lactose. Sua a\u00e7\u00e3o no organismo auxilia no aumento de energia e do desempenho f\u00edsico, e tamb\u00e9m contribui para a preven\u00e7\u00e3o da fadiga muscular. Recomenda-se o consumo de 1 por\u00e7\u00e3o ao dia.<\/p>\n","protected":false},"excerpt":{"rendered":"<p>A Creatina Pura Mono-hidratada Probi\u00f3tica 300g, sem sabor, Gluten Free auxilia no aumento do desempenho f\u00edsico durante exerc\u00edcios repetidos de curta dura\u00e7\u00e3o e alta intensidade.Trata-se de um produto destinado a complementar os estoques end\u00f3genos de creatina, a por\u00e7\u00e3o cont\u00e9m 3g de creatina e n\u00e3o cont\u00e9m lactose. Sua a\u00e7\u00e3o no organismo auxilia no aumento de energia e do desempenho f\u00edsico, e tamb\u00e9m contribui para a preven\u00e7\u00e3o da fadiga muscular. Recomenda-se o consumo de 1 por\u00e7\u00e3o ao dia.<\/p>\n","protected":false},"featured_media":1443,"template":"","meta":{"_uag_custom_page_level_css":"","site-sidebar-layout":"default","site-content-layout":"default","ast-site-content-layout":"default","site-content-style":"default","site-sidebar-style":"default","ast-global-header-display":"","ast-banner-title-visibility":"","ast-main-header-display":"","ast-hfb-above-header-display":"","ast-hfb-below-header-display":"","ast-hfb-mobile-header-display":"","site-post-title":"","ast-breadcrumbs-content":"","ast-featured-img":"","footer-sml-layout":"","theme-transparent-header-meta":"default","adv-header-id-meta":"","stick-header-meta":"","header-above-stick-meta":"","header-main-stick-meta":"","header-below-stick-meta":"","astra-migrate-meta-layouts":"default","ast-page-background-enabled":"default","ast-page-background-meta":{"desktop":{"background-color":"","background-image":"","background-repeat":"repeat","background-position":"center center","background-size":"auto","background-attachment":"scroll","background-type":"","background-media":"","overlay-type":"","overlay-color":"","overlay-opacity":"","overlay-gradient":""},"tablet":{"background-color":"","background-image":"","background-repeat":"repeat","background-position":"center center","background-size":"auto","background-attachment":"scroll","background-type":"","background-media":"","overlay-type":"","overlay-color":"","overlay-opacity":"","overlay-gradient":""},"mobile":{"background-color":"","background-image":"","background-repeat":"repeat","background-position":"center center","background-size":"auto","background-attachment":"scroll","background-type":"","background-media":"","overlay-type":"","overlay-color":"","overlay-opacity":"","overlay-gradient":""}},"ast-content-background-meta":{"desktop":{"background-color":"var(--ast-global-color-5)","background-image":"","background-repeat":"repeat","background-position":"center center","background-size":"auto","background-attachment":"scroll","background-type":"","background-media":"","overlay-type":"","overlay-color":"","overlay-opacity":"","overlay-gradient":""},"tablet":{"background-color":"var(--ast-global-color-5)","background-image":"","background-repeat":"repeat","background-position":"center center","background-size":"auto","background-attachment":"scroll","background-type":"","background-media":"","overlay-type":"","overlay-color":"","overlay-opacity":"","overlay-gradient":""},"mobile":{"background-color":"var(--ast-global-color-5)","background-image":"","background-repeat":"repeat","background-position":"center center","background-size":"auto","background-attachment":"scroll","background-type":"","background-media":"","overlay-type":"","overlay-color":"","overlay-opacity":"","overlay-gradient":""}}},"product_brand":[],"product_cat":[284],"product_tag":[289,463,442],"class_list":{"0":"post-1442","1":"product","2":"type-product","3":"status-publish","4":"has-post-thumbnail","6":"product_cat-suplementos-alimentares","7":"product_tag-creatinas","8":"product_tag-fitness","9":"product_tag-suplementos","10":"desktop-align-center","11":"tablet-align-left","12":"mobile-align-center","14":"first","15":"instock","16":"sale","17":"shipping-taxable","18":"product-type-external"},"uagb_featured_image_src":{"full":["https:\/\/promocaododia.com.br\/site\/wp-content\/uploads\/2022\/12\/Creatina-Pura-300g-Probiotica-PROBIOTICA.jpg",600,600,false],"thumbnail":["https:\/\/promocaododia.com.br\/site\/wp-content\/uploads\/2022\/12\/Creatina-Pura-300g-Probiotica-PROBIOTICA-150x150.jpg",150,150,true],"medium":["https:\/\/promocaododia.com.br\/site\/wp-content\/uploads\/2022\/12\/Creatina-Pura-300g-Probiotica-PROBIOTICA-300x300.jpg",300,300,true],"medium_large":["https:\/\/promocaododia.com.br\/site\/wp-content\/uploads\/2022\/12\/Creatina-Pura-300g-Probiotica-PROBIOTICA.jpg",600,600,false],"large":["https:\/\/promocaododia.com.br\/site\/wp-content\/uploads\/2022\/12\/Creatina-Pura-300g-Probiotica-PROBIOTICA.jpg",600,600,false],"1536x1536":["https:\/\/promocaododia.com.br\/site\/wp-content\/uploads\/2022\/12\/Creatina-Pura-300g-Probiotica-PROBIOTICA.jpg",600,600,false],"2048x2048":["https:\/\/promocaododia.com.br\/site\/wp-content\/uploads\/2022\/12\/Creatina-Pura-300g-Probiotica-PROBIOTICA.jpg",600,600,false],"woocommerce_thumbnail":["https:\/\/promocaododia.com.br\/site\/wp-content\/uploads\/2022\/12\/Creatina-Pura-300g-Probiotica-PROBIOTICA-250x250.jpg",250,250,true],"woocommerce_single":["https:\/\/promocaododia.com.br\/site\/wp-content\/uploads\/2022\/12\/Creatina-Pura-300g-Probiotica-PROBIOTICA-250x250.jpg",250,250,true],"woocommerce_gallery_thumbnail":["https:\/\/promocaododia.com.br\/site\/wp-content\/uploads\/2022\/12\/Creatina-Pura-300g-Probiotica-PROBIOTICA-100x100.jpg",100,100,true]},"uagb_author_info":{"display_name":"danilo.gbr","author_link":"https:\/\/promocaododia.com.br\/site\/author\/"},"uagb_comment_info":0,"uagb_excerpt":"A Creatina Pura Mono-hidratada Probi\u00f3tica 300g, sem sabor, Gluten Free auxilia no aumento do desempenho f\u00edsico durante exerc\u00edcios repetidos de curta dura\u00e7\u00e3o e alta intensidade.Trata-se de um produto destinado a complementar os estoques end\u00f3genos de creatina, a por\u00e7\u00e3o cont\u00e9m 3g de creatina e n\u00e3o cont\u00e9m lactose. Sua a\u00e7\u00e3o no organismo auxilia no aumento de energia&hellip;","_links":{"self":[{"href":"https:\/\/promocaododia.com.br\/site\/wp-json\/wp\/v2\/product\/1442","targetHints":{"allow":["GET"]}}],"collection":[{"href":"https:\/\/promocaododia.com.br\/site\/wp-json\/wp\/v2\/product"}],"about":[{"href":"https:\/\/promocaododia.com.br\/site\/wp-json\/wp\/v2\/types\/product"}],"wp:featuredmedia":[{"embeddable":true,"href":"https:\/\/promocaododia.com.br\/site\/wp-json\/wp\/v2\/media\/1443"}],"wp:attachment":[{"href":"https:\/\/promocaododia.com.br\/site\/wp-json\/wp\/v2\/media?parent=1442"}],"wp:term":[{"taxonomy":"product_brand","embeddable":true,"href":"https:\/\/promocaododia.com.br\/site\/wp-json\/wp\/v2\/product_brand?post=1442"},{"taxonomy":"product_cat","embeddable":true,"href":"https:\/\/promocaododia.com.br\/site\/wp-json\/wp\/v2\/product_cat?post=1442"},{"taxonomy":"product_tag","embeddable":true,"href":"https:\/\/promocaododia.com.br\/site\/wp-json\/wp\/v2\/product_tag?post=1442"}],"curies":[{"name":"wp","href":"https:\/\/api.w.org\/{rel}","templated":true}]}}