{"id":1448,"date":"2022-12-13T19:45:13","date_gmt":"2022-12-13T22:45:13","guid":{"rendered":"https:\/\/promocaododia.com.br\/site\/?post_type=product&#038;p=1448"},"modified":"2022-12-13T19:45:13","modified_gmt":"2022-12-13T22:45:13","slug":"kit-invigo-brilliance-shampoo-condicionador-e-mascara-wella-professionals","status":"publish","type":"product","link":"https:\/\/promocaododia.com.br\/site\/produto\/kit-invigo-brilliance-shampoo-condicionador-e-mascara-wella-professionals\/","title":{"rendered":"Kit Invigo Brilliance Shampoo, Condicionador e M\u00e1scara &#8211; Wella Professionals"},"content":{"rendered":"<p>Kit Invigo Color Brilliance \u2013 Wella Professionals<\/p>\n<p>Este Kit Cont\u00e9m:<br \/>\n1 &#8211; Shampoo Invigo Color Brilliance 250ml &#8211; Wella Professionals<br \/>\n1 &#8211; Condicionador Invigo Color Brilliance 200ml &#8211; Wella Professionals<br \/>\n1 &#8211; M\u00e1scara Condicionadora Invigo Color Brilliance 150ml &#8211; Wella Professionals<\/p>\n<p>Apresenta\u00e7\u00e3o da Linha Invigo Color Brilliance &#8211; Wella Professionals<br \/>\nA linha Color Brilliance \u00e9 uma combina\u00e7\u00e3o poderosa de novos ingredientes para manter a cor vibrante e dar mais brilhos aos fios. As mol\u00e9culas encapsuladoras de cobre mant\u00e9m a vitalidade. A histidina e a vitamina E ajudam a controlar o processo de oxida\u00e7\u00e3o ap\u00f3s a colora\u00e7\u00e3o e a proteger a cor (Tecnologia de Escudo Antioxidante). O Caviar de Lima \u00e9 conhecido pela variedade de antioxidades e vitaminas que o comp\u00f5em.<\/p>\n<p>Shampoo Invigo Color Brilliance 250ml &#8211; Wella Professionals<br \/>\nShampoo com pH otimizado para uma prote\u00e7\u00e3o duradoura da cor. Cont\u00e9m uma poderosa combina\u00e7\u00e3o de novos ingredientes para manter a vibra\u00e7\u00e3o da cor e proteger o cabelo colorido.<br \/>\nModo de usar: Aplicar com os cabelos molhados. Massagear suavemente at\u00e9 fazer espuma. Em seguida Enxague. Repita se necess\u00e1rio.<\/p>\n<p>Condicionador Invigo Color Brilliance 200ml &#8211; Wella Professionals<br \/>\nPromove um tratamento intenso para melhorar a superf\u00edcie do fio e aumentar o brilho da cor. A Histidina e a Vitamina E ajudam a controlar o processo oxida\u00e7\u00e3o ap\u00f3s o processo de colora\u00e7\u00e3o e ajudam a proteger a cor (Anti-Oxidant Shield Technology). O caviar de lima \u00e9 conhecido por conter v\u00e1rias vitaminas e antioxidantes.<br \/>\nModo de usar: Aplicar no cabelo limpo e \u00famido suavemente e espalhar mecha a mecha. Emulsionar. Enxagua abundantemente.<\/p>\n<p>M\u00e1scara Condicionadora Invigo Color Brilliance 150ml &#8211; Wella Professionals<br \/>\nPromove um tratamento intenso para melhorar a superf\u00edcie do fio e aumentar o brilho da cor. Cont\u00e9m uma poderosa combina\u00e7\u00e3o de novos ingredientes para manter a vibra\u00e7\u00e3o da cor e proteger o cabelo colorido.<br \/>\nModo de usar: Ap\u00f3s lavar os cabelos com o shampoo Brilliance. Aplicar uma quantidade pequena da mascara nos cabelos \u00famidos, massageando mecha a mecha. Deixe agir de 3 a 5 minutos. Emulsione. Enxague abundantemente. Finalize como desejar.<\/p>\n","protected":false},"excerpt":{"rendered":"<p>Kit Invigo Color Brilliance \u2013 Wella Professionals Este Kit Cont\u00e9m: 1 &#8211; Shampoo Invigo Color Brilliance 250ml &#8211; Wella Professionals 1 &#8211; Condicionador Invigo Color Brilliance 200ml &#8211; Wella Professionals 1 &#8211; M\u00e1scara Condicionadora Invigo Color Brilliance 150ml &#8211; Wella Professionals Apresenta\u00e7\u00e3o da Linha Invigo Color Brilliance &#8211; Wella Professionals A linha Color Brilliance \u00e9 uma combina\u00e7\u00e3o poderosa de novos ingredientes para manter a cor vibrante e dar mais brilhos aos fios. As mol\u00e9culas encapsuladoras de cobre mant\u00e9m a vitalidade. A histidina e a vitamina E ajudam a controlar o processo de oxida\u00e7\u00e3o ap\u00f3s a colora\u00e7\u00e3o e a proteger a cor (Tecnologia de Escudo Antioxidante). O Caviar de Lima \u00e9 conhecido pela variedade de antioxidades e vitaminas que o comp\u00f5em. Shampoo Invigo Color Brilliance 250ml &#8211; Wella Professionals Shampoo com pH otimizado para uma prote\u00e7\u00e3o duradoura da cor. Cont\u00e9m uma poderosa combina\u00e7\u00e3o de novos ingredientes para manter a vibra\u00e7\u00e3o da cor e proteger o cabelo colorido. Modo de usar: Aplicar com os cabelos molhados. Massagear suavemente at\u00e9 fazer espuma. Em seguida Enxague. Repita se necess\u00e1rio. Condicionador Invigo Color Brilliance 200ml &#8211; Wella Professionals Promove um tratamento intenso para melhorar a superf\u00edcie do fio e aumentar o brilho da cor. A Histidina e a Vitamina E ajudam a controlar o processo oxida\u00e7\u00e3o ap\u00f3s o processo de colora\u00e7\u00e3o e ajudam a proteger a cor (Anti-Oxidant Shield Technology). O caviar de lima \u00e9 conhecido por conter v\u00e1rias vitaminas e antioxidantes. Modo de usar: Aplicar no cabelo limpo e \u00famido suavemente e espalhar mecha a mecha. Emulsionar. Enxagua abundantemente. M\u00e1scara Condicionadora Invigo Color Brilliance 150ml &#8211; Wella Professionals Promove um tratamento intenso para melhorar a superf\u00edcie do fio e aumentar o brilho da cor. Cont\u00e9m uma poderosa combina\u00e7\u00e3o de novos ingredientes para manter a vibra\u00e7\u00e3o da cor e proteger o cabelo colorido. Modo de usar: Ap\u00f3s lavar os cabelos com o shampoo Brilliance. Aplicar uma quantidade pequena da mascara nos cabelos \u00famidos, massageando mecha a mecha. Deixe agir de 3 a 5 minutos. Emulsione. Enxague abundantemente. Finalize como desejar.<\/p>\n","protected":false},"featured_media":1449,"template":"","meta":{"_uag_custom_page_level_css":"","site-sidebar-layout":"default","site-content-layout":"default","ast-site-content-layout":"default","site-content-style":"default","site-sidebar-style":"default","ast-global-header-display":"","ast-banner-title-visibility":"","ast-main-header-display":"","ast-hfb-above-header-display":"","ast-hfb-below-header-display":"","ast-hfb-mobile-header-display":"","site-post-title":"","ast-breadcrumbs-content":"","ast-featured-img":"","footer-sml-layout":"","theme-transparent-header-meta":"default","adv-header-id-meta":"","stick-header-meta":"","header-above-stick-meta":"","header-main-stick-meta":"","header-below-stick-meta":"","astra-migrate-meta-layouts":"default","ast-page-background-enabled":"default","ast-page-background-meta":{"desktop":{"background-color":"","background-image":"","background-repeat":"repeat","background-position":"center center","background-size":"auto","background-attachment":"scroll","background-type":"","background-media":"","overlay-type":"","overlay-color":"","overlay-opacity":"","overlay-gradient":""},"tablet":{"background-color":"","background-image":"","background-repeat":"repeat","background-position":"center center","background-size":"auto","background-attachment":"scroll","background-type":"","background-media":"","overlay-type":"","overlay-color":"","overlay-opacity":"","overlay-gradient":""},"mobile":{"background-color":"","background-image":"","background-repeat":"repeat","background-position":"center center","background-size":"auto","background-attachment":"scroll","background-type":"","background-media":"","overlay-type":"","overlay-color":"","overlay-opacity":"","overlay-gradient":""}},"ast-content-background-meta":{"desktop":{"background-color":"var(--ast-global-color-5)","background-image":"","background-repeat":"repeat","background-position":"center center","background-size":"auto","background-attachment":"scroll","background-type":"","background-media":"","overlay-type":"","overlay-color":"","overlay-opacity":"","overlay-gradient":""},"tablet":{"background-color":"var(--ast-global-color-5)","background-image":"","background-repeat":"repeat","background-position":"center center","background-size":"auto","background-attachment":"scroll","background-type":"","background-media":"","overlay-type":"","overlay-color":"","overlay-opacity":"","overlay-gradient":""},"mobile":{"background-color":"var(--ast-global-color-5)","background-image":"","background-repeat":"repeat","background-position":"center center","background-size":"auto","background-attachment":"scroll","background-type":"","background-media":"","overlay-type":"","overlay-color":"","overlay-opacity":"","overlay-gradient":""}}},"product_brand":[],"product_cat":[33,536,144],"product_tag":[147,119,149,146],"class_list":{"0":"post-1448","1":"product","2":"type-product","3":"status-publish","4":"has-post-thumbnail","6":"product_cat-beleza-e-perfumaria","7":"product_cat-cuidados","8":"product_cat-higiene-pessoal","9":"product_tag-condicionador","10":"product_tag-kit","11":"product_tag-mascara","12":"product_tag-shampoo","13":"desktop-align-center","14":"tablet-align-left","15":"mobile-align-center","17":"first","18":"instock","19":"sale","20":"shipping-taxable","21":"product-type-external"},"uagb_featured_image_src":{"full":["https:\/\/promocaododia.com.br\/site\/wp-content\/uploads\/2022\/12\/Kit-Invigo-Brilliance-Shampoo-Condicionador-e-Mascara-Wella-Professionals.jpg",600,600,false],"thumbnail":["https:\/\/promocaododia.com.br\/site\/wp-content\/uploads\/2022\/12\/Kit-Invigo-Brilliance-Shampoo-Condicionador-e-Mascara-Wella-Professionals-150x150.jpg",150,150,true],"medium":["https:\/\/promocaododia.com.br\/site\/wp-content\/uploads\/2022\/12\/Kit-Invigo-Brilliance-Shampoo-Condicionador-e-Mascara-Wella-Professionals-300x300.jpg",300,300,true],"medium_large":["https:\/\/promocaododia.com.br\/site\/wp-content\/uploads\/2022\/12\/Kit-Invigo-Brilliance-Shampoo-Condicionador-e-Mascara-Wella-Professionals.jpg",600,600,false],"large":["https:\/\/promocaododia.com.br\/site\/wp-content\/uploads\/2022\/12\/Kit-Invigo-Brilliance-Shampoo-Condicionador-e-Mascara-Wella-Professionals.jpg",600,600,false],"1536x1536":["https:\/\/promocaododia.com.br\/site\/wp-content\/uploads\/2022\/12\/Kit-Invigo-Brilliance-Shampoo-Condicionador-e-Mascara-Wella-Professionals.jpg",600,600,false],"2048x2048":["https:\/\/promocaododia.com.br\/site\/wp-content\/uploads\/2022\/12\/Kit-Invigo-Brilliance-Shampoo-Condicionador-e-Mascara-Wella-Professionals.jpg",600,600,false],"woocommerce_thumbnail":["https:\/\/promocaododia.com.br\/site\/wp-content\/uploads\/2022\/12\/Kit-Invigo-Brilliance-Shampoo-Condicionador-e-Mascara-Wella-Professionals-250x250.jpg",250,250,true],"woocommerce_single":["https:\/\/promocaododia.com.br\/site\/wp-content\/uploads\/2022\/12\/Kit-Invigo-Brilliance-Shampoo-Condicionador-e-Mascara-Wella-Professionals-250x250.jpg",250,250,true],"woocommerce_gallery_thumbnail":["https:\/\/promocaododia.com.br\/site\/wp-content\/uploads\/2022\/12\/Kit-Invigo-Brilliance-Shampoo-Condicionador-e-Mascara-Wella-Professionals-100x100.jpg",100,100,true]},"uagb_author_info":{"display_name":"danilo.gbr","author_link":"https:\/\/promocaododia.com.br\/site\/author\/"},"uagb_comment_info":0,"uagb_excerpt":"Kit Invigo Color Brilliance \u2013 Wella Professionals Este Kit Cont\u00e9m: 1 &#8211; Shampoo Invigo Color Brilliance 250ml &#8211; Wella Professionals 1 &#8211; Condicionador Invigo Color Brilliance 200ml &#8211; Wella Professionals 1 &#8211; M\u00e1scara Condicionadora Invigo Color Brilliance 150ml &#8211; Wella Professionals Apresenta\u00e7\u00e3o da Linha Invigo Color Brilliance &#8211; Wella Professionals A linha Color Brilliance \u00e9&hellip;","_links":{"self":[{"href":"https:\/\/promocaododia.com.br\/site\/wp-json\/wp\/v2\/product\/1448","targetHints":{"allow":["GET"]}}],"collection":[{"href":"https:\/\/promocaododia.com.br\/site\/wp-json\/wp\/v2\/product"}],"about":[{"href":"https:\/\/promocaododia.com.br\/site\/wp-json\/wp\/v2\/types\/product"}],"wp:featuredmedia":[{"embeddable":true,"href":"https:\/\/promocaododia.com.br\/site\/wp-json\/wp\/v2\/media\/1449"}],"wp:attachment":[{"href":"https:\/\/promocaododia.com.br\/site\/wp-json\/wp\/v2\/media?parent=1448"}],"wp:term":[{"taxonomy":"product_brand","embeddable":true,"href":"https:\/\/promocaododia.com.br\/site\/wp-json\/wp\/v2\/product_brand?post=1448"},{"taxonomy":"product_cat","embeddable":true,"href":"https:\/\/promocaododia.com.br\/site\/wp-json\/wp\/v2\/product_cat?post=1448"},{"taxonomy":"product_tag","embeddable":true,"href":"https:\/\/promocaododia.com.br\/site\/wp-json\/wp\/v2\/product_tag?post=1448"}],"curies":[{"name":"wp","href":"https:\/\/api.w.org\/{rel}","templated":true}]}}