{"id":1458,"date":"2022-12-19T20:08:36","date_gmt":"2022-12-19T23:08:36","guid":{"rendered":"https:\/\/promocaododia.com.br\/site\/?post_type=product&#038;p=1458"},"modified":"2022-12-19T20:08:36","modified_gmt":"2022-12-19T23:08:36","slug":"caixa-termica-floripa-15-litros-preto","status":"publish","type":"product","link":"https:\/\/promocaododia.com.br\/site\/produto\/caixa-termica-floripa-15-litros-preto\/","title":{"rendered":"Caixa T\u00e9rmica Floripa 15 Litros Preto"},"content":{"rendered":"<p>Caixa T\u00e9rmica Floripa 15 Litros Preto<\/p>\n<p>A Caixa T\u00e9rmica Floripa 15 Litros Preto \u00e9 ideal para manter bebidas e alimentos gelados, \u00f3timo para voc\u00ea levar para passeios, praias e festas sem se preocupar com bebidas quentes. A Caixa T\u00e9rmica Floripa 15 Litros possui um designer inovador a sua tampa cont\u00e9m porta copos, apresenta conserva\u00e7\u00e3o t\u00e9rmica diferenciada atrav\u00e9s do Sistema Air Flow, que permite a circula\u00e7\u00e3o de ar pela base, assim trazendo uma melhor performance na conserva\u00e7\u00e3o t\u00e9rmica.<\/p>\n<p>Especifica\u00e7\u00f5es do Produto<\/p>\n<p>Cor: Preto<\/p>\n<p>Tamanho: 15 Litros<\/p>\n<p>Material: Pl\u00e1stico<\/p>\n","protected":false},"excerpt":{"rendered":"<p>Caixa T\u00e9rmica Floripa 15 Litros Preto A Caixa T\u00e9rmica Floripa 15 Litros Preto \u00e9 ideal para manter bebidas e alimentos gelados, \u00f3timo para voc\u00ea levar para passeios, praias e festas sem se preocupar com bebidas quentes. A Caixa T\u00e9rmica Floripa 15 Litros possui um designer inovador a sua tampa cont\u00e9m porta copos, apresenta conserva\u00e7\u00e3o t\u00e9rmica diferenciada atrav\u00e9s do Sistema Air Flow, que permite a circula\u00e7\u00e3o de ar pela base, assim trazendo uma melhor performance na conserva\u00e7\u00e3o t\u00e9rmica. Especifica\u00e7\u00f5es do Produto Cor: Preto Tamanho: 15 Litros Material: Pl\u00e1stico<\/p>\n","protected":false},"featured_media":1457,"template":"","meta":{"_uag_custom_page_level_css":"","site-sidebar-layout":"default","site-content-layout":"default","ast-site-content-layout":"default","site-content-style":"default","site-sidebar-style":"default","ast-global-header-display":"","ast-banner-title-visibility":"","ast-main-header-display":"","ast-hfb-above-header-display":"","ast-hfb-below-header-display":"","ast-hfb-mobile-header-display":"","site-post-title":"","ast-breadcrumbs-content":"","ast-featured-img":"","footer-sml-layout":"","theme-transparent-header-meta":"default","adv-header-id-meta":"","stick-header-meta":"","header-above-stick-meta":"","header-main-stick-meta":"","header-below-stick-meta":"","astra-migrate-meta-layouts":"default","ast-page-background-enabled":"default","ast-page-background-meta":{"desktop":{"background-color":"","background-image":"","background-repeat":"repeat","background-position":"center center","background-size":"auto","background-attachment":"scroll","background-type":"","background-media":"","overlay-type":"","overlay-color":"","overlay-opacity":"","overlay-gradient":""},"tablet":{"background-color":"","background-image":"","background-repeat":"repeat","background-position":"center center","background-size":"auto","background-attachment":"scroll","background-type":"","background-media":"","overlay-type":"","overlay-color":"","overlay-opacity":"","overlay-gradient":""},"mobile":{"background-color":"","background-image":"","background-repeat":"repeat","background-position":"center center","background-size":"auto","background-attachment":"scroll","background-type":"","background-media":"","overlay-type":"","overlay-color":"","overlay-opacity":"","overlay-gradient":""}},"ast-content-background-meta":{"desktop":{"background-color":"var(--ast-global-color-5)","background-image":"","background-repeat":"repeat","background-position":"center center","background-size":"auto","background-attachment":"scroll","background-type":"","background-media":"","overlay-type":"","overlay-color":"","overlay-opacity":"","overlay-gradient":""},"tablet":{"background-color":"var(--ast-global-color-5)","background-image":"","background-repeat":"repeat","background-position":"center center","background-size":"auto","background-attachment":"scroll","background-type":"","background-media":"","overlay-type":"","overlay-color":"","overlay-opacity":"","overlay-gradient":""},"mobile":{"background-color":"var(--ast-global-color-5)","background-image":"","background-repeat":"repeat","background-position":"center center","background-size":"auto","background-attachment":"scroll","background-type":"","background-media":"","overlay-type":"","overlay-color":"","overlay-opacity":"","overlay-gradient":""}}},"product_brand":[],"product_cat":[51],"product_tag":[576,577],"class_list":{"0":"post-1458","1":"product","2":"type-product","3":"status-publish","4":"has-post-thumbnail","6":"product_cat-esporte-e-lazer","7":"product_tag-caixa-termica","8":"product_tag-cooler","9":"desktop-align-center","10":"tablet-align-left","11":"mobile-align-center","13":"first","14":"instock","15":"sale","16":"shipping-taxable","17":"product-type-external"},"uagb_featured_image_src":{"full":["https:\/\/promocaododia.com.br\/site\/wp-content\/uploads\/2022\/12\/Caixa-Termica-Floripa-15-Litros-Preto.jpg",600,600,false],"thumbnail":["https:\/\/promocaododia.com.br\/site\/wp-content\/uploads\/2022\/12\/Caixa-Termica-Floripa-15-Litros-Preto-150x150.jpg",150,150,true],"medium":["https:\/\/promocaododia.com.br\/site\/wp-content\/uploads\/2022\/12\/Caixa-Termica-Floripa-15-Litros-Preto-300x300.jpg",300,300,true],"medium_large":["https:\/\/promocaododia.com.br\/site\/wp-content\/uploads\/2022\/12\/Caixa-Termica-Floripa-15-Litros-Preto.jpg",600,600,false],"large":["https:\/\/promocaododia.com.br\/site\/wp-content\/uploads\/2022\/12\/Caixa-Termica-Floripa-15-Litros-Preto.jpg",600,600,false],"1536x1536":["https:\/\/promocaododia.com.br\/site\/wp-content\/uploads\/2022\/12\/Caixa-Termica-Floripa-15-Litros-Preto.jpg",600,600,false],"2048x2048":["https:\/\/promocaododia.com.br\/site\/wp-content\/uploads\/2022\/12\/Caixa-Termica-Floripa-15-Litros-Preto.jpg",600,600,false],"woocommerce_thumbnail":["https:\/\/promocaododia.com.br\/site\/wp-content\/uploads\/2022\/12\/Caixa-Termica-Floripa-15-Litros-Preto-250x250.jpg",250,250,true],"woocommerce_single":["https:\/\/promocaododia.com.br\/site\/wp-content\/uploads\/2022\/12\/Caixa-Termica-Floripa-15-Litros-Preto-250x250.jpg",250,250,true],"woocommerce_gallery_thumbnail":["https:\/\/promocaododia.com.br\/site\/wp-content\/uploads\/2022\/12\/Caixa-Termica-Floripa-15-Litros-Preto-100x100.jpg",100,100,true]},"uagb_author_info":{"display_name":"danilo.gbr","author_link":"https:\/\/promocaododia.com.br\/site\/author\/"},"uagb_comment_info":0,"uagb_excerpt":"Caixa T\u00e9rmica Floripa 15 Litros Preto A Caixa T\u00e9rmica Floripa 15 Litros Preto \u00e9 ideal para manter bebidas e alimentos gelados, \u00f3timo para voc\u00ea levar para passeios, praias e festas sem se preocupar com bebidas quentes. A Caixa T\u00e9rmica Floripa 15 Litros possui um designer inovador a sua tampa cont\u00e9m porta copos, apresenta conserva\u00e7\u00e3o t\u00e9rmica&hellip;","_links":{"self":[{"href":"https:\/\/promocaododia.com.br\/site\/wp-json\/wp\/v2\/product\/1458","targetHints":{"allow":["GET"]}}],"collection":[{"href":"https:\/\/promocaododia.com.br\/site\/wp-json\/wp\/v2\/product"}],"about":[{"href":"https:\/\/promocaododia.com.br\/site\/wp-json\/wp\/v2\/types\/product"}],"wp:featuredmedia":[{"embeddable":true,"href":"https:\/\/promocaododia.com.br\/site\/wp-json\/wp\/v2\/media\/1457"}],"wp:attachment":[{"href":"https:\/\/promocaododia.com.br\/site\/wp-json\/wp\/v2\/media?parent=1458"}],"wp:term":[{"taxonomy":"product_brand","embeddable":true,"href":"https:\/\/promocaododia.com.br\/site\/wp-json\/wp\/v2\/product_brand?post=1458"},{"taxonomy":"product_cat","embeddable":true,"href":"https:\/\/promocaododia.com.br\/site\/wp-json\/wp\/v2\/product_cat?post=1458"},{"taxonomy":"product_tag","embeddable":true,"href":"https:\/\/promocaododia.com.br\/site\/wp-json\/wp\/v2\/product_tag?post=1458"}],"curies":[{"name":"wp","href":"https:\/\/api.w.org\/{rel}","templated":true}]}}