{"id":1472,"date":"2022-12-19T20:47:47","date_gmt":"2022-12-19T23:47:47","guid":{"rendered":"https:\/\/promocaododia.com.br\/site\/?post_type=product&#038;p=1472"},"modified":"2022-12-19T20:47:47","modified_gmt":"2022-12-19T23:47:47","slug":"notebook-lenovo-ideapad-3i-intel-core-i5-1135g7-8gb-intel-iris-xe-256gb-ssd-w11-156-prata","status":"publish","type":"product","link":"https:\/\/promocaododia.com.br\/site\/produto\/notebook-lenovo-ideapad-3i-intel-core-i5-1135g7-8gb-intel-iris-xe-256gb-ssd-w11-156-prata\/","title":{"rendered":"Notebook Lenovo Ideapad 3i Intel Core i5-1135G7 8GB (Intel Iris Xe) 256GB SSD W11 15,6&#8243; Prata"},"content":{"rendered":"<p>Com o design sofisticado, o Notebook Lenovo Ideapad 3i Intel Core i5-1135G7 far\u00e1 a diferen\u00e7a na sua rotina de estudo, entretenimento ou trabalho. Com processador Intel Core i5-1135G7, conta com tela antirreflexo de 15,6&#8243; FHD que traz uma imagem e ainda conforto visual para realizar as atividades.<\/p>\n<p>&nbsp;<\/p>\n<p>Possui bateria de longa dura\u00e7\u00e3o e teclado n\u00famero para facilitar a digita\u00e7\u00e3o. Al\u00e9m disso, possui c\u00e2mera webcam com c\u00e2mera HD de 720p, dessa forma, voc\u00ea poder\u00e1 fazer videochamadas com tranquilidade<\/p>\n<p>&nbsp;<\/p>\n<p><strong>Imagens meramente ilustrativas.<\/strong><\/p>\n<p><strong>Todas as informa\u00e7\u00f5es divulgadas s\u00e3o de responsabilidade do Fabricante\/Fornecedor.<\/strong><\/p>\n<p><strong>Verifique com os fabricantes do produto e de seus componentes eventuais limita\u00e7\u00f5es \u00e0 utiliza\u00e7\u00e3o de todos os recursos e funcionalidades.<\/strong><\/p>\n","protected":false},"excerpt":{"rendered":"<p>Com o design sofisticado, o Notebook Lenovo Ideapad 3i Intel Core i5-1135G7 far\u00e1 a diferen\u00e7a na sua rotina de estudo, entretenimento ou trabalho. Com processador Intel Core i5-1135G7, conta com tela antirreflexo de 15,6&#8243; FHD que traz uma imagem e ainda conforto visual para realizar as atividades. &nbsp; Possui bateria de longa dura\u00e7\u00e3o e teclado n\u00famero para facilitar a digita\u00e7\u00e3o. Al\u00e9m disso, possui c\u00e2mera webcam com c\u00e2mera HD de 720p, dessa forma, voc\u00ea poder\u00e1 fazer videochamadas com tranquilidade &nbsp; Imagens meramente ilustrativas. Todas as informa\u00e7\u00f5es divulgadas s\u00e3o de responsabilidade do Fabricante\/Fornecedor. Verifique com os fabricantes do produto e de seus componentes eventuais limita\u00e7\u00f5es \u00e0 utiliza\u00e7\u00e3o de todos os recursos e funcionalidades.<\/p>\n","protected":false},"featured_media":1473,"template":"","meta":{"_uag_custom_page_level_css":"","site-sidebar-layout":"default","site-content-layout":"default","ast-site-content-layout":"default","site-content-style":"default","site-sidebar-style":"default","ast-global-header-display":"","ast-banner-title-visibility":"","ast-main-header-display":"","ast-hfb-above-header-display":"","ast-hfb-below-header-display":"","ast-hfb-mobile-header-display":"","site-post-title":"","ast-breadcrumbs-content":"","ast-featured-img":"","footer-sml-layout":"","theme-transparent-header-meta":"default","adv-header-id-meta":"","stick-header-meta":"","header-above-stick-meta":"","header-main-stick-meta":"","header-below-stick-meta":"","astra-migrate-meta-layouts":"default","ast-page-background-enabled":"default","ast-page-background-meta":{"desktop":{"background-color":"","background-image":"","background-repeat":"repeat","background-position":"center center","background-size":"auto","background-attachment":"scroll","background-type":"","background-media":"","overlay-type":"","overlay-color":"","overlay-opacity":"","overlay-gradient":""},"tablet":{"background-color":"","background-image":"","background-repeat":"repeat","background-position":"center center","background-size":"auto","background-attachment":"scroll","background-type":"","background-media":"","overlay-type":"","overlay-color":"","overlay-opacity":"","overlay-gradient":""},"mobile":{"background-color":"","background-image":"","background-repeat":"repeat","background-position":"center center","background-size":"auto","background-attachment":"scroll","background-type":"","background-media":"","overlay-type":"","overlay-color":"","overlay-opacity":"","overlay-gradient":""}},"ast-content-background-meta":{"desktop":{"background-color":"var(--ast-global-color-5)","background-image":"","background-repeat":"repeat","background-position":"center center","background-size":"auto","background-attachment":"scroll","background-type":"","background-media":"","overlay-type":"","overlay-color":"","overlay-opacity":"","overlay-gradient":""},"tablet":{"background-color":"var(--ast-global-color-5)","background-image":"","background-repeat":"repeat","background-position":"center center","background-size":"auto","background-attachment":"scroll","background-type":"","background-media":"","overlay-type":"","overlay-color":"","overlay-opacity":"","overlay-gradient":""},"mobile":{"background-color":"var(--ast-global-color-5)","background-image":"","background-repeat":"repeat","background-position":"center center","background-size":"auto","background-attachment":"scroll","background-type":"","background-media":"","overlay-type":"","overlay-color":"","overlay-opacity":"","overlay-gradient":""}}},"product_brand":[],"product_cat":[75,62],"product_tag":[239,403,316,160],"class_list":{"0":"post-1472","1":"product","2":"type-product","3":"status-publish","4":"has-post-thumbnail","6":"product_cat-informatica-e-acessorios","7":"product_cat-notebook","8":"product_tag-256gb-ssd","9":"product_tag-8gb-ram","10":"product_tag-core-i5","11":"product_tag-intel","12":"desktop-align-center","13":"tablet-align-left","14":"mobile-align-center","16":"first","17":"instock","18":"sale","19":"shipping-taxable","20":"product-type-external"},"uagb_featured_image_src":{"full":["https:\/\/promocaododia.com.br\/site\/wp-content\/uploads\/2022\/12\/Notebook-Lenovo-Ideapad-3i-Intel-Core-i5-1135G7-8GB-Intel-Iris-Xe-256GB-SSD-W11-156-Prata.jpg",600,600,false],"thumbnail":["https:\/\/promocaododia.com.br\/site\/wp-content\/uploads\/2022\/12\/Notebook-Lenovo-Ideapad-3i-Intel-Core-i5-1135G7-8GB-Intel-Iris-Xe-256GB-SSD-W11-156-Prata-150x150.jpg",150,150,true],"medium":["https:\/\/promocaododia.com.br\/site\/wp-content\/uploads\/2022\/12\/Notebook-Lenovo-Ideapad-3i-Intel-Core-i5-1135G7-8GB-Intel-Iris-Xe-256GB-SSD-W11-156-Prata-300x300.jpg",300,300,true],"medium_large":["https:\/\/promocaododia.com.br\/site\/wp-content\/uploads\/2022\/12\/Notebook-Lenovo-Ideapad-3i-Intel-Core-i5-1135G7-8GB-Intel-Iris-Xe-256GB-SSD-W11-156-Prata.jpg",600,600,false],"large":["https:\/\/promocaododia.com.br\/site\/wp-content\/uploads\/2022\/12\/Notebook-Lenovo-Ideapad-3i-Intel-Core-i5-1135G7-8GB-Intel-Iris-Xe-256GB-SSD-W11-156-Prata.jpg",600,600,false],"1536x1536":["https:\/\/promocaododia.com.br\/site\/wp-content\/uploads\/2022\/12\/Notebook-Lenovo-Ideapad-3i-Intel-Core-i5-1135G7-8GB-Intel-Iris-Xe-256GB-SSD-W11-156-Prata.jpg",600,600,false],"2048x2048":["https:\/\/promocaododia.com.br\/site\/wp-content\/uploads\/2022\/12\/Notebook-Lenovo-Ideapad-3i-Intel-Core-i5-1135G7-8GB-Intel-Iris-Xe-256GB-SSD-W11-156-Prata.jpg",600,600,false],"woocommerce_thumbnail":["https:\/\/promocaododia.com.br\/site\/wp-content\/uploads\/2022\/12\/Notebook-Lenovo-Ideapad-3i-Intel-Core-i5-1135G7-8GB-Intel-Iris-Xe-256GB-SSD-W11-156-Prata-250x250.jpg",250,250,true],"woocommerce_single":["https:\/\/promocaododia.com.br\/site\/wp-content\/uploads\/2022\/12\/Notebook-Lenovo-Ideapad-3i-Intel-Core-i5-1135G7-8GB-Intel-Iris-Xe-256GB-SSD-W11-156-Prata-250x250.jpg",250,250,true],"woocommerce_gallery_thumbnail":["https:\/\/promocaododia.com.br\/site\/wp-content\/uploads\/2022\/12\/Notebook-Lenovo-Ideapad-3i-Intel-Core-i5-1135G7-8GB-Intel-Iris-Xe-256GB-SSD-W11-156-Prata-100x100.jpg",100,100,true]},"uagb_author_info":{"display_name":"danilo.gbr","author_link":"https:\/\/promocaododia.com.br\/site\/author\/"},"uagb_comment_info":0,"uagb_excerpt":"Com o design sofisticado, o Notebook Lenovo Ideapad 3i Intel Core i5-1135G7 far\u00e1 a diferen\u00e7a na sua rotina de estudo, entretenimento ou trabalho. Com processador Intel Core i5-1135G7, conta com tela antirreflexo de 15,6&#8243; FHD que traz uma imagem e ainda conforto visual para realizar as atividades. &nbsp; Possui bateria de longa dura\u00e7\u00e3o e teclado&hellip;","_links":{"self":[{"href":"https:\/\/promocaododia.com.br\/site\/wp-json\/wp\/v2\/product\/1472","targetHints":{"allow":["GET"]}}],"collection":[{"href":"https:\/\/promocaododia.com.br\/site\/wp-json\/wp\/v2\/product"}],"about":[{"href":"https:\/\/promocaododia.com.br\/site\/wp-json\/wp\/v2\/types\/product"}],"wp:featuredmedia":[{"embeddable":true,"href":"https:\/\/promocaododia.com.br\/site\/wp-json\/wp\/v2\/media\/1473"}],"wp:attachment":[{"href":"https:\/\/promocaododia.com.br\/site\/wp-json\/wp\/v2\/media?parent=1472"}],"wp:term":[{"taxonomy":"product_brand","embeddable":true,"href":"https:\/\/promocaododia.com.br\/site\/wp-json\/wp\/v2\/product_brand?post=1472"},{"taxonomy":"product_cat","embeddable":true,"href":"https:\/\/promocaododia.com.br\/site\/wp-json\/wp\/v2\/product_cat?post=1472"},{"taxonomy":"product_tag","embeddable":true,"href":"https:\/\/promocaododia.com.br\/site\/wp-json\/wp\/v2\/product_tag?post=1472"}],"curies":[{"name":"wp","href":"https:\/\/api.w.org\/{rel}","templated":true}]}}