{"id":1474,"date":"2022-12-19T21:55:39","date_gmt":"2022-12-20T00:55:39","guid":{"rendered":"https:\/\/promocaododia.com.br\/site\/?post_type=product&#038;p=1474"},"modified":"2022-12-19T21:55:39","modified_gmt":"2022-12-20T00:55:39","slug":"notebook-ideapad-gaming-3i-i5-11300h-8gb-512gb-ssd-dedicada-gtx-1650-4gb-15-6-fhd-wva-linux-82mgs00200","status":"publish","type":"product","link":"https:\/\/promocaododia.com.br\/site\/produto\/notebook-ideapad-gaming-3i-i5-11300h-8gb-512gb-ssd-dedicada-gtx-1650-4gb-15-6-fhd-wva-linux-82mgs00200\/","title":{"rendered":"Notebook ideapad Gaming 3i i5-11300H 8GB 512GB SSD Dedicada GTX 1650 4GB 15.6&#8243; FHD WVA Linux 82MGS00200"},"content":{"rendered":"<table class=\"a-normal a-spacing-micro\">\n<tbody>\n<tr class=\"a-spacing-small po-brand\">\n<td class=\"a-span3\"><span class=\"a-size-base a-text-bold\">Marca<\/span><\/td>\n<td class=\"a-span9\"><span class=\"a-size-base\">Lenovo<\/span><\/td>\n<\/tr>\n<tr class=\"a-spacing-small po-model_name\">\n<td class=\"a-span3\"><span class=\"a-size-base a-text-bold\">S\u00e9rie<\/span><\/td>\n<td class=\"a-span9\"><span class=\"a-size-base\">Gaming 3i<\/span><\/td>\n<\/tr>\n<tr class=\"a-spacing-small po-display.size\">\n<td class=\"a-span3\"><span class=\"a-size-base a-text-bold\">Tamanho da tela<\/span><\/td>\n<td class=\"a-span9\"><span class=\"a-size-base\">15<\/span><\/td>\n<\/tr>\n<tr class=\"a-spacing-small po-color\">\n<td class=\"a-span3\"><span class=\"a-size-base a-text-bold\">Cor<\/span><\/td>\n<td class=\"a-span9\"><span class=\"a-size-base\">Shadow Black<\/span><\/td>\n<\/tr>\n<tr class=\"a-spacing-small po-hard_disk.size\">\n<td class=\"a-span3\"><span class=\"a-size-base a-text-bold\">Tamanho do disco r\u00edgido<\/span><\/td>\n<td class=\"a-span9\"><span class=\"a-size-base\">512 GB<\/span><\/td>\n<\/tr>\n<tr class=\"a-spacing-small po-cpu_model.family\">\n<td class=\"a-span3\"><span class=\"a-size-base a-text-bold\">Modelo da CPU<\/span><\/td>\n<td class=\"a-span9\"><span class=\"a-size-base\">Intel Core i5<\/span><\/td>\n<\/tr>\n<tr class=\"a-spacing-small po-ram_memory.installed_size\">\n<td class=\"a-span3\"><span class=\"a-size-base a-text-bold\">Tamanho instalado da mem\u00f3ria RAM<\/span><\/td>\n<td class=\"a-span9\"><span class=\"a-size-base\">8 GB<\/span><\/td>\n<\/tr>\n<tr class=\"a-spacing-small po-operating_system\">\n<td class=\"a-span3\"><span class=\"a-size-base a-text-bold\">Sistema operacional<\/span><\/td>\n<td class=\"a-span9\"><span class=\"a-size-base\">Linux<\/span><\/td>\n<\/tr>\n<tr class=\"a-spacing-small po-special_feature\">\n<td class=\"a-span3\"><span class=\"a-size-base a-text-bold\">Caracter\u00edsticas especiais<\/span><\/td>\n<td class=\"a-span9\"><span class=\"a-size-base\">Teclado Num\u00e9rico<\/span><\/td>\n<\/tr>\n<tr class=\"a-spacing-small po-graphics_description\">\n<td class=\"a-span3\"><span class=\"a-size-base a-text-bold\">Descri\u00e7\u00e3o da placa de v\u00eddeo<\/span><\/td>\n<td class=\"a-span9\"><span class=\"a-size-base\">Dedicado<\/span><\/td>\n<\/tr>\n<\/tbody>\n<\/table>\n<ul class=\"a-unordered-list a-vertical a-spacing-mini\">\n<li><span class=\"a-list-item\">Novo design com 11\u00aa Gera\u00e7\u00e3o de Processadores Intel Core i5-11300H<\/span><\/li>\n<li><span class=\"a-list-item\">Placa de v\u00eddeo NVIDIA GeForce GTX 1650 4GB<\/span><\/li>\n<li><span class=\"a-list-item\">Com tela de 15.6&#8221; Full HD WVA Antirreflexo para melhor defini\u00e7\u00e3o de imagem e cores<\/span><\/li>\n<li><span class=\"a-list-item\">Silencioso e n\u00e3o esquenta: projetado com um sistema de resfriamento otimizado composto por 2 coolers e 4 sa\u00eddas de ar para suportar o alto desempenho do notebook<\/span><\/li>\n<\/ul>\n","protected":false},"excerpt":{"rendered":"<p>Marca Lenovo S\u00e9rie Gaming 3i Tamanho da tela 15 Cor Shadow Black Tamanho do disco r\u00edgido 512 GB Modelo da CPU Intel Core i5 Tamanho instalado da mem\u00f3ria RAM 8 GB Sistema operacional Linux Caracter\u00edsticas especiais Teclado Num\u00e9rico Descri\u00e7\u00e3o da placa de v\u00eddeo Dedicado Novo design com 11\u00aa Gera\u00e7\u00e3o de Processadores Intel Core i5-11300H Placa de v\u00eddeo NVIDIA GeForce GTX 1650 4GB Com tela de 15.6&#8221; Full HD WVA Antirreflexo para melhor defini\u00e7\u00e3o de imagem e cores Silencioso e n\u00e3o esquenta: projetado com um sistema de resfriamento otimizado composto por 2 coolers e 4 sa\u00eddas de ar para suportar o alto desempenho do notebook<\/p>\n","protected":false},"featured_media":1475,"template":"","meta":{"_uag_custom_page_level_css":"","site-sidebar-layout":"default","site-content-layout":"default","ast-site-content-layout":"default","site-content-style":"default","site-sidebar-style":"default","ast-global-header-display":"","ast-banner-title-visibility":"","ast-main-header-display":"","ast-hfb-above-header-display":"","ast-hfb-below-header-display":"","ast-hfb-mobile-header-display":"","site-post-title":"","ast-breadcrumbs-content":"","ast-featured-img":"","footer-sml-layout":"","theme-transparent-header-meta":"default","adv-header-id-meta":"","stick-header-meta":"","header-above-stick-meta":"","header-main-stick-meta":"","header-below-stick-meta":"","astra-migrate-meta-layouts":"default","ast-page-background-enabled":"default","ast-page-background-meta":{"desktop":{"background-color":"","background-image":"","background-repeat":"repeat","background-position":"center center","background-size":"auto","background-attachment":"scroll","background-type":"","background-media":"","overlay-type":"","overlay-color":"","overlay-opacity":"","overlay-gradient":""},"tablet":{"background-color":"","background-image":"","background-repeat":"repeat","background-position":"center center","background-size":"auto","background-attachment":"scroll","background-type":"","background-media":"","overlay-type":"","overlay-color":"","overlay-opacity":"","overlay-gradient":""},"mobile":{"background-color":"","background-image":"","background-repeat":"repeat","background-position":"center center","background-size":"auto","background-attachment":"scroll","background-type":"","background-media":"","overlay-type":"","overlay-color":"","overlay-opacity":"","overlay-gradient":""}},"ast-content-background-meta":{"desktop":{"background-color":"var(--ast-global-color-5)","background-image":"","background-repeat":"repeat","background-position":"center center","background-size":"auto","background-attachment":"scroll","background-type":"","background-media":"","overlay-type":"","overlay-color":"","overlay-opacity":"","overlay-gradient":""},"tablet":{"background-color":"var(--ast-global-color-5)","background-image":"","background-repeat":"repeat","background-position":"center center","background-size":"auto","background-attachment":"scroll","background-type":"","background-media":"","overlay-type":"","overlay-color":"","overlay-opacity":"","overlay-gradient":""},"mobile":{"background-color":"var(--ast-global-color-5)","background-image":"","background-repeat":"repeat","background-position":"center center","background-size":"auto","background-attachment":"scroll","background-type":"","background-media":"","overlay-type":"","overlay-color":"","overlay-opacity":"","overlay-gradient":""}}},"product_brand":[],"product_cat":[244,75,62],"product_tag":[319,316,81,317,318,315,160,314,321,82,353],"class_list":{"0":"post-1474","1":"product","2":"type-product","3":"status-publish","4":"has-post-thumbnail","6":"product_cat-games","7":"product_cat-informatica-e-acessorios","8":"product_cat-notebook","9":"product_tag-8g-ram","10":"product_tag-core-i5","11":"product_tag-gamer","12":"product_tag-geforce","13":"product_tag-gtx-1650","14":"product_tag-ideapad-gaming-3i","15":"product_tag-intel","16":"product_tag-lenovo","17":"product_tag-linux","18":"product_tag-notebook","19":"product_tag-ssd","20":"desktop-align-center","21":"tablet-align-left","22":"mobile-align-center","24":"first","25":"instock","26":"sale","27":"shipping-taxable","28":"product-type-external"},"uagb_featured_image_src":{"full":["https:\/\/promocaododia.com.br\/site\/wp-content\/uploads\/2022\/12\/Notebook-ideapad-Gaming-3i-i5-11300H-8GB-512GB-SSD-Dedicada-GTX-1650-4GB-15.6-FHD-WVA-Linux-82MGS00200.jpg",600,600,false],"thumbnail":["https:\/\/promocaododia.com.br\/site\/wp-content\/uploads\/2022\/12\/Notebook-ideapad-Gaming-3i-i5-11300H-8GB-512GB-SSD-Dedicada-GTX-1650-4GB-15.6-FHD-WVA-Linux-82MGS00200-150x150.jpg",150,150,true],"medium":["https:\/\/promocaododia.com.br\/site\/wp-content\/uploads\/2022\/12\/Notebook-ideapad-Gaming-3i-i5-11300H-8GB-512GB-SSD-Dedicada-GTX-1650-4GB-15.6-FHD-WVA-Linux-82MGS00200-300x300.jpg",300,300,true],"medium_large":["https:\/\/promocaododia.com.br\/site\/wp-content\/uploads\/2022\/12\/Notebook-ideapad-Gaming-3i-i5-11300H-8GB-512GB-SSD-Dedicada-GTX-1650-4GB-15.6-FHD-WVA-Linux-82MGS00200.jpg",600,600,false],"large":["https:\/\/promocaododia.com.br\/site\/wp-content\/uploads\/2022\/12\/Notebook-ideapad-Gaming-3i-i5-11300H-8GB-512GB-SSD-Dedicada-GTX-1650-4GB-15.6-FHD-WVA-Linux-82MGS00200.jpg",600,600,false],"1536x1536":["https:\/\/promocaododia.com.br\/site\/wp-content\/uploads\/2022\/12\/Notebook-ideapad-Gaming-3i-i5-11300H-8GB-512GB-SSD-Dedicada-GTX-1650-4GB-15.6-FHD-WVA-Linux-82MGS00200.jpg",600,600,false],"2048x2048":["https:\/\/promocaododia.com.br\/site\/wp-content\/uploads\/2022\/12\/Notebook-ideapad-Gaming-3i-i5-11300H-8GB-512GB-SSD-Dedicada-GTX-1650-4GB-15.6-FHD-WVA-Linux-82MGS00200.jpg",600,600,false],"woocommerce_thumbnail":["https:\/\/promocaododia.com.br\/site\/wp-content\/uploads\/2022\/12\/Notebook-ideapad-Gaming-3i-i5-11300H-8GB-512GB-SSD-Dedicada-GTX-1650-4GB-15.6-FHD-WVA-Linux-82MGS00200-250x250.jpg",250,250,true],"woocommerce_single":["https:\/\/promocaododia.com.br\/site\/wp-content\/uploads\/2022\/12\/Notebook-ideapad-Gaming-3i-i5-11300H-8GB-512GB-SSD-Dedicada-GTX-1650-4GB-15.6-FHD-WVA-Linux-82MGS00200-250x250.jpg",250,250,true],"woocommerce_gallery_thumbnail":["https:\/\/promocaododia.com.br\/site\/wp-content\/uploads\/2022\/12\/Notebook-ideapad-Gaming-3i-i5-11300H-8GB-512GB-SSD-Dedicada-GTX-1650-4GB-15.6-FHD-WVA-Linux-82MGS00200-100x100.jpg",100,100,true]},"uagb_author_info":{"display_name":"danilo.gbr","author_link":"https:\/\/promocaododia.com.br\/site\/author\/"},"uagb_comment_info":0,"uagb_excerpt":"Marca Lenovo S\u00e9rie Gaming 3i Tamanho da tela 15 Cor Shadow Black Tamanho do disco r\u00edgido 512 GB Modelo da CPU Intel Core i5 Tamanho instalado da mem\u00f3ria RAM 8 GB Sistema operacional Linux Caracter\u00edsticas especiais Teclado Num\u00e9rico Descri\u00e7\u00e3o da placa de v\u00eddeo Dedicado Novo design com 11\u00aa Gera\u00e7\u00e3o de Processadores Intel Core i5-11300H Placa&hellip;","_links":{"self":[{"href":"https:\/\/promocaododia.com.br\/site\/wp-json\/wp\/v2\/product\/1474","targetHints":{"allow":["GET"]}}],"collection":[{"href":"https:\/\/promocaododia.com.br\/site\/wp-json\/wp\/v2\/product"}],"about":[{"href":"https:\/\/promocaododia.com.br\/site\/wp-json\/wp\/v2\/types\/product"}],"wp:featuredmedia":[{"embeddable":true,"href":"https:\/\/promocaododia.com.br\/site\/wp-json\/wp\/v2\/media\/1475"}],"wp:attachment":[{"href":"https:\/\/promocaododia.com.br\/site\/wp-json\/wp\/v2\/media?parent=1474"}],"wp:term":[{"taxonomy":"product_brand","embeddable":true,"href":"https:\/\/promocaododia.com.br\/site\/wp-json\/wp\/v2\/product_brand?post=1474"},{"taxonomy":"product_cat","embeddable":true,"href":"https:\/\/promocaododia.com.br\/site\/wp-json\/wp\/v2\/product_cat?post=1474"},{"taxonomy":"product_tag","embeddable":true,"href":"https:\/\/promocaododia.com.br\/site\/wp-json\/wp\/v2\/product_tag?post=1474"}],"curies":[{"name":"wp","href":"https:\/\/api.w.org\/{rel}","templated":true}]}}