{"id":1481,"date":"2023-01-24T20:21:30","date_gmt":"2023-01-24T23:21:30","guid":{"rendered":"https:\/\/promocaododia.com.br\/site\/?post_type=product&#038;p=1481"},"modified":"2023-01-24T20:21:30","modified_gmt":"2023-01-24T23:21:30","slug":"notebook-asus-intel-core-i5-8gb-256gb-ssd-156-full-hd-windows-11-x515ja-ej1792w","status":"publish","type":"product","link":"https:\/\/promocaododia.com.br\/site\/produto\/notebook-asus-intel-core-i5-8gb-256gb-ssd-156-full-hd-windows-11-x515ja-ej1792w\/","title":{"rendered":"Notebook Asus Intel Core i5 8GB 256GB SSD 15,6\u201d &#8211; Full HD Windows 11 X515JA-EJ1792W"},"content":{"rendered":"<p>O Notebook Asus X515JA-EJ1792W foi projetado para quem procura produtividade, desempenho e versatilidade em um s\u00f3 produto. Execute todas as tarefas do seu dia a dia com velocidade e efici\u00eancia atrav\u00e9s da configura\u00e7\u00e3o poderosa que traz processador Intel Core i5 da 10\u00aa gera\u00e7\u00e3o, 8GB de mem\u00f3ria RAM e armazenamento com SSD de 256GB. Um dos maiores destaques desse notebook \u00e9 sua tela LED de 15,6&#8243; com resolu\u00e7\u00e3o HD que oferece cores vivas e imagens de alta qualidade. As bordas ultrafinas combinadas com o revestimento antirreflexo tornam a experi\u00eancia visual totalmente imersiva tanto para atividades de trabalho quanto para o lazer. O novo design apresenta um estilo moderno e compacto, al\u00e9m de pesar apenas 1,8kg, sendo ideal para levar aonde voc\u00ea for e aumentar sua produtividade. No interior existe uma estrutura de metal embaixo do teclado que fornece uma plataforma muito mais est\u00e1vel ao digitar e protege os componentes. Os lados da tampa tamb\u00e9m s\u00e3o refor\u00e7ados e funcionam como vigas de prote\u00e7\u00e3o contra impactos. A bateria oferece alta capacidade com carregamento r\u00e1pido, al\u00e9m de contar com recurso de monitoramento e prote\u00e7\u00e3o contra sobrecargas. Aproveite tamb\u00e9m todos os benef\u00edcios do sistema operacional Windows 11 Home.<\/p>\n","protected":false},"excerpt":{"rendered":"<p>O Notebook Asus X515JA-EJ1792W foi projetado para quem procura produtividade, desempenho e versatilidade em um s\u00f3 produto. Execute todas as tarefas do seu dia a dia com velocidade e efici\u00eancia atrav\u00e9s da configura\u00e7\u00e3o poderosa que traz processador Intel Core i5 da 10\u00aa gera\u00e7\u00e3o, 8GB de mem\u00f3ria RAM e armazenamento com SSD de 256GB. Um dos maiores destaques desse notebook \u00e9 sua tela LED de 15,6&#8243; com resolu\u00e7\u00e3o HD que oferece cores vivas e imagens de alta qualidade. As bordas ultrafinas combinadas com o revestimento antirreflexo tornam a experi\u00eancia visual totalmente imersiva tanto para atividades de trabalho quanto para o lazer. O novo design apresenta um estilo moderno e compacto, al\u00e9m de pesar apenas 1,8kg, sendo ideal para levar aonde voc\u00ea for e aumentar sua produtividade. No interior existe uma estrutura de metal embaixo do teclado que fornece uma plataforma muito mais est\u00e1vel ao digitar e protege os componentes. Os lados da tampa tamb\u00e9m s\u00e3o refor\u00e7ados e funcionam como vigas de prote\u00e7\u00e3o contra impactos. A bateria oferece alta capacidade com carregamento r\u00e1pido, al\u00e9m de contar com recurso de monitoramento e prote\u00e7\u00e3o contra sobrecargas. Aproveite tamb\u00e9m todos os benef\u00edcios do sistema operacional Windows 11 Home.<\/p>\n","protected":false},"featured_media":1482,"template":"","meta":{"_uag_custom_page_level_css":"","site-sidebar-layout":"default","site-content-layout":"default","ast-site-content-layout":"default","site-content-style":"default","site-sidebar-style":"default","ast-global-header-display":"","ast-banner-title-visibility":"","ast-main-header-display":"","ast-hfb-above-header-display":"","ast-hfb-below-header-display":"","ast-hfb-mobile-header-display":"","site-post-title":"","ast-breadcrumbs-content":"","ast-featured-img":"","footer-sml-layout":"","theme-transparent-header-meta":"default","adv-header-id-meta":"","stick-header-meta":"","header-above-stick-meta":"","header-main-stick-meta":"","header-below-stick-meta":"","astra-migrate-meta-layouts":"default","ast-page-background-enabled":"default","ast-page-background-meta":{"desktop":{"background-color":"","background-image":"","background-repeat":"repeat","background-position":"center center","background-size":"auto","background-attachment":"scroll","background-type":"","background-media":"","overlay-type":"","overlay-color":"","overlay-opacity":"","overlay-gradient":""},"tablet":{"background-color":"","background-image":"","background-repeat":"repeat","background-position":"center center","background-size":"auto","background-attachment":"scroll","background-type":"","background-media":"","overlay-type":"","overlay-color":"","overlay-opacity":"","overlay-gradient":""},"mobile":{"background-color":"","background-image":"","background-repeat":"repeat","background-position":"center center","background-size":"auto","background-attachment":"scroll","background-type":"","background-media":"","overlay-type":"","overlay-color":"","overlay-opacity":"","overlay-gradient":""}},"ast-content-background-meta":{"desktop":{"background-color":"var(--ast-global-color-5)","background-image":"","background-repeat":"repeat","background-position":"center center","background-size":"auto","background-attachment":"scroll","background-type":"","background-media":"","overlay-type":"","overlay-color":"","overlay-opacity":"","overlay-gradient":""},"tablet":{"background-color":"var(--ast-global-color-5)","background-image":"","background-repeat":"repeat","background-position":"center center","background-size":"auto","background-attachment":"scroll","background-type":"","background-media":"","overlay-type":"","overlay-color":"","overlay-opacity":"","overlay-gradient":""},"mobile":{"background-color":"var(--ast-global-color-5)","background-image":"","background-repeat":"repeat","background-position":"center center","background-size":"auto","background-attachment":"scroll","background-type":"","background-media":"","overlay-type":"","overlay-color":"","overlay-opacity":"","overlay-gradient":""}}},"product_brand":[],"product_cat":[75,62],"product_tag":[239,403,316,83,82,163],"class_list":{"0":"post-1481","1":"product","2":"type-product","3":"status-publish","4":"has-post-thumbnail","6":"product_cat-informatica-e-acessorios","7":"product_cat-notebook","8":"product_tag-256gb-ssd","9":"product_tag-8gb-ram","10":"product_tag-core-i5","11":"product_tag-informatica","12":"product_tag-notebook","13":"product_tag-windows-11","14":"desktop-align-center","15":"tablet-align-left","16":"mobile-align-center","18":"first","19":"instock","20":"sale","21":"shipping-taxable","22":"product-type-external"},"uagb_featured_image_src":{"full":["https:\/\/promocaododia.com.br\/site\/wp-content\/uploads\/2023\/01\/Notebook-Asus-Intel-Core-i5-8GB-256GB-SSD-156-Full-HD-Windows-11-X515JA-EJ1792W.jpg",600,600,false],"thumbnail":["https:\/\/promocaododia.com.br\/site\/wp-content\/uploads\/2023\/01\/Notebook-Asus-Intel-Core-i5-8GB-256GB-SSD-156-Full-HD-Windows-11-X515JA-EJ1792W-150x150.jpg",150,150,true],"medium":["https:\/\/promocaododia.com.br\/site\/wp-content\/uploads\/2023\/01\/Notebook-Asus-Intel-Core-i5-8GB-256GB-SSD-156-Full-HD-Windows-11-X515JA-EJ1792W-300x300.jpg",300,300,true],"medium_large":["https:\/\/promocaododia.com.br\/site\/wp-content\/uploads\/2023\/01\/Notebook-Asus-Intel-Core-i5-8GB-256GB-SSD-156-Full-HD-Windows-11-X515JA-EJ1792W.jpg",600,600,false],"large":["https:\/\/promocaododia.com.br\/site\/wp-content\/uploads\/2023\/01\/Notebook-Asus-Intel-Core-i5-8GB-256GB-SSD-156-Full-HD-Windows-11-X515JA-EJ1792W.jpg",600,600,false],"1536x1536":["https:\/\/promocaododia.com.br\/site\/wp-content\/uploads\/2023\/01\/Notebook-Asus-Intel-Core-i5-8GB-256GB-SSD-156-Full-HD-Windows-11-X515JA-EJ1792W.jpg",600,600,false],"2048x2048":["https:\/\/promocaododia.com.br\/site\/wp-content\/uploads\/2023\/01\/Notebook-Asus-Intel-Core-i5-8GB-256GB-SSD-156-Full-HD-Windows-11-X515JA-EJ1792W.jpg",600,600,false],"woocommerce_thumbnail":["https:\/\/promocaododia.com.br\/site\/wp-content\/uploads\/2023\/01\/Notebook-Asus-Intel-Core-i5-8GB-256GB-SSD-156-Full-HD-Windows-11-X515JA-EJ1792W-250x250.jpg",250,250,true],"woocommerce_single":["https:\/\/promocaododia.com.br\/site\/wp-content\/uploads\/2023\/01\/Notebook-Asus-Intel-Core-i5-8GB-256GB-SSD-156-Full-HD-Windows-11-X515JA-EJ1792W-250x250.jpg",250,250,true],"woocommerce_gallery_thumbnail":["https:\/\/promocaododia.com.br\/site\/wp-content\/uploads\/2023\/01\/Notebook-Asus-Intel-Core-i5-8GB-256GB-SSD-156-Full-HD-Windows-11-X515JA-EJ1792W-100x100.jpg",100,100,true]},"uagb_author_info":{"display_name":"danilo.gbr","author_link":"https:\/\/promocaododia.com.br\/site\/author\/"},"uagb_comment_info":0,"uagb_excerpt":"O Notebook Asus X515JA-EJ1792W foi projetado para quem procura produtividade, desempenho e versatilidade em um s\u00f3 produto. Execute todas as tarefas do seu dia a dia com velocidade e efici\u00eancia atrav\u00e9s da configura\u00e7\u00e3o poderosa que traz processador Intel Core i5 da 10\u00aa gera\u00e7\u00e3o, 8GB de mem\u00f3ria RAM e armazenamento com SSD de 256GB. Um dos&hellip;","_links":{"self":[{"href":"https:\/\/promocaododia.com.br\/site\/wp-json\/wp\/v2\/product\/1481","targetHints":{"allow":["GET"]}}],"collection":[{"href":"https:\/\/promocaododia.com.br\/site\/wp-json\/wp\/v2\/product"}],"about":[{"href":"https:\/\/promocaododia.com.br\/site\/wp-json\/wp\/v2\/types\/product"}],"wp:featuredmedia":[{"embeddable":true,"href":"https:\/\/promocaododia.com.br\/site\/wp-json\/wp\/v2\/media\/1482"}],"wp:attachment":[{"href":"https:\/\/promocaododia.com.br\/site\/wp-json\/wp\/v2\/media?parent=1481"}],"wp:term":[{"taxonomy":"product_brand","embeddable":true,"href":"https:\/\/promocaododia.com.br\/site\/wp-json\/wp\/v2\/product_brand?post=1481"},{"taxonomy":"product_cat","embeddable":true,"href":"https:\/\/promocaododia.com.br\/site\/wp-json\/wp\/v2\/product_cat?post=1481"},{"taxonomy":"product_tag","embeddable":true,"href":"https:\/\/promocaododia.com.br\/site\/wp-json\/wp\/v2\/product_tag?post=1481"}],"curies":[{"name":"wp","href":"https:\/\/api.w.org\/{rel}","templated":true}]}}