{"id":1498,"date":"2023-06-26T18:59:55","date_gmt":"2023-06-26T21:59:55","guid":{"rendered":"https:\/\/promocaododia.com.br\/site\/?post_type=product&#038;p=1498"},"modified":"2023-06-26T19:01:26","modified_gmt":"2023-06-26T22:01:26","slug":"notebook-hp-intel-core-i3-8gb-256gb-ssd-156-windows-11-g8","status":"publish","type":"product","link":"https:\/\/promocaododia.com.br\/site\/produto\/notebook-hp-intel-core-i3-8gb-256gb-ssd-156-windows-11-g8\/","title":{"rendered":"Notebook HP Intel Core i3 8GB 256GB SSD 15,6\u201d &#8211; Windows 11 G8"},"content":{"rendered":"<p>Nos dias de hoje, com o avan\u00e7o constante da tecnologia, tudo o que for digital, nem sempre \u00e9 resolvido somente com um smartphone e \u00e9 necess\u00e1rio o uso de computadores ou notebooks. Muitos optam pelo notebook pela praticidade de poder trabalhar, navegar pela internet e estudar em qualquer lugar que estiver.<br \/>\nPor isso, se voc\u00ea est\u00e1 a procura de um novo notebook, precisa conhecer o HP G8.<br \/>\nEle tem processador Intel Core i3 de 11\u00aa Gera\u00e7\u00e3o, 8GB de mem\u00f3ria RAM e 256GB de armazenamento SSD. A tela \u00e9 de LCD de 15,6&#8243; com resolu\u00e7\u00e3o HD (1366&#215;768).<br \/>\nE ainda, conta com sistema operacional Windows 11 Home SL. Tudo isso, para facilitar o seu dia a dia.<\/p>\n","protected":false},"excerpt":{"rendered":"<p>Nos dias de hoje, com o avan\u00e7o constante da tecnologia, tudo o que for digital, nem sempre \u00e9 resolvido somente com um smartphone e \u00e9 necess\u00e1rio o uso de computadores ou notebooks. Muitos optam pelo notebook pela praticidade de poder trabalhar, navegar pela internet e estudar em qualquer lugar que estiver. Por isso, se voc\u00ea est\u00e1 a procura de um novo notebook, precisa conhecer o HP G8. Ele tem processador Intel Core i3 de 11\u00aa Gera\u00e7\u00e3o, 8GB de mem\u00f3ria RAM e 256GB de armazenamento SSD. A tela \u00e9 de LCD de 15,6&#8243; com resolu\u00e7\u00e3o HD (1366&#215;768). E ainda, conta com sistema operacional Windows 11 Home SL. Tudo isso, para facilitar o seu dia a dia.<\/p>\n","protected":false},"featured_media":1499,"template":"","meta":{"_uag_custom_page_level_css":"","site-sidebar-layout":"default","site-content-layout":"default","ast-site-content-layout":"default","site-content-style":"default","site-sidebar-style":"default","ast-global-header-display":"","ast-banner-title-visibility":"","ast-main-header-display":"","ast-hfb-above-header-display":"","ast-hfb-below-header-display":"","ast-hfb-mobile-header-display":"","site-post-title":"","ast-breadcrumbs-content":"","ast-featured-img":"","footer-sml-layout":"","theme-transparent-header-meta":"default","adv-header-id-meta":"","stick-header-meta":"","header-above-stick-meta":"","header-main-stick-meta":"","header-below-stick-meta":"","astra-migrate-meta-layouts":"default","ast-page-background-enabled":"default","ast-page-background-meta":{"desktop":{"background-color":"","background-image":"","background-repeat":"repeat","background-position":"center center","background-size":"auto","background-attachment":"scroll","background-type":"","background-media":"","overlay-type":"","overlay-color":"","overlay-opacity":"","overlay-gradient":""},"tablet":{"background-color":"","background-image":"","background-repeat":"repeat","background-position":"center center","background-size":"auto","background-attachment":"scroll","background-type":"","background-media":"","overlay-type":"","overlay-color":"","overlay-opacity":"","overlay-gradient":""},"mobile":{"background-color":"","background-image":"","background-repeat":"repeat","background-position":"center center","background-size":"auto","background-attachment":"scroll","background-type":"","background-media":"","overlay-type":"","overlay-color":"","overlay-opacity":"","overlay-gradient":""}},"ast-content-background-meta":{"desktop":{"background-color":"var(--ast-global-color-5)","background-image":"","background-repeat":"repeat","background-position":"center center","background-size":"auto","background-attachment":"scroll","background-type":"","background-media":"","overlay-type":"","overlay-color":"","overlay-opacity":"","overlay-gradient":""},"tablet":{"background-color":"var(--ast-global-color-5)","background-image":"","background-repeat":"repeat","background-position":"center center","background-size":"auto","background-attachment":"scroll","background-type":"","background-media":"","overlay-type":"","overlay-color":"","overlay-opacity":"","overlay-gradient":""},"mobile":{"background-color":"var(--ast-global-color-5)","background-image":"","background-repeat":"repeat","background-position":"center center","background-size":"auto","background-attachment":"scroll","background-type":"","background-media":"","overlay-type":"","overlay-color":"","overlay-opacity":"","overlay-gradient":""}}},"product_brand":[],"product_cat":[65,75,62],"product_tag":[239,403,161,567,160,82],"class_list":{"0":"post-1498","1":"product","2":"type-product","3":"status-publish","4":"has-post-thumbnail","6":"product_cat-computador","7":"product_cat-informatica-e-acessorios","8":"product_cat-notebook","9":"product_tag-256gb-ssd","10":"product_tag-8gb-ram","11":"product_tag-core-i3","12":"product_tag-hp","13":"product_tag-intel","14":"product_tag-notebook","15":"desktop-align-center","16":"tablet-align-left","17":"mobile-align-center","19":"first","20":"instock","21":"sale","22":"shipping-taxable","23":"product-type-external"},"uagb_featured_image_src":{"full":["https:\/\/promocaododia.com.br\/site\/wp-content\/uploads\/2023\/06\/Notebook-Asus-X515JA-BR2750W-Intel-Core-I3-1005G1-4GB-256-GB-SSD-Tela-156-Full-HD-Windows-11.jpg",600,600,false],"thumbnail":["https:\/\/promocaododia.com.br\/site\/wp-content\/uploads\/2023\/06\/Notebook-Asus-X515JA-BR2750W-Intel-Core-I3-1005G1-4GB-256-GB-SSD-Tela-156-Full-HD-Windows-11-150x150.jpg",150,150,true],"medium":["https:\/\/promocaododia.com.br\/site\/wp-content\/uploads\/2023\/06\/Notebook-Asus-X515JA-BR2750W-Intel-Core-I3-1005G1-4GB-256-GB-SSD-Tela-156-Full-HD-Windows-11-300x300.jpg",300,300,true],"medium_large":["https:\/\/promocaododia.com.br\/site\/wp-content\/uploads\/2023\/06\/Notebook-Asus-X515JA-BR2750W-Intel-Core-I3-1005G1-4GB-256-GB-SSD-Tela-156-Full-HD-Windows-11.jpg",600,600,false],"large":["https:\/\/promocaododia.com.br\/site\/wp-content\/uploads\/2023\/06\/Notebook-Asus-X515JA-BR2750W-Intel-Core-I3-1005G1-4GB-256-GB-SSD-Tela-156-Full-HD-Windows-11.jpg",600,600,false],"1536x1536":["https:\/\/promocaododia.com.br\/site\/wp-content\/uploads\/2023\/06\/Notebook-Asus-X515JA-BR2750W-Intel-Core-I3-1005G1-4GB-256-GB-SSD-Tela-156-Full-HD-Windows-11.jpg",600,600,false],"2048x2048":["https:\/\/promocaododia.com.br\/site\/wp-content\/uploads\/2023\/06\/Notebook-Asus-X515JA-BR2750W-Intel-Core-I3-1005G1-4GB-256-GB-SSD-Tela-156-Full-HD-Windows-11.jpg",600,600,false],"woocommerce_thumbnail":["https:\/\/promocaododia.com.br\/site\/wp-content\/uploads\/2023\/06\/Notebook-Asus-X515JA-BR2750W-Intel-Core-I3-1005G1-4GB-256-GB-SSD-Tela-156-Full-HD-Windows-11-250x250.jpg",250,250,true],"woocommerce_single":["https:\/\/promocaododia.com.br\/site\/wp-content\/uploads\/2023\/06\/Notebook-Asus-X515JA-BR2750W-Intel-Core-I3-1005G1-4GB-256-GB-SSD-Tela-156-Full-HD-Windows-11-250x250.jpg",250,250,true],"woocommerce_gallery_thumbnail":["https:\/\/promocaododia.com.br\/site\/wp-content\/uploads\/2023\/06\/Notebook-Asus-X515JA-BR2750W-Intel-Core-I3-1005G1-4GB-256-GB-SSD-Tela-156-Full-HD-Windows-11-100x100.jpg",100,100,true]},"uagb_author_info":{"display_name":"danilo.gbr","author_link":"https:\/\/promocaododia.com.br\/site\/author\/"},"uagb_comment_info":0,"uagb_excerpt":"Nos dias de hoje, com o avan\u00e7o constante da tecnologia, tudo o que for digital, nem sempre \u00e9 resolvido somente com um smartphone e \u00e9 necess\u00e1rio o uso de computadores ou notebooks. Muitos optam pelo notebook pela praticidade de poder trabalhar, navegar pela internet e estudar em qualquer lugar que estiver. Por isso, se voc\u00ea&hellip;","_links":{"self":[{"href":"https:\/\/promocaododia.com.br\/site\/wp-json\/wp\/v2\/product\/1498","targetHints":{"allow":["GET"]}}],"collection":[{"href":"https:\/\/promocaododia.com.br\/site\/wp-json\/wp\/v2\/product"}],"about":[{"href":"https:\/\/promocaododia.com.br\/site\/wp-json\/wp\/v2\/types\/product"}],"wp:featuredmedia":[{"embeddable":true,"href":"https:\/\/promocaododia.com.br\/site\/wp-json\/wp\/v2\/media\/1499"}],"wp:attachment":[{"href":"https:\/\/promocaododia.com.br\/site\/wp-json\/wp\/v2\/media?parent=1498"}],"wp:term":[{"taxonomy":"product_brand","embeddable":true,"href":"https:\/\/promocaododia.com.br\/site\/wp-json\/wp\/v2\/product_brand?post=1498"},{"taxonomy":"product_cat","embeddable":true,"href":"https:\/\/promocaododia.com.br\/site\/wp-json\/wp\/v2\/product_cat?post=1498"},{"taxonomy":"product_tag","embeddable":true,"href":"https:\/\/promocaododia.com.br\/site\/wp-json\/wp\/v2\/product_tag?post=1498"}],"curies":[{"name":"wp","href":"https:\/\/api.w.org\/{rel}","templated":true}]}}