{"id":169,"date":"2021-06-10T11:08:18","date_gmt":"2021-06-10T14:08:18","guid":{"rendered":"https:\/\/promocaododia.com.br\/site\/?post_type=product&#038;p=169"},"modified":"2021-06-13T13:48:41","modified_gmt":"2021-06-13T16:48:41","slug":"fritadeira-eletrica-sem-oleo-air-fryer-nell-smart-preta-24l-com-timer","status":"publish","type":"product","link":"https:\/\/promocaododia.com.br\/site\/produto\/fritadeira-eletrica-sem-oleo-air-fryer-nell-smart-preta-24l-com-timer\/","title":{"rendered":"Fritadeira El\u00e9trica sem \u00d3leo\/Air Fryer Nell Smart &#8211; Preta 2,4L com Timer"},"content":{"rendered":"<p>Postado 10\/06\/2021<\/p>\n<div id=\"featurebullets_feature_div\" class=\"celwidget\" data-feature-name=\"featurebullets\" data-csa-c-id=\"xnu2ya-i2i0nx-9ngl3e-p64rjo\" data-cel-widget=\"featurebullets_feature_div\">\n<div id=\"feature-bullets\" class=\"a-section a-spacing-medium a-spacing-top-small\">\n<div class=\"product\">\n<div class=\"ptabs\">\n<div class=\"product-factsheet \" data-factsheet-id=\"144289400\">\n<div class=\"tab-content\">\n<div id=\"tab-descricao144289400\" class=\"tab-pane active\">\n<div id=\"featurebullets_feature_div\" class=\"celwidget\" data-feature-name=\"featurebullets\" data-csa-c-id=\"fb3zky-5wxrt0-eaei8v-a4r30n\" data-cel-widget=\"featurebullets_feature_div\">\n<div id=\"feature-bullets\" class=\"a-section a-spacing-medium a-spacing-top-small\">\n<div class=\"product\">\n<div class=\"ptabs\">\n<div class=\"product-factsheet \" data-factsheet-id=\"142260600\">\n<div class=\"tab-content\">\n<div id=\"tab-descricao142260600\" class=\"tab-pane active\">\n<div class=\"product\">\n<div class=\"ptabs\">\n<div class=\"product-factsheet \" data-factsheet-id=\"142225300\">\n<div class=\"tab-content\">\n<div id=\"tab-descricao142225300\" class=\"tab-pane active\">A fritadeira el\u00e9trica Nell Smart \u00e9 um eletroport\u00e1til que n\u00e3o pode faltar na sua cozinha. O produto proporciona uma alimenta\u00e7\u00e3o mais saud\u00e1vel, pois n\u00e3o utiliza \u00f3leo\/Air Fryer em seu processo de cozimento. A fritadeira na cor preta \u00e9 compacta e produzida em PP, ocupando menos espa\u00e7o, possui luz indicadora de funcionamento, controle de temperatura, cesta remov\u00edvel antiaderente, capacidade total de 3,4L e cesto com capacidade de 2,4L. Sua al\u00e7a fria garante maior seguran\u00e7a ao manusear a fritadeira e al\u00e9m disso, ela possui timer de 30 minutos sonoro e com desligamento autom\u00e1tico. Agora \u00e9 s\u00f3 preparar batatinha frita, coxinha, bolinha de queijo e pastel na sua fritadeira el\u00e9trica!<\/div>\n<\/div>\n<\/div>\n<\/div>\n<\/div>\n<div class=\"row recomm-white-box recomm-cross\"><\/div>\n<\/div>\n<\/div>\n<\/div>\n<\/div>\n<\/div>\n<\/div>\n<\/div>\n<\/div>\n<\/div>\n<\/div>\n<\/div>\n<\/div>\n<\/div>\n<\/div>\n<p>A equipe Promo\u00e7\u00f5es do dia divulga produtos de nossos parceiros, sendo a venda e p\u00f3s venda de responsabilidade dos mesmos.<\/p>\n","protected":false},"excerpt":{"rendered":"<p>Postado 10\/06\/2021 A fritadeira el\u00e9trica Nell Smart \u00e9 um eletroport\u00e1til que n\u00e3o pode faltar na sua cozinha. O produto proporciona uma alimenta\u00e7\u00e3o mais saud\u00e1vel, pois n\u00e3o utiliza \u00f3leo\/Air Fryer em seu processo de cozimento. A fritadeira na cor preta \u00e9 compacta e produzida em PP, ocupando menos espa\u00e7o, possui luz indicadora de funcionamento, controle de temperatura, cesta remov\u00edvel antiaderente, capacidade total de 3,4L e cesto com capacidade de 2,4L. Sua al\u00e7a fria garante maior seguran\u00e7a ao manusear a fritadeira e al\u00e9m disso, ela possui timer de 30 minutos sonoro e com desligamento autom\u00e1tico. Agora \u00e9 s\u00f3 preparar batatinha frita, coxinha, bolinha de queijo e pastel na sua fritadeira el\u00e9trica! A equipe Promo\u00e7\u00f5es do dia divulga produtos de nossos parceiros, sendo a venda e p\u00f3s venda de responsabilidade dos mesmos.<\/p>\n","protected":false},"featured_media":170,"template":"","meta":{"_uag_custom_page_level_css":"","site-sidebar-layout":"default","site-content-layout":"","ast-site-content-layout":"default","site-content-style":"default","site-sidebar-style":"default","ast-global-header-display":"","ast-banner-title-visibility":"","ast-main-header-display":"","ast-hfb-above-header-display":"","ast-hfb-below-header-display":"","ast-hfb-mobile-header-display":"","site-post-title":"","ast-breadcrumbs-content":"","ast-featured-img":"","footer-sml-layout":"","theme-transparent-header-meta":"","adv-header-id-meta":"","stick-header-meta":"","header-above-stick-meta":"","header-main-stick-meta":"","header-below-stick-meta":"","astra-migrate-meta-layouts":"default","ast-page-background-enabled":"default","ast-page-background-meta":{"desktop":{"background-color":"","background-image":"","background-repeat":"repeat","background-position":"center center","background-size":"auto","background-attachment":"scroll","background-type":"","background-media":"","overlay-type":"","overlay-color":"","overlay-opacity":"","overlay-gradient":""},"tablet":{"background-color":"","background-image":"","background-repeat":"repeat","background-position":"center center","background-size":"auto","background-attachment":"scroll","background-type":"","background-media":"","overlay-type":"","overlay-color":"","overlay-opacity":"","overlay-gradient":""},"mobile":{"background-color":"","background-image":"","background-repeat":"repeat","background-position":"center center","background-size":"auto","background-attachment":"scroll","background-type":"","background-media":"","overlay-type":"","overlay-color":"","overlay-opacity":"","overlay-gradient":""}},"ast-content-background-meta":{"desktop":{"background-color":"var(--ast-global-color-5)","background-image":"","background-repeat":"repeat","background-position":"center center","background-size":"auto","background-attachment":"scroll","background-type":"","background-media":"","overlay-type":"","overlay-color":"","overlay-opacity":"","overlay-gradient":""},"tablet":{"background-color":"var(--ast-global-color-5)","background-image":"","background-repeat":"repeat","background-position":"center center","background-size":"auto","background-attachment":"scroll","background-type":"","background-media":"","overlay-type":"","overlay-color":"","overlay-opacity":"","overlay-gradient":""},"mobile":{"background-color":"var(--ast-global-color-5)","background-image":"","background-repeat":"repeat","background-position":"center center","background-size":"auto","background-attachment":"scroll","background-type":"","background-media":"","overlay-type":"","overlay-color":"","overlay-opacity":"","overlay-gradient":""}}},"product_brand":[],"product_cat":[28,18],"product_tag":[],"class_list":{"0":"post-169","1":"product","2":"type-product","3":"status-publish","4":"has-post-thumbnail","6":"product_cat-eletrodomesticos","7":"product_cat-utensilios-para-cozinhar","8":"desktop-align-center","9":"tablet-align-left","10":"mobile-align-center","12":"first","13":"instock","14":"sale","15":"shipping-taxable","16":"product-type-external"},"uagb_featured_image_src":{"full":["https:\/\/promocaododia.com.br\/site\/wp-content\/uploads\/2021\/06\/fritadeira.jpg",250,250,false],"thumbnail":["https:\/\/promocaododia.com.br\/site\/wp-content\/uploads\/2021\/06\/fritadeira-150x150.jpg",150,150,true],"medium":["https:\/\/promocaododia.com.br\/site\/wp-content\/uploads\/2021\/06\/fritadeira.jpg",250,250,false],"medium_large":["https:\/\/promocaododia.com.br\/site\/wp-content\/uploads\/2021\/06\/fritadeira.jpg",250,250,false],"large":["https:\/\/promocaododia.com.br\/site\/wp-content\/uploads\/2021\/06\/fritadeira.jpg",250,250,false],"1536x1536":["https:\/\/promocaododia.com.br\/site\/wp-content\/uploads\/2021\/06\/fritadeira.jpg",250,250,false],"2048x2048":["https:\/\/promocaododia.com.br\/site\/wp-content\/uploads\/2021\/06\/fritadeira.jpg",250,250,false],"woocommerce_thumbnail":["https:\/\/promocaododia.com.br\/site\/wp-content\/uploads\/2021\/06\/fritadeira-250x250.jpg",250,250,true],"woocommerce_single":["https:\/\/promocaododia.com.br\/site\/wp-content\/uploads\/2021\/06\/fritadeira.jpg",250,250,false],"woocommerce_gallery_thumbnail":["https:\/\/promocaododia.com.br\/site\/wp-content\/uploads\/2021\/06\/fritadeira-100x100.jpg",100,100,true]},"uagb_author_info":{"display_name":"danilo.gbr","author_link":"https:\/\/promocaododia.com.br\/site\/author\/"},"uagb_comment_info":0,"uagb_excerpt":"Postado 10\/06\/2021 A fritadeira el\u00e9trica Nell Smart \u00e9 um eletroport\u00e1til que n\u00e3o pode faltar na sua cozinha. O produto proporciona uma alimenta\u00e7\u00e3o mais saud\u00e1vel, pois n\u00e3o utiliza \u00f3leo\/Air Fryer em seu processo de cozimento. A fritadeira na cor preta \u00e9 compacta e produzida em PP, ocupando menos espa\u00e7o, possui luz indicadora de funcionamento, controle de&hellip;","_links":{"self":[{"href":"https:\/\/promocaododia.com.br\/site\/wp-json\/wp\/v2\/product\/169","targetHints":{"allow":["GET"]}}],"collection":[{"href":"https:\/\/promocaododia.com.br\/site\/wp-json\/wp\/v2\/product"}],"about":[{"href":"https:\/\/promocaododia.com.br\/site\/wp-json\/wp\/v2\/types\/product"}],"wp:featuredmedia":[{"embeddable":true,"href":"https:\/\/promocaododia.com.br\/site\/wp-json\/wp\/v2\/media\/170"}],"wp:attachment":[{"href":"https:\/\/promocaododia.com.br\/site\/wp-json\/wp\/v2\/media?parent=169"}],"wp:term":[{"taxonomy":"product_brand","embeddable":true,"href":"https:\/\/promocaododia.com.br\/site\/wp-json\/wp\/v2\/product_brand?post=169"},{"taxonomy":"product_cat","embeddable":true,"href":"https:\/\/promocaododia.com.br\/site\/wp-json\/wp\/v2\/product_cat?post=169"},{"taxonomy":"product_tag","embeddable":true,"href":"https:\/\/promocaododia.com.br\/site\/wp-json\/wp\/v2\/product_tag?post=169"}],"curies":[{"name":"wp","href":"https:\/\/api.w.org\/{rel}","templated":true}]}}