{"id":171,"date":"2021-06-11T09:05:13","date_gmt":"2021-06-11T12:05:13","guid":{"rendered":"https:\/\/promocaododia.com.br\/site\/?post_type=product&#038;p=171"},"modified":"2021-06-11T09:10:02","modified_gmt":"2021-06-11T12:10:02","slug":"smartphone-samsung-galaxy-s21-ultra-256gb-prata-5g-12gb-ram-tela-68-cam-quadrupla-selfie-40mp","status":"publish","type":"product","link":"https:\/\/promocaododia.com.br\/site\/produto\/smartphone-samsung-galaxy-s21-ultra-256gb-prata-5g-12gb-ram-tela-68-cam-quadrupla-selfie-40mp\/","title":{"rendered":"Smartphone Samsung Galaxy S21 Ultra 256GB Prata 5G &#8211; 12GB RAM Tela 6,8\u201d C\u00e2m. Qu\u00e1drupla + Selfie 40MP"},"content":{"rendered":"<p>Postado 11\/06\/2021<\/p>\n<div id=\"featurebullets_feature_div\" class=\"celwidget\" data-feature-name=\"featurebullets\" data-csa-c-id=\"xnu2ya-i2i0nx-9ngl3e-p64rjo\" data-cel-widget=\"featurebullets_feature_div\">\n<div id=\"feature-bullets\" class=\"a-section a-spacing-medium a-spacing-top-small\">\n<div class=\"product\">\n<div class=\"ptabs\">\n<div class=\"product-factsheet \" data-factsheet-id=\"144289400\">\n<div class=\"tab-content\">\n<div id=\"tab-descricao144289400\" class=\"tab-pane active\">\n<div id=\"featurebullets_feature_div\" class=\"celwidget\" data-feature-name=\"featurebullets\" data-csa-c-id=\"fb3zky-5wxrt0-eaei8v-a4r30n\" data-cel-widget=\"featurebullets_feature_div\">\n<div id=\"feature-bullets\" class=\"a-section a-spacing-medium a-spacing-top-small\">\n<div class=\"product\">\n<div class=\"ptabs\">\n<div class=\"product-factsheet \" data-factsheet-id=\"142260600\">\n<div class=\"tab-content\">\n<div id=\"tab-descricao142260600\" class=\"tab-pane active\">\n<div class=\"product\">\n<div class=\"ptabs\">\n<div class=\"product-factsheet \" data-factsheet-id=\"142225300\">\n<div class=\"tab-content\">\n<div id=\"tab-descricao142225300\" class=\"tab-pane active\">Esse produto da Samsung \u00e9 um smartphone extraordin\u00e1rio em cada detalhe! Este aparelho mudar\u00e1 a hist\u00f3ria da fotografia, pois o Galaxy S21 Ultra conta com um conjunto de quatro c\u00e2meras na parte de tr\u00e1s do aparelho, permitindo cliques perfeitos e sem esfor\u00e7o independente do ambiente. A c\u00e2mera frontal de 40MP traz tecnologia para que suas selfies sejam detalhadas e com o m\u00e1ximo de criatividade. Sua tela de 6,8&#8243; com resolu\u00e7\u00e3o QHD+, Dynamic AMOLED 2x e taxa de atualiza\u00e7\u00e3o de 10-120Hz entregam um display infinito para maior imers\u00e3o ao assistir filmes e s\u00e9ries. Com 256GB de armazenamento interno, ele \u00e9 perfeito para guardar todas suas fotos, m\u00fasicas ou v\u00eddeos. O processador Octa-Core em conjunto dos incr\u00edveis 12GB de mem\u00f3ria RAM melhoram sua experi\u00eancia de uso devido a sua combina\u00e7\u00e3o poderosa de hardware e software. Fique sempre conectado nas redes sociais com a tecnologia 5G em um aparelho dual chip. Tenha bateria para o dia todo, j\u00e1 que estamos falando de 5000mAh e carregamento super-r\u00e1pido de 25W. Este celular tem prote\u00e7\u00e3o personalizada com biometria ultrass\u00f4nica, deixando seus conte\u00fados e dados confidenciais protegidos com m\u00e1xima seguran\u00e7a. A cor Prata \u00e9 uma obra de arte e destaca o design do smartphone, garantindo maior eleg\u00e2ncia em suas m\u00e3os.<\/div>\n<\/div>\n<\/div>\n<\/div>\n<\/div>\n<div class=\"row recomm-white-box recomm-cross\"><\/div>\n<\/div>\n<\/div>\n<\/div>\n<\/div>\n<\/div>\n<\/div>\n<\/div>\n<\/div>\n<\/div>\n<\/div>\n<\/div>\n<\/div>\n<\/div>\n<\/div>\n<p>A equipe Promo\u00e7\u00f5es do dia divulga produtos de nossos parceiros, sendo a venda e p\u00f3s venda de responsabilidade dos mesmos.<\/p>\n","protected":false},"excerpt":{"rendered":"<p>Postado 11\/06\/2021 Esse produto da Samsung \u00e9 um smartphone extraordin\u00e1rio em cada detalhe! Este aparelho mudar\u00e1 a hist\u00f3ria da fotografia, pois o Galaxy S21 Ultra conta com um conjunto de quatro c\u00e2meras na parte de tr\u00e1s do aparelho, permitindo cliques perfeitos e sem esfor\u00e7o independente do ambiente. A c\u00e2mera frontal de 40MP traz tecnologia para que suas selfies sejam detalhadas e com o m\u00e1ximo de criatividade. Sua tela de 6,8&#8243; com resolu\u00e7\u00e3o QHD+, Dynamic AMOLED 2x e taxa de atualiza\u00e7\u00e3o de 10-120Hz entregam um display infinito para maior imers\u00e3o ao assistir filmes e s\u00e9ries. Com 256GB de armazenamento interno, ele \u00e9 perfeito para guardar todas suas fotos, m\u00fasicas ou v\u00eddeos. O processador Octa-Core em conjunto dos incr\u00edveis 12GB de mem\u00f3ria RAM melhoram sua experi\u00eancia de uso devido a sua combina\u00e7\u00e3o poderosa de hardware e software. Fique sempre conectado nas redes sociais com a tecnologia 5G em um aparelho dual chip. Tenha bateria para o dia todo, j\u00e1 que estamos falando de 5000mAh e carregamento super-r\u00e1pido de 25W. Este celular tem prote\u00e7\u00e3o personalizada com biometria ultrass\u00f4nica, deixando seus conte\u00fados e dados confidenciais protegidos com m\u00e1xima seguran\u00e7a. A cor Prata \u00e9 uma obra de arte e destaca o design do smartphone, garantindo maior eleg\u00e2ncia em suas m\u00e3os. A equipe Promo\u00e7\u00f5es do dia divulga produtos de nossos parceiros, sendo a venda e p\u00f3s venda de responsabilidade dos mesmos.<\/p>\n","protected":false},"featured_media":173,"template":"","meta":{"_uag_custom_page_level_css":"","site-sidebar-layout":"default","site-content-layout":"","ast-site-content-layout":"default","site-content-style":"default","site-sidebar-style":"default","ast-global-header-display":"","ast-banner-title-visibility":"","ast-main-header-display":"","ast-hfb-above-header-display":"","ast-hfb-below-header-display":"","ast-hfb-mobile-header-display":"","site-post-title":"","ast-breadcrumbs-content":"","ast-featured-img":"","footer-sml-layout":"","theme-transparent-header-meta":"","adv-header-id-meta":"","stick-header-meta":"","header-above-stick-meta":"","header-main-stick-meta":"","header-below-stick-meta":"","astra-migrate-meta-layouts":"default","ast-page-background-enabled":"default","ast-page-background-meta":{"desktop":{"background-color":"","background-image":"","background-repeat":"repeat","background-position":"center center","background-size":"auto","background-attachment":"scroll","background-type":"","background-media":"","overlay-type":"","overlay-color":"","overlay-opacity":"","overlay-gradient":""},"tablet":{"background-color":"","background-image":"","background-repeat":"repeat","background-position":"center center","background-size":"auto","background-attachment":"scroll","background-type":"","background-media":"","overlay-type":"","overlay-color":"","overlay-opacity":"","overlay-gradient":""},"mobile":{"background-color":"","background-image":"","background-repeat":"repeat","background-position":"center center","background-size":"auto","background-attachment":"scroll","background-type":"","background-media":"","overlay-type":"","overlay-color":"","overlay-opacity":"","overlay-gradient":""}},"ast-content-background-meta":{"desktop":{"background-color":"var(--ast-global-color-5)","background-image":"","background-repeat":"repeat","background-position":"center center","background-size":"auto","background-attachment":"scroll","background-type":"","background-media":"","overlay-type":"","overlay-color":"","overlay-opacity":"","overlay-gradient":""},"tablet":{"background-color":"var(--ast-global-color-5)","background-image":"","background-repeat":"repeat","background-position":"center center","background-size":"auto","background-attachment":"scroll","background-type":"","background-media":"","overlay-type":"","overlay-color":"","overlay-opacity":"","overlay-gradient":""},"mobile":{"background-color":"var(--ast-global-color-5)","background-image":"","background-repeat":"repeat","background-position":"center center","background-size":"auto","background-attachment":"scroll","background-type":"","background-media":"","overlay-type":"","overlay-color":"","overlay-opacity":"","overlay-gradient":""}}},"product_brand":[],"product_cat":[23,35],"product_tag":[],"class_list":{"0":"post-171","1":"product","2":"type-product","3":"status-publish","4":"has-post-thumbnail","6":"product_cat-celulares-e-tablets","7":"product_cat-smartphone","8":"desktop-align-center","9":"tablet-align-left","10":"mobile-align-center","12":"first","13":"instock","14":"sale","15":"shipping-taxable","16":"product-type-external"},"uagb_featured_image_src":{"full":["https:\/\/promocaododia.com.br\/site\/wp-content\/uploads\/2021\/06\/smarphone-1.jpg",250,250,false],"thumbnail":["https:\/\/promocaododia.com.br\/site\/wp-content\/uploads\/2021\/06\/smarphone-1-150x150.jpg",150,150,true],"medium":["https:\/\/promocaododia.com.br\/site\/wp-content\/uploads\/2021\/06\/smarphone-1.jpg",250,250,false],"medium_large":["https:\/\/promocaododia.com.br\/site\/wp-content\/uploads\/2021\/06\/smarphone-1.jpg",250,250,false],"large":["https:\/\/promocaododia.com.br\/site\/wp-content\/uploads\/2021\/06\/smarphone-1.jpg",250,250,false],"1536x1536":["https:\/\/promocaododia.com.br\/site\/wp-content\/uploads\/2021\/06\/smarphone-1.jpg",250,250,false],"2048x2048":["https:\/\/promocaododia.com.br\/site\/wp-content\/uploads\/2021\/06\/smarphone-1.jpg",250,250,false],"woocommerce_thumbnail":["https:\/\/promocaododia.com.br\/site\/wp-content\/uploads\/2021\/06\/smarphone-1-250x250.jpg",250,250,true],"woocommerce_single":["https:\/\/promocaododia.com.br\/site\/wp-content\/uploads\/2021\/06\/smarphone-1.jpg",250,250,false],"woocommerce_gallery_thumbnail":["https:\/\/promocaododia.com.br\/site\/wp-content\/uploads\/2021\/06\/smarphone-1-100x100.jpg",100,100,true]},"uagb_author_info":{"display_name":"danilo.gbr","author_link":"https:\/\/promocaododia.com.br\/site\/author\/"},"uagb_comment_info":0,"uagb_excerpt":"Postado 11\/06\/2021 Esse produto da Samsung \u00e9 um smartphone extraordin\u00e1rio em cada detalhe! Este aparelho mudar\u00e1 a hist\u00f3ria da fotografia, pois o Galaxy S21 Ultra conta com um conjunto de quatro c\u00e2meras na parte de tr\u00e1s do aparelho, permitindo cliques perfeitos e sem esfor\u00e7o independente do ambiente. A c\u00e2mera frontal de 40MP traz tecnologia para&hellip;","_links":{"self":[{"href":"https:\/\/promocaododia.com.br\/site\/wp-json\/wp\/v2\/product\/171","targetHints":{"allow":["GET"]}}],"collection":[{"href":"https:\/\/promocaododia.com.br\/site\/wp-json\/wp\/v2\/product"}],"about":[{"href":"https:\/\/promocaododia.com.br\/site\/wp-json\/wp\/v2\/types\/product"}],"wp:featuredmedia":[{"embeddable":true,"href":"https:\/\/promocaododia.com.br\/site\/wp-json\/wp\/v2\/media\/173"}],"wp:attachment":[{"href":"https:\/\/promocaododia.com.br\/site\/wp-json\/wp\/v2\/media?parent=171"}],"wp:term":[{"taxonomy":"product_brand","embeddable":true,"href":"https:\/\/promocaododia.com.br\/site\/wp-json\/wp\/v2\/product_brand?post=171"},{"taxonomy":"product_cat","embeddable":true,"href":"https:\/\/promocaododia.com.br\/site\/wp-json\/wp\/v2\/product_cat?post=171"},{"taxonomy":"product_tag","embeddable":true,"href":"https:\/\/promocaododia.com.br\/site\/wp-json\/wp\/v2\/product_tag?post=171"}],"curies":[{"name":"wp","href":"https:\/\/api.w.org\/{rel}","templated":true}]}}