{"id":217,"date":"2021-06-14T08:56:00","date_gmt":"2021-06-14T11:56:00","guid":{"rendered":"https:\/\/promocaododia.com.br\/site\/?post_type=product&#038;p=217"},"modified":"2021-06-14T08:56:01","modified_gmt":"2021-06-14T11:56:01","slug":"kit-2-camisolas-longa-com-manga-good-sleep-sortidos","status":"publish","type":"product","link":"https:\/\/promocaododia.com.br\/site\/produto\/kit-2-camisolas-longa-com-manga-good-sleep-sortidos\/","title":{"rendered":"Kit 2 Camisolas Longa com Manga Good Sleep Sortidos"},"content":{"rendered":"<p>Postado 14\/06\/2021<\/p>\n<div id=\"featurebullets_feature_div\" class=\"celwidget\" data-feature-name=\"featurebullets\" data-csa-c-id=\"xnu2ya-i2i0nx-9ngl3e-p64rjo\" data-cel-widget=\"featurebullets_feature_div\">\n<div id=\"feature-bullets\" class=\"a-section a-spacing-medium a-spacing-top-small\">\n<div class=\"product\">\n<div class=\"ptabs\">\n<div class=\"product-factsheet \" data-factsheet-id=\"144289400\">\n<div class=\"tab-content\">\n<div id=\"tab-descricao144289400\" class=\"tab-pane active\">\n<div id=\"featurebullets_feature_div\" class=\"celwidget\" data-feature-name=\"featurebullets\" data-csa-c-id=\"fb3zky-5wxrt0-eaei8v-a4r30n\" data-cel-widget=\"featurebullets_feature_div\">\n<div id=\"feature-bullets\" class=\"a-section a-spacing-medium a-spacing-top-small\">\n<div class=\"product\">\n<div class=\"ptabs\">\n<div class=\"product-factsheet \" data-factsheet-id=\"142260600\">\n<div class=\"tab-content\">\n<div id=\"tab-descricao142260600\" class=\"tab-pane active\">\n<div class=\"product\">\n<div class=\"ptabs\">\n<div class=\"product-factsheet \" data-factsheet-id=\"142225300\">\n<div class=\"tab-content\">\n<div id=\"tab-descricao142225300\" class=\"tab-pane active\">\n<div id=\"featurebullets_feature_div\" class=\"celwidget\" data-feature-name=\"featurebullets\" data-csa-c-id=\"btzpma-pie3bx-hqflno-5u8bms\" data-cel-widget=\"featurebullets_feature_div\">\n<div id=\"featurebullets_feature_div\" class=\"celwidget\" data-feature-name=\"featurebullets\" data-csa-c-id=\"9te6d5-fv3rnb-uhlnu8-4kadmg\" data-cel-widget=\"featurebullets_feature_div\">\n<div id=\"feature-bullets\" class=\"a-section a-spacing-medium a-spacing-top-small\"><\/div>\n<\/div>\n<\/div>\n<\/div>\n<\/div>\n<\/div>\n<\/div>\n<\/div>\n<\/div>\n<\/div>\n<\/div>\n<\/div>\n<\/div>\n<\/div>\n<\/div>\n<\/div>\n<\/div>\n<\/div>\n<\/div>\n<\/div>\n<\/div>\n<\/div>\n<ul class=\"a-unordered-list a-vertical a-spacing-mini\">\n<li><span class=\"a-list-item\">Kit com 2 Camisolas feminina confeccionada em tecido de viscose;<\/span><\/li>\n<li><span class=\"a-list-item\">TABELA DE MEDIDAS: CINTURA P 40\/42cm &#8211; M 44\/46cm &#8211; G 48\/50cm &#8211; GG 52\/54cm &#8212;&#8212;&#8212;&#8212;&#8211; QUADRIL: P 112\/114cm &#8211; M 116\/118cm &#8211; G 120\/122cm &#8211; GG 124\/126cm &#8212;&#8212;&#8212;&#8212;&#8211; COMPRIMENTO: P 85cm &#8211; M 87cm &#8211; G 89cm &#8211; GG 91cm &#8212;&#8212;&#8212;&#8212;&#8211; COMPRIMENTO DA MANGA: 18cm<\/span><\/li>\n<li><span class=\"a-list-item\">Tamanho Longo e Modelagem Soltinha. Possui decote redondo, cores lisas e p\u00f3as, manga curta, acabamento e costura no tom;<\/span><\/li>\n<li><span class=\"a-list-item\">Seu tecido (viscose), proporciona a sutileza para o merecido descanso do seu dia a dia e muito conforto e com \u00f3tima qualidade. Composi\u00e7\u00e3o: 96% Viscose 4% Elastano;<\/span><\/li>\n<li><span class=\"a-list-item\">Conhecido como o \u201cqueridinho\u201d do ver\u00e3o, este tecido \u00e9 perfeito para pe\u00e7as confort\u00e1veis, leves e que n\u00e3o ret\u00eam calor. Por vezes, a viscose pode ser confundida com o linho, j\u00e1 que ambos tecidos possuem caracter\u00edsticas muito similares. Por\u00e9m, o grande diferencial do primeiro \u00e9 que possui maior elasticidade, tendo as fibras mais regulares que sua vers\u00e3o org\u00e2nica, consequentemente garantindo maior durabilidade da pe\u00e7a;<\/span><\/li>\n<\/ul>\n<p>A equipe Promo\u00e7\u00f5es do dia divulga produtos de nossos parceiros, sendo a venda e p\u00f3s venda de responsabilidade dos mesmos.<\/p>\n","protected":false},"excerpt":{"rendered":"<p>Postado 14\/06\/2021 Kit com 2 Camisolas feminina confeccionada em tecido de viscose; TABELA DE MEDIDAS: CINTURA P 40\/42cm &#8211; M 44\/46cm &#8211; G 48\/50cm &#8211; GG 52\/54cm &#8212;&#8212;&#8212;&#8212;&#8211; QUADRIL: P 112\/114cm &#8211; M 116\/118cm &#8211; G 120\/122cm &#8211; GG 124\/126cm &#8212;&#8212;&#8212;&#8212;&#8211; COMPRIMENTO: P 85cm &#8211; M 87cm &#8211; G 89cm &#8211; GG 91cm &#8212;&#8212;&#8212;&#8212;&#8211; COMPRIMENTO DA MANGA: 18cm Tamanho Longo e Modelagem Soltinha. Possui decote redondo, cores lisas e p\u00f3as, manga curta, acabamento e costura no tom; Seu tecido (viscose), proporciona a sutileza para o merecido descanso do seu dia a dia e muito conforto e com \u00f3tima qualidade. Composi\u00e7\u00e3o: 96% Viscose 4% Elastano; Conhecido como o \u201cqueridinho\u201d do ver\u00e3o, este tecido \u00e9 perfeito para pe\u00e7as confort\u00e1veis, leves e que n\u00e3o ret\u00eam calor. Por vezes, a viscose pode ser confundida com o linho, j\u00e1 que ambos tecidos possuem caracter\u00edsticas muito similares. Por\u00e9m, o grande diferencial do primeiro \u00e9 que possui maior elasticidade, tendo as fibras mais regulares que sua vers\u00e3o org\u00e2nica, consequentemente garantindo maior durabilidade da pe\u00e7a; A equipe Promo\u00e7\u00f5es do dia divulga produtos de nossos parceiros, sendo a venda e p\u00f3s venda de responsabilidade dos mesmos.<\/p>\n","protected":false},"featured_media":219,"template":"","meta":{"_uag_custom_page_level_css":"","site-sidebar-layout":"default","site-content-layout":"default","ast-site-content-layout":"default","site-content-style":"default","site-sidebar-style":"default","ast-global-header-display":"","ast-banner-title-visibility":"","ast-main-header-display":"","ast-hfb-above-header-display":"","ast-hfb-below-header-display":"","ast-hfb-mobile-header-display":"","site-post-title":"","ast-breadcrumbs-content":"","ast-featured-img":"","footer-sml-layout":"","theme-transparent-header-meta":"default","adv-header-id-meta":"","stick-header-meta":"","header-above-stick-meta":"","header-main-stick-meta":"","header-below-stick-meta":"","astra-migrate-meta-layouts":"default","ast-page-background-enabled":"default","ast-page-background-meta":{"desktop":{"background-color":"","background-image":"","background-repeat":"repeat","background-position":"center center","background-size":"auto","background-attachment":"scroll","background-type":"","background-media":"","overlay-type":"","overlay-color":"","overlay-opacity":"","overlay-gradient":""},"tablet":{"background-color":"","background-image":"","background-repeat":"repeat","background-position":"center center","background-size":"auto","background-attachment":"scroll","background-type":"","background-media":"","overlay-type":"","overlay-color":"","overlay-opacity":"","overlay-gradient":""},"mobile":{"background-color":"","background-image":"","background-repeat":"repeat","background-position":"center center","background-size":"auto","background-attachment":"scroll","background-type":"","background-media":"","overlay-type":"","overlay-color":"","overlay-opacity":"","overlay-gradient":""}},"ast-content-background-meta":{"desktop":{"background-color":"var(--ast-global-color-5)","background-image":"","background-repeat":"repeat","background-position":"center center","background-size":"auto","background-attachment":"scroll","background-type":"","background-media":"","overlay-type":"","overlay-color":"","overlay-opacity":"","overlay-gradient":""},"tablet":{"background-color":"var(--ast-global-color-5)","background-image":"","background-repeat":"repeat","background-position":"center center","background-size":"auto","background-attachment":"scroll","background-type":"","background-media":"","overlay-type":"","overlay-color":"","overlay-opacity":"","overlay-gradient":""},"mobile":{"background-color":"var(--ast-global-color-5)","background-image":"","background-repeat":"repeat","background-position":"center center","background-size":"auto","background-attachment":"scroll","background-type":"","background-media":"","overlay-type":"","overlay-color":"","overlay-opacity":"","overlay-gradient":""}}},"product_brand":[],"product_cat":[58,30],"product_tag":[],"class_list":{"0":"post-217","1":"product","2":"type-product","3":"status-publish","4":"has-post-thumbnail","6":"product_cat-feminina","7":"product_cat-moda","8":"desktop-align-center","9":"tablet-align-left","10":"mobile-align-center","12":"first","13":"instock","14":"sale","15":"shipping-taxable","16":"product-type-external"},"uagb_featured_image_src":{"full":["https:\/\/promocaododia.com.br\/site\/wp-content\/uploads\/2021\/06\/camisola.jpg",600,600,false],"thumbnail":["https:\/\/promocaododia.com.br\/site\/wp-content\/uploads\/2021\/06\/camisola-150x150.jpg",150,150,true],"medium":["https:\/\/promocaododia.com.br\/site\/wp-content\/uploads\/2021\/06\/camisola-300x300.jpg",300,300,true],"medium_large":["https:\/\/promocaododia.com.br\/site\/wp-content\/uploads\/2021\/06\/camisola.jpg",600,600,false],"large":["https:\/\/promocaododia.com.br\/site\/wp-content\/uploads\/2021\/06\/camisola.jpg",600,600,false],"1536x1536":["https:\/\/promocaododia.com.br\/site\/wp-content\/uploads\/2021\/06\/camisola.jpg",600,600,false],"2048x2048":["https:\/\/promocaododia.com.br\/site\/wp-content\/uploads\/2021\/06\/camisola.jpg",600,600,false],"woocommerce_thumbnail":["https:\/\/promocaododia.com.br\/site\/wp-content\/uploads\/2021\/06\/camisola-250x250.jpg",250,250,true],"woocommerce_single":["https:\/\/promocaododia.com.br\/site\/wp-content\/uploads\/2021\/06\/camisola-250x250.jpg",250,250,true],"woocommerce_gallery_thumbnail":["https:\/\/promocaododia.com.br\/site\/wp-content\/uploads\/2021\/06\/camisola-100x100.jpg",100,100,true]},"uagb_author_info":{"display_name":"danilo.gbr","author_link":"https:\/\/promocaododia.com.br\/site\/author\/"},"uagb_comment_info":0,"uagb_excerpt":"Postado 14\/06\/2021 Kit com 2 Camisolas feminina confeccionada em tecido de viscose; TABELA DE MEDIDAS: CINTURA P 40\/42cm &#8211; M 44\/46cm &#8211; G 48\/50cm &#8211; GG 52\/54cm &#8212;&#8212;&#8212;&#8212;&#8211; QUADRIL: P 112\/114cm &#8211; M 116\/118cm &#8211; G 120\/122cm &#8211; GG 124\/126cm &#8212;&#8212;&#8212;&#8212;&#8211; COMPRIMENTO: P 85cm &#8211; M 87cm &#8211; G 89cm &#8211; GG 91cm &#8212;&#8212;&#8212;&#8212;&#8211; COMPRIMENTO&hellip;","_links":{"self":[{"href":"https:\/\/promocaododia.com.br\/site\/wp-json\/wp\/v2\/product\/217","targetHints":{"allow":["GET"]}}],"collection":[{"href":"https:\/\/promocaododia.com.br\/site\/wp-json\/wp\/v2\/product"}],"about":[{"href":"https:\/\/promocaododia.com.br\/site\/wp-json\/wp\/v2\/types\/product"}],"wp:featuredmedia":[{"embeddable":true,"href":"https:\/\/promocaododia.com.br\/site\/wp-json\/wp\/v2\/media\/219"}],"wp:attachment":[{"href":"https:\/\/promocaododia.com.br\/site\/wp-json\/wp\/v2\/media?parent=217"}],"wp:term":[{"taxonomy":"product_brand","embeddable":true,"href":"https:\/\/promocaododia.com.br\/site\/wp-json\/wp\/v2\/product_brand?post=217"},{"taxonomy":"product_cat","embeddable":true,"href":"https:\/\/promocaododia.com.br\/site\/wp-json\/wp\/v2\/product_cat?post=217"},{"taxonomy":"product_tag","embeddable":true,"href":"https:\/\/promocaododia.com.br\/site\/wp-json\/wp\/v2\/product_tag?post=217"}],"curies":[{"name":"wp","href":"https:\/\/api.w.org\/{rel}","templated":true}]}}