{"id":222,"date":"2021-06-14T09:08:59","date_gmt":"2021-06-14T12:08:59","guid":{"rendered":"https:\/\/promocaododia.com.br\/site\/?post_type=product&#038;p=222"},"modified":"2021-06-14T09:08:59","modified_gmt":"2021-06-14T12:08:59","slug":"tangshi-pantufas-de-massagem-para-homens-e-mulheres-chinelos-de-espuma-vinilica-acetinada-com-sola-grossa-antiderrapante-para-casa-e-banheiro","status":"publish","type":"product","link":"https:\/\/promocaododia.com.br\/site\/produto\/tangshi-pantufas-de-massagem-para-homens-e-mulheres-chinelos-de-espuma-vinilica-acetinada-com-sola-grossa-antiderrapante-para-casa-e-banheiro\/","title":{"rendered":"Tangshi Pantufas de massagem para homens e mulheres, chinelos de espuma vin\u00edlica acetinada com sola grossa antiderrapante para casa e banheiro"},"content":{"rendered":"<p>Postado 14\/06\/2021<\/p>\n<ul class=\"a-unordered-list a-vertical a-spacing-mini\">\n<li><span class=\"a-list-item\">\u3010Material macio e leve\u3011: material de EVA leve e dur\u00e1vel que oferece a melhor experi\u00eancia de uso confort\u00e1vel. O bico at\u00e9 a cauda \u00e9 ligeiramente virado para cima em 15\u00b0, o \u00e2ngulo de ajuste equilibra a press\u00e3o, design ergon\u00f4mico.<\/span><\/li>\n<li><span class=\"a-list-item\">\u3010Boa resili\u00eancia\u3011: os sapatos s\u00e3o macios e t\u00eam boa resili\u00eancia. Textura c\u00f4ncava convexa na sola, antiderrapante e resistente ao desgaste, para proteger voc\u00ea e sua fam\u00edlia.<\/span><\/li>\n<li><span class=\"a-list-item\">\u3010Pr\u00e1tica\u3011: Estilo conciso e design s\u00f3lido s\u00e3o adequados para uma variedade de ocasi\u00f5es. O material leve e dur\u00e1vel pode dobrar de forma flex\u00edvel e muito f\u00e1cil de limpar.<\/span><\/li>\n<li><span class=\"a-list-item\">\u3010Design antiderrapante\u3011: design de sola de chinelos com design em relevo em forma de diamante, excelente resist\u00eancia ao deslizamento, definitivamente adequado para uso no banheiro.<\/span><\/li>\n<li><span class=\"a-list-item\">\u3010Ampla ocasi\u00e3o\u3011: cor pura, o estilo casual \u00e9 bastante adequado para ambientes externos, internos e qualquer outra ocasi\u00e3o casual.<\/span><\/li>\n<\/ul>\n<p>A equipe Promo\u00e7\u00f5es do dia divulga produtos de nossos parceiros, sendo a venda e p\u00f3s venda de responsabilidade dos mesmos.<\/p>\n","protected":false},"excerpt":{"rendered":"<p>Postado 14\/06\/2021 \u3010Material macio e leve\u3011: material de EVA leve e dur\u00e1vel que oferece a melhor experi\u00eancia de uso confort\u00e1vel. O bico at\u00e9 a cauda \u00e9 ligeiramente virado para cima em 15\u00b0, o \u00e2ngulo de ajuste equilibra a press\u00e3o, design ergon\u00f4mico. \u3010Boa resili\u00eancia\u3011: os sapatos s\u00e3o macios e t\u00eam boa resili\u00eancia. Textura c\u00f4ncava convexa na sola, antiderrapante e resistente ao desgaste, para proteger voc\u00ea e sua fam\u00edlia. \u3010Pr\u00e1tica\u3011: Estilo conciso e design s\u00f3lido s\u00e3o adequados para uma variedade de ocasi\u00f5es. O material leve e dur\u00e1vel pode dobrar de forma flex\u00edvel e muito f\u00e1cil de limpar. \u3010Design antiderrapante\u3011: design de sola de chinelos com design em relevo em forma de diamante, excelente resist\u00eancia ao deslizamento, definitivamente adequado para uso no banheiro. \u3010Ampla ocasi\u00e3o\u3011: cor pura, o estilo casual \u00e9 bastante adequado para ambientes externos, internos e qualquer outra ocasi\u00e3o casual. A equipe Promo\u00e7\u00f5es do dia divulga produtos de nossos parceiros, sendo a venda e p\u00f3s venda de responsabilidade dos mesmos.<\/p>\n","protected":false},"featured_media":223,"template":"","meta":{"_uag_custom_page_level_css":"","site-sidebar-layout":"default","site-content-layout":"default","ast-site-content-layout":"default","site-content-style":"default","site-sidebar-style":"default","ast-global-header-display":"","ast-banner-title-visibility":"","ast-main-header-display":"","ast-hfb-above-header-display":"","ast-hfb-below-header-display":"","ast-hfb-mobile-header-display":"","site-post-title":"","ast-breadcrumbs-content":"","ast-featured-img":"","footer-sml-layout":"","theme-transparent-header-meta":"default","adv-header-id-meta":"","stick-header-meta":"","header-above-stick-meta":"","header-main-stick-meta":"","header-below-stick-meta":"","astra-migrate-meta-layouts":"default","ast-page-background-enabled":"default","ast-page-background-meta":{"desktop":{"background-color":"","background-image":"","background-repeat":"repeat","background-position":"center center","background-size":"auto","background-attachment":"scroll","background-type":"","background-media":"","overlay-type":"","overlay-color":"","overlay-opacity":"","overlay-gradient":""},"tablet":{"background-color":"","background-image":"","background-repeat":"repeat","background-position":"center center","background-size":"auto","background-attachment":"scroll","background-type":"","background-media":"","overlay-type":"","overlay-color":"","overlay-opacity":"","overlay-gradient":""},"mobile":{"background-color":"","background-image":"","background-repeat":"repeat","background-position":"center center","background-size":"auto","background-attachment":"scroll","background-type":"","background-media":"","overlay-type":"","overlay-color":"","overlay-opacity":"","overlay-gradient":""}},"ast-content-background-meta":{"desktop":{"background-color":"var(--ast-global-color-5)","background-image":"","background-repeat":"repeat","background-position":"center center","background-size":"auto","background-attachment":"scroll","background-type":"","background-media":"","overlay-type":"","overlay-color":"","overlay-opacity":"","overlay-gradient":""},"tablet":{"background-color":"var(--ast-global-color-5)","background-image":"","background-repeat":"repeat","background-position":"center center","background-size":"auto","background-attachment":"scroll","background-type":"","background-media":"","overlay-type":"","overlay-color":"","overlay-opacity":"","overlay-gradient":""},"mobile":{"background-color":"var(--ast-global-color-5)","background-image":"","background-repeat":"repeat","background-position":"center center","background-size":"auto","background-attachment":"scroll","background-type":"","background-media":"","overlay-type":"","overlay-color":"","overlay-opacity":"","overlay-gradient":""}}},"product_brand":[],"product_cat":[58,30],"product_tag":[],"class_list":{"0":"post-222","1":"product","2":"type-product","3":"status-publish","4":"has-post-thumbnail","6":"product_cat-feminina","7":"product_cat-moda","8":"desktop-align-center","9":"tablet-align-left","10":"mobile-align-center","12":"first","13":"instock","14":"sale","15":"shipping-taxable","16":"product-type-external"},"uagb_featured_image_src":{"full":["https:\/\/promocaododia.com.br\/site\/wp-content\/uploads\/2021\/06\/chinelo2.jpg",600,600,false],"thumbnail":["https:\/\/promocaododia.com.br\/site\/wp-content\/uploads\/2021\/06\/chinelo2-150x150.jpg",150,150,true],"medium":["https:\/\/promocaododia.com.br\/site\/wp-content\/uploads\/2021\/06\/chinelo2-300x300.jpg",300,300,true],"medium_large":["https:\/\/promocaododia.com.br\/site\/wp-content\/uploads\/2021\/06\/chinelo2.jpg",600,600,false],"large":["https:\/\/promocaododia.com.br\/site\/wp-content\/uploads\/2021\/06\/chinelo2.jpg",600,600,false],"1536x1536":["https:\/\/promocaododia.com.br\/site\/wp-content\/uploads\/2021\/06\/chinelo2.jpg",600,600,false],"2048x2048":["https:\/\/promocaododia.com.br\/site\/wp-content\/uploads\/2021\/06\/chinelo2.jpg",600,600,false],"woocommerce_thumbnail":["https:\/\/promocaododia.com.br\/site\/wp-content\/uploads\/2021\/06\/chinelo2-250x250.jpg",250,250,true],"woocommerce_single":["https:\/\/promocaododia.com.br\/site\/wp-content\/uploads\/2021\/06\/chinelo2-250x250.jpg",250,250,true],"woocommerce_gallery_thumbnail":["https:\/\/promocaododia.com.br\/site\/wp-content\/uploads\/2021\/06\/chinelo2-100x100.jpg",100,100,true]},"uagb_author_info":{"display_name":"danilo.gbr","author_link":"https:\/\/promocaododia.com.br\/site\/author\/"},"uagb_comment_info":0,"uagb_excerpt":"Postado 14\/06\/2021 \u3010Material macio e leve\u3011: material de EVA leve e dur\u00e1vel que oferece a melhor experi\u00eancia de uso confort\u00e1vel. O bico at\u00e9 a cauda \u00e9 ligeiramente virado para cima em 15\u00b0, o \u00e2ngulo de ajuste equilibra a press\u00e3o, design ergon\u00f4mico. \u3010Boa resili\u00eancia\u3011: os sapatos s\u00e3o macios e t\u00eam boa resili\u00eancia. Textura c\u00f4ncava convexa na&hellip;","_links":{"self":[{"href":"https:\/\/promocaododia.com.br\/site\/wp-json\/wp\/v2\/product\/222","targetHints":{"allow":["GET"]}}],"collection":[{"href":"https:\/\/promocaododia.com.br\/site\/wp-json\/wp\/v2\/product"}],"about":[{"href":"https:\/\/promocaododia.com.br\/site\/wp-json\/wp\/v2\/types\/product"}],"wp:featuredmedia":[{"embeddable":true,"href":"https:\/\/promocaododia.com.br\/site\/wp-json\/wp\/v2\/media\/223"}],"wp:attachment":[{"href":"https:\/\/promocaododia.com.br\/site\/wp-json\/wp\/v2\/media?parent=222"}],"wp:term":[{"taxonomy":"product_brand","embeddable":true,"href":"https:\/\/promocaododia.com.br\/site\/wp-json\/wp\/v2\/product_brand?post=222"},{"taxonomy":"product_cat","embeddable":true,"href":"https:\/\/promocaododia.com.br\/site\/wp-json\/wp\/v2\/product_cat?post=222"},{"taxonomy":"product_tag","embeddable":true,"href":"https:\/\/promocaododia.com.br\/site\/wp-json\/wp\/v2\/product_tag?post=222"}],"curies":[{"name":"wp","href":"https:\/\/api.w.org\/{rel}","templated":true}]}}