{"id":230,"date":"2021-06-14T09:51:29","date_gmt":"2021-06-14T12:51:29","guid":{"rendered":"https:\/\/promocaododia.com.br\/site\/?post_type=product&#038;p=230"},"modified":"2021-06-14T09:51:29","modified_gmt":"2021-06-14T12:51:29","slug":"fralda-pompom-protek-protecao-de-mae-sxg-jumbinho-pacote-de-10","status":"publish","type":"product","link":"https:\/\/promocaododia.com.br\/site\/produto\/fralda-pompom-protek-protecao-de-mae-sxg-jumbinho-pacote-de-10\/","title":{"rendered":"Fralda PomPom Protek Prote\u00e7\u00e3o de M\u00e3e, SXG, Jumbinho, pacote de 10"},"content":{"rendered":"<p>Postado 14\/06\/2021<\/p>\n<ul class=\"a-unordered-list a-vertical a-spacing-mini\">\n<li><span class=\"a-list-item\">Canais super absorventes possibilitam uma absor\u00e7\u00e3o 2 vezes mais r\u00e1pida. Agora, seu beb\u00ea fica sequinho o tempo todo!<\/span><\/li>\n<li><span class=\"a-list-item\">Nova orelha el\u00e1stica proporcionando mais conforto e melhor ajuste na cinturinha do beb\u00ea.<\/span><\/li>\n<li><span class=\"a-list-item\">Nova tecnologia ComfortFit deixando a fralda 4% mais fina, evitando que pese e caia.<\/span><\/li>\n<li><span class=\"a-list-item\">Mais Gel que absorve o xixi por at\u00e9 12 horas, evitando o retorno do l\u00edquido para a pele do beb\u00ea.<\/span><\/li>\n<li><span class=\"a-list-item\">Uma estampa divertida para cada tamanho!<\/span><\/li>\n<li><span class=\"a-list-item\">Cobertura externa macia e confort\u00e1vel como um tecido<\/span><\/li>\n<\/ul>\n<p>A equipe Promo\u00e7\u00f5es do dia divulga produtos de nossos parceiros, sendo a venda e p\u00f3s venda de responsabilidade dos mesmos.<\/p>\n","protected":false},"excerpt":{"rendered":"<p>Postado 14\/06\/2021 Canais super absorventes possibilitam uma absor\u00e7\u00e3o 2 vezes mais r\u00e1pida. Agora, seu beb\u00ea fica sequinho o tempo todo! Nova orelha el\u00e1stica proporcionando mais conforto e melhor ajuste na cinturinha do beb\u00ea. Nova tecnologia ComfortFit deixando a fralda 4% mais fina, evitando que pese e caia. Mais Gel que absorve o xixi por at\u00e9 12 horas, evitando o retorno do l\u00edquido para a pele do beb\u00ea. Uma estampa divertida para cada tamanho! Cobertura externa macia e confort\u00e1vel como um tecido A equipe Promo\u00e7\u00f5es do dia divulga produtos de nossos parceiros, sendo a venda e p\u00f3s venda de responsabilidade dos mesmos.<\/p>\n","protected":false},"featured_media":231,"template":"","meta":{"_uag_custom_page_level_css":"","site-sidebar-layout":"default","site-content-layout":"default","ast-site-content-layout":"default","site-content-style":"default","site-sidebar-style":"default","ast-global-header-display":"","ast-banner-title-visibility":"","ast-main-header-display":"","ast-hfb-above-header-display":"","ast-hfb-below-header-display":"","ast-hfb-mobile-header-display":"","site-post-title":"","ast-breadcrumbs-content":"","ast-featured-img":"","footer-sml-layout":"","theme-transparent-header-meta":"default","adv-header-id-meta":"","stick-header-meta":"","header-above-stick-meta":"","header-main-stick-meta":"","header-below-stick-meta":"","astra-migrate-meta-layouts":"default","ast-page-background-enabled":"default","ast-page-background-meta":{"desktop":{"background-color":"","background-image":"","background-repeat":"repeat","background-position":"center center","background-size":"auto","background-attachment":"scroll","background-type":"","background-media":"","overlay-type":"","overlay-color":"","overlay-opacity":"","overlay-gradient":""},"tablet":{"background-color":"","background-image":"","background-repeat":"repeat","background-position":"center center","background-size":"auto","background-attachment":"scroll","background-type":"","background-media":"","overlay-type":"","overlay-color":"","overlay-opacity":"","overlay-gradient":""},"mobile":{"background-color":"","background-image":"","background-repeat":"repeat","background-position":"center center","background-size":"auto","background-attachment":"scroll","background-type":"","background-media":"","overlay-type":"","overlay-color":"","overlay-opacity":"","overlay-gradient":""}},"ast-content-background-meta":{"desktop":{"background-color":"var(--ast-global-color-5)","background-image":"","background-repeat":"repeat","background-position":"center center","background-size":"auto","background-attachment":"scroll","background-type":"","background-media":"","overlay-type":"","overlay-color":"","overlay-opacity":"","overlay-gradient":""},"tablet":{"background-color":"var(--ast-global-color-5)","background-image":"","background-repeat":"repeat","background-position":"center center","background-size":"auto","background-attachment":"scroll","background-type":"","background-media":"","overlay-type":"","overlay-color":"","overlay-opacity":"","overlay-gradient":""},"mobile":{"background-color":"var(--ast-global-color-5)","background-image":"","background-repeat":"repeat","background-position":"center center","background-size":"auto","background-attachment":"scroll","background-type":"","background-media":"","overlay-type":"","overlay-color":"","overlay-opacity":"","overlay-gradient":""}}},"product_brand":[],"product_cat":[54],"product_tag":[],"class_list":{"0":"post-230","1":"product","2":"type-product","3":"status-publish","4":"has-post-thumbnail","6":"product_cat-bebe","7":"desktop-align-center","8":"tablet-align-left","9":"mobile-align-center","11":"first","12":"instock","13":"sale","14":"shipping-taxable","15":"product-type-external"},"uagb_featured_image_src":{"full":["https:\/\/promocaododia.com.br\/site\/wp-content\/uploads\/2021\/06\/fralda.jpg",600,600,false],"thumbnail":["https:\/\/promocaododia.com.br\/site\/wp-content\/uploads\/2021\/06\/fralda-150x150.jpg",150,150,true],"medium":["https:\/\/promocaododia.com.br\/site\/wp-content\/uploads\/2021\/06\/fralda-300x300.jpg",300,300,true],"medium_large":["https:\/\/promocaododia.com.br\/site\/wp-content\/uploads\/2021\/06\/fralda.jpg",600,600,false],"large":["https:\/\/promocaododia.com.br\/site\/wp-content\/uploads\/2021\/06\/fralda.jpg",600,600,false],"1536x1536":["https:\/\/promocaododia.com.br\/site\/wp-content\/uploads\/2021\/06\/fralda.jpg",600,600,false],"2048x2048":["https:\/\/promocaododia.com.br\/site\/wp-content\/uploads\/2021\/06\/fralda.jpg",600,600,false],"woocommerce_thumbnail":["https:\/\/promocaododia.com.br\/site\/wp-content\/uploads\/2021\/06\/fralda-250x250.jpg",250,250,true],"woocommerce_single":["https:\/\/promocaododia.com.br\/site\/wp-content\/uploads\/2021\/06\/fralda-250x250.jpg",250,250,true],"woocommerce_gallery_thumbnail":["https:\/\/promocaododia.com.br\/site\/wp-content\/uploads\/2021\/06\/fralda-100x100.jpg",100,100,true]},"uagb_author_info":{"display_name":"danilo.gbr","author_link":"https:\/\/promocaododia.com.br\/site\/author\/"},"uagb_comment_info":0,"uagb_excerpt":"Postado 14\/06\/2021 Canais super absorventes possibilitam uma absor\u00e7\u00e3o 2 vezes mais r\u00e1pida. Agora, seu beb\u00ea fica sequinho o tempo todo! Nova orelha el\u00e1stica proporcionando mais conforto e melhor ajuste na cinturinha do beb\u00ea. Nova tecnologia ComfortFit deixando a fralda 4% mais fina, evitando que pese e caia. Mais Gel que absorve o xixi por at\u00e9&hellip;","_links":{"self":[{"href":"https:\/\/promocaododia.com.br\/site\/wp-json\/wp\/v2\/product\/230","targetHints":{"allow":["GET"]}}],"collection":[{"href":"https:\/\/promocaododia.com.br\/site\/wp-json\/wp\/v2\/product"}],"about":[{"href":"https:\/\/promocaododia.com.br\/site\/wp-json\/wp\/v2\/types\/product"}],"wp:featuredmedia":[{"embeddable":true,"href":"https:\/\/promocaododia.com.br\/site\/wp-json\/wp\/v2\/media\/231"}],"wp:attachment":[{"href":"https:\/\/promocaododia.com.br\/site\/wp-json\/wp\/v2\/media?parent=230"}],"wp:term":[{"taxonomy":"product_brand","embeddable":true,"href":"https:\/\/promocaododia.com.br\/site\/wp-json\/wp\/v2\/product_brand?post=230"},{"taxonomy":"product_cat","embeddable":true,"href":"https:\/\/promocaododia.com.br\/site\/wp-json\/wp\/v2\/product_cat?post=230"},{"taxonomy":"product_tag","embeddable":true,"href":"https:\/\/promocaododia.com.br\/site\/wp-json\/wp\/v2\/product_tag?post=230"}],"curies":[{"name":"wp","href":"https:\/\/api.w.org\/{rel}","templated":true}]}}