{"id":242,"date":"2021-06-15T00:21:45","date_gmt":"2021-06-15T03:21:45","guid":{"rendered":"https:\/\/promocaododia.com.br\/site\/?post_type=product&#038;p=242"},"modified":"2021-06-15T00:21:45","modified_gmt":"2021-06-15T03:21:45","slug":"cadeira-de-refeicao-feed-safety-1st-pink-sky","status":"publish","type":"product","link":"https:\/\/promocaododia.com.br\/site\/produto\/cadeira-de-refeicao-feed-safety-1st-pink-sky\/","title":{"rendered":"Cadeira de Refei\u00e7\u00e3o Feed, Safety 1st, Pink Sky"},"content":{"rendered":"<p>Postado 15\/06\/2021<\/p>\n<ul class=\"a-unordered-list a-vertical a-spacing-mini\">\n<li><span class=\"a-list-item\">7 posi\u00e7\u00f5es de altura<\/span><\/li>\n<li><span class=\"a-list-item\">3 op\u00e7\u00f5es de inclina\u00e7\u00e3o para o encosto e apoio para os p\u00e9s<\/span><\/li>\n<li><span class=\"a-list-item\">Bandeja dupla com porta-copos e 3 posi\u00e7\u00f5es de dist\u00e2ncia<\/span><\/li>\n<li><span class=\"a-list-item\">Fica em p\u00e9 quando fechada<\/span><\/li>\n<li><span class=\"a-list-item\">Cinto de seguran\u00e7a com 5 pontas, com altura ajust\u00e1vel e prote\u00e7\u00e3o entre pernas<\/span><\/li>\n<li><span class=\"a-list-item\">Componentes inclu\u00eddos: 1 cadeira de refei\u00e7\u00e3o, 1 manual de instru\u00e7\u00f5es<\/span><\/li>\n<li><span class=\"a-list-item\">Altura: 104 cm<\/span><\/li>\n<\/ul>\n<p>A equipe Promo\u00e7\u00f5es do dia divulga produtos de nossos parceiros, sendo a venda e p\u00f3s venda de responsabilidade dos mesmos.<\/p>\n","protected":false},"excerpt":{"rendered":"<p>Postado 15\/06\/2021 7 posi\u00e7\u00f5es de altura 3 op\u00e7\u00f5es de inclina\u00e7\u00e3o para o encosto e apoio para os p\u00e9s Bandeja dupla com porta-copos e 3 posi\u00e7\u00f5es de dist\u00e2ncia Fica em p\u00e9 quando fechada Cinto de seguran\u00e7a com 5 pontas, com altura ajust\u00e1vel e prote\u00e7\u00e3o entre pernas Componentes inclu\u00eddos: 1 cadeira de refei\u00e7\u00e3o, 1 manual de instru\u00e7\u00f5es Altura: 104 cm A equipe Promo\u00e7\u00f5es do dia divulga produtos de nossos parceiros, sendo a venda e p\u00f3s venda de responsabilidade dos mesmos.<\/p>\n","protected":false},"featured_media":243,"template":"","meta":{"_uag_custom_page_level_css":"","site-sidebar-layout":"default","site-content-layout":"default","ast-site-content-layout":"default","site-content-style":"default","site-sidebar-style":"default","ast-global-header-display":"","ast-banner-title-visibility":"","ast-main-header-display":"","ast-hfb-above-header-display":"","ast-hfb-below-header-display":"","ast-hfb-mobile-header-display":"","site-post-title":"","ast-breadcrumbs-content":"","ast-featured-img":"","footer-sml-layout":"","theme-transparent-header-meta":"default","adv-header-id-meta":"","stick-header-meta":"","header-above-stick-meta":"","header-main-stick-meta":"","header-below-stick-meta":"","astra-migrate-meta-layouts":"default","ast-page-background-enabled":"default","ast-page-background-meta":{"desktop":{"background-color":"","background-image":"","background-repeat":"repeat","background-position":"center center","background-size":"auto","background-attachment":"scroll","background-type":"","background-media":"","overlay-type":"","overlay-color":"","overlay-opacity":"","overlay-gradient":""},"tablet":{"background-color":"","background-image":"","background-repeat":"repeat","background-position":"center center","background-size":"auto","background-attachment":"scroll","background-type":"","background-media":"","overlay-type":"","overlay-color":"","overlay-opacity":"","overlay-gradient":""},"mobile":{"background-color":"","background-image":"","background-repeat":"repeat","background-position":"center center","background-size":"auto","background-attachment":"scroll","background-type":"","background-media":"","overlay-type":"","overlay-color":"","overlay-opacity":"","overlay-gradient":""}},"ast-content-background-meta":{"desktop":{"background-color":"var(--ast-global-color-5)","background-image":"","background-repeat":"repeat","background-position":"center center","background-size":"auto","background-attachment":"scroll","background-type":"","background-media":"","overlay-type":"","overlay-color":"","overlay-opacity":"","overlay-gradient":""},"tablet":{"background-color":"var(--ast-global-color-5)","background-image":"","background-repeat":"repeat","background-position":"center center","background-size":"auto","background-attachment":"scroll","background-type":"","background-media":"","overlay-type":"","overlay-color":"","overlay-opacity":"","overlay-gradient":""},"mobile":{"background-color":"var(--ast-global-color-5)","background-image":"","background-repeat":"repeat","background-position":"center center","background-size":"auto","background-attachment":"scroll","background-type":"","background-media":"","overlay-type":"","overlay-color":"","overlay-opacity":"","overlay-gradient":""}}},"product_brand":[],"product_cat":[54],"product_tag":[],"class_list":{"0":"post-242","1":"product","2":"type-product","3":"status-publish","4":"has-post-thumbnail","6":"product_cat-bebe","7":"desktop-align-center","8":"tablet-align-left","9":"mobile-align-center","11":"first","12":"instock","13":"sale","14":"shipping-taxable","15":"product-type-external"},"uagb_featured_image_src":{"full":["https:\/\/promocaododia.com.br\/site\/wp-content\/uploads\/2021\/06\/Cadeira-de-Refeicao-Feed-Safety-1st-Pink-Sky.jpg",600,600,false],"thumbnail":["https:\/\/promocaododia.com.br\/site\/wp-content\/uploads\/2021\/06\/Cadeira-de-Refeicao-Feed-Safety-1st-Pink-Sky-150x150.jpg",150,150,true],"medium":["https:\/\/promocaododia.com.br\/site\/wp-content\/uploads\/2021\/06\/Cadeira-de-Refeicao-Feed-Safety-1st-Pink-Sky-300x300.jpg",300,300,true],"medium_large":["https:\/\/promocaododia.com.br\/site\/wp-content\/uploads\/2021\/06\/Cadeira-de-Refeicao-Feed-Safety-1st-Pink-Sky.jpg",600,600,false],"large":["https:\/\/promocaododia.com.br\/site\/wp-content\/uploads\/2021\/06\/Cadeira-de-Refeicao-Feed-Safety-1st-Pink-Sky.jpg",600,600,false],"1536x1536":["https:\/\/promocaododia.com.br\/site\/wp-content\/uploads\/2021\/06\/Cadeira-de-Refeicao-Feed-Safety-1st-Pink-Sky.jpg",600,600,false],"2048x2048":["https:\/\/promocaododia.com.br\/site\/wp-content\/uploads\/2021\/06\/Cadeira-de-Refeicao-Feed-Safety-1st-Pink-Sky.jpg",600,600,false],"woocommerce_thumbnail":["https:\/\/promocaododia.com.br\/site\/wp-content\/uploads\/2021\/06\/Cadeira-de-Refeicao-Feed-Safety-1st-Pink-Sky-250x250.jpg",250,250,true],"woocommerce_single":["https:\/\/promocaododia.com.br\/site\/wp-content\/uploads\/2021\/06\/Cadeira-de-Refeicao-Feed-Safety-1st-Pink-Sky-250x250.jpg",250,250,true],"woocommerce_gallery_thumbnail":["https:\/\/promocaododia.com.br\/site\/wp-content\/uploads\/2021\/06\/Cadeira-de-Refeicao-Feed-Safety-1st-Pink-Sky-100x100.jpg",100,100,true]},"uagb_author_info":{"display_name":"danilo.gbr","author_link":"https:\/\/promocaododia.com.br\/site\/author\/"},"uagb_comment_info":0,"uagb_excerpt":"Postado 15\/06\/2021 7 posi\u00e7\u00f5es de altura 3 op\u00e7\u00f5es de inclina\u00e7\u00e3o para o encosto e apoio para os p\u00e9s Bandeja dupla com porta-copos e 3 posi\u00e7\u00f5es de dist\u00e2ncia Fica em p\u00e9 quando fechada Cinto de seguran\u00e7a com 5 pontas, com altura ajust\u00e1vel e prote\u00e7\u00e3o entre pernas Componentes inclu\u00eddos: 1 cadeira de refei\u00e7\u00e3o, 1 manual de instru\u00e7\u00f5es&hellip;","_links":{"self":[{"href":"https:\/\/promocaododia.com.br\/site\/wp-json\/wp\/v2\/product\/242","targetHints":{"allow":["GET"]}}],"collection":[{"href":"https:\/\/promocaododia.com.br\/site\/wp-json\/wp\/v2\/product"}],"about":[{"href":"https:\/\/promocaododia.com.br\/site\/wp-json\/wp\/v2\/types\/product"}],"wp:featuredmedia":[{"embeddable":true,"href":"https:\/\/promocaododia.com.br\/site\/wp-json\/wp\/v2\/media\/243"}],"wp:attachment":[{"href":"https:\/\/promocaododia.com.br\/site\/wp-json\/wp\/v2\/media?parent=242"}],"wp:term":[{"taxonomy":"product_brand","embeddable":true,"href":"https:\/\/promocaododia.com.br\/site\/wp-json\/wp\/v2\/product_brand?post=242"},{"taxonomy":"product_cat","embeddable":true,"href":"https:\/\/promocaododia.com.br\/site\/wp-json\/wp\/v2\/product_cat?post=242"},{"taxonomy":"product_tag","embeddable":true,"href":"https:\/\/promocaododia.com.br\/site\/wp-json\/wp\/v2\/product_tag?post=242"}],"curies":[{"name":"wp","href":"https:\/\/api.w.org\/{rel}","templated":true}]}}