{"id":245,"date":"2021-06-15T00:26:03","date_gmt":"2021-06-15T03:26:03","guid":{"rendered":"https:\/\/promocaododia.com.br\/site\/?post_type=product&#038;p=245"},"modified":"2021-06-15T00:26:04","modified_gmt":"2021-06-15T03:26:04","slug":"box-arsene-lupin-vol-i-7-livros-marcador-de-paginas-exclusivo","status":"publish","type":"product","link":"https:\/\/promocaododia.com.br\/site\/produto\/box-arsene-lupin-vol-i-7-livros-marcador-de-paginas-exclusivo\/","title":{"rendered":"Box Ars\u00e8ne Lupin Vol. I &#8211; 7 Livros + Marcador De P\u00e1ginas Exclusivo"},"content":{"rendered":"<p>Postado 15\/06\/2021<\/p>\n<p>Box Ars\u00e8ne Lupin Volume I &#8211; Neste box exclusivo est\u00e3o reunidas as sete primeiras obras lan\u00e7adas originalmente por Maurice Leblanc sobre um envolvente, perspicaz e talentoso ladr\u00e3o, Ars\u00e8ne Lupin! Personagem da fic\u00e7\u00e3o francesa, Ars\u00e8ne Lupin \u00e9 conhecido por seu talento em usar disfarces e mudar de identidade para cometer seus crimes. Aventure-se com ele e outros personagens nesta colet\u00e2nea exclusiva composta por tr\u00eas volumes, lan\u00e7adas cronologicamente de acordo com as publica\u00e7\u00f5es de seu autor Maurice Leblanc. O volume I \u00e9 composto pelos livros: (1)Ars\u00e8ne Lupin, o ladr\u00e3o de casaca, (2)Ars\u00e8ne Lupin contra Herlock Sholmes, (3)Ars\u00e8ne Lupin e a agulha oca, (4)Ars\u00e8ne Lupin e a rolha de cristal, (5)As confiss\u00f5es de Ars\u00e8ne Lupin, (6)Ars\u00e8ne Lupin e o estilha\u00e7o de obus, (7)Ars\u00e8ne Lupin e o tri\u00e2ngulo de ouro e um marcador de p\u00e1gina exclusivo.<\/p>\n<p>A equipe Promo\u00e7\u00f5es do dia divulga produtos de nossos parceiros, sendo a venda e p\u00f3s venda de responsabilidade dos mesmos.<\/p>\n","protected":false},"excerpt":{"rendered":"<p>Postado 15\/06\/2021 Box Ars\u00e8ne Lupin Volume I &#8211; Neste box exclusivo est\u00e3o reunidas as sete primeiras obras lan\u00e7adas originalmente por Maurice Leblanc sobre um envolvente, perspicaz e talentoso ladr\u00e3o, Ars\u00e8ne Lupin! Personagem da fic\u00e7\u00e3o francesa, Ars\u00e8ne Lupin \u00e9 conhecido por seu talento em usar disfarces e mudar de identidade para cometer seus crimes. Aventure-se com ele e outros personagens nesta colet\u00e2nea exclusiva composta por tr\u00eas volumes, lan\u00e7adas cronologicamente de acordo com as publica\u00e7\u00f5es de seu autor Maurice Leblanc. O volume I \u00e9 composto pelos livros: (1)Ars\u00e8ne Lupin, o ladr\u00e3o de casaca, (2)Ars\u00e8ne Lupin contra Herlock Sholmes, (3)Ars\u00e8ne Lupin e a agulha oca, (4)Ars\u00e8ne Lupin e a rolha de cristal, (5)As confiss\u00f5es de Ars\u00e8ne Lupin, (6)Ars\u00e8ne Lupin e o estilha\u00e7o de obus, (7)Ars\u00e8ne Lupin e o tri\u00e2ngulo de ouro e um marcador de p\u00e1gina exclusivo. A equipe Promo\u00e7\u00f5es do dia divulga produtos de nossos parceiros, sendo a venda e p\u00f3s venda de responsabilidade dos mesmos.<\/p>\n","protected":false},"featured_media":246,"template":"","meta":{"_uag_custom_page_level_css":"","site-sidebar-layout":"default","site-content-layout":"default","ast-site-content-layout":"default","site-content-style":"default","site-sidebar-style":"default","ast-global-header-display":"","ast-banner-title-visibility":"","ast-main-header-display":"","ast-hfb-above-header-display":"","ast-hfb-below-header-display":"","ast-hfb-mobile-header-display":"","site-post-title":"","ast-breadcrumbs-content":"","ast-featured-img":"","footer-sml-layout":"","theme-transparent-header-meta":"default","adv-header-id-meta":"","stick-header-meta":"","header-above-stick-meta":"","header-main-stick-meta":"","header-below-stick-meta":"","astra-migrate-meta-layouts":"default","ast-page-background-enabled":"default","ast-page-background-meta":{"desktop":{"background-color":"","background-image":"","background-repeat":"repeat","background-position":"center center","background-size":"auto","background-attachment":"scroll","background-type":"","background-media":"","overlay-type":"","overlay-color":"","overlay-opacity":"","overlay-gradient":""},"tablet":{"background-color":"","background-image":"","background-repeat":"repeat","background-position":"center center","background-size":"auto","background-attachment":"scroll","background-type":"","background-media":"","overlay-type":"","overlay-color":"","overlay-opacity":"","overlay-gradient":""},"mobile":{"background-color":"","background-image":"","background-repeat":"repeat","background-position":"center center","background-size":"auto","background-attachment":"scroll","background-type":"","background-media":"","overlay-type":"","overlay-color":"","overlay-opacity":"","overlay-gradient":""}},"ast-content-background-meta":{"desktop":{"background-color":"var(--ast-global-color-5)","background-image":"","background-repeat":"repeat","background-position":"center center","background-size":"auto","background-attachment":"scroll","background-type":"","background-media":"","overlay-type":"","overlay-color":"","overlay-opacity":"","overlay-gradient":""},"tablet":{"background-color":"var(--ast-global-color-5)","background-image":"","background-repeat":"repeat","background-position":"center center","background-size":"auto","background-attachment":"scroll","background-type":"","background-media":"","overlay-type":"","overlay-color":"","overlay-opacity":"","overlay-gradient":""},"mobile":{"background-color":"var(--ast-global-color-5)","background-image":"","background-repeat":"repeat","background-position":"center center","background-size":"auto","background-attachment":"scroll","background-type":"","background-media":"","overlay-type":"","overlay-color":"","overlay-opacity":"","overlay-gradient":""}}},"product_brand":[],"product_cat":[60],"product_tag":[],"class_list":{"0":"post-245","1":"product","2":"type-product","3":"status-publish","4":"has-post-thumbnail","6":"product_cat-livraria","7":"desktop-align-center","8":"tablet-align-left","9":"mobile-align-center","11":"first","12":"instock","13":"sale","14":"shipping-taxable","15":"product-type-external"},"uagb_featured_image_src":{"full":["https:\/\/promocaododia.com.br\/site\/wp-content\/uploads\/2021\/06\/Box-Arsene-Lupin-Vol.-I-7-Livros-Marcador-De-Paginas-Exclusivo.jpg",600,600,false],"thumbnail":["https:\/\/promocaododia.com.br\/site\/wp-content\/uploads\/2021\/06\/Box-Arsene-Lupin-Vol.-I-7-Livros-Marcador-De-Paginas-Exclusivo-150x150.jpg",150,150,true],"medium":["https:\/\/promocaododia.com.br\/site\/wp-content\/uploads\/2021\/06\/Box-Arsene-Lupin-Vol.-I-7-Livros-Marcador-De-Paginas-Exclusivo-300x300.jpg",300,300,true],"medium_large":["https:\/\/promocaododia.com.br\/site\/wp-content\/uploads\/2021\/06\/Box-Arsene-Lupin-Vol.-I-7-Livros-Marcador-De-Paginas-Exclusivo.jpg",600,600,false],"large":["https:\/\/promocaododia.com.br\/site\/wp-content\/uploads\/2021\/06\/Box-Arsene-Lupin-Vol.-I-7-Livros-Marcador-De-Paginas-Exclusivo.jpg",600,600,false],"1536x1536":["https:\/\/promocaododia.com.br\/site\/wp-content\/uploads\/2021\/06\/Box-Arsene-Lupin-Vol.-I-7-Livros-Marcador-De-Paginas-Exclusivo.jpg",600,600,false],"2048x2048":["https:\/\/promocaododia.com.br\/site\/wp-content\/uploads\/2021\/06\/Box-Arsene-Lupin-Vol.-I-7-Livros-Marcador-De-Paginas-Exclusivo.jpg",600,600,false],"woocommerce_thumbnail":["https:\/\/promocaododia.com.br\/site\/wp-content\/uploads\/2021\/06\/Box-Arsene-Lupin-Vol.-I-7-Livros-Marcador-De-Paginas-Exclusivo-250x250.jpg",250,250,true],"woocommerce_single":["https:\/\/promocaododia.com.br\/site\/wp-content\/uploads\/2021\/06\/Box-Arsene-Lupin-Vol.-I-7-Livros-Marcador-De-Paginas-Exclusivo-250x250.jpg",250,250,true],"woocommerce_gallery_thumbnail":["https:\/\/promocaododia.com.br\/site\/wp-content\/uploads\/2021\/06\/Box-Arsene-Lupin-Vol.-I-7-Livros-Marcador-De-Paginas-Exclusivo-100x100.jpg",100,100,true]},"uagb_author_info":{"display_name":"danilo.gbr","author_link":"https:\/\/promocaododia.com.br\/site\/author\/"},"uagb_comment_info":0,"uagb_excerpt":"Postado 15\/06\/2021 Box Ars\u00e8ne Lupin Volume I &#8211; Neste box exclusivo est\u00e3o reunidas as sete primeiras obras lan\u00e7adas originalmente por Maurice Leblanc sobre um envolvente, perspicaz e talentoso ladr\u00e3o, Ars\u00e8ne Lupin! Personagem da fic\u00e7\u00e3o francesa, Ars\u00e8ne Lupin \u00e9 conhecido por seu talento em usar disfarces e mudar de identidade para cometer seus crimes. Aventure-se com&hellip;","_links":{"self":[{"href":"https:\/\/promocaododia.com.br\/site\/wp-json\/wp\/v2\/product\/245","targetHints":{"allow":["GET"]}}],"collection":[{"href":"https:\/\/promocaododia.com.br\/site\/wp-json\/wp\/v2\/product"}],"about":[{"href":"https:\/\/promocaododia.com.br\/site\/wp-json\/wp\/v2\/types\/product"}],"wp:featuredmedia":[{"embeddable":true,"href":"https:\/\/promocaododia.com.br\/site\/wp-json\/wp\/v2\/media\/246"}],"wp:attachment":[{"href":"https:\/\/promocaododia.com.br\/site\/wp-json\/wp\/v2\/media?parent=245"}],"wp:term":[{"taxonomy":"product_brand","embeddable":true,"href":"https:\/\/promocaododia.com.br\/site\/wp-json\/wp\/v2\/product_brand?post=245"},{"taxonomy":"product_cat","embeddable":true,"href":"https:\/\/promocaododia.com.br\/site\/wp-json\/wp\/v2\/product_cat?post=245"},{"taxonomy":"product_tag","embeddable":true,"href":"https:\/\/promocaododia.com.br\/site\/wp-json\/wp\/v2\/product_tag?post=245"}],"curies":[{"name":"wp","href":"https:\/\/api.w.org\/{rel}","templated":true}]}}