{"id":251,"date":"2021-06-15T00:37:33","date_gmt":"2021-06-15T03:37:33","guid":{"rendered":"https:\/\/promocaododia.com.br\/site\/?post_type=product&#038;p=251"},"modified":"2021-06-15T00:37:33","modified_gmt":"2021-06-15T03:37:33","slug":"tenis-fila-classic-court-feminino","status":"publish","type":"product","link":"https:\/\/promocaododia.com.br\/site\/produto\/tenis-fila-classic-court-feminino\/","title":{"rendered":"T\u00eanis Fila Classic Court, Feminino"},"content":{"rendered":"<p>Postado 15\/06\/2021<\/p>\n<ul class=\"a-unordered-list a-vertical a-spacing-mini\">\n<li><span class=\"a-list-item\">Cabedal: 100%Sintetico Forro: 100%Textil Palmilha: 100%Eva Sola: 100%Tr<\/span><\/li>\n<li><span class=\"a-list-item\">Modelo que traz as linhas cl\u00e1ssicas do modelo Disruptor e uma forma exclusiva com drop de 10mm. Cabedal sint\u00e9tico macio com perfuros que facilitam na transpira\u00e7\u00e3o do p\u00e9. Lingueta em tecido que proporciona conforto e solado em TR emborrachado que melhora a ader\u00eancia ao solo. A palmilha tem 20mm de espessura na parte traseira para m\u00e1ximo conforto e estabilidade. Possui EVA reciclado em sua composi\u00e7\u00e3o, mostrando o comprometimento da Fila com o planeta.<\/span><\/li>\n<\/ul>\n<p>A equipe Promo\u00e7\u00f5es do dia divulga produtos de nossos parceiros, sendo a venda e p\u00f3s venda de responsabilidade dos mesmos.<\/p>\n","protected":false},"excerpt":{"rendered":"<p>Postado 15\/06\/2021 Cabedal: 100%Sintetico Forro: 100%Textil Palmilha: 100%Eva Sola: 100%Tr Modelo que traz as linhas cl\u00e1ssicas do modelo Disruptor e uma forma exclusiva com drop de 10mm. Cabedal sint\u00e9tico macio com perfuros que facilitam na transpira\u00e7\u00e3o do p\u00e9. Lingueta em tecido que proporciona conforto e solado em TR emborrachado que melhora a ader\u00eancia ao solo. A palmilha tem 20mm de espessura na parte traseira para m\u00e1ximo conforto e estabilidade. Possui EVA reciclado em sua composi\u00e7\u00e3o, mostrando o comprometimento da Fila com o planeta. A equipe Promo\u00e7\u00f5es do dia divulga produtos de nossos parceiros, sendo a venda e p\u00f3s venda de responsabilidade dos mesmos.<\/p>\n","protected":false},"featured_media":252,"template":"","meta":{"_uag_custom_page_level_css":"","site-sidebar-layout":"default","site-content-layout":"default","ast-site-content-layout":"default","site-content-style":"default","site-sidebar-style":"default","ast-global-header-display":"","ast-banner-title-visibility":"","ast-main-header-display":"","ast-hfb-above-header-display":"","ast-hfb-below-header-display":"","ast-hfb-mobile-header-display":"","site-post-title":"","ast-breadcrumbs-content":"","ast-featured-img":"","footer-sml-layout":"","theme-transparent-header-meta":"default","adv-header-id-meta":"","stick-header-meta":"","header-above-stick-meta":"","header-main-stick-meta":"","header-below-stick-meta":"","astra-migrate-meta-layouts":"default","ast-page-background-enabled":"default","ast-page-background-meta":{"desktop":{"background-color":"","background-image":"","background-repeat":"repeat","background-position":"center center","background-size":"auto","background-attachment":"scroll","background-type":"","background-media":"","overlay-type":"","overlay-color":"","overlay-opacity":"","overlay-gradient":""},"tablet":{"background-color":"","background-image":"","background-repeat":"repeat","background-position":"center center","background-size":"auto","background-attachment":"scroll","background-type":"","background-media":"","overlay-type":"","overlay-color":"","overlay-opacity":"","overlay-gradient":""},"mobile":{"background-color":"","background-image":"","background-repeat":"repeat","background-position":"center center","background-size":"auto","background-attachment":"scroll","background-type":"","background-media":"","overlay-type":"","overlay-color":"","overlay-opacity":"","overlay-gradient":""}},"ast-content-background-meta":{"desktop":{"background-color":"var(--ast-global-color-5)","background-image":"","background-repeat":"repeat","background-position":"center center","background-size":"auto","background-attachment":"scroll","background-type":"","background-media":"","overlay-type":"","overlay-color":"","overlay-opacity":"","overlay-gradient":""},"tablet":{"background-color":"var(--ast-global-color-5)","background-image":"","background-repeat":"repeat","background-position":"center center","background-size":"auto","background-attachment":"scroll","background-type":"","background-media":"","overlay-type":"","overlay-color":"","overlay-opacity":"","overlay-gradient":""},"mobile":{"background-color":"var(--ast-global-color-5)","background-image":"","background-repeat":"repeat","background-position":"center center","background-size":"auto","background-attachment":"scroll","background-type":"","background-media":"","overlay-type":"","overlay-color":"","overlay-opacity":"","overlay-gradient":""}}},"product_brand":[],"product_cat":[58,30,40],"product_tag":[],"class_list":{"0":"post-251","1":"product","2":"type-product","3":"status-publish","4":"has-post-thumbnail","6":"product_cat-feminina","7":"product_cat-moda","8":"product_cat-tenis","9":"desktop-align-center","10":"tablet-align-left","11":"mobile-align-center","13":"first","14":"instock","15":"sale","16":"shipping-taxable","17":"product-type-external"},"uagb_featured_image_src":{"full":["https:\/\/promocaododia.com.br\/site\/wp-content\/uploads\/2021\/06\/Tenis-Fila-Classic-Court-Feminino.jpg",600,600,false],"thumbnail":["https:\/\/promocaododia.com.br\/site\/wp-content\/uploads\/2021\/06\/Tenis-Fila-Classic-Court-Feminino-150x150.jpg",150,150,true],"medium":["https:\/\/promocaododia.com.br\/site\/wp-content\/uploads\/2021\/06\/Tenis-Fila-Classic-Court-Feminino-300x300.jpg",300,300,true],"medium_large":["https:\/\/promocaododia.com.br\/site\/wp-content\/uploads\/2021\/06\/Tenis-Fila-Classic-Court-Feminino.jpg",600,600,false],"large":["https:\/\/promocaododia.com.br\/site\/wp-content\/uploads\/2021\/06\/Tenis-Fila-Classic-Court-Feminino.jpg",600,600,false],"1536x1536":["https:\/\/promocaododia.com.br\/site\/wp-content\/uploads\/2021\/06\/Tenis-Fila-Classic-Court-Feminino.jpg",600,600,false],"2048x2048":["https:\/\/promocaododia.com.br\/site\/wp-content\/uploads\/2021\/06\/Tenis-Fila-Classic-Court-Feminino.jpg",600,600,false],"woocommerce_thumbnail":["https:\/\/promocaododia.com.br\/site\/wp-content\/uploads\/2021\/06\/Tenis-Fila-Classic-Court-Feminino-250x250.jpg",250,250,true],"woocommerce_single":["https:\/\/promocaododia.com.br\/site\/wp-content\/uploads\/2021\/06\/Tenis-Fila-Classic-Court-Feminino-250x250.jpg",250,250,true],"woocommerce_gallery_thumbnail":["https:\/\/promocaododia.com.br\/site\/wp-content\/uploads\/2021\/06\/Tenis-Fila-Classic-Court-Feminino-100x100.jpg",100,100,true]},"uagb_author_info":{"display_name":"danilo.gbr","author_link":"https:\/\/promocaododia.com.br\/site\/author\/"},"uagb_comment_info":0,"uagb_excerpt":"Postado 15\/06\/2021 Cabedal: 100%Sintetico Forro: 100%Textil Palmilha: 100%Eva Sola: 100%Tr Modelo que traz as linhas cl\u00e1ssicas do modelo Disruptor e uma forma exclusiva com drop de 10mm. Cabedal sint\u00e9tico macio com perfuros que facilitam na transpira\u00e7\u00e3o do p\u00e9. Lingueta em tecido que proporciona conforto e solado em TR emborrachado que melhora a ader\u00eancia ao solo.&hellip;","_links":{"self":[{"href":"https:\/\/promocaododia.com.br\/site\/wp-json\/wp\/v2\/product\/251","targetHints":{"allow":["GET"]}}],"collection":[{"href":"https:\/\/promocaododia.com.br\/site\/wp-json\/wp\/v2\/product"}],"about":[{"href":"https:\/\/promocaododia.com.br\/site\/wp-json\/wp\/v2\/types\/product"}],"wp:featuredmedia":[{"embeddable":true,"href":"https:\/\/promocaododia.com.br\/site\/wp-json\/wp\/v2\/media\/252"}],"wp:attachment":[{"href":"https:\/\/promocaododia.com.br\/site\/wp-json\/wp\/v2\/media?parent=251"}],"wp:term":[{"taxonomy":"product_brand","embeddable":true,"href":"https:\/\/promocaododia.com.br\/site\/wp-json\/wp\/v2\/product_brand?post=251"},{"taxonomy":"product_cat","embeddable":true,"href":"https:\/\/promocaododia.com.br\/site\/wp-json\/wp\/v2\/product_cat?post=251"},{"taxonomy":"product_tag","embeddable":true,"href":"https:\/\/promocaododia.com.br\/site\/wp-json\/wp\/v2\/product_tag?post=251"}],"curies":[{"name":"wp","href":"https:\/\/api.w.org\/{rel}","templated":true}]}}