{"id":255,"date":"2021-06-15T00:45:38","date_gmt":"2021-06-15T03:45:38","guid":{"rendered":"https:\/\/promocaododia.com.br\/site\/?post_type=product&#038;p=255"},"modified":"2021-06-15T00:45:38","modified_gmt":"2021-06-15T03:45:38","slug":"o-feminismo-e-para-todo-mundo-politicas-arrebatadoras","status":"publish","type":"product","link":"https:\/\/promocaododia.com.br\/site\/produto\/o-feminismo-e-para-todo-mundo-politicas-arrebatadoras\/","title":{"rendered":"O feminismo \u00e9 para todo mundo: Pol\u00edticas arrebatadoras"},"content":{"rendered":"<p>Postado 15\/06\/2021<\/p>\n<p>O feminismo sob a vis\u00e3o de uma das mais importantes feministas negras da atualidade.<\/p>\n<p>Eleita uma das principais intelectuais norte-americanas, pela revista Atlantic Monthly, e uma das 100 Pessoas Vision\u00e1rias que Podem Mudar Sua Vida, pela revista Utne Reader, a aclamada feminista negra bell hooks nos apresenta, nesta acess\u00edvel cartilha, a natureza do feminismo e seu compromisso contra sexismo, explora\u00e7\u00e3o sexista e qualquer forma de opress\u00e3o.<br \/>\nCom peculiar clareza e franqueza, hooks incentiva leitores a descobrir como o feminismo pode tocar e mudar, para melhor, a vida de todo mundo. Homens, mulheres, crian\u00e7as, pessoas de todos os g\u00eaneros, jovens e adultos: todos podem educar e ser educados para o feminismo. Apenas assim poderemos construir uma sociedade com mais amor e justi\u00e7a.<br \/>\nO livro apresenta uma vis\u00e3o original sobre pol\u00edticas feministas, direitos reprodutivos, beleza, luta de classes feminista, feminismo global, trabalho, ra\u00e7a e g\u00eanero e o fim da viol\u00eancia. Al\u00e9m disso, esclarece sobre temas como educa\u00e7\u00e3o feminista para uma consci\u00eancia cr\u00edtica, masculinidade feminista, maternagem e paternagem feministas, casamento e companheirismo libertadores, pol\u00edtica sexual feminista, lesbianidade e feminismo, amor feminista, espiritualidade feminista e o feminismo vision\u00e1rio.<\/p>\n<p>A equipe Promo\u00e7\u00f5es do dia divulga produtos de nossos parceiros, sendo a venda e p\u00f3s venda de responsabilidade dos mesmos.<\/p>\n","protected":false},"excerpt":{"rendered":"<p>Postado 15\/06\/2021 O feminismo sob a vis\u00e3o de uma das mais importantes feministas negras da atualidade. Eleita uma das principais intelectuais norte-americanas, pela revista Atlantic Monthly, e uma das 100 Pessoas Vision\u00e1rias que Podem Mudar Sua Vida, pela revista Utne Reader, a aclamada feminista negra bell hooks nos apresenta, nesta acess\u00edvel cartilha, a natureza do feminismo e seu compromisso contra sexismo, explora\u00e7\u00e3o sexista e qualquer forma de opress\u00e3o. Com peculiar clareza e franqueza, hooks incentiva leitores a descobrir como o feminismo pode tocar e mudar, para melhor, a vida de todo mundo. Homens, mulheres, crian\u00e7as, pessoas de todos os g\u00eaneros, jovens e adultos: todos podem educar e ser educados para o feminismo. Apenas assim poderemos construir uma sociedade com mais amor e justi\u00e7a. O livro apresenta uma vis\u00e3o original sobre pol\u00edticas feministas, direitos reprodutivos, beleza, luta de classes feminista, feminismo global, trabalho, ra\u00e7a e g\u00eanero e o fim da viol\u00eancia. Al\u00e9m disso, esclarece sobre temas como educa\u00e7\u00e3o feminista para uma consci\u00eancia cr\u00edtica, masculinidade feminista, maternagem e paternagem feministas, casamento e companheirismo libertadores, pol\u00edtica sexual feminista, lesbianidade e feminismo, amor feminista, espiritualidade feminista e o feminismo vision\u00e1rio. A equipe Promo\u00e7\u00f5es do dia divulga produtos de nossos parceiros, sendo a venda e p\u00f3s venda de responsabilidade dos mesmos.<\/p>\n","protected":false},"featured_media":256,"template":"","meta":{"_uag_custom_page_level_css":"","site-sidebar-layout":"default","site-content-layout":"default","ast-site-content-layout":"default","site-content-style":"default","site-sidebar-style":"default","ast-global-header-display":"","ast-banner-title-visibility":"","ast-main-header-display":"","ast-hfb-above-header-display":"","ast-hfb-below-header-display":"","ast-hfb-mobile-header-display":"","site-post-title":"","ast-breadcrumbs-content":"","ast-featured-img":"","footer-sml-layout":"","theme-transparent-header-meta":"default","adv-header-id-meta":"","stick-header-meta":"","header-above-stick-meta":"","header-main-stick-meta":"","header-below-stick-meta":"","astra-migrate-meta-layouts":"default","ast-page-background-enabled":"default","ast-page-background-meta":{"desktop":{"background-color":"","background-image":"","background-repeat":"repeat","background-position":"center center","background-size":"auto","background-attachment":"scroll","background-type":"","background-media":"","overlay-type":"","overlay-color":"","overlay-opacity":"","overlay-gradient":""},"tablet":{"background-color":"","background-image":"","background-repeat":"repeat","background-position":"center center","background-size":"auto","background-attachment":"scroll","background-type":"","background-media":"","overlay-type":"","overlay-color":"","overlay-opacity":"","overlay-gradient":""},"mobile":{"background-color":"","background-image":"","background-repeat":"repeat","background-position":"center center","background-size":"auto","background-attachment":"scroll","background-type":"","background-media":"","overlay-type":"","overlay-color":"","overlay-opacity":"","overlay-gradient":""}},"ast-content-background-meta":{"desktop":{"background-color":"var(--ast-global-color-5)","background-image":"","background-repeat":"repeat","background-position":"center center","background-size":"auto","background-attachment":"scroll","background-type":"","background-media":"","overlay-type":"","overlay-color":"","overlay-opacity":"","overlay-gradient":""},"tablet":{"background-color":"var(--ast-global-color-5)","background-image":"","background-repeat":"repeat","background-position":"center center","background-size":"auto","background-attachment":"scroll","background-type":"","background-media":"","overlay-type":"","overlay-color":"","overlay-opacity":"","overlay-gradient":""},"mobile":{"background-color":"var(--ast-global-color-5)","background-image":"","background-repeat":"repeat","background-position":"center center","background-size":"auto","background-attachment":"scroll","background-type":"","background-media":"","overlay-type":"","overlay-color":"","overlay-opacity":"","overlay-gradient":""}}},"product_brand":[],"product_cat":[60],"product_tag":[],"class_list":{"0":"post-255","1":"product","2":"type-product","3":"status-publish","4":"has-post-thumbnail","6":"product_cat-livraria","7":"desktop-align-center","8":"tablet-align-left","9":"mobile-align-center","11":"first","12":"instock","13":"sale","14":"shipping-taxable","15":"product-type-external"},"uagb_featured_image_src":{"full":["https:\/\/promocaododia.com.br\/site\/wp-content\/uploads\/2021\/06\/livro.jpg",600,600,false],"thumbnail":["https:\/\/promocaododia.com.br\/site\/wp-content\/uploads\/2021\/06\/livro-150x150.jpg",150,150,true],"medium":["https:\/\/promocaododia.com.br\/site\/wp-content\/uploads\/2021\/06\/livro-300x300.jpg",300,300,true],"medium_large":["https:\/\/promocaododia.com.br\/site\/wp-content\/uploads\/2021\/06\/livro.jpg",600,600,false],"large":["https:\/\/promocaododia.com.br\/site\/wp-content\/uploads\/2021\/06\/livro.jpg",600,600,false],"1536x1536":["https:\/\/promocaododia.com.br\/site\/wp-content\/uploads\/2021\/06\/livro.jpg",600,600,false],"2048x2048":["https:\/\/promocaododia.com.br\/site\/wp-content\/uploads\/2021\/06\/livro.jpg",600,600,false],"woocommerce_thumbnail":["https:\/\/promocaododia.com.br\/site\/wp-content\/uploads\/2021\/06\/livro-250x250.jpg",250,250,true],"woocommerce_single":["https:\/\/promocaododia.com.br\/site\/wp-content\/uploads\/2021\/06\/livro-250x250.jpg",250,250,true],"woocommerce_gallery_thumbnail":["https:\/\/promocaododia.com.br\/site\/wp-content\/uploads\/2021\/06\/livro-100x100.jpg",100,100,true]},"uagb_author_info":{"display_name":"danilo.gbr","author_link":"https:\/\/promocaododia.com.br\/site\/author\/"},"uagb_comment_info":0,"uagb_excerpt":"Postado 15\/06\/2021 O feminismo sob a vis\u00e3o de uma das mais importantes feministas negras da atualidade. Eleita uma das principais intelectuais norte-americanas, pela revista Atlantic Monthly, e uma das 100 Pessoas Vision\u00e1rias que Podem Mudar Sua Vida, pela revista Utne Reader, a aclamada feminista negra bell hooks nos apresenta, nesta acess\u00edvel cartilha, a natureza do&hellip;","_links":{"self":[{"href":"https:\/\/promocaododia.com.br\/site\/wp-json\/wp\/v2\/product\/255","targetHints":{"allow":["GET"]}}],"collection":[{"href":"https:\/\/promocaododia.com.br\/site\/wp-json\/wp\/v2\/product"}],"about":[{"href":"https:\/\/promocaododia.com.br\/site\/wp-json\/wp\/v2\/types\/product"}],"wp:featuredmedia":[{"embeddable":true,"href":"https:\/\/promocaododia.com.br\/site\/wp-json\/wp\/v2\/media\/256"}],"wp:attachment":[{"href":"https:\/\/promocaododia.com.br\/site\/wp-json\/wp\/v2\/media?parent=255"}],"wp:term":[{"taxonomy":"product_brand","embeddable":true,"href":"https:\/\/promocaododia.com.br\/site\/wp-json\/wp\/v2\/product_brand?post=255"},{"taxonomy":"product_cat","embeddable":true,"href":"https:\/\/promocaododia.com.br\/site\/wp-json\/wp\/v2\/product_cat?post=255"},{"taxonomy":"product_tag","embeddable":true,"href":"https:\/\/promocaododia.com.br\/site\/wp-json\/wp\/v2\/product_tag?post=255"}],"curies":[{"name":"wp","href":"https:\/\/api.w.org\/{rel}","templated":true}]}}