{"id":260,"date":"2021-06-15T00:56:32","date_gmt":"2021-06-15T03:56:32","guid":{"rendered":"https:\/\/promocaododia.com.br\/site\/?post_type=product&#038;p=260"},"modified":"2021-06-15T00:56:33","modified_gmt":"2021-06-15T03:56:33","slug":"tranya-t10-fones-sem-fio-bluetooth-5-1","status":"publish","type":"product","link":"https:\/\/promocaododia.com.br\/site\/produto\/tranya-t10-fones-sem-fio-bluetooth-5-1\/","title":{"rendered":"Tranya T10 fones sem fio Bluetooth 5.1."},"content":{"rendered":"<p>Postado 15\/06\/2021<\/p>\n<ul class=\"a-unordered-list a-vertical a-spacing-mini\">\n<li><span class=\"a-list-item\">[\u00c1udio de alt\u00edssima qualidade]: Com um driver de 12 mm e um chipset mais avan\u00e7ado, o novo T10 oferece vocais claros, agudos n\u00edtidos e os j\u00e1 famosos graves da Tranya, elevando ao m\u00e1ximo o n\u00edvel da sua experi\u00eancia sonora.<\/span><\/li>\n<li><span class=\"a-list-item\">[Ideal para videoconfer\u00eancias e chamadas]: O novo T10 proporciona chamadas cristalinas atrav\u00e9s dos seus 4 microfones dedicados com tecnologia de redu\u00e7\u00e3o de ru\u00eddos que filtra at\u00e9 70% dos ru\u00eddos externos. T10 \u00e9 a escolha ideal para videconfer\u00eancias e chamadas.<\/span><\/li>\n<li><span class=\"a-list-item\">[Excelente Modo jogo de baix\u00edssima lat\u00eancia]: Com o modo de jogo ativado, voc\u00ea pode desfrutar de uma experi\u00eancia de jogo e v\u00eddeo sincronizados.<\/span><\/li>\n<li><span class=\"a-list-item\">[Carregamento com m\u00e1xima autonomia]: Tempo de reprodu\u00e7\u00e3o de 8 horas por carga, estendendo o tempo de reprodu\u00e7\u00e3o total para 32 horas com o estojo de carregamento. Recarregue os fones no estojo de carregamento por apenas 10 minutos e voc\u00ea ter\u00e1 1 hora m\u00fasica. Com o carregamento r\u00e1pido tipo C, em apenas 1 hora, o estojo e os fones estar\u00e3o totalmente carregados.<\/span><\/li>\n<li><span class=\"a-list-item\">[Controle de toque multifuncional]: Otimizado com prote\u00e7\u00e3o de toque acidental, voc\u00ea pode ajustar o volume com precis\u00e3o, pular faixas, reproduzir ou pausar a m\u00fasica e ter controle total de todas as fun\u00e7\u00f5es.<\/span><\/li>\n<li><span class=\"a-list-item\">[Prote\u00e7\u00e3o IPX7]: O nano-revestimento imperme\u00e1vel e os fones bem selados protegem o T10 com efici\u00eancia contra \u00e1gua e suor. \u00c9 o suficiente para sobreviver a uma chuva repentina. Sinta-se livre para us\u00e1-los para exerc\u00edcios puxados.<\/span><\/li>\n<li><span class=\"a-list-item\">[Conectividade s\u00f3lida]: Como um chipset altamente avan\u00e7ado e o design de antena dupla dobram o alcance de transmiss\u00e3o e constroem uma conex\u00e3o mais s\u00f3lida. Desfrute de uma experi\u00eancia sonora perfeita mesmo sob a interfer\u00eancia eletromagn\u00e9tica, como em academias, metr\u00f4s e aeroportos.<\/span><\/li>\n<li><span class=\"a-list-item\">Sem imposto de importa\u00e7\u00e3o, prazo de entrega de 20-30 dias e frete internacional gr\u00e1tis (Nota: n\u00e3o h\u00e1 necessidade de pagar quaisquer taxas adicionais, como frete e taxas alfandeg\u00e1rias)<\/span><\/li>\n<\/ul>\n<p>A equipe Promo\u00e7\u00f5es do dia divulga produtos de nossos parceiros, sendo a venda e p\u00f3s venda de responsabilidade dos mesmos.<\/p>\n","protected":false},"excerpt":{"rendered":"<p>Postado 15\/06\/2021 [\u00c1udio de alt\u00edssima qualidade]: Com um driver de 12 mm e um chipset mais avan\u00e7ado, o novo T10 oferece vocais claros, agudos n\u00edtidos e os j\u00e1 famosos graves da Tranya, elevando ao m\u00e1ximo o n\u00edvel da sua experi\u00eancia sonora. [Ideal para videoconfer\u00eancias e chamadas]: O novo T10 proporciona chamadas cristalinas atrav\u00e9s dos seus 4 microfones dedicados com tecnologia de redu\u00e7\u00e3o de ru\u00eddos que filtra at\u00e9 70% dos ru\u00eddos externos. T10 \u00e9 a escolha ideal para videconfer\u00eancias e chamadas. [Excelente Modo jogo de baix\u00edssima lat\u00eancia]: Com o modo de jogo ativado, voc\u00ea pode desfrutar de uma experi\u00eancia de jogo e v\u00eddeo sincronizados. [Carregamento com m\u00e1xima autonomia]: Tempo de reprodu\u00e7\u00e3o de 8 horas por carga, estendendo o tempo de reprodu\u00e7\u00e3o total para 32 horas com o estojo de carregamento. Recarregue os fones no estojo de carregamento por apenas 10 minutos e voc\u00ea ter\u00e1 1 hora m\u00fasica. Com o carregamento r\u00e1pido tipo C, em apenas 1 hora, o estojo e os fones estar\u00e3o totalmente carregados. [Controle de toque multifuncional]: Otimizado com prote\u00e7\u00e3o de toque acidental, voc\u00ea pode ajustar o volume com precis\u00e3o, pular faixas, reproduzir ou pausar a m\u00fasica e ter controle total de todas as fun\u00e7\u00f5es. [Prote\u00e7\u00e3o IPX7]: O nano-revestimento imperme\u00e1vel e os fones bem selados protegem o T10 com efici\u00eancia contra \u00e1gua e suor. \u00c9 o suficiente para sobreviver a uma chuva repentina. Sinta-se livre para us\u00e1-los para exerc\u00edcios puxados. [Conectividade s\u00f3lida]: Como um chipset altamente avan\u00e7ado e o design de antena dupla dobram o alcance de transmiss\u00e3o e constroem uma conex\u00e3o mais s\u00f3lida. Desfrute de uma experi\u00eancia sonora perfeita mesmo sob a interfer\u00eancia eletromagn\u00e9tica, como em academias, metr\u00f4s e aeroportos. Sem imposto de importa\u00e7\u00e3o, prazo de entrega de 20-30 dias e frete internacional gr\u00e1tis (Nota: n\u00e3o h\u00e1 necessidade de pagar quaisquer taxas adicionais, como frete e taxas alfandeg\u00e1rias) A equipe Promo\u00e7\u00f5es do dia divulga produtos de nossos parceiros, sendo a venda e p\u00f3s venda de responsabilidade dos mesmos.<\/p>\n","protected":false},"featured_media":261,"template":"","meta":{"_uag_custom_page_level_css":"","site-sidebar-layout":"default","site-content-layout":"default","ast-site-content-layout":"default","site-content-style":"default","site-sidebar-style":"default","ast-global-header-display":"","ast-banner-title-visibility":"","ast-main-header-display":"","ast-hfb-above-header-display":"","ast-hfb-below-header-display":"","ast-hfb-mobile-header-display":"","site-post-title":"","ast-breadcrumbs-content":"","ast-featured-img":"","footer-sml-layout":"","theme-transparent-header-meta":"default","adv-header-id-meta":"","stick-header-meta":"","header-above-stick-meta":"","header-main-stick-meta":"","header-below-stick-meta":"","astra-migrate-meta-layouts":"default","ast-page-background-enabled":"default","ast-page-background-meta":{"desktop":{"background-color":"","background-image":"","background-repeat":"repeat","background-position":"center center","background-size":"auto","background-attachment":"scroll","background-type":"","background-media":"","overlay-type":"","overlay-color":"","overlay-opacity":"","overlay-gradient":""},"tablet":{"background-color":"","background-image":"","background-repeat":"repeat","background-position":"center center","background-size":"auto","background-attachment":"scroll","background-type":"","background-media":"","overlay-type":"","overlay-color":"","overlay-opacity":"","overlay-gradient":""},"mobile":{"background-color":"","background-image":"","background-repeat":"repeat","background-position":"center center","background-size":"auto","background-attachment":"scroll","background-type":"","background-media":"","overlay-type":"","overlay-color":"","overlay-opacity":"","overlay-gradient":""}},"ast-content-background-meta":{"desktop":{"background-color":"var(--ast-global-color-5)","background-image":"","background-repeat":"repeat","background-position":"center center","background-size":"auto","background-attachment":"scroll","background-type":"","background-media":"","overlay-type":"","overlay-color":"","overlay-opacity":"","overlay-gradient":""},"tablet":{"background-color":"var(--ast-global-color-5)","background-image":"","background-repeat":"repeat","background-position":"center center","background-size":"auto","background-attachment":"scroll","background-type":"","background-media":"","overlay-type":"","overlay-color":"","overlay-opacity":"","overlay-gradient":""},"mobile":{"background-color":"var(--ast-global-color-5)","background-image":"","background-repeat":"repeat","background-position":"center center","background-size":"auto","background-attachment":"scroll","background-type":"","background-media":"","overlay-type":"","overlay-color":"","overlay-opacity":"","overlay-gradient":""}}},"product_brand":[],"product_cat":[32,23],"product_tag":[],"class_list":{"0":"post-260","1":"product","2":"type-product","3":"status-publish","4":"has-post-thumbnail","6":"product_cat-acessorios","7":"product_cat-celulares-e-tablets","8":"desktop-align-center","9":"tablet-align-left","10":"mobile-align-center","12":"first","13":"instock","14":"sale","15":"shipping-taxable","16":"product-type-external"},"uagb_featured_image_src":{"full":["https:\/\/promocaododia.com.br\/site\/wp-content\/uploads\/2021\/06\/fone.jpg",600,600,false],"thumbnail":["https:\/\/promocaododia.com.br\/site\/wp-content\/uploads\/2021\/06\/fone-150x150.jpg",150,150,true],"medium":["https:\/\/promocaododia.com.br\/site\/wp-content\/uploads\/2021\/06\/fone-300x300.jpg",300,300,true],"medium_large":["https:\/\/promocaododia.com.br\/site\/wp-content\/uploads\/2021\/06\/fone.jpg",600,600,false],"large":["https:\/\/promocaododia.com.br\/site\/wp-content\/uploads\/2021\/06\/fone.jpg",600,600,false],"1536x1536":["https:\/\/promocaododia.com.br\/site\/wp-content\/uploads\/2021\/06\/fone.jpg",600,600,false],"2048x2048":["https:\/\/promocaododia.com.br\/site\/wp-content\/uploads\/2021\/06\/fone.jpg",600,600,false],"woocommerce_thumbnail":["https:\/\/promocaododia.com.br\/site\/wp-content\/uploads\/2021\/06\/fone-250x250.jpg",250,250,true],"woocommerce_single":["https:\/\/promocaododia.com.br\/site\/wp-content\/uploads\/2021\/06\/fone-250x250.jpg",250,250,true],"woocommerce_gallery_thumbnail":["https:\/\/promocaododia.com.br\/site\/wp-content\/uploads\/2021\/06\/fone-100x100.jpg",100,100,true]},"uagb_author_info":{"display_name":"danilo.gbr","author_link":"https:\/\/promocaododia.com.br\/site\/author\/"},"uagb_comment_info":0,"uagb_excerpt":"Postado 15\/06\/2021 [\u00c1udio de alt\u00edssima qualidade]: Com um driver de 12 mm e um chipset mais avan\u00e7ado, o novo T10 oferece vocais claros, agudos n\u00edtidos e os j\u00e1 famosos graves da Tranya, elevando ao m\u00e1ximo o n\u00edvel da sua experi\u00eancia sonora. [Ideal para videoconfer\u00eancias e chamadas]: O novo T10 proporciona chamadas cristalinas atrav\u00e9s dos seus&hellip;","_links":{"self":[{"href":"https:\/\/promocaododia.com.br\/site\/wp-json\/wp\/v2\/product\/260","targetHints":{"allow":["GET"]}}],"collection":[{"href":"https:\/\/promocaododia.com.br\/site\/wp-json\/wp\/v2\/product"}],"about":[{"href":"https:\/\/promocaododia.com.br\/site\/wp-json\/wp\/v2\/types\/product"}],"wp:featuredmedia":[{"embeddable":true,"href":"https:\/\/promocaododia.com.br\/site\/wp-json\/wp\/v2\/media\/261"}],"wp:attachment":[{"href":"https:\/\/promocaododia.com.br\/site\/wp-json\/wp\/v2\/media?parent=260"}],"wp:term":[{"taxonomy":"product_brand","embeddable":true,"href":"https:\/\/promocaododia.com.br\/site\/wp-json\/wp\/v2\/product_brand?post=260"},{"taxonomy":"product_cat","embeddable":true,"href":"https:\/\/promocaododia.com.br\/site\/wp-json\/wp\/v2\/product_cat?post=260"},{"taxonomy":"product_tag","embeddable":true,"href":"https:\/\/promocaododia.com.br\/site\/wp-json\/wp\/v2\/product_tag?post=260"}],"curies":[{"name":"wp","href":"https:\/\/api.w.org\/{rel}","templated":true}]}}