{"id":268,"date":"2021-06-15T01:10:47","date_gmt":"2021-06-15T04:10:47","guid":{"rendered":"https:\/\/promocaododia.com.br\/site\/?post_type=product&#038;p=268"},"modified":"2021-06-15T01:10:48","modified_gmt":"2021-06-15T04:10:48","slug":"kit-3-pares-sapato-social-masculino-conforto-moderno-cinto-eleganci","status":"publish","type":"product","link":"https:\/\/promocaododia.com.br\/site\/produto\/kit-3-pares-sapato-social-masculino-conforto-moderno-cinto-eleganci\/","title":{"rendered":"Kit 3 Pares Sapato Social Masculino Conforto Moderno + Cinto &#8211; Eleganci"},"content":{"rendered":"<p>Postado 15\/06\/2021<\/p>\n<table class=\"tab descricao\">\n<tbody>\n<tr class=\"attribute level1\">\n<td>Pe\u00e7a-chave no closet do homem elegante, este Kit de 03 Sapatos Sociais da Eleganci \u00e9 confeccionado em material sint\u00e9tico de qualidade e traz detalhe de textura no cabedal. Dois modelos contam com fechamento em el\u00e1stico e, o outro par, em cadar\u00e7o, trazendo praticidade e facilidade em todas as ocasi\u00f5es. Ambos apresentam bico quadrado alongado que inspira sofistica\u00e7\u00e3o e versatilidade para o dia a dia no trabalho. O forro em tecido em conjunto com a palmilha macia tornam cada passo mais confort\u00e1vel. O solado em borracha proporciona estabilidade e ader\u00eancia ao caminhar. Moderno, este tipo de cal\u00e7ado transita entre produ\u00e7\u00f5es do dia a dia, trabalho e tamb\u00e9m eventos. Acompanha um cinto casual, perfeito para complementar o look, com cal\u00e7a alfaiataria e camisa.<\/td>\n<\/tr>\n<\/tbody>\n<\/table>\n<p>A equipe Promo\u00e7\u00f5es do dia divulga produtos de nossos parceiros, sendo a venda e p\u00f3s venda de responsabilidade dos mesmos.<\/p>\n","protected":false},"excerpt":{"rendered":"<p>Postado 15\/06\/2021 Pe\u00e7a-chave no closet do homem elegante, este Kit de 03 Sapatos Sociais da Eleganci \u00e9 confeccionado em material sint\u00e9tico de qualidade e traz detalhe de textura no cabedal. Dois modelos contam com fechamento em el\u00e1stico e, o outro par, em cadar\u00e7o, trazendo praticidade e facilidade em todas as ocasi\u00f5es. Ambos apresentam bico quadrado alongado que inspira sofistica\u00e7\u00e3o e versatilidade para o dia a dia no trabalho. O forro em tecido em conjunto com a palmilha macia tornam cada passo mais confort\u00e1vel. O solado em borracha proporciona estabilidade e ader\u00eancia ao caminhar. Moderno, este tipo de cal\u00e7ado transita entre produ\u00e7\u00f5es do dia a dia, trabalho e tamb\u00e9m eventos. Acompanha um cinto casual, perfeito para complementar o look, com cal\u00e7a alfaiataria e camisa. A equipe Promo\u00e7\u00f5es do dia divulga produtos de nossos parceiros, sendo a venda e p\u00f3s venda de responsabilidade dos mesmos.<\/p>\n","protected":false},"featured_media":269,"template":"","meta":{"_uag_custom_page_level_css":"","site-sidebar-layout":"default","site-content-layout":"default","ast-site-content-layout":"default","site-content-style":"default","site-sidebar-style":"default","ast-global-header-display":"","ast-banner-title-visibility":"","ast-main-header-display":"","ast-hfb-above-header-display":"","ast-hfb-below-header-display":"","ast-hfb-mobile-header-display":"","site-post-title":"","ast-breadcrumbs-content":"","ast-featured-img":"","footer-sml-layout":"","theme-transparent-header-meta":"default","adv-header-id-meta":"","stick-header-meta":"","header-above-stick-meta":"","header-main-stick-meta":"","header-below-stick-meta":"","astra-migrate-meta-layouts":"default","ast-page-background-enabled":"default","ast-page-background-meta":{"desktop":{"background-color":"","background-image":"","background-repeat":"repeat","background-position":"center center","background-size":"auto","background-attachment":"scroll","background-type":"","background-media":"","overlay-type":"","overlay-color":"","overlay-opacity":"","overlay-gradient":""},"tablet":{"background-color":"","background-image":"","background-repeat":"repeat","background-position":"center center","background-size":"auto","background-attachment":"scroll","background-type":"","background-media":"","overlay-type":"","overlay-color":"","overlay-opacity":"","overlay-gradient":""},"mobile":{"background-color":"","background-image":"","background-repeat":"repeat","background-position":"center center","background-size":"auto","background-attachment":"scroll","background-type":"","background-media":"","overlay-type":"","overlay-color":"","overlay-opacity":"","overlay-gradient":""}},"ast-content-background-meta":{"desktop":{"background-color":"var(--ast-global-color-5)","background-image":"","background-repeat":"repeat","background-position":"center center","background-size":"auto","background-attachment":"scroll","background-type":"","background-media":"","overlay-type":"","overlay-color":"","overlay-opacity":"","overlay-gradient":""},"tablet":{"background-color":"var(--ast-global-color-5)","background-image":"","background-repeat":"repeat","background-position":"center center","background-size":"auto","background-attachment":"scroll","background-type":"","background-media":"","overlay-type":"","overlay-color":"","overlay-opacity":"","overlay-gradient":""},"mobile":{"background-color":"var(--ast-global-color-5)","background-image":"","background-repeat":"repeat","background-position":"center center","background-size":"auto","background-attachment":"scroll","background-type":"","background-media":"","overlay-type":"","overlay-color":"","overlay-opacity":"","overlay-gradient":""}}},"product_brand":[],"product_cat":[31,30],"product_tag":[],"class_list":{"0":"post-268","1":"product","2":"type-product","3":"status-publish","4":"has-post-thumbnail","6":"product_cat-masculina","7":"product_cat-moda","8":"desktop-align-center","9":"tablet-align-left","10":"mobile-align-center","12":"first","13":"instock","14":"sale","15":"shipping-taxable","16":"product-type-external"},"uagb_featured_image_src":{"full":["https:\/\/promocaododia.com.br\/site\/wp-content\/uploads\/2021\/06\/Kit-3-Pares-Sapato-Social-Masculino-Conforto-Moderno-Cinto-Eleganci.jpg",600,600,false],"thumbnail":["https:\/\/promocaododia.com.br\/site\/wp-content\/uploads\/2021\/06\/Kit-3-Pares-Sapato-Social-Masculino-Conforto-Moderno-Cinto-Eleganci-150x150.jpg",150,150,true],"medium":["https:\/\/promocaododia.com.br\/site\/wp-content\/uploads\/2021\/06\/Kit-3-Pares-Sapato-Social-Masculino-Conforto-Moderno-Cinto-Eleganci-300x300.jpg",300,300,true],"medium_large":["https:\/\/promocaododia.com.br\/site\/wp-content\/uploads\/2021\/06\/Kit-3-Pares-Sapato-Social-Masculino-Conforto-Moderno-Cinto-Eleganci.jpg",600,600,false],"large":["https:\/\/promocaododia.com.br\/site\/wp-content\/uploads\/2021\/06\/Kit-3-Pares-Sapato-Social-Masculino-Conforto-Moderno-Cinto-Eleganci.jpg",600,600,false],"1536x1536":["https:\/\/promocaododia.com.br\/site\/wp-content\/uploads\/2021\/06\/Kit-3-Pares-Sapato-Social-Masculino-Conforto-Moderno-Cinto-Eleganci.jpg",600,600,false],"2048x2048":["https:\/\/promocaododia.com.br\/site\/wp-content\/uploads\/2021\/06\/Kit-3-Pares-Sapato-Social-Masculino-Conforto-Moderno-Cinto-Eleganci.jpg",600,600,false],"woocommerce_thumbnail":["https:\/\/promocaododia.com.br\/site\/wp-content\/uploads\/2021\/06\/Kit-3-Pares-Sapato-Social-Masculino-Conforto-Moderno-Cinto-Eleganci-250x250.jpg",250,250,true],"woocommerce_single":["https:\/\/promocaododia.com.br\/site\/wp-content\/uploads\/2021\/06\/Kit-3-Pares-Sapato-Social-Masculino-Conforto-Moderno-Cinto-Eleganci-250x250.jpg",250,250,true],"woocommerce_gallery_thumbnail":["https:\/\/promocaododia.com.br\/site\/wp-content\/uploads\/2021\/06\/Kit-3-Pares-Sapato-Social-Masculino-Conforto-Moderno-Cinto-Eleganci-100x100.jpg",100,100,true]},"uagb_author_info":{"display_name":"danilo.gbr","author_link":"https:\/\/promocaododia.com.br\/site\/author\/"},"uagb_comment_info":0,"uagb_excerpt":"Postado 15\/06\/2021 Pe\u00e7a-chave no closet do homem elegante, este Kit de 03 Sapatos Sociais da Eleganci \u00e9 confeccionado em material sint\u00e9tico de qualidade e traz detalhe de textura no cabedal. Dois modelos contam com fechamento em el\u00e1stico e, o outro par, em cadar\u00e7o, trazendo praticidade e facilidade em todas as ocasi\u00f5es. Ambos apresentam bico quadrado&hellip;","_links":{"self":[{"href":"https:\/\/promocaododia.com.br\/site\/wp-json\/wp\/v2\/product\/268","targetHints":{"allow":["GET"]}}],"collection":[{"href":"https:\/\/promocaododia.com.br\/site\/wp-json\/wp\/v2\/product"}],"about":[{"href":"https:\/\/promocaododia.com.br\/site\/wp-json\/wp\/v2\/types\/product"}],"wp:featuredmedia":[{"embeddable":true,"href":"https:\/\/promocaododia.com.br\/site\/wp-json\/wp\/v2\/media\/269"}],"wp:attachment":[{"href":"https:\/\/promocaododia.com.br\/site\/wp-json\/wp\/v2\/media?parent=268"}],"wp:term":[{"taxonomy":"product_brand","embeddable":true,"href":"https:\/\/promocaododia.com.br\/site\/wp-json\/wp\/v2\/product_brand?post=268"},{"taxonomy":"product_cat","embeddable":true,"href":"https:\/\/promocaododia.com.br\/site\/wp-json\/wp\/v2\/product_cat?post=268"},{"taxonomy":"product_tag","embeddable":true,"href":"https:\/\/promocaododia.com.br\/site\/wp-json\/wp\/v2\/product_tag?post=268"}],"curies":[{"name":"wp","href":"https:\/\/api.w.org\/{rel}","templated":true}]}}