{"id":270,"date":"2021-06-15T01:14:26","date_gmt":"2021-06-15T04:14:26","guid":{"rendered":"https:\/\/promocaododia.com.br\/site\/?post_type=product&#038;p=270"},"modified":"2021-06-15T01:18:54","modified_gmt":"2021-06-15T04:18:54","slug":"270","status":"publish","type":"product","link":"https:\/\/promocaododia.com.br\/site\/produto\/270\/","title":{"rendered":"Kit Bolsa Feminina Transversal Necessaire Al\u00e7a Conforto &#8211; Gouveia Costa"},"content":{"rendered":"<p>Postado 15\/06\/2021<\/p>\n<p>Seu look moderno merece um acess\u00f3rio elegante, pr\u00e1tico e delicado. E foi pensando exatamente nisso que a Bolsa Gouveia Costa foi criada. Trazendo acabamento detalhado em sua composi\u00e7\u00e3o, a queridinha das brasileiras \u00e9 confeccionada em material moderno, garantindo qualidade e durabilidade para te acompanhar no dia a dia. Com espa\u00e7o interno amplo, permite que voc\u00ea transporte seus pertences com seguran\u00e7a e organiza\u00e7\u00e3o. Al\u00e9m disso o modelo tamb\u00e9m conta com al\u00e7a resistente, detalhes em mograma o que garante um design fino e atemporal. Acompanhando uma Necessaire e uma Bolsa Tiracolo, o Kit \u00e9 ideal para completar o guarda-roupa da mulher moderna.<\/p>\n<p>A equipe Promo\u00e7\u00f5es do dia divulga produtos de nossos parceiros, sendo a venda e p\u00f3s venda de responsabilidade dos mesmos.<\/p>\n","protected":false},"excerpt":{"rendered":"<p>Postado 15\/06\/2021 Seu look moderno merece um acess\u00f3rio elegante, pr\u00e1tico e delicado. E foi pensando exatamente nisso que a Bolsa Gouveia Costa foi criada. Trazendo acabamento detalhado em sua composi\u00e7\u00e3o, a queridinha das brasileiras \u00e9 confeccionada em material moderno, garantindo qualidade e durabilidade para te acompanhar no dia a dia. Com espa\u00e7o interno amplo, permite que voc\u00ea transporte seus pertences com seguran\u00e7a e organiza\u00e7\u00e3o. Al\u00e9m disso o modelo tamb\u00e9m conta com al\u00e7a resistente, detalhes em mograma o que garante um design fino e atemporal. Acompanhando uma Necessaire e uma Bolsa Tiracolo, o Kit \u00e9 ideal para completar o guarda-roupa da mulher moderna. A equipe Promo\u00e7\u00f5es do dia divulga produtos de nossos parceiros, sendo a venda e p\u00f3s venda de responsabilidade dos mesmos.<\/p>\n","protected":false},"featured_media":271,"template":"","meta":{"_uag_custom_page_level_css":"","site-sidebar-layout":"default","site-content-layout":"default","ast-site-content-layout":"default","site-content-style":"default","site-sidebar-style":"default","ast-global-header-display":"","ast-banner-title-visibility":"","ast-main-header-display":"","ast-hfb-above-header-display":"","ast-hfb-below-header-display":"","ast-hfb-mobile-header-display":"","site-post-title":"","ast-breadcrumbs-content":"","ast-featured-img":"","footer-sml-layout":"","theme-transparent-header-meta":"default","adv-header-id-meta":"","stick-header-meta":"","header-above-stick-meta":"","header-main-stick-meta":"","header-below-stick-meta":"","astra-migrate-meta-layouts":"default","ast-page-background-enabled":"default","ast-page-background-meta":{"desktop":{"background-color":"","background-image":"","background-repeat":"repeat","background-position":"center center","background-size":"auto","background-attachment":"scroll","background-type":"","background-media":"","overlay-type":"","overlay-color":"","overlay-opacity":"","overlay-gradient":""},"tablet":{"background-color":"","background-image":"","background-repeat":"repeat","background-position":"center center","background-size":"auto","background-attachment":"scroll","background-type":"","background-media":"","overlay-type":"","overlay-color":"","overlay-opacity":"","overlay-gradient":""},"mobile":{"background-color":"","background-image":"","background-repeat":"repeat","background-position":"center center","background-size":"auto","background-attachment":"scroll","background-type":"","background-media":"","overlay-type":"","overlay-color":"","overlay-opacity":"","overlay-gradient":""}},"ast-content-background-meta":{"desktop":{"background-color":"var(--ast-global-color-5)","background-image":"","background-repeat":"repeat","background-position":"center center","background-size":"auto","background-attachment":"scroll","background-type":"","background-media":"","overlay-type":"","overlay-color":"","overlay-opacity":"","overlay-gradient":""},"tablet":{"background-color":"var(--ast-global-color-5)","background-image":"","background-repeat":"repeat","background-position":"center center","background-size":"auto","background-attachment":"scroll","background-type":"","background-media":"","overlay-type":"","overlay-color":"","overlay-opacity":"","overlay-gradient":""},"mobile":{"background-color":"var(--ast-global-color-5)","background-image":"","background-repeat":"repeat","background-position":"center center","background-size":"auto","background-attachment":"scroll","background-type":"","background-media":"","overlay-type":"","overlay-color":"","overlay-opacity":"","overlay-gradient":""}}},"product_brand":[],"product_cat":[30],"product_tag":[],"class_list":{"0":"post-270","1":"product","2":"type-product","3":"status-publish","4":"has-post-thumbnail","6":"product_cat-moda","7":"desktop-align-center","8":"tablet-align-left","9":"mobile-align-center","11":"first","12":"instock","13":"sale","14":"shipping-taxable","15":"product-type-external"},"uagb_featured_image_src":{"full":["https:\/\/promocaododia.com.br\/site\/wp-content\/uploads\/2021\/06\/Kit-Bolsa-Feminina-Transversal-Necessaire-Alca-Conforto-Gouveia-Costa.jpg",600,600,false],"thumbnail":["https:\/\/promocaododia.com.br\/site\/wp-content\/uploads\/2021\/06\/Kit-Bolsa-Feminina-Transversal-Necessaire-Alca-Conforto-Gouveia-Costa-150x150.jpg",150,150,true],"medium":["https:\/\/promocaododia.com.br\/site\/wp-content\/uploads\/2021\/06\/Kit-Bolsa-Feminina-Transversal-Necessaire-Alca-Conforto-Gouveia-Costa-300x300.jpg",300,300,true],"medium_large":["https:\/\/promocaododia.com.br\/site\/wp-content\/uploads\/2021\/06\/Kit-Bolsa-Feminina-Transversal-Necessaire-Alca-Conforto-Gouveia-Costa.jpg",600,600,false],"large":["https:\/\/promocaododia.com.br\/site\/wp-content\/uploads\/2021\/06\/Kit-Bolsa-Feminina-Transversal-Necessaire-Alca-Conforto-Gouveia-Costa.jpg",600,600,false],"1536x1536":["https:\/\/promocaododia.com.br\/site\/wp-content\/uploads\/2021\/06\/Kit-Bolsa-Feminina-Transversal-Necessaire-Alca-Conforto-Gouveia-Costa.jpg",600,600,false],"2048x2048":["https:\/\/promocaododia.com.br\/site\/wp-content\/uploads\/2021\/06\/Kit-Bolsa-Feminina-Transversal-Necessaire-Alca-Conforto-Gouveia-Costa.jpg",600,600,false],"woocommerce_thumbnail":["https:\/\/promocaododia.com.br\/site\/wp-content\/uploads\/2021\/06\/Kit-Bolsa-Feminina-Transversal-Necessaire-Alca-Conforto-Gouveia-Costa-250x250.jpg",250,250,true],"woocommerce_single":["https:\/\/promocaododia.com.br\/site\/wp-content\/uploads\/2021\/06\/Kit-Bolsa-Feminina-Transversal-Necessaire-Alca-Conforto-Gouveia-Costa-250x250.jpg",250,250,true],"woocommerce_gallery_thumbnail":["https:\/\/promocaododia.com.br\/site\/wp-content\/uploads\/2021\/06\/Kit-Bolsa-Feminina-Transversal-Necessaire-Alca-Conforto-Gouveia-Costa-100x100.jpg",100,100,true]},"uagb_author_info":{"display_name":"danilo.gbr","author_link":"https:\/\/promocaododia.com.br\/site\/author\/"},"uagb_comment_info":0,"uagb_excerpt":"Postado 15\/06\/2021 Seu look moderno merece um acess\u00f3rio elegante, pr\u00e1tico e delicado. E foi pensando exatamente nisso que a Bolsa Gouveia Costa foi criada. Trazendo acabamento detalhado em sua composi\u00e7\u00e3o, a queridinha das brasileiras \u00e9 confeccionada em material moderno, garantindo qualidade e durabilidade para te acompanhar no dia a dia. Com espa\u00e7o interno amplo, permite&hellip;","_links":{"self":[{"href":"https:\/\/promocaododia.com.br\/site\/wp-json\/wp\/v2\/product\/270","targetHints":{"allow":["GET"]}}],"collection":[{"href":"https:\/\/promocaododia.com.br\/site\/wp-json\/wp\/v2\/product"}],"about":[{"href":"https:\/\/promocaododia.com.br\/site\/wp-json\/wp\/v2\/types\/product"}],"wp:featuredmedia":[{"embeddable":true,"href":"https:\/\/promocaododia.com.br\/site\/wp-json\/wp\/v2\/media\/271"}],"wp:attachment":[{"href":"https:\/\/promocaododia.com.br\/site\/wp-json\/wp\/v2\/media?parent=270"}],"wp:term":[{"taxonomy":"product_brand","embeddable":true,"href":"https:\/\/promocaododia.com.br\/site\/wp-json\/wp\/v2\/product_brand?post=270"},{"taxonomy":"product_cat","embeddable":true,"href":"https:\/\/promocaododia.com.br\/site\/wp-json\/wp\/v2\/product_cat?post=270"},{"taxonomy":"product_tag","embeddable":true,"href":"https:\/\/promocaododia.com.br\/site\/wp-json\/wp\/v2\/product_tag?post=270"}],"curies":[{"name":"wp","href":"https:\/\/api.w.org\/{rel}","templated":true}]}}