{"id":283,"date":"2021-06-16T09:16:58","date_gmt":"2021-06-16T12:16:58","guid":{"rendered":"https:\/\/promocaododia.com.br\/site\/?post_type=product&#038;p=283"},"modified":"2021-06-16T09:16:58","modified_gmt":"2021-06-16T12:16:58","slug":"101-mulheres-incriveis-que-transformaram-a-ciencia","status":"publish","type":"product","link":"https:\/\/promocaododia.com.br\/site\/produto\/101-mulheres-incriveis-que-transformaram-a-ciencia\/","title":{"rendered":"101 Mulheres Incr\u00edveis que Transformaram a Ci\u00eancia"},"content":{"rendered":"<p>Postado 16\/06\/2021<\/p>\n<p>Este livro conta a hist\u00f3ria de 101 mulheres incr\u00edveis que revolucionaram o mundo da ci\u00eancia. Das mais c\u00e9lebres at\u00e9 as menos conhecidas, nos campos da qu\u00edmica, medicina, engenharia, biologia, astrof\u00edsica e matem\u00e1tica, essas cientistas impressionantes, com certeza, s\u00e3o uma inspira\u00e7\u00e3o para as crian\u00e7as de todo o mundo.<\/p>\n<p>A equipe Promo\u00e7\u00f5es do dia divulga produtos de nossos parceiros, sendo a venda e p\u00f3s venda de responsabilidade dos mesmos.<\/p>\n","protected":false},"excerpt":{"rendered":"<p>Postado 16\/06\/2021 Este livro conta a hist\u00f3ria de 101 mulheres incr\u00edveis que revolucionaram o mundo da ci\u00eancia. Das mais c\u00e9lebres at\u00e9 as menos conhecidas, nos campos da qu\u00edmica, medicina, engenharia, biologia, astrof\u00edsica e matem\u00e1tica, essas cientistas impressionantes, com certeza, s\u00e3o uma inspira\u00e7\u00e3o para as crian\u00e7as de todo o mundo. A equipe Promo\u00e7\u00f5es do dia divulga produtos de nossos parceiros, sendo a venda e p\u00f3s venda de responsabilidade dos mesmos.<\/p>\n","protected":false},"featured_media":284,"template":"","meta":{"_uag_custom_page_level_css":"","site-sidebar-layout":"default","site-content-layout":"default","ast-site-content-layout":"default","site-content-style":"default","site-sidebar-style":"default","ast-global-header-display":"","ast-banner-title-visibility":"","ast-main-header-display":"","ast-hfb-above-header-display":"","ast-hfb-below-header-display":"","ast-hfb-mobile-header-display":"","site-post-title":"","ast-breadcrumbs-content":"","ast-featured-img":"","footer-sml-layout":"","theme-transparent-header-meta":"default","adv-header-id-meta":"","stick-header-meta":"","header-above-stick-meta":"","header-main-stick-meta":"","header-below-stick-meta":"","astra-migrate-meta-layouts":"default","ast-page-background-enabled":"default","ast-page-background-meta":{"desktop":{"background-color":"","background-image":"","background-repeat":"repeat","background-position":"center center","background-size":"auto","background-attachment":"scroll","background-type":"","background-media":"","overlay-type":"","overlay-color":"","overlay-opacity":"","overlay-gradient":""},"tablet":{"background-color":"","background-image":"","background-repeat":"repeat","background-position":"center center","background-size":"auto","background-attachment":"scroll","background-type":"","background-media":"","overlay-type":"","overlay-color":"","overlay-opacity":"","overlay-gradient":""},"mobile":{"background-color":"","background-image":"","background-repeat":"repeat","background-position":"center center","background-size":"auto","background-attachment":"scroll","background-type":"","background-media":"","overlay-type":"","overlay-color":"","overlay-opacity":"","overlay-gradient":""}},"ast-content-background-meta":{"desktop":{"background-color":"var(--ast-global-color-5)","background-image":"","background-repeat":"repeat","background-position":"center center","background-size":"auto","background-attachment":"scroll","background-type":"","background-media":"","overlay-type":"","overlay-color":"","overlay-opacity":"","overlay-gradient":""},"tablet":{"background-color":"var(--ast-global-color-5)","background-image":"","background-repeat":"repeat","background-position":"center center","background-size":"auto","background-attachment":"scroll","background-type":"","background-media":"","overlay-type":"","overlay-color":"","overlay-opacity":"","overlay-gradient":""},"mobile":{"background-color":"var(--ast-global-color-5)","background-image":"","background-repeat":"repeat","background-position":"center center","background-size":"auto","background-attachment":"scroll","background-type":"","background-media":"","overlay-type":"","overlay-color":"","overlay-opacity":"","overlay-gradient":""}}},"product_brand":[],"product_cat":[60],"product_tag":[],"class_list":{"0":"post-283","1":"product","2":"type-product","3":"status-publish","4":"has-post-thumbnail","6":"product_cat-livraria","7":"desktop-align-center","8":"tablet-align-left","9":"mobile-align-center","11":"first","12":"instock","13":"sale","14":"shipping-taxable","15":"product-type-external"},"uagb_featured_image_src":{"full":["https:\/\/promocaododia.com.br\/site\/wp-content\/uploads\/2021\/06\/101-Mulheres-Incriveis-que-Transformaram-a-Ciencia.jpg",600,600,false],"thumbnail":["https:\/\/promocaododia.com.br\/site\/wp-content\/uploads\/2021\/06\/101-Mulheres-Incriveis-que-Transformaram-a-Ciencia-150x150.jpg",150,150,true],"medium":["https:\/\/promocaododia.com.br\/site\/wp-content\/uploads\/2021\/06\/101-Mulheres-Incriveis-que-Transformaram-a-Ciencia-300x300.jpg",300,300,true],"medium_large":["https:\/\/promocaododia.com.br\/site\/wp-content\/uploads\/2021\/06\/101-Mulheres-Incriveis-que-Transformaram-a-Ciencia.jpg",600,600,false],"large":["https:\/\/promocaododia.com.br\/site\/wp-content\/uploads\/2021\/06\/101-Mulheres-Incriveis-que-Transformaram-a-Ciencia.jpg",600,600,false],"1536x1536":["https:\/\/promocaododia.com.br\/site\/wp-content\/uploads\/2021\/06\/101-Mulheres-Incriveis-que-Transformaram-a-Ciencia.jpg",600,600,false],"2048x2048":["https:\/\/promocaododia.com.br\/site\/wp-content\/uploads\/2021\/06\/101-Mulheres-Incriveis-que-Transformaram-a-Ciencia.jpg",600,600,false],"woocommerce_thumbnail":["https:\/\/promocaododia.com.br\/site\/wp-content\/uploads\/2021\/06\/101-Mulheres-Incriveis-que-Transformaram-a-Ciencia-250x250.jpg",250,250,true],"woocommerce_single":["https:\/\/promocaododia.com.br\/site\/wp-content\/uploads\/2021\/06\/101-Mulheres-Incriveis-que-Transformaram-a-Ciencia-250x250.jpg",250,250,true],"woocommerce_gallery_thumbnail":["https:\/\/promocaododia.com.br\/site\/wp-content\/uploads\/2021\/06\/101-Mulheres-Incriveis-que-Transformaram-a-Ciencia-100x100.jpg",100,100,true]},"uagb_author_info":{"display_name":"danilo.gbr","author_link":"https:\/\/promocaododia.com.br\/site\/author\/"},"uagb_comment_info":0,"uagb_excerpt":"Postado 16\/06\/2021 Este livro conta a hist\u00f3ria de 101 mulheres incr\u00edveis que revolucionaram o mundo da ci\u00eancia. Das mais c\u00e9lebres at\u00e9 as menos conhecidas, nos campos da qu\u00edmica, medicina, engenharia, biologia, astrof\u00edsica e matem\u00e1tica, essas cientistas impressionantes, com certeza, s\u00e3o uma inspira\u00e7\u00e3o para as crian\u00e7as de todo o mundo. A equipe Promo\u00e7\u00f5es do dia divulga&hellip;","_links":{"self":[{"href":"https:\/\/promocaododia.com.br\/site\/wp-json\/wp\/v2\/product\/283","targetHints":{"allow":["GET"]}}],"collection":[{"href":"https:\/\/promocaododia.com.br\/site\/wp-json\/wp\/v2\/product"}],"about":[{"href":"https:\/\/promocaododia.com.br\/site\/wp-json\/wp\/v2\/types\/product"}],"wp:featuredmedia":[{"embeddable":true,"href":"https:\/\/promocaododia.com.br\/site\/wp-json\/wp\/v2\/media\/284"}],"wp:attachment":[{"href":"https:\/\/promocaododia.com.br\/site\/wp-json\/wp\/v2\/media?parent=283"}],"wp:term":[{"taxonomy":"product_brand","embeddable":true,"href":"https:\/\/promocaododia.com.br\/site\/wp-json\/wp\/v2\/product_brand?post=283"},{"taxonomy":"product_cat","embeddable":true,"href":"https:\/\/promocaododia.com.br\/site\/wp-json\/wp\/v2\/product_cat?post=283"},{"taxonomy":"product_tag","embeddable":true,"href":"https:\/\/promocaododia.com.br\/site\/wp-json\/wp\/v2\/product_tag?post=283"}],"curies":[{"name":"wp","href":"https:\/\/api.w.org\/{rel}","templated":true}]}}