{"id":293,"date":"2021-06-16T09:38:16","date_gmt":"2021-06-16T12:38:16","guid":{"rendered":"https:\/\/promocaododia.com.br\/site\/?post_type=product&#038;p=293"},"modified":"2021-06-16T09:38:16","modified_gmt":"2021-06-16T12:38:16","slug":"pre-maquiagem-mac-prep-prime-skin-mac","status":"publish","type":"product","link":"https:\/\/promocaododia.com.br\/site\/produto\/pre-maquiagem-mac-prep-prime-skin-mac\/","title":{"rendered":"Pr\u00e9 Maquiagem MAC &#8211; Prep + Prime Skin &#8211; Mac"},"content":{"rendered":"<p>Postado 16\/06\/2021<\/p>\n<p>A Pr\u00e9 Maquiagem Prep + Prime Skin de MAC Cosmetics \u00e9 uma lo\u00e7\u00e3o leve com textura siliconada, minimiza a vermelhid\u00e3o, controla a oleosidade, minimiza a apar\u00eancia dos poros e deixa a pele radiante. Lo\u00e7\u00e3o leve em gel formulada com silicones de efeito especial. Minimiza a vermelhid\u00e3o, uniformizando o tom da pele enquanto acrescenta radi\u00e2ncia. Melhora o dep\u00f3sito e a aplica\u00e7\u00e3o de bases e p\u00f3s. Indica\u00e7\u00e3o: Para todos os tipos de pele. Benef\u00edcios: \u2022 Reduz em 14% a apar\u00eancia da vermelhid\u00e3o \u2022 Uniformiza em 20% o tom da pele \u2022 Melhora em 22% o brilho \u2022 Para todos os tipos de pele \u2022 N\u00e3o acn\u00e9ico \u2022 N\u00e3o cont\u00e9m \u00d3leo Modo de Usar: Espalhe delicadamente sobre o rosto todo ou nas \u00e1reas desejadas ap\u00f3s a hidrata\u00e7\u00e3o (imediatamente antes da base) com a ponta dos dedos, uma esponja ou um pincel. Sobre a MAC Cosmetics: MAC Cosmetics celebra a diversidade e a individualidade: Todas as Idades, Todas as Ra\u00e7as, Todos os G\u00eaneros &#8230; Uma marca de maquiagem profissional estabelecendo tend\u00eancias no backstage das semanas da moda ao redor do mundo. Hoje, a MAC Cosmetics significa tantas coisas para os seus milh\u00f5es de f\u00e3s em todos os cantos do planeta, mas um fen\u00f4meno global de beleza tem que ter come\u00e7ado em algum lugar.<\/p>\n<p>A equipe Promo\u00e7\u00f5es do dia divulga produtos de nossos parceiros, sendo a venda e p\u00f3s venda de responsabilidade dos mesmos.<\/p>\n","protected":false},"excerpt":{"rendered":"<p>Postado 16\/06\/2021 A Pr\u00e9 Maquiagem Prep + Prime Skin de MAC Cosmetics \u00e9 uma lo\u00e7\u00e3o leve com textura siliconada, minimiza a vermelhid\u00e3o, controla a oleosidade, minimiza a apar\u00eancia dos poros e deixa a pele radiante. Lo\u00e7\u00e3o leve em gel formulada com silicones de efeito especial. Minimiza a vermelhid\u00e3o, uniformizando o tom da pele enquanto acrescenta radi\u00e2ncia. Melhora o dep\u00f3sito e a aplica\u00e7\u00e3o de bases e p\u00f3s. Indica\u00e7\u00e3o: Para todos os tipos de pele. Benef\u00edcios: \u2022 Reduz em 14% a apar\u00eancia da vermelhid\u00e3o \u2022 Uniformiza em 20% o tom da pele \u2022 Melhora em 22% o brilho \u2022 Para todos os tipos de pele \u2022 N\u00e3o acn\u00e9ico \u2022 N\u00e3o cont\u00e9m \u00d3leo Modo de Usar: Espalhe delicadamente sobre o rosto todo ou nas \u00e1reas desejadas ap\u00f3s a hidrata\u00e7\u00e3o (imediatamente antes da base) com a ponta dos dedos, uma esponja ou um pincel. Sobre a MAC Cosmetics: MAC Cosmetics celebra a diversidade e a individualidade: Todas as Idades, Todas as Ra\u00e7as, Todos os G\u00eaneros &#8230; Uma marca de maquiagem profissional estabelecendo tend\u00eancias no backstage das semanas da moda ao redor do mundo. Hoje, a MAC Cosmetics significa tantas coisas para os seus milh\u00f5es de f\u00e3s em todos os cantos do planeta, mas um fen\u00f4meno global de beleza tem que ter come\u00e7ado em algum lugar. A equipe Promo\u00e7\u00f5es do dia divulga produtos de nossos parceiros, sendo a venda e p\u00f3s venda de responsabilidade dos mesmos.<\/p>\n","protected":false},"featured_media":294,"template":"","meta":{"_uag_custom_page_level_css":"","site-sidebar-layout":"default","site-content-layout":"default","ast-site-content-layout":"default","site-content-style":"default","site-sidebar-style":"default","ast-global-header-display":"","ast-banner-title-visibility":"","ast-main-header-display":"","ast-hfb-above-header-display":"","ast-hfb-below-header-display":"","ast-hfb-mobile-header-display":"","site-post-title":"","ast-breadcrumbs-content":"","ast-featured-img":"","footer-sml-layout":"","theme-transparent-header-meta":"default","adv-header-id-meta":"","stick-header-meta":"","header-above-stick-meta":"","header-main-stick-meta":"","header-below-stick-meta":"","astra-migrate-meta-layouts":"default","ast-page-background-enabled":"default","ast-page-background-meta":{"desktop":{"background-color":"","background-image":"","background-repeat":"repeat","background-position":"center center","background-size":"auto","background-attachment":"scroll","background-type":"","background-media":"","overlay-type":"","overlay-color":"","overlay-opacity":"","overlay-gradient":""},"tablet":{"background-color":"","background-image":"","background-repeat":"repeat","background-position":"center center","background-size":"auto","background-attachment":"scroll","background-type":"","background-media":"","overlay-type":"","overlay-color":"","overlay-opacity":"","overlay-gradient":""},"mobile":{"background-color":"","background-image":"","background-repeat":"repeat","background-position":"center center","background-size":"auto","background-attachment":"scroll","background-type":"","background-media":"","overlay-type":"","overlay-color":"","overlay-opacity":"","overlay-gradient":""}},"ast-content-background-meta":{"desktop":{"background-color":"var(--ast-global-color-5)","background-image":"","background-repeat":"repeat","background-position":"center center","background-size":"auto","background-attachment":"scroll","background-type":"","background-media":"","overlay-type":"","overlay-color":"","overlay-opacity":"","overlay-gradient":""},"tablet":{"background-color":"var(--ast-global-color-5)","background-image":"","background-repeat":"repeat","background-position":"center center","background-size":"auto","background-attachment":"scroll","background-type":"","background-media":"","overlay-type":"","overlay-color":"","overlay-opacity":"","overlay-gradient":""},"mobile":{"background-color":"var(--ast-global-color-5)","background-image":"","background-repeat":"repeat","background-position":"center center","background-size":"auto","background-attachment":"scroll","background-type":"","background-media":"","overlay-type":"","overlay-color":"","overlay-opacity":"","overlay-gradient":""}}},"product_brand":[],"product_cat":[33,48],"product_tag":[],"class_list":{"0":"post-293","1":"product","2":"type-product","3":"status-publish","4":"has-post-thumbnail","6":"product_cat-beleza-e-perfumaria","7":"product_cat-maquiagem","8":"desktop-align-center","9":"tablet-align-left","10":"mobile-align-center","12":"first","13":"instock","14":"sale","15":"shipping-taxable","16":"product-type-external"},"uagb_featured_image_src":{"full":["https:\/\/promocaododia.com.br\/site\/wp-content\/uploads\/2021\/06\/Pre-Maquiagem-MAC-Prep-Prime-Skin-Mac.jpg",600,600,false],"thumbnail":["https:\/\/promocaododia.com.br\/site\/wp-content\/uploads\/2021\/06\/Pre-Maquiagem-MAC-Prep-Prime-Skin-Mac-150x150.jpg",150,150,true],"medium":["https:\/\/promocaododia.com.br\/site\/wp-content\/uploads\/2021\/06\/Pre-Maquiagem-MAC-Prep-Prime-Skin-Mac-300x300.jpg",300,300,true],"medium_large":["https:\/\/promocaododia.com.br\/site\/wp-content\/uploads\/2021\/06\/Pre-Maquiagem-MAC-Prep-Prime-Skin-Mac.jpg",600,600,false],"large":["https:\/\/promocaododia.com.br\/site\/wp-content\/uploads\/2021\/06\/Pre-Maquiagem-MAC-Prep-Prime-Skin-Mac.jpg",600,600,false],"1536x1536":["https:\/\/promocaododia.com.br\/site\/wp-content\/uploads\/2021\/06\/Pre-Maquiagem-MAC-Prep-Prime-Skin-Mac.jpg",600,600,false],"2048x2048":["https:\/\/promocaododia.com.br\/site\/wp-content\/uploads\/2021\/06\/Pre-Maquiagem-MAC-Prep-Prime-Skin-Mac.jpg",600,600,false],"woocommerce_thumbnail":["https:\/\/promocaododia.com.br\/site\/wp-content\/uploads\/2021\/06\/Pre-Maquiagem-MAC-Prep-Prime-Skin-Mac-250x250.jpg",250,250,true],"woocommerce_single":["https:\/\/promocaododia.com.br\/site\/wp-content\/uploads\/2021\/06\/Pre-Maquiagem-MAC-Prep-Prime-Skin-Mac-250x250.jpg",250,250,true],"woocommerce_gallery_thumbnail":["https:\/\/promocaododia.com.br\/site\/wp-content\/uploads\/2021\/06\/Pre-Maquiagem-MAC-Prep-Prime-Skin-Mac-100x100.jpg",100,100,true]},"uagb_author_info":{"display_name":"danilo.gbr","author_link":"https:\/\/promocaododia.com.br\/site\/author\/"},"uagb_comment_info":0,"uagb_excerpt":"Postado 16\/06\/2021 A Pr\u00e9 Maquiagem Prep + Prime Skin de MAC Cosmetics \u00e9 uma lo\u00e7\u00e3o leve com textura siliconada, minimiza a vermelhid\u00e3o, controla a oleosidade, minimiza a apar\u00eancia dos poros e deixa a pele radiante. Lo\u00e7\u00e3o leve em gel formulada com silicones de efeito especial. Minimiza a vermelhid\u00e3o, uniformizando o tom da pele enquanto acrescenta&hellip;","_links":{"self":[{"href":"https:\/\/promocaododia.com.br\/site\/wp-json\/wp\/v2\/product\/293","targetHints":{"allow":["GET"]}}],"collection":[{"href":"https:\/\/promocaododia.com.br\/site\/wp-json\/wp\/v2\/product"}],"about":[{"href":"https:\/\/promocaododia.com.br\/site\/wp-json\/wp\/v2\/types\/product"}],"wp:featuredmedia":[{"embeddable":true,"href":"https:\/\/promocaododia.com.br\/site\/wp-json\/wp\/v2\/media\/294"}],"wp:attachment":[{"href":"https:\/\/promocaododia.com.br\/site\/wp-json\/wp\/v2\/media?parent=293"}],"wp:term":[{"taxonomy":"product_brand","embeddable":true,"href":"https:\/\/promocaododia.com.br\/site\/wp-json\/wp\/v2\/product_brand?post=293"},{"taxonomy":"product_cat","embeddable":true,"href":"https:\/\/promocaododia.com.br\/site\/wp-json\/wp\/v2\/product_cat?post=293"},{"taxonomy":"product_tag","embeddable":true,"href":"https:\/\/promocaododia.com.br\/site\/wp-json\/wp\/v2\/product_tag?post=293"}],"curies":[{"name":"wp","href":"https:\/\/api.w.org\/{rel}","templated":true}]}}