{"id":297,"date":"2021-06-16T09:47:17","date_gmt":"2021-06-16T12:47:17","guid":{"rendered":"https:\/\/promocaododia.com.br\/site\/?post_type=product&#038;p=297"},"modified":"2021-06-16T09:47:17","modified_gmt":"2021-06-16T12:47:17","slug":"smartphone-samsung-galaxy-a32-128gb-branco-4g-4gb-ram-tela-64-cam-quadrupla-selfie-20mp","status":"publish","type":"product","link":"https:\/\/promocaododia.com.br\/site\/produto\/smartphone-samsung-galaxy-a32-128gb-branco-4g-4gb-ram-tela-64-cam-quadrupla-selfie-20mp\/","title":{"rendered":"Smartphone Samsung Galaxy A32 128GB Branco 4G &#8211; 4GB RAM Tela 6,4\u201d C\u00e2m. Qu\u00e1drupla + Selfie 20MP"},"content":{"rendered":"<p>Postado 16\/06\/2021<\/p>\n<table class=\"tab descricao\">\n<tbody>\n<tr class=\"attribute level1\">\n<td>Tenha uma solu\u00e7\u00e3o para o seu dia a dia sem deixar nada para tr\u00e1s com o Galaxy A32 da Samsung. Realize fotos especiais e \u00fanicas com o conjunto de 4 c\u00e2meras na parte de tr\u00e1s do aparelho. Divirta-se e compartilhe seus momentos especiais ao fotografar com a c\u00e2mera de selfie de 20MP. A tela de 6,4&#8243; com resolu\u00e7\u00e3o FHD+ deste smartphone oferece uma experi\u00eancia de visualiza\u00e7\u00e3o imersiva, seja ao ver seus v\u00eddeos, fotos ou simplesmente acessar as redes sociais. Oferece um processador Octa-Core e 4GB de mem\u00f3ria RAM para que voc\u00ea tenha tudo ao alcance dos dedos de maneira mais f\u00e1cil. O armazenamento interno de 128GB entrega muita conveni\u00eancia para salvar seus documentos de maneira segura. E se mesmo assim achar pouco, voc\u00ea pode usar um cart\u00e3o MicroSD de at\u00e9 1TB para aumentar essa capacidade. Fique sempre conectado com a tecnologia 4G e Wi-Fi em um aparelho dual chip! Tenha bateria para o dia todo, afinal estamos falando de 5000mAh, al\u00e9m de contar com carregamento r\u00e1pido de 15W. A cor branca destaca o design moderno do produto e combina perfeitamente com seu dia a dia.<\/td>\n<\/tr>\n<\/tbody>\n<\/table>\n<p>A equipe Promo\u00e7\u00f5es do dia divulga produtos de nossos parceiros, sendo a venda e p\u00f3s venda de responsabilidade dos mesmos.<\/p>\n","protected":false},"excerpt":{"rendered":"<p>Postado 16\/06\/2021 Tenha uma solu\u00e7\u00e3o para o seu dia a dia sem deixar nada para tr\u00e1s com o Galaxy A32 da Samsung. Realize fotos especiais e \u00fanicas com o conjunto de 4 c\u00e2meras na parte de tr\u00e1s do aparelho. Divirta-se e compartilhe seus momentos especiais ao fotografar com a c\u00e2mera de selfie de 20MP. A tela de 6,4&#8243; com resolu\u00e7\u00e3o FHD+ deste smartphone oferece uma experi\u00eancia de visualiza\u00e7\u00e3o imersiva, seja ao ver seus v\u00eddeos, fotos ou simplesmente acessar as redes sociais. Oferece um processador Octa-Core e 4GB de mem\u00f3ria RAM para que voc\u00ea tenha tudo ao alcance dos dedos de maneira mais f\u00e1cil. O armazenamento interno de 128GB entrega muita conveni\u00eancia para salvar seus documentos de maneira segura. E se mesmo assim achar pouco, voc\u00ea pode usar um cart\u00e3o MicroSD de at\u00e9 1TB para aumentar essa capacidade. Fique sempre conectado com a tecnologia 4G e Wi-Fi em um aparelho dual chip! Tenha bateria para o dia todo, afinal estamos falando de 5000mAh, al\u00e9m de contar com carregamento r\u00e1pido de 15W. A cor branca destaca o design moderno do produto e combina perfeitamente com seu dia a dia. A equipe Promo\u00e7\u00f5es do dia divulga produtos de nossos parceiros, sendo a venda e p\u00f3s venda de responsabilidade dos mesmos.<\/p>\n","protected":false},"featured_media":298,"template":"","meta":{"_uag_custom_page_level_css":"","site-sidebar-layout":"default","site-content-layout":"default","ast-site-content-layout":"default","site-content-style":"default","site-sidebar-style":"default","ast-global-header-display":"","ast-banner-title-visibility":"","ast-main-header-display":"","ast-hfb-above-header-display":"","ast-hfb-below-header-display":"","ast-hfb-mobile-header-display":"","site-post-title":"","ast-breadcrumbs-content":"","ast-featured-img":"","footer-sml-layout":"","theme-transparent-header-meta":"default","adv-header-id-meta":"","stick-header-meta":"","header-above-stick-meta":"","header-main-stick-meta":"","header-below-stick-meta":"","astra-migrate-meta-layouts":"default","ast-page-background-enabled":"default","ast-page-background-meta":{"desktop":{"background-color":"","background-image":"","background-repeat":"repeat","background-position":"center center","background-size":"auto","background-attachment":"scroll","background-type":"","background-media":"","overlay-type":"","overlay-color":"","overlay-opacity":"","overlay-gradient":""},"tablet":{"background-color":"","background-image":"","background-repeat":"repeat","background-position":"center center","background-size":"auto","background-attachment":"scroll","background-type":"","background-media":"","overlay-type":"","overlay-color":"","overlay-opacity":"","overlay-gradient":""},"mobile":{"background-color":"","background-image":"","background-repeat":"repeat","background-position":"center center","background-size":"auto","background-attachment":"scroll","background-type":"","background-media":"","overlay-type":"","overlay-color":"","overlay-opacity":"","overlay-gradient":""}},"ast-content-background-meta":{"desktop":{"background-color":"var(--ast-global-color-5)","background-image":"","background-repeat":"repeat","background-position":"center center","background-size":"auto","background-attachment":"scroll","background-type":"","background-media":"","overlay-type":"","overlay-color":"","overlay-opacity":"","overlay-gradient":""},"tablet":{"background-color":"var(--ast-global-color-5)","background-image":"","background-repeat":"repeat","background-position":"center center","background-size":"auto","background-attachment":"scroll","background-type":"","background-media":"","overlay-type":"","overlay-color":"","overlay-opacity":"","overlay-gradient":""},"mobile":{"background-color":"var(--ast-global-color-5)","background-image":"","background-repeat":"repeat","background-position":"center center","background-size":"auto","background-attachment":"scroll","background-type":"","background-media":"","overlay-type":"","overlay-color":"","overlay-opacity":"","overlay-gradient":""}}},"product_brand":[],"product_cat":[23,35],"product_tag":[],"class_list":{"0":"post-297","1":"product","2":"type-product","3":"status-publish","4":"has-post-thumbnail","6":"product_cat-celulares-e-tablets","7":"product_cat-smartphone","8":"desktop-align-center","9":"tablet-align-left","10":"mobile-align-center","12":"first","13":"instock","14":"sale","15":"shipping-taxable","16":"product-type-external"},"uagb_featured_image_src":{"full":["https:\/\/promocaododia.com.br\/site\/wp-content\/uploads\/2021\/06\/Smartphone-Samsung-Galaxy-A32-128GB-Branco-4G-4GB-RAM-Tela-64-Cam.-Quadrupla-Selfie-20MP.jpg",600,600,false],"thumbnail":["https:\/\/promocaododia.com.br\/site\/wp-content\/uploads\/2021\/06\/Smartphone-Samsung-Galaxy-A32-128GB-Branco-4G-4GB-RAM-Tela-64-Cam.-Quadrupla-Selfie-20MP-150x150.jpg",150,150,true],"medium":["https:\/\/promocaododia.com.br\/site\/wp-content\/uploads\/2021\/06\/Smartphone-Samsung-Galaxy-A32-128GB-Branco-4G-4GB-RAM-Tela-64-Cam.-Quadrupla-Selfie-20MP-300x300.jpg",300,300,true],"medium_large":["https:\/\/promocaododia.com.br\/site\/wp-content\/uploads\/2021\/06\/Smartphone-Samsung-Galaxy-A32-128GB-Branco-4G-4GB-RAM-Tela-64-Cam.-Quadrupla-Selfie-20MP.jpg",600,600,false],"large":["https:\/\/promocaododia.com.br\/site\/wp-content\/uploads\/2021\/06\/Smartphone-Samsung-Galaxy-A32-128GB-Branco-4G-4GB-RAM-Tela-64-Cam.-Quadrupla-Selfie-20MP.jpg",600,600,false],"1536x1536":["https:\/\/promocaododia.com.br\/site\/wp-content\/uploads\/2021\/06\/Smartphone-Samsung-Galaxy-A32-128GB-Branco-4G-4GB-RAM-Tela-64-Cam.-Quadrupla-Selfie-20MP.jpg",600,600,false],"2048x2048":["https:\/\/promocaododia.com.br\/site\/wp-content\/uploads\/2021\/06\/Smartphone-Samsung-Galaxy-A32-128GB-Branco-4G-4GB-RAM-Tela-64-Cam.-Quadrupla-Selfie-20MP.jpg",600,600,false],"woocommerce_thumbnail":["https:\/\/promocaododia.com.br\/site\/wp-content\/uploads\/2021\/06\/Smartphone-Samsung-Galaxy-A32-128GB-Branco-4G-4GB-RAM-Tela-64-Cam.-Quadrupla-Selfie-20MP-250x250.jpg",250,250,true],"woocommerce_single":["https:\/\/promocaododia.com.br\/site\/wp-content\/uploads\/2021\/06\/Smartphone-Samsung-Galaxy-A32-128GB-Branco-4G-4GB-RAM-Tela-64-Cam.-Quadrupla-Selfie-20MP-250x250.jpg",250,250,true],"woocommerce_gallery_thumbnail":["https:\/\/promocaododia.com.br\/site\/wp-content\/uploads\/2021\/06\/Smartphone-Samsung-Galaxy-A32-128GB-Branco-4G-4GB-RAM-Tela-64-Cam.-Quadrupla-Selfie-20MP-100x100.jpg",100,100,true]},"uagb_author_info":{"display_name":"danilo.gbr","author_link":"https:\/\/promocaododia.com.br\/site\/author\/"},"uagb_comment_info":0,"uagb_excerpt":"Postado 16\/06\/2021 Tenha uma solu\u00e7\u00e3o para o seu dia a dia sem deixar nada para tr\u00e1s com o Galaxy A32 da Samsung. Realize fotos especiais e \u00fanicas com o conjunto de 4 c\u00e2meras na parte de tr\u00e1s do aparelho. Divirta-se e compartilhe seus momentos especiais ao fotografar com a c\u00e2mera de selfie de 20MP. A&hellip;","_links":{"self":[{"href":"https:\/\/promocaododia.com.br\/site\/wp-json\/wp\/v2\/product\/297","targetHints":{"allow":["GET"]}}],"collection":[{"href":"https:\/\/promocaododia.com.br\/site\/wp-json\/wp\/v2\/product"}],"about":[{"href":"https:\/\/promocaododia.com.br\/site\/wp-json\/wp\/v2\/types\/product"}],"wp:featuredmedia":[{"embeddable":true,"href":"https:\/\/promocaododia.com.br\/site\/wp-json\/wp\/v2\/media\/298"}],"wp:attachment":[{"href":"https:\/\/promocaododia.com.br\/site\/wp-json\/wp\/v2\/media?parent=297"}],"wp:term":[{"taxonomy":"product_brand","embeddable":true,"href":"https:\/\/promocaododia.com.br\/site\/wp-json\/wp\/v2\/product_brand?post=297"},{"taxonomy":"product_cat","embeddable":true,"href":"https:\/\/promocaododia.com.br\/site\/wp-json\/wp\/v2\/product_cat?post=297"},{"taxonomy":"product_tag","embeddable":true,"href":"https:\/\/promocaododia.com.br\/site\/wp-json\/wp\/v2\/product_tag?post=297"}],"curies":[{"name":"wp","href":"https:\/\/api.w.org\/{rel}","templated":true}]}}