{"id":299,"date":"2021-06-16T09:51:04","date_gmt":"2021-06-16T12:51:04","guid":{"rendered":"https:\/\/promocaododia.com.br\/site\/?post_type=product&#038;p=299"},"modified":"2021-06-16T09:51:05","modified_gmt":"2021-06-16T12:51:05","slug":"notebook-acer-aspire-5-a515-54-57en-intel-core-i5-8gb-256gb-ssd-156-full-hd-led-windows-10","status":"publish","type":"product","link":"https:\/\/promocaododia.com.br\/site\/produto\/notebook-acer-aspire-5-a515-54-57en-intel-core-i5-8gb-256gb-ssd-156-full-hd-led-windows-10\/","title":{"rendered":"Notebook Acer Aspire 5 A515-54-57EN Intel Core i5 &#8211; 8GB 256GB SSD 15,6\u201d Full HD LED Windows 10"},"content":{"rendered":"<p>Postado 16\/06\/2021<\/p>\n<p>&nbsp;<\/p>\n<table class=\"tab descricao\">\n<tbody>\n<tr class=\"attribute level1\">\n<td>Aproveite o melhor da tecnologia e execute todas as tarefas com o m\u00e1ximo de velocidade e efici\u00eancia com o Notebook Acer Aspire 5 A515-54-57EN. Projetado para entregar um desempenho surpreendente, ele traz uma configura\u00e7\u00e3o poderosa que inclui processador Intel Core i5 da 10a gera\u00e7\u00e3o e 8GB de mem\u00f3ria RAM com possibilidade de expans\u00e3o para at\u00e9 20GB. O armazenamento com SSD de 256GB tem espa\u00e7o de sobra para guardar todos os seus arquivos e programas, garantindo alta velocidade de leitura e grava\u00e7\u00e3o. Surpreenda-se com o design elegante e ultrafino que conta com textura de alum\u00ednio escovado, teclado ergon\u00f4mico e tela LED antirreflexo de 15,6&#8243; com resolu\u00e7\u00e3o Full HD que traz imagens e cores incr\u00edveis.Voc\u00ea tamb\u00e9m poder\u00e1 aproveitar outros recursos como as diversas conex\u00f5es USB, entrada HDMI, bateria de longa dura\u00e7\u00e3o e conectividades Wi-Fi e Bluetooth. O produto ainda vem equipado com sistema operacional Windows 10 Home para trazer mais seguran\u00e7a e conforto durante o uso.<\/td>\n<\/tr>\n<\/tbody>\n<\/table>\n<p>A equipe Promo\u00e7\u00f5es do dia divulga produtos de nossos parceiros, sendo a venda e p\u00f3s venda de responsabilidade dos mesmos.<\/p>\n","protected":false},"excerpt":{"rendered":"<p>Postado 16\/06\/2021 &nbsp; Aproveite o melhor da tecnologia e execute todas as tarefas com o m\u00e1ximo de velocidade e efici\u00eancia com o Notebook Acer Aspire 5 A515-54-57EN. Projetado para entregar um desempenho surpreendente, ele traz uma configura\u00e7\u00e3o poderosa que inclui processador Intel Core i5 da 10a gera\u00e7\u00e3o e 8GB de mem\u00f3ria RAM com possibilidade de expans\u00e3o para at\u00e9 20GB. O armazenamento com SSD de 256GB tem espa\u00e7o de sobra para guardar todos os seus arquivos e programas, garantindo alta velocidade de leitura e grava\u00e7\u00e3o. Surpreenda-se com o design elegante e ultrafino que conta com textura de alum\u00ednio escovado, teclado ergon\u00f4mico e tela LED antirreflexo de 15,6&#8243; com resolu\u00e7\u00e3o Full HD que traz imagens e cores incr\u00edveis.Voc\u00ea tamb\u00e9m poder\u00e1 aproveitar outros recursos como as diversas conex\u00f5es USB, entrada HDMI, bateria de longa dura\u00e7\u00e3o e conectividades Wi-Fi e Bluetooth. O produto ainda vem equipado com sistema operacional Windows 10 Home para trazer mais seguran\u00e7a e conforto durante o uso. A equipe Promo\u00e7\u00f5es do dia divulga produtos de nossos parceiros, sendo a venda e p\u00f3s venda de responsabilidade dos mesmos.<\/p>\n","protected":false},"featured_media":300,"template":"","meta":{"_uag_custom_page_level_css":"","site-sidebar-layout":"default","site-content-layout":"default","ast-site-content-layout":"default","site-content-style":"default","site-sidebar-style":"default","ast-global-header-display":"","ast-banner-title-visibility":"","ast-main-header-display":"","ast-hfb-above-header-display":"","ast-hfb-below-header-display":"","ast-hfb-mobile-header-display":"","site-post-title":"","ast-breadcrumbs-content":"","ast-featured-img":"","footer-sml-layout":"","theme-transparent-header-meta":"default","adv-header-id-meta":"","stick-header-meta":"","header-above-stick-meta":"","header-main-stick-meta":"","header-below-stick-meta":"","astra-migrate-meta-layouts":"default","ast-page-background-enabled":"default","ast-page-background-meta":{"desktop":{"background-color":"","background-image":"","background-repeat":"repeat","background-position":"center center","background-size":"auto","background-attachment":"scroll","background-type":"","background-media":"","overlay-type":"","overlay-color":"","overlay-opacity":"","overlay-gradient":""},"tablet":{"background-color":"","background-image":"","background-repeat":"repeat","background-position":"center center","background-size":"auto","background-attachment":"scroll","background-type":"","background-media":"","overlay-type":"","overlay-color":"","overlay-opacity":"","overlay-gradient":""},"mobile":{"background-color":"","background-image":"","background-repeat":"repeat","background-position":"center center","background-size":"auto","background-attachment":"scroll","background-type":"","background-media":"","overlay-type":"","overlay-color":"","overlay-opacity":"","overlay-gradient":""}},"ast-content-background-meta":{"desktop":{"background-color":"var(--ast-global-color-5)","background-image":"","background-repeat":"repeat","background-position":"center center","background-size":"auto","background-attachment":"scroll","background-type":"","background-media":"","overlay-type":"","overlay-color":"","overlay-opacity":"","overlay-gradient":""},"tablet":{"background-color":"var(--ast-global-color-5)","background-image":"","background-repeat":"repeat","background-position":"center center","background-size":"auto","background-attachment":"scroll","background-type":"","background-media":"","overlay-type":"","overlay-color":"","overlay-opacity":"","overlay-gradient":""},"mobile":{"background-color":"var(--ast-global-color-5)","background-image":"","background-repeat":"repeat","background-position":"center center","background-size":"auto","background-attachment":"scroll","background-type":"","background-media":"","overlay-type":"","overlay-color":"","overlay-opacity":"","overlay-gradient":""}}},"product_brand":[],"product_cat":[62],"product_tag":[],"class_list":{"0":"post-299","1":"product","2":"type-product","3":"status-publish","4":"has-post-thumbnail","6":"product_cat-notebook","7":"desktop-align-center","8":"tablet-align-left","9":"mobile-align-center","11":"first","12":"instock","13":"sale","14":"shipping-taxable","15":"product-type-external"},"uagb_featured_image_src":{"full":["https:\/\/promocaododia.com.br\/site\/wp-content\/uploads\/2021\/06\/Notebook-Acer-Aspire-5-A515-54-57EN-Intel-Core-i5-8GB-256GB-SSD-156-Full-HD-LED-Windows-10.jpg",600,600,false],"thumbnail":["https:\/\/promocaododia.com.br\/site\/wp-content\/uploads\/2021\/06\/Notebook-Acer-Aspire-5-A515-54-57EN-Intel-Core-i5-8GB-256GB-SSD-156-Full-HD-LED-Windows-10-150x150.jpg",150,150,true],"medium":["https:\/\/promocaododia.com.br\/site\/wp-content\/uploads\/2021\/06\/Notebook-Acer-Aspire-5-A515-54-57EN-Intel-Core-i5-8GB-256GB-SSD-156-Full-HD-LED-Windows-10-300x300.jpg",300,300,true],"medium_large":["https:\/\/promocaododia.com.br\/site\/wp-content\/uploads\/2021\/06\/Notebook-Acer-Aspire-5-A515-54-57EN-Intel-Core-i5-8GB-256GB-SSD-156-Full-HD-LED-Windows-10.jpg",600,600,false],"large":["https:\/\/promocaododia.com.br\/site\/wp-content\/uploads\/2021\/06\/Notebook-Acer-Aspire-5-A515-54-57EN-Intel-Core-i5-8GB-256GB-SSD-156-Full-HD-LED-Windows-10.jpg",600,600,false],"1536x1536":["https:\/\/promocaododia.com.br\/site\/wp-content\/uploads\/2021\/06\/Notebook-Acer-Aspire-5-A515-54-57EN-Intel-Core-i5-8GB-256GB-SSD-156-Full-HD-LED-Windows-10.jpg",600,600,false],"2048x2048":["https:\/\/promocaododia.com.br\/site\/wp-content\/uploads\/2021\/06\/Notebook-Acer-Aspire-5-A515-54-57EN-Intel-Core-i5-8GB-256GB-SSD-156-Full-HD-LED-Windows-10.jpg",600,600,false],"woocommerce_thumbnail":["https:\/\/promocaododia.com.br\/site\/wp-content\/uploads\/2021\/06\/Notebook-Acer-Aspire-5-A515-54-57EN-Intel-Core-i5-8GB-256GB-SSD-156-Full-HD-LED-Windows-10-250x250.jpg",250,250,true],"woocommerce_single":["https:\/\/promocaododia.com.br\/site\/wp-content\/uploads\/2021\/06\/Notebook-Acer-Aspire-5-A515-54-57EN-Intel-Core-i5-8GB-256GB-SSD-156-Full-HD-LED-Windows-10-250x250.jpg",250,250,true],"woocommerce_gallery_thumbnail":["https:\/\/promocaododia.com.br\/site\/wp-content\/uploads\/2021\/06\/Notebook-Acer-Aspire-5-A515-54-57EN-Intel-Core-i5-8GB-256GB-SSD-156-Full-HD-LED-Windows-10-100x100.jpg",100,100,true]},"uagb_author_info":{"display_name":"danilo.gbr","author_link":"https:\/\/promocaododia.com.br\/site\/author\/"},"uagb_comment_info":0,"uagb_excerpt":"Postado 16\/06\/2021 &nbsp; Aproveite o melhor da tecnologia e execute todas as tarefas com o m\u00e1ximo de velocidade e efici\u00eancia com o Notebook Acer Aspire 5 A515-54-57EN. Projetado para entregar um desempenho surpreendente, ele traz uma configura\u00e7\u00e3o poderosa que inclui processador Intel Core i5 da 10a gera\u00e7\u00e3o e 8GB de mem\u00f3ria RAM com possibilidade de&hellip;","_links":{"self":[{"href":"https:\/\/promocaododia.com.br\/site\/wp-json\/wp\/v2\/product\/299","targetHints":{"allow":["GET"]}}],"collection":[{"href":"https:\/\/promocaododia.com.br\/site\/wp-json\/wp\/v2\/product"}],"about":[{"href":"https:\/\/promocaododia.com.br\/site\/wp-json\/wp\/v2\/types\/product"}],"wp:featuredmedia":[{"embeddable":true,"href":"https:\/\/promocaododia.com.br\/site\/wp-json\/wp\/v2\/media\/300"}],"wp:attachment":[{"href":"https:\/\/promocaododia.com.br\/site\/wp-json\/wp\/v2\/media?parent=299"}],"wp:term":[{"taxonomy":"product_brand","embeddable":true,"href":"https:\/\/promocaododia.com.br\/site\/wp-json\/wp\/v2\/product_brand?post=299"},{"taxonomy":"product_cat","embeddable":true,"href":"https:\/\/promocaododia.com.br\/site\/wp-json\/wp\/v2\/product_cat?post=299"},{"taxonomy":"product_tag","embeddable":true,"href":"https:\/\/promocaododia.com.br\/site\/wp-json\/wp\/v2\/product_tag?post=299"}],"curies":[{"name":"wp","href":"https:\/\/api.w.org\/{rel}","templated":true}]}}