{"id":311,"date":"2021-06-17T08:33:38","date_gmt":"2021-06-17T11:33:38","guid":{"rendered":"https:\/\/promocaododia.com.br\/site\/?post_type=product&#038;p=311"},"modified":"2021-06-17T08:33:38","modified_gmt":"2021-06-17T11:33:38","slug":"a-marca-da-vitoria-a-autobiografia-do-criador-da-nike-para-jovens-empreendedores","status":"publish","type":"product","link":"https:\/\/promocaododia.com.br\/site\/produto\/a-marca-da-vitoria-a-autobiografia-do-criador-da-nike-para-jovens-empreendedores\/","title":{"rendered":"A Marca da Vit\u00f3ria \u2013 a Autobiografia do Criador da Nike Para Jovens Empreendedores"},"content":{"rendered":"<p>Postado 17\/06\/2021<\/p>\n<p><strong>Phil Knight<\/strong>\u00a0se transformou de um jovem em d\u00favida sobre seu futuro \u2013 mas com uma ideia genial \u2013 em criador de uma das marcas mais conhecidas e bem-sucedidas do mundo: a\u00a0<strong>Nike<\/strong>.<\/p>\n<p>Nesta edi\u00e7\u00e3o do best-seller do The New York Times feita especialmente para jovens empreendedores, ele conta sua trajet\u00f3ria, detalhando sua vida antes da cria\u00e7\u00e3o da empresa \u2013 os anos vitoriosos como atleta na faculdade, as d\u00favidas sobre qual caminho profissional seguir e a viagem ao redor do mundo que fez antes de colocar a ideia em pr\u00e1tica \u2013 e o processo de cria\u00e7\u00e3o em si, com detalhes sobre os percal\u00e7os do caminho, a escolha do nome e a cria\u00e7\u00e3o do ic\u00f4nico logotipo.<\/p>\n<p>Repleto de sabedoria, verdade e humor, esta \u00e9 uma hist\u00f3ria inspiradora de determina\u00e7\u00e3o e quebra de paradigmas sobre um jovem que queria deixar sua marca no mundo, e conseguiu.<\/p>\n<p>A equipe Promo\u00e7\u00f5es do dia divulga produtos de nossos parceiros, sendo a venda e p\u00f3s venda de responsabilidade dos mesmos.<\/p>\n","protected":false},"excerpt":{"rendered":"<p>Postado 17\/06\/2021 Phil Knight\u00a0se transformou de um jovem em d\u00favida sobre seu futuro \u2013 mas com uma ideia genial \u2013 em criador de uma das marcas mais conhecidas e bem-sucedidas do mundo: a\u00a0Nike. Nesta edi\u00e7\u00e3o do best-seller do The New York Times feita especialmente para jovens empreendedores, ele conta sua trajet\u00f3ria, detalhando sua vida antes da cria\u00e7\u00e3o da empresa \u2013 os anos vitoriosos como atleta na faculdade, as d\u00favidas sobre qual caminho profissional seguir e a viagem ao redor do mundo que fez antes de colocar a ideia em pr\u00e1tica \u2013 e o processo de cria\u00e7\u00e3o em si, com detalhes sobre os percal\u00e7os do caminho, a escolha do nome e a cria\u00e7\u00e3o do ic\u00f4nico logotipo. Repleto de sabedoria, verdade e humor, esta \u00e9 uma hist\u00f3ria inspiradora de determina\u00e7\u00e3o e quebra de paradigmas sobre um jovem que queria deixar sua marca no mundo, e conseguiu. A equipe Promo\u00e7\u00f5es do dia divulga produtos de nossos parceiros, sendo a venda e p\u00f3s venda de responsabilidade dos mesmos.<\/p>\n","protected":false},"featured_media":312,"template":"","meta":{"_uag_custom_page_level_css":"","site-sidebar-layout":"default","site-content-layout":"default","ast-site-content-layout":"default","site-content-style":"default","site-sidebar-style":"default","ast-global-header-display":"","ast-banner-title-visibility":"","ast-main-header-display":"","ast-hfb-above-header-display":"","ast-hfb-below-header-display":"","ast-hfb-mobile-header-display":"","site-post-title":"","ast-breadcrumbs-content":"","ast-featured-img":"","footer-sml-layout":"","theme-transparent-header-meta":"default","adv-header-id-meta":"","stick-header-meta":"","header-above-stick-meta":"","header-main-stick-meta":"","header-below-stick-meta":"","astra-migrate-meta-layouts":"default","ast-page-background-enabled":"default","ast-page-background-meta":{"desktop":{"background-color":"","background-image":"","background-repeat":"repeat","background-position":"center center","background-size":"auto","background-attachment":"scroll","background-type":"","background-media":"","overlay-type":"","overlay-color":"","overlay-opacity":"","overlay-gradient":""},"tablet":{"background-color":"","background-image":"","background-repeat":"repeat","background-position":"center center","background-size":"auto","background-attachment":"scroll","background-type":"","background-media":"","overlay-type":"","overlay-color":"","overlay-opacity":"","overlay-gradient":""},"mobile":{"background-color":"","background-image":"","background-repeat":"repeat","background-position":"center center","background-size":"auto","background-attachment":"scroll","background-type":"","background-media":"","overlay-type":"","overlay-color":"","overlay-opacity":"","overlay-gradient":""}},"ast-content-background-meta":{"desktop":{"background-color":"var(--ast-global-color-5)","background-image":"","background-repeat":"repeat","background-position":"center center","background-size":"auto","background-attachment":"scroll","background-type":"","background-media":"","overlay-type":"","overlay-color":"","overlay-opacity":"","overlay-gradient":""},"tablet":{"background-color":"var(--ast-global-color-5)","background-image":"","background-repeat":"repeat","background-position":"center center","background-size":"auto","background-attachment":"scroll","background-type":"","background-media":"","overlay-type":"","overlay-color":"","overlay-opacity":"","overlay-gradient":""},"mobile":{"background-color":"var(--ast-global-color-5)","background-image":"","background-repeat":"repeat","background-position":"center center","background-size":"auto","background-attachment":"scroll","background-type":"","background-media":"","overlay-type":"","overlay-color":"","overlay-opacity":"","overlay-gradient":""}}},"product_brand":[],"product_cat":[60],"product_tag":[],"class_list":{"0":"post-311","1":"product","2":"type-product","3":"status-publish","4":"has-post-thumbnail","6":"product_cat-livraria","7":"desktop-align-center","8":"tablet-align-left","9":"mobile-align-center","11":"first","12":"instock","13":"sale","14":"shipping-taxable","15":"product-type-external"},"uagb_featured_image_src":{"full":["https:\/\/promocaododia.com.br\/site\/wp-content\/uploads\/2021\/06\/A-Marca-da-Vitoria-\u2013-a-Autobiografia-do-Criador-da-Nike-Para-Jovens-Empreendedores.jpg",600,600,false],"thumbnail":["https:\/\/promocaododia.com.br\/site\/wp-content\/uploads\/2021\/06\/A-Marca-da-Vitoria-\u2013-a-Autobiografia-do-Criador-da-Nike-Para-Jovens-Empreendedores-150x150.jpg",150,150,true],"medium":["https:\/\/promocaododia.com.br\/site\/wp-content\/uploads\/2021\/06\/A-Marca-da-Vitoria-\u2013-a-Autobiografia-do-Criador-da-Nike-Para-Jovens-Empreendedores-300x300.jpg",300,300,true],"medium_large":["https:\/\/promocaododia.com.br\/site\/wp-content\/uploads\/2021\/06\/A-Marca-da-Vitoria-\u2013-a-Autobiografia-do-Criador-da-Nike-Para-Jovens-Empreendedores.jpg",600,600,false],"large":["https:\/\/promocaododia.com.br\/site\/wp-content\/uploads\/2021\/06\/A-Marca-da-Vitoria-\u2013-a-Autobiografia-do-Criador-da-Nike-Para-Jovens-Empreendedores.jpg",600,600,false],"1536x1536":["https:\/\/promocaododia.com.br\/site\/wp-content\/uploads\/2021\/06\/A-Marca-da-Vitoria-\u2013-a-Autobiografia-do-Criador-da-Nike-Para-Jovens-Empreendedores.jpg",600,600,false],"2048x2048":["https:\/\/promocaododia.com.br\/site\/wp-content\/uploads\/2021\/06\/A-Marca-da-Vitoria-\u2013-a-Autobiografia-do-Criador-da-Nike-Para-Jovens-Empreendedores.jpg",600,600,false],"woocommerce_thumbnail":["https:\/\/promocaododia.com.br\/site\/wp-content\/uploads\/2021\/06\/A-Marca-da-Vitoria-\u2013-a-Autobiografia-do-Criador-da-Nike-Para-Jovens-Empreendedores-250x250.jpg",250,250,true],"woocommerce_single":["https:\/\/promocaododia.com.br\/site\/wp-content\/uploads\/2021\/06\/A-Marca-da-Vitoria-\u2013-a-Autobiografia-do-Criador-da-Nike-Para-Jovens-Empreendedores-250x250.jpg",250,250,true],"woocommerce_gallery_thumbnail":["https:\/\/promocaododia.com.br\/site\/wp-content\/uploads\/2021\/06\/A-Marca-da-Vitoria-\u2013-a-Autobiografia-do-Criador-da-Nike-Para-Jovens-Empreendedores-100x100.jpg",100,100,true]},"uagb_author_info":{"display_name":"danilo.gbr","author_link":"https:\/\/promocaododia.com.br\/site\/author\/"},"uagb_comment_info":0,"uagb_excerpt":"Postado 17\/06\/2021 Phil Knight\u00a0se transformou de um jovem em d\u00favida sobre seu futuro \u2013 mas com uma ideia genial \u2013 em criador de uma das marcas mais conhecidas e bem-sucedidas do mundo: a\u00a0Nike. Nesta edi\u00e7\u00e3o do best-seller do The New York Times feita especialmente para jovens empreendedores, ele conta sua trajet\u00f3ria, detalhando sua vida antes&hellip;","_links":{"self":[{"href":"https:\/\/promocaododia.com.br\/site\/wp-json\/wp\/v2\/product\/311","targetHints":{"allow":["GET"]}}],"collection":[{"href":"https:\/\/promocaododia.com.br\/site\/wp-json\/wp\/v2\/product"}],"about":[{"href":"https:\/\/promocaododia.com.br\/site\/wp-json\/wp\/v2\/types\/product"}],"wp:featuredmedia":[{"embeddable":true,"href":"https:\/\/promocaododia.com.br\/site\/wp-json\/wp\/v2\/media\/312"}],"wp:attachment":[{"href":"https:\/\/promocaododia.com.br\/site\/wp-json\/wp\/v2\/media?parent=311"}],"wp:term":[{"taxonomy":"product_brand","embeddable":true,"href":"https:\/\/promocaododia.com.br\/site\/wp-json\/wp\/v2\/product_brand?post=311"},{"taxonomy":"product_cat","embeddable":true,"href":"https:\/\/promocaododia.com.br\/site\/wp-json\/wp\/v2\/product_cat?post=311"},{"taxonomy":"product_tag","embeddable":true,"href":"https:\/\/promocaododia.com.br\/site\/wp-json\/wp\/v2\/product_tag?post=311"}],"curies":[{"name":"wp","href":"https:\/\/api.w.org\/{rel}","templated":true}]}}