{"id":318,"date":"2021-06-17T08:47:59","date_gmt":"2021-06-17T11:47:59","guid":{"rendered":"https:\/\/promocaododia.com.br\/site\/?post_type=product&#038;p=318"},"modified":"2021-06-17T08:47:59","modified_gmt":"2021-06-17T11:47:59","slug":"magrecha-ekobe","status":"publish","type":"product","link":"https:\/\/promocaododia.com.br\/site\/produto\/magrecha-ekobe\/","title":{"rendered":"MAGRECHA, Ekob\u00e9"},"content":{"rendered":"<p>Postado 17\/06\/2021<\/p>\n<p>*Suplemento alimentar que ajuda o organismo a queimar gorduras com benef\u00edcios \u00e0 sa\u00fade.<\/p>\n<p>MAGRECH\u00c1 \u00e9 a energia que seu dia precisa e a serenidade que sua noite merece!!<\/p>\n<p>MAGRECH\u00c1 auxilia na r\u00e1pida elimina\u00e7\u00e3o de gorduras e a evitar a reten\u00e7\u00e3o de l\u00edquidos no organismo.<\/p>\n<p>Atua tamb\u00e9m como preven\u00e7\u00e3o ao estresse e transtornos de ansiedade, muito comum em dietas.<\/p>\n<p>O MAGRECH\u00c1 DIA \u00e9 preparado com frutos de ma\u00e7\u00e3, folhas e talos de ch\u00e1 verde, folhas e talos de erva mate, folhas e ramos de hortel\u00e3, flores de hibisco, rizomas de gengibre e aroma natural de ma\u00e7\u00e3.<\/p>\n<p>\u00c9 a melhor maneira para come\u00e7ar o seu dia! Al\u00e9m de proporcionar mais energia, o MAGRECH\u00c1 DIA tem efeito termog\u00eanico, fazendo o metabolismo funcionar mais rapidamente, aumentando a queima de gorduras, evitando que ela se acumule no organismo.<\/p>\n<p>MAGRECH\u00c1 NOITE \u00e9 preparado com frutos de ma\u00e7\u00e3, folhas e ramos de melissa, cap\u00edtulos florais de camomila, frutos de funcho, polpa dos frutos de maracuj\u00e1, bot\u00f5es florais de cravo da \u00edndia, folhas e casca de canela e aroma natural de maracuj\u00e1.<\/p>\n<p>MAGRECH\u00c1 NOITE \u00e9 ideal para uma noite tranquila de sono profundo e reparador por sua a\u00e7\u00e3o calmante. Auxilia na preven\u00e7\u00e3o ao estresse e transtornos de ansiedade, muito comum para quem faz dietas.<\/p>\n<p>MAGRECH\u00c1 \u00e9 tudo que voc\u00ea precisa para Viver em Equil\u00edbrio.<\/p>\n<p>A equipe Promo\u00e7\u00f5es do dia divulga produtos de nossos parceiros, sendo a venda e p\u00f3s venda de responsabilidade dos mesmos.<\/p>\n","protected":false},"excerpt":{"rendered":"<p>Postado 17\/06\/2021 *Suplemento alimentar que ajuda o organismo a queimar gorduras com benef\u00edcios \u00e0 sa\u00fade. MAGRECH\u00c1 \u00e9 a energia que seu dia precisa e a serenidade que sua noite merece!! MAGRECH\u00c1 auxilia na r\u00e1pida elimina\u00e7\u00e3o de gorduras e a evitar a reten\u00e7\u00e3o de l\u00edquidos no organismo. Atua tamb\u00e9m como preven\u00e7\u00e3o ao estresse e transtornos de ansiedade, muito comum em dietas. O MAGRECH\u00c1 DIA \u00e9 preparado com frutos de ma\u00e7\u00e3, folhas e talos de ch\u00e1 verde, folhas e talos de erva mate, folhas e ramos de hortel\u00e3, flores de hibisco, rizomas de gengibre e aroma natural de ma\u00e7\u00e3. \u00c9 a melhor maneira para come\u00e7ar o seu dia! Al\u00e9m de proporcionar mais energia, o MAGRECH\u00c1 DIA tem efeito termog\u00eanico, fazendo o metabolismo funcionar mais rapidamente, aumentando a queima de gorduras, evitando que ela se acumule no organismo. MAGRECH\u00c1 NOITE \u00e9 preparado com frutos de ma\u00e7\u00e3, folhas e ramos de melissa, cap\u00edtulos florais de camomila, frutos de funcho, polpa dos frutos de maracuj\u00e1, bot\u00f5es florais de cravo da \u00edndia, folhas e casca de canela e aroma natural de maracuj\u00e1. MAGRECH\u00c1 NOITE \u00e9 ideal para uma noite tranquila de sono profundo e reparador por sua a\u00e7\u00e3o calmante. Auxilia na preven\u00e7\u00e3o ao estresse e transtornos de ansiedade, muito comum para quem faz dietas. MAGRECH\u00c1 \u00e9 tudo que voc\u00ea precisa para Viver em Equil\u00edbrio. A equipe Promo\u00e7\u00f5es do dia divulga produtos de nossos parceiros, sendo a venda e p\u00f3s venda de responsabilidade dos mesmos.<\/p>\n","protected":false},"featured_media":319,"template":"","meta":{"_uag_custom_page_level_css":"","site-sidebar-layout":"default","site-content-layout":"default","ast-site-content-layout":"default","site-content-style":"default","site-sidebar-style":"default","ast-global-header-display":"","ast-banner-title-visibility":"","ast-main-header-display":"","ast-hfb-above-header-display":"","ast-hfb-below-header-display":"","ast-hfb-mobile-header-display":"","site-post-title":"","ast-breadcrumbs-content":"","ast-featured-img":"","footer-sml-layout":"","theme-transparent-header-meta":"default","adv-header-id-meta":"","stick-header-meta":"","header-above-stick-meta":"","header-main-stick-meta":"","header-below-stick-meta":"","astra-migrate-meta-layouts":"default","ast-page-background-enabled":"default","ast-page-background-meta":{"desktop":{"background-color":"","background-image":"","background-repeat":"repeat","background-position":"center center","background-size":"auto","background-attachment":"scroll","background-type":"","background-media":"","overlay-type":"","overlay-color":"","overlay-opacity":"","overlay-gradient":""},"tablet":{"background-color":"","background-image":"","background-repeat":"repeat","background-position":"center center","background-size":"auto","background-attachment":"scroll","background-type":"","background-media":"","overlay-type":"","overlay-color":"","overlay-opacity":"","overlay-gradient":""},"mobile":{"background-color":"","background-image":"","background-repeat":"repeat","background-position":"center center","background-size":"auto","background-attachment":"scroll","background-type":"","background-media":"","overlay-type":"","overlay-color":"","overlay-opacity":"","overlay-gradient":""}},"ast-content-background-meta":{"desktop":{"background-color":"var(--ast-global-color-5)","background-image":"","background-repeat":"repeat","background-position":"center center","background-size":"auto","background-attachment":"scroll","background-type":"","background-media":"","overlay-type":"","overlay-color":"","overlay-opacity":"","overlay-gradient":""},"tablet":{"background-color":"var(--ast-global-color-5)","background-image":"","background-repeat":"repeat","background-position":"center center","background-size":"auto","background-attachment":"scroll","background-type":"","background-media":"","overlay-type":"","overlay-color":"","overlay-opacity":"","overlay-gradient":""},"mobile":{"background-color":"var(--ast-global-color-5)","background-image":"","background-repeat":"repeat","background-position":"center center","background-size":"auto","background-attachment":"scroll","background-type":"","background-media":"","overlay-type":"","overlay-color":"","overlay-opacity":"","overlay-gradient":""}}},"product_brand":[],"product_cat":[56,59],"product_tag":[],"class_list":{"0":"post-318","1":"product","2":"type-product","3":"status-publish","4":"has-post-thumbnail","6":"product_cat-bebidas","7":"product_cat-saude","8":"desktop-align-center","9":"tablet-align-left","10":"mobile-align-center","12":"first","13":"instock","14":"sale","15":"shipping-taxable","16":"product-type-external"},"uagb_featured_image_src":{"full":["https:\/\/promocaododia.com.br\/site\/wp-content\/uploads\/2021\/06\/MAGRECHA-Ekobe.jpg",600,600,false],"thumbnail":["https:\/\/promocaododia.com.br\/site\/wp-content\/uploads\/2021\/06\/MAGRECHA-Ekobe-150x150.jpg",150,150,true],"medium":["https:\/\/promocaododia.com.br\/site\/wp-content\/uploads\/2021\/06\/MAGRECHA-Ekobe-300x300.jpg",300,300,true],"medium_large":["https:\/\/promocaododia.com.br\/site\/wp-content\/uploads\/2021\/06\/MAGRECHA-Ekobe.jpg",600,600,false],"large":["https:\/\/promocaododia.com.br\/site\/wp-content\/uploads\/2021\/06\/MAGRECHA-Ekobe.jpg",600,600,false],"1536x1536":["https:\/\/promocaododia.com.br\/site\/wp-content\/uploads\/2021\/06\/MAGRECHA-Ekobe.jpg",600,600,false],"2048x2048":["https:\/\/promocaododia.com.br\/site\/wp-content\/uploads\/2021\/06\/MAGRECHA-Ekobe.jpg",600,600,false],"woocommerce_thumbnail":["https:\/\/promocaododia.com.br\/site\/wp-content\/uploads\/2021\/06\/MAGRECHA-Ekobe-250x250.jpg",250,250,true],"woocommerce_single":["https:\/\/promocaododia.com.br\/site\/wp-content\/uploads\/2021\/06\/MAGRECHA-Ekobe-250x250.jpg",250,250,true],"woocommerce_gallery_thumbnail":["https:\/\/promocaododia.com.br\/site\/wp-content\/uploads\/2021\/06\/MAGRECHA-Ekobe-100x100.jpg",100,100,true]},"uagb_author_info":{"display_name":"danilo.gbr","author_link":"https:\/\/promocaododia.com.br\/site\/author\/"},"uagb_comment_info":0,"uagb_excerpt":"Postado 17\/06\/2021 *Suplemento alimentar que ajuda o organismo a queimar gorduras com benef\u00edcios \u00e0 sa\u00fade. MAGRECH\u00c1 \u00e9 a energia que seu dia precisa e a serenidade que sua noite merece!! MAGRECH\u00c1 auxilia na r\u00e1pida elimina\u00e7\u00e3o de gorduras e a evitar a reten\u00e7\u00e3o de l\u00edquidos no organismo. Atua tamb\u00e9m como preven\u00e7\u00e3o ao estresse e transtornos de&hellip;","_links":{"self":[{"href":"https:\/\/promocaododia.com.br\/site\/wp-json\/wp\/v2\/product\/318","targetHints":{"allow":["GET"]}}],"collection":[{"href":"https:\/\/promocaododia.com.br\/site\/wp-json\/wp\/v2\/product"}],"about":[{"href":"https:\/\/promocaododia.com.br\/site\/wp-json\/wp\/v2\/types\/product"}],"wp:featuredmedia":[{"embeddable":true,"href":"https:\/\/promocaododia.com.br\/site\/wp-json\/wp\/v2\/media\/319"}],"wp:attachment":[{"href":"https:\/\/promocaododia.com.br\/site\/wp-json\/wp\/v2\/media?parent=318"}],"wp:term":[{"taxonomy":"product_brand","embeddable":true,"href":"https:\/\/promocaododia.com.br\/site\/wp-json\/wp\/v2\/product_brand?post=318"},{"taxonomy":"product_cat","embeddable":true,"href":"https:\/\/promocaododia.com.br\/site\/wp-json\/wp\/v2\/product_cat?post=318"},{"taxonomy":"product_tag","embeddable":true,"href":"https:\/\/promocaododia.com.br\/site\/wp-json\/wp\/v2\/product_tag?post=318"}],"curies":[{"name":"wp","href":"https:\/\/api.w.org\/{rel}","templated":true}]}}