{"id":320,"date":"2021-06-17T08:51:52","date_gmt":"2021-06-17T11:51:52","guid":{"rendered":"https:\/\/promocaododia.com.br\/site\/?post_type=product&#038;p=320"},"modified":"2021-06-17T08:51:52","modified_gmt":"2021-06-17T11:51:52","slug":"kit-de-pinceis-silicone-brush-set-klass-vough","status":"publish","type":"product","link":"https:\/\/promocaododia.com.br\/site\/produto\/kit-de-pinceis-silicone-brush-set-klass-vough\/","title":{"rendered":"Kit de Pinc\u00e9is Silicone Brush Set, Klass Vough"},"content":{"rendered":"<p>Postado 17\/06\/2021<\/p>\n<ul class=\"a-unordered-list a-vertical a-spacing-mini\">\n<li><span class=\"a-list-item\">Cont\u00e9m 4 pinceis<\/span><\/li>\n<li><span class=\"a-list-item\">Pincel para face indicado para aplica\u00e7\u00e3o de produtos cremosos e l\u00edquidos como primers, m\u00e1scaras para tratamento est\u00e9tico e cremes faciais<\/span><\/li>\n<li><span class=\"a-list-item\">Pincel para olhos com formato de ponta oval; indicado para aplica\u00e7\u00e3o de produtos em p\u00f3 na regi\u00e3o da p\u00e1lpebra<\/span><\/li>\n<li><span class=\"a-list-item\">Pincel para olhos com corte redondo e chanfrado; indicado para aplica\u00e7\u00e3o de produtos em p\u00f3 como pigmentos e gliters<\/span><\/li>\n<li><span class=\"a-list-item\">Pincel para olhos formato fino e chanfrado; perfeito para fazer delineado com produtos l\u00edquidos, cremosos e em p\u00f3<\/span><\/li>\n<li><span class=\"a-list-item\">Unidades: 1<\/span><\/li>\n<li><span class=\"a-list-item\">Unidade de medida: count<\/span><\/li>\n<\/ul>\n<p>A equipe Promo\u00e7\u00f5es do dia divulga produtos de nossos parceiros, sendo a venda e p\u00f3s venda de responsabilidade dos mesmos.<\/p>\n","protected":false},"excerpt":{"rendered":"<p>Postado 17\/06\/2021 Cont\u00e9m 4 pinceis Pincel para face indicado para aplica\u00e7\u00e3o de produtos cremosos e l\u00edquidos como primers, m\u00e1scaras para tratamento est\u00e9tico e cremes faciais Pincel para olhos com formato de ponta oval; indicado para aplica\u00e7\u00e3o de produtos em p\u00f3 na regi\u00e3o da p\u00e1lpebra Pincel para olhos com corte redondo e chanfrado; indicado para aplica\u00e7\u00e3o de produtos em p\u00f3 como pigmentos e gliters Pincel para olhos formato fino e chanfrado; perfeito para fazer delineado com produtos l\u00edquidos, cremosos e em p\u00f3 Unidades: 1 Unidade de medida: count A equipe Promo\u00e7\u00f5es do dia divulga produtos de nossos parceiros, sendo a venda e p\u00f3s venda de responsabilidade dos mesmos.<\/p>\n","protected":false},"featured_media":321,"template":"","meta":{"_uag_custom_page_level_css":"","site-sidebar-layout":"default","site-content-layout":"default","ast-site-content-layout":"default","site-content-style":"default","site-sidebar-style":"default","ast-global-header-display":"","ast-banner-title-visibility":"","ast-main-header-display":"","ast-hfb-above-header-display":"","ast-hfb-below-header-display":"","ast-hfb-mobile-header-display":"","site-post-title":"","ast-breadcrumbs-content":"","ast-featured-img":"","footer-sml-layout":"","theme-transparent-header-meta":"default","adv-header-id-meta":"","stick-header-meta":"","header-above-stick-meta":"","header-main-stick-meta":"","header-below-stick-meta":"","astra-migrate-meta-layouts":"default","ast-page-background-enabled":"default","ast-page-background-meta":{"desktop":{"background-color":"","background-image":"","background-repeat":"repeat","background-position":"center center","background-size":"auto","background-attachment":"scroll","background-type":"","background-media":"","overlay-type":"","overlay-color":"","overlay-opacity":"","overlay-gradient":""},"tablet":{"background-color":"","background-image":"","background-repeat":"repeat","background-position":"center center","background-size":"auto","background-attachment":"scroll","background-type":"","background-media":"","overlay-type":"","overlay-color":"","overlay-opacity":"","overlay-gradient":""},"mobile":{"background-color":"","background-image":"","background-repeat":"repeat","background-position":"center center","background-size":"auto","background-attachment":"scroll","background-type":"","background-media":"","overlay-type":"","overlay-color":"","overlay-opacity":"","overlay-gradient":""}},"ast-content-background-meta":{"desktop":{"background-color":"var(--ast-global-color-5)","background-image":"","background-repeat":"repeat","background-position":"center center","background-size":"auto","background-attachment":"scroll","background-type":"","background-media":"","overlay-type":"","overlay-color":"","overlay-opacity":"","overlay-gradient":""},"tablet":{"background-color":"var(--ast-global-color-5)","background-image":"","background-repeat":"repeat","background-position":"center center","background-size":"auto","background-attachment":"scroll","background-type":"","background-media":"","overlay-type":"","overlay-color":"","overlay-opacity":"","overlay-gradient":""},"mobile":{"background-color":"var(--ast-global-color-5)","background-image":"","background-repeat":"repeat","background-position":"center center","background-size":"auto","background-attachment":"scroll","background-type":"","background-media":"","overlay-type":"","overlay-color":"","overlay-opacity":"","overlay-gradient":""}}},"product_brand":[],"product_cat":[33,48],"product_tag":[],"class_list":{"0":"post-320","1":"product","2":"type-product","3":"status-publish","4":"has-post-thumbnail","6":"product_cat-beleza-e-perfumaria","7":"product_cat-maquiagem","8":"desktop-align-center","9":"tablet-align-left","10":"mobile-align-center","12":"first","13":"instock","14":"sale","15":"shipping-taxable","16":"product-type-external"},"uagb_featured_image_src":{"full":["https:\/\/promocaododia.com.br\/site\/wp-content\/uploads\/2021\/06\/Kit-de-Pinceis-Silicone-Brush-Set-Klass-Vough.jpg",600,600,false],"thumbnail":["https:\/\/promocaododia.com.br\/site\/wp-content\/uploads\/2021\/06\/Kit-de-Pinceis-Silicone-Brush-Set-Klass-Vough-150x150.jpg",150,150,true],"medium":["https:\/\/promocaododia.com.br\/site\/wp-content\/uploads\/2021\/06\/Kit-de-Pinceis-Silicone-Brush-Set-Klass-Vough-300x300.jpg",300,300,true],"medium_large":["https:\/\/promocaododia.com.br\/site\/wp-content\/uploads\/2021\/06\/Kit-de-Pinceis-Silicone-Brush-Set-Klass-Vough.jpg",600,600,false],"large":["https:\/\/promocaododia.com.br\/site\/wp-content\/uploads\/2021\/06\/Kit-de-Pinceis-Silicone-Brush-Set-Klass-Vough.jpg",600,600,false],"1536x1536":["https:\/\/promocaododia.com.br\/site\/wp-content\/uploads\/2021\/06\/Kit-de-Pinceis-Silicone-Brush-Set-Klass-Vough.jpg",600,600,false],"2048x2048":["https:\/\/promocaododia.com.br\/site\/wp-content\/uploads\/2021\/06\/Kit-de-Pinceis-Silicone-Brush-Set-Klass-Vough.jpg",600,600,false],"woocommerce_thumbnail":["https:\/\/promocaododia.com.br\/site\/wp-content\/uploads\/2021\/06\/Kit-de-Pinceis-Silicone-Brush-Set-Klass-Vough-250x250.jpg",250,250,true],"woocommerce_single":["https:\/\/promocaododia.com.br\/site\/wp-content\/uploads\/2021\/06\/Kit-de-Pinceis-Silicone-Brush-Set-Klass-Vough-250x250.jpg",250,250,true],"woocommerce_gallery_thumbnail":["https:\/\/promocaododia.com.br\/site\/wp-content\/uploads\/2021\/06\/Kit-de-Pinceis-Silicone-Brush-Set-Klass-Vough-100x100.jpg",100,100,true]},"uagb_author_info":{"display_name":"danilo.gbr","author_link":"https:\/\/promocaododia.com.br\/site\/author\/"},"uagb_comment_info":0,"uagb_excerpt":"Postado 17\/06\/2021 Cont\u00e9m 4 pinceis Pincel para face indicado para aplica\u00e7\u00e3o de produtos cremosos e l\u00edquidos como primers, m\u00e1scaras para tratamento est\u00e9tico e cremes faciais Pincel para olhos com formato de ponta oval; indicado para aplica\u00e7\u00e3o de produtos em p\u00f3 na regi\u00e3o da p\u00e1lpebra Pincel para olhos com corte redondo e chanfrado; indicado para aplica\u00e7\u00e3o&hellip;","_links":{"self":[{"href":"https:\/\/promocaododia.com.br\/site\/wp-json\/wp\/v2\/product\/320","targetHints":{"allow":["GET"]}}],"collection":[{"href":"https:\/\/promocaododia.com.br\/site\/wp-json\/wp\/v2\/product"}],"about":[{"href":"https:\/\/promocaododia.com.br\/site\/wp-json\/wp\/v2\/types\/product"}],"wp:featuredmedia":[{"embeddable":true,"href":"https:\/\/promocaododia.com.br\/site\/wp-json\/wp\/v2\/media\/321"}],"wp:attachment":[{"href":"https:\/\/promocaododia.com.br\/site\/wp-json\/wp\/v2\/media?parent=320"}],"wp:term":[{"taxonomy":"product_brand","embeddable":true,"href":"https:\/\/promocaododia.com.br\/site\/wp-json\/wp\/v2\/product_brand?post=320"},{"taxonomy":"product_cat","embeddable":true,"href":"https:\/\/promocaododia.com.br\/site\/wp-json\/wp\/v2\/product_cat?post=320"},{"taxonomy":"product_tag","embeddable":true,"href":"https:\/\/promocaododia.com.br\/site\/wp-json\/wp\/v2\/product_tag?post=320"}],"curies":[{"name":"wp","href":"https:\/\/api.w.org\/{rel}","templated":true}]}}