{"id":324,"date":"2021-06-17T08:59:18","date_gmt":"2021-06-17T11:59:18","guid":{"rendered":"https:\/\/promocaododia.com.br\/site\/?post_type=product&#038;p=324"},"modified":"2021-06-17T08:59:18","modified_gmt":"2021-06-17T11:59:18","slug":"jogo-de-potes-3-pecas-tramontina-mixcolor-colorido-polipropileno","status":"publish","type":"product","link":"https:\/\/promocaododia.com.br\/site\/produto\/jogo-de-potes-3-pecas-tramontina-mixcolor-colorido-polipropileno\/","title":{"rendered":"Jogo de Potes 3 Pe\u00e7as Tramontina Mixcolor Colorido Polipropileno"},"content":{"rendered":"<p>Postado 17\/06\/2021<\/p>\n<div id=\"featurebullets_feature_div\" class=\"celwidget\" data-feature-name=\"featurebullets\" data-csa-c-id=\"4xnw2w-rsqa29-7lqhng-chhjrs\">\n<div id=\"feature-bullets\" class=\"a-section a-spacing-medium a-spacing-top-small\">\n<div id=\"featurebullets_feature_div\" class=\"celwidget\" data-feature-name=\"featurebullets\" data-csa-c-id=\"dgaxv5-bylk6y-d9zbzd-mqmc2y\">\n<div id=\"feature-bullets\" class=\"a-section a-spacing-medium a-spacing-top-small\">\n<ul class=\"a-unordered-list a-vertical a-spacing-mini\">\n<li><span class=\"a-list-item\">Jogo de potes 3 pe\u00e7as<\/span><\/li>\n<li><span class=\"a-list-item\">Polipropileno<\/span><\/li>\n<li><span class=\"a-list-item\">Uso seguro e adequado: antes da primeira utiliza\u00e7\u00e3o, lave bem as pe\u00e7as e seque-as; tenha cuidado ao manusear produtos cortantes e perfurantes e mantenha-os fora do alcance de crian\u00e7as<\/span><\/li>\n<li><span class=\"a-list-item\">01 Pote Amarelo &#8211; Tamanho: 24,7&#215;24,7 cm &#8211; Capacidade: 4,00 Litros.01<\/span><\/li>\n<li><span class=\"a-list-item\">01 Pote Azul &#8211; Tamanho: 20,2&#215;20,2 cm- Capacidade: 2,00 Litros.<\/span><\/li>\n<li><span class=\"a-list-item\">01 Pote Rosa &#8211; Tamanho: 13,3&#215;13,3 cm- Capacidade: 0,60 Litros.<\/span><\/li>\n<\/ul>\n<\/div>\n<\/div>\n<\/div>\n<\/div>\n<p>A equipe Promo\u00e7\u00f5es do dia divulga produtos de nossos parceiros, sendo a venda e p\u00f3s venda de responsabilidade dos mesmos.<\/p>\n","protected":false},"excerpt":{"rendered":"<p>Postado 17\/06\/2021 Jogo de potes 3 pe\u00e7as Polipropileno Uso seguro e adequado: antes da primeira utiliza\u00e7\u00e3o, lave bem as pe\u00e7as e seque-as; tenha cuidado ao manusear produtos cortantes e perfurantes e mantenha-os fora do alcance de crian\u00e7as 01 Pote Amarelo &#8211; Tamanho: 24,7&#215;24,7 cm &#8211; Capacidade: 4,00 Litros.01 01 Pote Azul &#8211; Tamanho: 20,2&#215;20,2 cm- Capacidade: 2,00 Litros. 01 Pote Rosa &#8211; Tamanho: 13,3&#215;13,3 cm- Capacidade: 0,60 Litros. A equipe Promo\u00e7\u00f5es do dia divulga produtos de nossos parceiros, sendo a venda e p\u00f3s venda de responsabilidade dos mesmos.<\/p>\n","protected":false},"featured_media":325,"template":"","meta":{"_uag_custom_page_level_css":"","site-sidebar-layout":"default","site-content-layout":"default","ast-site-content-layout":"default","site-content-style":"default","site-sidebar-style":"default","ast-global-header-display":"","ast-banner-title-visibility":"","ast-main-header-display":"","ast-hfb-above-header-display":"","ast-hfb-below-header-display":"","ast-hfb-mobile-header-display":"","site-post-title":"","ast-breadcrumbs-content":"","ast-featured-img":"","footer-sml-layout":"","theme-transparent-header-meta":"default","adv-header-id-meta":"","stick-header-meta":"","header-above-stick-meta":"","header-main-stick-meta":"","header-below-stick-meta":"","astra-migrate-meta-layouts":"default","ast-page-background-enabled":"default","ast-page-background-meta":{"desktop":{"background-color":"","background-image":"","background-repeat":"repeat","background-position":"center center","background-size":"auto","background-attachment":"scroll","background-type":"","background-media":"","overlay-type":"","overlay-color":"","overlay-opacity":"","overlay-gradient":""},"tablet":{"background-color":"","background-image":"","background-repeat":"repeat","background-position":"center center","background-size":"auto","background-attachment":"scroll","background-type":"","background-media":"","overlay-type":"","overlay-color":"","overlay-opacity":"","overlay-gradient":""},"mobile":{"background-color":"","background-image":"","background-repeat":"repeat","background-position":"center center","background-size":"auto","background-attachment":"scroll","background-type":"","background-media":"","overlay-type":"","overlay-color":"","overlay-opacity":"","overlay-gradient":""}},"ast-content-background-meta":{"desktop":{"background-color":"var(--ast-global-color-5)","background-image":"","background-repeat":"repeat","background-position":"center center","background-size":"auto","background-attachment":"scroll","background-type":"","background-media":"","overlay-type":"","overlay-color":"","overlay-opacity":"","overlay-gradient":""},"tablet":{"background-color":"var(--ast-global-color-5)","background-image":"","background-repeat":"repeat","background-position":"center center","background-size":"auto","background-attachment":"scroll","background-type":"","background-media":"","overlay-type":"","overlay-color":"","overlay-opacity":"","overlay-gradient":""},"mobile":{"background-color":"var(--ast-global-color-5)","background-image":"","background-repeat":"repeat","background-position":"center center","background-size":"auto","background-attachment":"scroll","background-type":"","background-media":"","overlay-type":"","overlay-color":"","overlay-opacity":"","overlay-gradient":""}}},"product_brand":[],"product_cat":[64,18],"product_tag":[],"class_list":{"0":"post-324","1":"product","2":"type-product","3":"status-publish","4":"has-post-thumbnail","6":"product_cat-recipientes-e-potes","7":"product_cat-utensilios-para-cozinhar","8":"desktop-align-center","9":"tablet-align-left","10":"mobile-align-center","12":"first","13":"instock","14":"sale","15":"shipping-taxable","16":"product-type-external"},"uagb_featured_image_src":{"full":["https:\/\/promocaododia.com.br\/site\/wp-content\/uploads\/2021\/06\/Jogo-de-Potes-3-Pecas-Tramontina-Mixcolor-Colorido-Polipropileno.jpg",600,600,false],"thumbnail":["https:\/\/promocaododia.com.br\/site\/wp-content\/uploads\/2021\/06\/Jogo-de-Potes-3-Pecas-Tramontina-Mixcolor-Colorido-Polipropileno-150x150.jpg",150,150,true],"medium":["https:\/\/promocaododia.com.br\/site\/wp-content\/uploads\/2021\/06\/Jogo-de-Potes-3-Pecas-Tramontina-Mixcolor-Colorido-Polipropileno-300x300.jpg",300,300,true],"medium_large":["https:\/\/promocaododia.com.br\/site\/wp-content\/uploads\/2021\/06\/Jogo-de-Potes-3-Pecas-Tramontina-Mixcolor-Colorido-Polipropileno.jpg",600,600,false],"large":["https:\/\/promocaododia.com.br\/site\/wp-content\/uploads\/2021\/06\/Jogo-de-Potes-3-Pecas-Tramontina-Mixcolor-Colorido-Polipropileno.jpg",600,600,false],"1536x1536":["https:\/\/promocaododia.com.br\/site\/wp-content\/uploads\/2021\/06\/Jogo-de-Potes-3-Pecas-Tramontina-Mixcolor-Colorido-Polipropileno.jpg",600,600,false],"2048x2048":["https:\/\/promocaododia.com.br\/site\/wp-content\/uploads\/2021\/06\/Jogo-de-Potes-3-Pecas-Tramontina-Mixcolor-Colorido-Polipropileno.jpg",600,600,false],"woocommerce_thumbnail":["https:\/\/promocaododia.com.br\/site\/wp-content\/uploads\/2021\/06\/Jogo-de-Potes-3-Pecas-Tramontina-Mixcolor-Colorido-Polipropileno-250x250.jpg",250,250,true],"woocommerce_single":["https:\/\/promocaododia.com.br\/site\/wp-content\/uploads\/2021\/06\/Jogo-de-Potes-3-Pecas-Tramontina-Mixcolor-Colorido-Polipropileno-250x250.jpg",250,250,true],"woocommerce_gallery_thumbnail":["https:\/\/promocaododia.com.br\/site\/wp-content\/uploads\/2021\/06\/Jogo-de-Potes-3-Pecas-Tramontina-Mixcolor-Colorido-Polipropileno-100x100.jpg",100,100,true]},"uagb_author_info":{"display_name":"danilo.gbr","author_link":"https:\/\/promocaododia.com.br\/site\/author\/"},"uagb_comment_info":0,"uagb_excerpt":"Postado 17\/06\/2021 Jogo de potes 3 pe\u00e7as Polipropileno Uso seguro e adequado: antes da primeira utiliza\u00e7\u00e3o, lave bem as pe\u00e7as e seque-as; tenha cuidado ao manusear produtos cortantes e perfurantes e mantenha-os fora do alcance de crian\u00e7as 01 Pote Amarelo &#8211; Tamanho: 24,7&#215;24,7 cm &#8211; Capacidade: 4,00 Litros.01 01 Pote Azul &#8211; Tamanho: 20,2&#215;20,2 cm-&hellip;","_links":{"self":[{"href":"https:\/\/promocaododia.com.br\/site\/wp-json\/wp\/v2\/product\/324","targetHints":{"allow":["GET"]}}],"collection":[{"href":"https:\/\/promocaododia.com.br\/site\/wp-json\/wp\/v2\/product"}],"about":[{"href":"https:\/\/promocaododia.com.br\/site\/wp-json\/wp\/v2\/types\/product"}],"wp:featuredmedia":[{"embeddable":true,"href":"https:\/\/promocaododia.com.br\/site\/wp-json\/wp\/v2\/media\/325"}],"wp:attachment":[{"href":"https:\/\/promocaododia.com.br\/site\/wp-json\/wp\/v2\/media?parent=324"}],"wp:term":[{"taxonomy":"product_brand","embeddable":true,"href":"https:\/\/promocaododia.com.br\/site\/wp-json\/wp\/v2\/product_brand?post=324"},{"taxonomy":"product_cat","embeddable":true,"href":"https:\/\/promocaododia.com.br\/site\/wp-json\/wp\/v2\/product_cat?post=324"},{"taxonomy":"product_tag","embeddable":true,"href":"https:\/\/promocaododia.com.br\/site\/wp-json\/wp\/v2\/product_tag?post=324"}],"curies":[{"name":"wp","href":"https:\/\/api.w.org\/{rel}","templated":true}]}}