{"id":348,"date":"2021-06-24T09:30:44","date_gmt":"2021-06-24T12:30:44","guid":{"rendered":"https:\/\/promocaododia.com.br\/site\/?post_type=product&#038;p=348"},"modified":"2021-06-24T09:30:45","modified_gmt":"2021-06-24T12:30:45","slug":"notebook-samsung-book-np550xda-kt1br-intel-core-i3-4gb-1tb-156-full-hd-led-windows-10","status":"publish","type":"product","link":"https:\/\/promocaododia.com.br\/site\/produto\/notebook-samsung-book-np550xda-kt1br-intel-core-i3-4gb-1tb-156-full-hd-led-windows-10\/","title":{"rendered":"Notebook Samsung Book NP550XDA-KT1BR Intel Core i3 &#8211; 4GB 1TB 15,6\u201d Full HD LED Windows 10"},"content":{"rendered":"<p>Postado 24\/06\/2021<\/p>\n<p>Se voc\u00ea precisa de uma m\u00e1quina potente e extremamente funcional para executar as tarefas do dia a dia com agilidade, sua op\u00e7\u00e3o certeira \u00e9 o Notebook Samsung Book NP550XDA-KT1BR. Sua configura\u00e7\u00e3o conta com processador Intel Core i3 da 11a gera\u00e7\u00e3o e 4GB de mem\u00f3ria RAM, garantindo um \u00f3timo desempenho e maior efici\u00eancia. O amplo armazenamento, com HD de 1TB, permite que voc\u00ea guarde uma infinidade de arquivos com maior organiza\u00e7\u00e3o. Se surpreenda com as imagens deslumbrantes e cores vivas da tela LED de 15,6&#8243; com resolu\u00e7\u00e3o Full HD e tecnologia antirreflexo. O sistema operacional Windows 10 Home \u00e9 outro destaque deste modelo, pois traz mais seguran\u00e7a e praticidade. Al\u00e9m disso, o Samsung Book possui um design fino e elegante para voc\u00ea carregar para todos os lugares, estando sempre pronto para gerar novas ideias.<\/p>\n<p>A equipe Promo\u00e7\u00f5es do dia divulga produtos de nossos parceiros, sendo a venda e p\u00f3s venda de responsabilidade dos mesmos.<\/p>\n","protected":false},"excerpt":{"rendered":"<p>Postado 24\/06\/2021 Se voc\u00ea precisa de uma m\u00e1quina potente e extremamente funcional para executar as tarefas do dia a dia com agilidade, sua op\u00e7\u00e3o certeira \u00e9 o Notebook Samsung Book NP550XDA-KT1BR. Sua configura\u00e7\u00e3o conta com processador Intel Core i3 da 11a gera\u00e7\u00e3o e 4GB de mem\u00f3ria RAM, garantindo um \u00f3timo desempenho e maior efici\u00eancia. O amplo armazenamento, com HD de 1TB, permite que voc\u00ea guarde uma infinidade de arquivos com maior organiza\u00e7\u00e3o. Se surpreenda com as imagens deslumbrantes e cores vivas da tela LED de 15,6&#8243; com resolu\u00e7\u00e3o Full HD e tecnologia antirreflexo. O sistema operacional Windows 10 Home \u00e9 outro destaque deste modelo, pois traz mais seguran\u00e7a e praticidade. Al\u00e9m disso, o Samsung Book possui um design fino e elegante para voc\u00ea carregar para todos os lugares, estando sempre pronto para gerar novas ideias. A equipe Promo\u00e7\u00f5es do dia divulga produtos de nossos parceiros, sendo a venda e p\u00f3s venda de responsabilidade dos mesmos.<\/p>\n","protected":false},"featured_media":349,"template":"","meta":{"_uag_custom_page_level_css":"","site-sidebar-layout":"default","site-content-layout":"default","ast-site-content-layout":"default","site-content-style":"default","site-sidebar-style":"default","ast-global-header-display":"","ast-banner-title-visibility":"","ast-main-header-display":"","ast-hfb-above-header-display":"","ast-hfb-below-header-display":"","ast-hfb-mobile-header-display":"","site-post-title":"","ast-breadcrumbs-content":"","ast-featured-img":"","footer-sml-layout":"","theme-transparent-header-meta":"default","adv-header-id-meta":"","stick-header-meta":"","header-above-stick-meta":"","header-main-stick-meta":"","header-below-stick-meta":"","astra-migrate-meta-layouts":"default","ast-page-background-enabled":"default","ast-page-background-meta":{"desktop":{"background-color":"","background-image":"","background-repeat":"repeat","background-position":"center center","background-size":"auto","background-attachment":"scroll","background-type":"","background-media":"","overlay-type":"","overlay-color":"","overlay-opacity":"","overlay-gradient":""},"tablet":{"background-color":"","background-image":"","background-repeat":"repeat","background-position":"center center","background-size":"auto","background-attachment":"scroll","background-type":"","background-media":"","overlay-type":"","overlay-color":"","overlay-opacity":"","overlay-gradient":""},"mobile":{"background-color":"","background-image":"","background-repeat":"repeat","background-position":"center center","background-size":"auto","background-attachment":"scroll","background-type":"","background-media":"","overlay-type":"","overlay-color":"","overlay-opacity":"","overlay-gradient":""}},"ast-content-background-meta":{"desktop":{"background-color":"var(--ast-global-color-5)","background-image":"","background-repeat":"repeat","background-position":"center center","background-size":"auto","background-attachment":"scroll","background-type":"","background-media":"","overlay-type":"","overlay-color":"","overlay-opacity":"","overlay-gradient":""},"tablet":{"background-color":"var(--ast-global-color-5)","background-image":"","background-repeat":"repeat","background-position":"center center","background-size":"auto","background-attachment":"scroll","background-type":"","background-media":"","overlay-type":"","overlay-color":"","overlay-opacity":"","overlay-gradient":""},"mobile":{"background-color":"var(--ast-global-color-5)","background-image":"","background-repeat":"repeat","background-position":"center center","background-size":"auto","background-attachment":"scroll","background-type":"","background-media":"","overlay-type":"","overlay-color":"","overlay-opacity":"","overlay-gradient":""}}},"product_brand":[],"product_cat":[38,62],"product_tag":[],"class_list":{"0":"post-348","1":"product","2":"type-product","3":"status-publish","4":"has-post-thumbnail","6":"product_cat-eletronicos","7":"product_cat-notebook","8":"desktop-align-center","9":"tablet-align-left","10":"mobile-align-center","12":"first","13":"instock","14":"sale","15":"shipping-taxable","16":"product-type-external"},"uagb_featured_image_src":{"full":["https:\/\/promocaododia.com.br\/site\/wp-content\/uploads\/2021\/06\/Notebook-Samsung-Book-NP550XDA-KT1BR-Intel-Core-i3-4GB-1TB-156-Full-HD-LED-Windows-10.jpg",600,600,false],"thumbnail":["https:\/\/promocaododia.com.br\/site\/wp-content\/uploads\/2021\/06\/Notebook-Samsung-Book-NP550XDA-KT1BR-Intel-Core-i3-4GB-1TB-156-Full-HD-LED-Windows-10.jpg",150,150,false],"medium":["https:\/\/promocaododia.com.br\/site\/wp-content\/uploads\/2021\/06\/Notebook-Samsung-Book-NP550XDA-KT1BR-Intel-Core-i3-4GB-1TB-156-Full-HD-LED-Windows-10.jpg",300,300,false],"medium_large":["https:\/\/promocaododia.com.br\/site\/wp-content\/uploads\/2021\/06\/Notebook-Samsung-Book-NP550XDA-KT1BR-Intel-Core-i3-4GB-1TB-156-Full-HD-LED-Windows-10.jpg",600,600,false],"large":["https:\/\/promocaododia.com.br\/site\/wp-content\/uploads\/2021\/06\/Notebook-Samsung-Book-NP550XDA-KT1BR-Intel-Core-i3-4GB-1TB-156-Full-HD-LED-Windows-10.jpg",600,600,false],"1536x1536":["https:\/\/promocaododia.com.br\/site\/wp-content\/uploads\/2021\/06\/Notebook-Samsung-Book-NP550XDA-KT1BR-Intel-Core-i3-4GB-1TB-156-Full-HD-LED-Windows-10.jpg",600,600,false],"2048x2048":["https:\/\/promocaododia.com.br\/site\/wp-content\/uploads\/2021\/06\/Notebook-Samsung-Book-NP550XDA-KT1BR-Intel-Core-i3-4GB-1TB-156-Full-HD-LED-Windows-10.jpg",600,600,false],"woocommerce_thumbnail":["https:\/\/promocaododia.com.br\/site\/wp-content\/uploads\/2021\/06\/Notebook-Samsung-Book-NP550XDA-KT1BR-Intel-Core-i3-4GB-1TB-156-Full-HD-LED-Windows-10-250x250.jpg",250,250,true],"woocommerce_single":["https:\/\/promocaododia.com.br\/site\/wp-content\/uploads\/2021\/06\/Notebook-Samsung-Book-NP550XDA-KT1BR-Intel-Core-i3-4GB-1TB-156-Full-HD-LED-Windows-10-250x250.jpg",250,250,true],"woocommerce_gallery_thumbnail":["https:\/\/promocaododia.com.br\/site\/wp-content\/uploads\/2021\/06\/Notebook-Samsung-Book-NP550XDA-KT1BR-Intel-Core-i3-4GB-1TB-156-Full-HD-LED-Windows-10-100x100.jpg",100,100,true]},"uagb_author_info":{"display_name":"danilo.gbr","author_link":"https:\/\/promocaododia.com.br\/site\/author\/"},"uagb_comment_info":0,"uagb_excerpt":"Postado 24\/06\/2021 Se voc\u00ea precisa de uma m\u00e1quina potente e extremamente funcional para executar as tarefas do dia a dia com agilidade, sua op\u00e7\u00e3o certeira \u00e9 o Notebook Samsung Book NP550XDA-KT1BR. Sua configura\u00e7\u00e3o conta com processador Intel Core i3 da 11a gera\u00e7\u00e3o e 4GB de mem\u00f3ria RAM, garantindo um \u00f3timo desempenho e maior efici\u00eancia. O&hellip;","_links":{"self":[{"href":"https:\/\/promocaododia.com.br\/site\/wp-json\/wp\/v2\/product\/348","targetHints":{"allow":["GET"]}}],"collection":[{"href":"https:\/\/promocaododia.com.br\/site\/wp-json\/wp\/v2\/product"}],"about":[{"href":"https:\/\/promocaododia.com.br\/site\/wp-json\/wp\/v2\/types\/product"}],"wp:featuredmedia":[{"embeddable":true,"href":"https:\/\/promocaododia.com.br\/site\/wp-json\/wp\/v2\/media\/349"}],"wp:attachment":[{"href":"https:\/\/promocaododia.com.br\/site\/wp-json\/wp\/v2\/media?parent=348"}],"wp:term":[{"taxonomy":"product_brand","embeddable":true,"href":"https:\/\/promocaododia.com.br\/site\/wp-json\/wp\/v2\/product_brand?post=348"},{"taxonomy":"product_cat","embeddable":true,"href":"https:\/\/promocaododia.com.br\/site\/wp-json\/wp\/v2\/product_cat?post=348"},{"taxonomy":"product_tag","embeddable":true,"href":"https:\/\/promocaododia.com.br\/site\/wp-json\/wp\/v2\/product_tag?post=348"}],"curies":[{"name":"wp","href":"https:\/\/api.w.org\/{rel}","templated":true}]}}