{"id":350,"date":"2021-06-24T09:55:55","date_gmt":"2021-06-24T12:55:55","guid":{"rendered":"https:\/\/promocaododia.com.br\/site\/?post_type=product&#038;p=350"},"modified":"2021-06-24T09:55:56","modified_gmt":"2021-06-24T12:55:56","slug":"smart-tv-hd-led-32-samsung-32t4300a-wi-fi-hdr-2-hdmi-1-usb","status":"publish","type":"product","link":"https:\/\/promocaododia.com.br\/site\/produto\/smart-tv-hd-led-32-samsung-32t4300a-wi-fi-hdr-2-hdmi-1-usb\/","title":{"rendered":"Smart TV HD LED 32\u201d Samsung 32T4300A &#8211; Wi-Fi HDR 2 HDMI 1 USB"},"content":{"rendered":"<p>Postado 24\/06\/2021<\/p>\n<div class=\"product\">\n<div class=\"ptabs\">\n<div class=\"product-factsheet \" data-factsheet-id=\"225608200\">\n<div class=\"tab-content\">\n<div id=\"tab-descricao225608200\" class=\"tab-pane active\">\n<table class=\"tab descricao\">\n<tbody>\n<tr class=\"attribute level1\">\n<td>Curta seus filmes, s\u00e9rie e programas favoritos com a m\u00e1xima qualidade de imagem e som com a Smart TV Samsung 32T4300A. Com uma tela LED de 32&#8243; e resolu\u00e7\u00e3o HD, ela oferece uma quantidade muito maior de detalhes, mais nitidez e cores vibrantes que v\u00e3o surpreender voc\u00ea e todos seus amigos e familiares. A conectividade Wi-Fi Direct e 2 entradas HDMI, 2 USB, 1 ethernet, 1 sa\u00edda \u00f3ptica, 1 entrada RF e 1 entrada de v\u00eddeo componente v\u00e3o manter voc\u00ea sempre conectado e por dentro de tudo. Al\u00e9m disso, ela tamb\u00e9m conta com sistema operacional Tizen, processador Hyper Real, HDR e sistema de espelhamento de smartphone para TV.<\/td>\n<\/tr>\n<\/tbody>\n<\/table>\n<\/div>\n<\/div>\n<\/div>\n<\/div>\n<\/div>\n<p>A equipe Promo\u00e7\u00f5es do dia divulga produtos de nossos parceiros, sendo a venda e p\u00f3s venda de responsabilidade dos mesmos.<\/p>\n","protected":false},"excerpt":{"rendered":"<p>Postado 24\/06\/2021 Curta seus filmes, s\u00e9rie e programas favoritos com a m\u00e1xima qualidade de imagem e som com a Smart TV Samsung 32T4300A. Com uma tela LED de 32&#8243; e resolu\u00e7\u00e3o HD, ela oferece uma quantidade muito maior de detalhes, mais nitidez e cores vibrantes que v\u00e3o surpreender voc\u00ea e todos seus amigos e familiares. A conectividade Wi-Fi Direct e 2 entradas HDMI, 2 USB, 1 ethernet, 1 sa\u00edda \u00f3ptica, 1 entrada RF e 1 entrada de v\u00eddeo componente v\u00e3o manter voc\u00ea sempre conectado e por dentro de tudo. Al\u00e9m disso, ela tamb\u00e9m conta com sistema operacional Tizen, processador Hyper Real, HDR e sistema de espelhamento de smartphone para TV. A equipe Promo\u00e7\u00f5es do dia divulga produtos de nossos parceiros, sendo a venda e p\u00f3s venda de responsabilidade dos mesmos.<\/p>\n","protected":false},"featured_media":351,"template":"","meta":{"_uag_custom_page_level_css":"","site-sidebar-layout":"default","site-content-layout":"default","ast-site-content-layout":"default","site-content-style":"default","site-sidebar-style":"default","ast-global-header-display":"","ast-banner-title-visibility":"","ast-main-header-display":"","ast-hfb-above-header-display":"","ast-hfb-below-header-display":"","ast-hfb-mobile-header-display":"","site-post-title":"","ast-breadcrumbs-content":"","ast-featured-img":"","footer-sml-layout":"","theme-transparent-header-meta":"default","adv-header-id-meta":"","stick-header-meta":"","header-above-stick-meta":"","header-main-stick-meta":"","header-below-stick-meta":"","astra-migrate-meta-layouts":"default","ast-page-background-enabled":"default","ast-page-background-meta":{"desktop":{"background-color":"","background-image":"","background-repeat":"repeat","background-position":"center center","background-size":"auto","background-attachment":"scroll","background-type":"","background-media":"","overlay-type":"","overlay-color":"","overlay-opacity":"","overlay-gradient":""},"tablet":{"background-color":"","background-image":"","background-repeat":"repeat","background-position":"center center","background-size":"auto","background-attachment":"scroll","background-type":"","background-media":"","overlay-type":"","overlay-color":"","overlay-opacity":"","overlay-gradient":""},"mobile":{"background-color":"","background-image":"","background-repeat":"repeat","background-position":"center center","background-size":"auto","background-attachment":"scroll","background-type":"","background-media":"","overlay-type":"","overlay-color":"","overlay-opacity":"","overlay-gradient":""}},"ast-content-background-meta":{"desktop":{"background-color":"var(--ast-global-color-5)","background-image":"","background-repeat":"repeat","background-position":"center center","background-size":"auto","background-attachment":"scroll","background-type":"","background-media":"","overlay-type":"","overlay-color":"","overlay-opacity":"","overlay-gradient":""},"tablet":{"background-color":"var(--ast-global-color-5)","background-image":"","background-repeat":"repeat","background-position":"center center","background-size":"auto","background-attachment":"scroll","background-type":"","background-media":"","overlay-type":"","overlay-color":"","overlay-opacity":"","overlay-gradient":""},"mobile":{"background-color":"var(--ast-global-color-5)","background-image":"","background-repeat":"repeat","background-position":"center center","background-size":"auto","background-attachment":"scroll","background-type":"","background-media":"","overlay-type":"","overlay-color":"","overlay-opacity":"","overlay-gradient":""}}},"product_brand":[],"product_cat":[38,25],"product_tag":[],"class_list":{"0":"post-350","1":"product","2":"type-product","3":"status-publish","4":"has-post-thumbnail","6":"product_cat-eletronicos","7":"product_cat-smart-tv","8":"desktop-align-center","9":"tablet-align-left","10":"mobile-align-center","12":"first","13":"instock","14":"sale","15":"shipping-taxable","16":"product-type-external"},"uagb_featured_image_src":{"full":["https:\/\/promocaododia.com.br\/site\/wp-content\/uploads\/2021\/06\/Smart-TV-HD-LED-32-Samsung-32T4300A-Wi-Fi-HDR-2-HDMI-1-USB.jpg",600,600,false],"thumbnail":["https:\/\/promocaododia.com.br\/site\/wp-content\/uploads\/2021\/06\/Smart-TV-HD-LED-32-Samsung-32T4300A-Wi-Fi-HDR-2-HDMI-1-USB.jpg",150,150,false],"medium":["https:\/\/promocaododia.com.br\/site\/wp-content\/uploads\/2021\/06\/Smart-TV-HD-LED-32-Samsung-32T4300A-Wi-Fi-HDR-2-HDMI-1-USB.jpg",300,300,false],"medium_large":["https:\/\/promocaododia.com.br\/site\/wp-content\/uploads\/2021\/06\/Smart-TV-HD-LED-32-Samsung-32T4300A-Wi-Fi-HDR-2-HDMI-1-USB.jpg",600,600,false],"large":["https:\/\/promocaododia.com.br\/site\/wp-content\/uploads\/2021\/06\/Smart-TV-HD-LED-32-Samsung-32T4300A-Wi-Fi-HDR-2-HDMI-1-USB.jpg",600,600,false],"1536x1536":["https:\/\/promocaododia.com.br\/site\/wp-content\/uploads\/2021\/06\/Smart-TV-HD-LED-32-Samsung-32T4300A-Wi-Fi-HDR-2-HDMI-1-USB.jpg",600,600,false],"2048x2048":["https:\/\/promocaododia.com.br\/site\/wp-content\/uploads\/2021\/06\/Smart-TV-HD-LED-32-Samsung-32T4300A-Wi-Fi-HDR-2-HDMI-1-USB.jpg",600,600,false],"woocommerce_thumbnail":["https:\/\/promocaododia.com.br\/site\/wp-content\/uploads\/2021\/06\/Smart-TV-HD-LED-32-Samsung-32T4300A-Wi-Fi-HDR-2-HDMI-1-USB-250x250.jpg",250,250,true],"woocommerce_single":["https:\/\/promocaododia.com.br\/site\/wp-content\/uploads\/2021\/06\/Smart-TV-HD-LED-32-Samsung-32T4300A-Wi-Fi-HDR-2-HDMI-1-USB-250x250.jpg",250,250,true],"woocommerce_gallery_thumbnail":["https:\/\/promocaododia.com.br\/site\/wp-content\/uploads\/2021\/06\/Smart-TV-HD-LED-32-Samsung-32T4300A-Wi-Fi-HDR-2-HDMI-1-USB-100x100.jpg",100,100,true]},"uagb_author_info":{"display_name":"danilo.gbr","author_link":"https:\/\/promocaododia.com.br\/site\/author\/"},"uagb_comment_info":0,"uagb_excerpt":"Postado 24\/06\/2021 Curta seus filmes, s\u00e9rie e programas favoritos com a m\u00e1xima qualidade de imagem e som com a Smart TV Samsung 32T4300A. Com uma tela LED de 32&#8243; e resolu\u00e7\u00e3o HD, ela oferece uma quantidade muito maior de detalhes, mais nitidez e cores vibrantes que v\u00e3o surpreender voc\u00ea e todos seus amigos e familiares.&hellip;","_links":{"self":[{"href":"https:\/\/promocaododia.com.br\/site\/wp-json\/wp\/v2\/product\/350","targetHints":{"allow":["GET"]}}],"collection":[{"href":"https:\/\/promocaododia.com.br\/site\/wp-json\/wp\/v2\/product"}],"about":[{"href":"https:\/\/promocaododia.com.br\/site\/wp-json\/wp\/v2\/types\/product"}],"wp:featuredmedia":[{"embeddable":true,"href":"https:\/\/promocaododia.com.br\/site\/wp-json\/wp\/v2\/media\/351"}],"wp:attachment":[{"href":"https:\/\/promocaododia.com.br\/site\/wp-json\/wp\/v2\/media?parent=350"}],"wp:term":[{"taxonomy":"product_brand","embeddable":true,"href":"https:\/\/promocaododia.com.br\/site\/wp-json\/wp\/v2\/product_brand?post=350"},{"taxonomy":"product_cat","embeddable":true,"href":"https:\/\/promocaododia.com.br\/site\/wp-json\/wp\/v2\/product_cat?post=350"},{"taxonomy":"product_tag","embeddable":true,"href":"https:\/\/promocaododia.com.br\/site\/wp-json\/wp\/v2\/product_tag?post=350"}],"curies":[{"name":"wp","href":"https:\/\/api.w.org\/{rel}","templated":true}]}}