{"id":352,"date":"2021-06-24T10:17:37","date_gmt":"2021-06-24T13:17:37","guid":{"rendered":"https:\/\/promocaododia.com.br\/site\/?post_type=product&#038;p=352"},"modified":"2021-06-24T10:17:37","modified_gmt":"2021-06-24T13:17:37","slug":"chaleira-luna-1-7-l-mallory-127v-mallory-branco-110v","status":"publish","type":"product","link":"https:\/\/promocaododia.com.br\/site\/produto\/chaleira-luna-1-7-l-mallory-127v-mallory-branco-110v\/","title":{"rendered":"Chaleira Luna 1, 7 L Mallory 127v Mallory Branco 110v"},"content":{"rendered":"<p>Postado 24\/06\/2021<\/p>\n<div class=\"product\">\n<div class=\"ptabs\">\n<div class=\"product-factsheet \" data-factsheet-id=\"225608200\">\n<div class=\"tab-content\">\n<div id=\"tab-descricao225608200\" class=\"tab-pane active\">\n<ul class=\"a-unordered-list a-vertical a-spacing-mini\">\n<li><span class=\"a-list-item\">Base girat\u00f3ria 360\u00ba<\/span><\/li>\n<li><span class=\"a-list-item\">Capacidade de 1, 7 l<\/span><\/li>\n<li><span class=\"a-list-item\">Indicadores do n\u00edvel de \u00e1gua nos dois lados com ilumina\u00e7\u00e3o e alojamento do cabo<\/span><\/li>\n<li><span class=\"a-list-item\">Interruptor liga\/desliga e desligamento autom\u00e1tico<\/span><\/li>\n<li><span class=\"a-list-item\">Filtro remov\u00edvel<\/span><\/li>\n<li><span class=\"a-list-item\">Resist\u00eancia oculta<\/span><\/li>\n<\/ul>\n<\/div>\n<\/div>\n<\/div>\n<\/div>\n<\/div>\n<p>A equipe Promo\u00e7\u00f5es do dia divulga produtos de nossos parceiros, sendo a venda e p\u00f3s venda de responsabilidade dos mesmos.<\/p>\n","protected":false},"excerpt":{"rendered":"<p>Postado 24\/06\/2021 Base girat\u00f3ria 360\u00ba Capacidade de 1, 7 l Indicadores do n\u00edvel de \u00e1gua nos dois lados com ilumina\u00e7\u00e3o e alojamento do cabo Interruptor liga\/desliga e desligamento autom\u00e1tico Filtro remov\u00edvel Resist\u00eancia oculta A equipe Promo\u00e7\u00f5es do dia divulga produtos de nossos parceiros, sendo a venda e p\u00f3s venda de responsabilidade dos mesmos.<\/p>\n","protected":false},"featured_media":353,"template":"","meta":{"_uag_custom_page_level_css":"","site-sidebar-layout":"default","site-content-layout":"default","ast-site-content-layout":"default","site-content-style":"default","site-sidebar-style":"default","ast-global-header-display":"","ast-banner-title-visibility":"","ast-main-header-display":"","ast-hfb-above-header-display":"","ast-hfb-below-header-display":"","ast-hfb-mobile-header-display":"","site-post-title":"","ast-breadcrumbs-content":"","ast-featured-img":"","footer-sml-layout":"","theme-transparent-header-meta":"default","adv-header-id-meta":"","stick-header-meta":"","header-above-stick-meta":"","header-main-stick-meta":"","header-below-stick-meta":"","astra-migrate-meta-layouts":"default","ast-page-background-enabled":"default","ast-page-background-meta":{"desktop":{"background-color":"","background-image":"","background-repeat":"repeat","background-position":"center center","background-size":"auto","background-attachment":"scroll","background-type":"","background-media":"","overlay-type":"","overlay-color":"","overlay-opacity":"","overlay-gradient":""},"tablet":{"background-color":"","background-image":"","background-repeat":"repeat","background-position":"center center","background-size":"auto","background-attachment":"scroll","background-type":"","background-media":"","overlay-type":"","overlay-color":"","overlay-opacity":"","overlay-gradient":""},"mobile":{"background-color":"","background-image":"","background-repeat":"repeat","background-position":"center center","background-size":"auto","background-attachment":"scroll","background-type":"","background-media":"","overlay-type":"","overlay-color":"","overlay-opacity":"","overlay-gradient":""}},"ast-content-background-meta":{"desktop":{"background-color":"var(--ast-global-color-5)","background-image":"","background-repeat":"repeat","background-position":"center center","background-size":"auto","background-attachment":"scroll","background-type":"","background-media":"","overlay-type":"","overlay-color":"","overlay-opacity":"","overlay-gradient":""},"tablet":{"background-color":"var(--ast-global-color-5)","background-image":"","background-repeat":"repeat","background-position":"center center","background-size":"auto","background-attachment":"scroll","background-type":"","background-media":"","overlay-type":"","overlay-color":"","overlay-opacity":"","overlay-gradient":""},"mobile":{"background-color":"var(--ast-global-color-5)","background-image":"","background-repeat":"repeat","background-position":"center center","background-size":"auto","background-attachment":"scroll","background-type":"","background-media":"","overlay-type":"","overlay-color":"","overlay-opacity":"","overlay-gradient":""}}},"product_brand":[],"product_cat":[28,53],"product_tag":[],"class_list":{"0":"post-352","1":"product","2":"type-product","3":"status-publish","4":"has-post-thumbnail","6":"product_cat-eletrodomesticos","7":"product_cat-eletroportateis","8":"desktop-align-center","9":"tablet-align-left","10":"mobile-align-center","12":"first","13":"instock","14":"sale","15":"shipping-taxable","16":"product-type-external"},"uagb_featured_image_src":{"full":["https:\/\/promocaododia.com.br\/site\/wp-content\/uploads\/2021\/06\/Chaleira-Luna-1-7-L-Mallory-127v-Mallory-Branco-110v.jpg",600,600,false],"thumbnail":["https:\/\/promocaododia.com.br\/site\/wp-content\/uploads\/2021\/06\/Chaleira-Luna-1-7-L-Mallory-127v-Mallory-Branco-110v.jpg",150,150,false],"medium":["https:\/\/promocaododia.com.br\/site\/wp-content\/uploads\/2021\/06\/Chaleira-Luna-1-7-L-Mallory-127v-Mallory-Branco-110v.jpg",300,300,false],"medium_large":["https:\/\/promocaododia.com.br\/site\/wp-content\/uploads\/2021\/06\/Chaleira-Luna-1-7-L-Mallory-127v-Mallory-Branco-110v.jpg",600,600,false],"large":["https:\/\/promocaododia.com.br\/site\/wp-content\/uploads\/2021\/06\/Chaleira-Luna-1-7-L-Mallory-127v-Mallory-Branco-110v.jpg",600,600,false],"1536x1536":["https:\/\/promocaododia.com.br\/site\/wp-content\/uploads\/2021\/06\/Chaleira-Luna-1-7-L-Mallory-127v-Mallory-Branco-110v.jpg",600,600,false],"2048x2048":["https:\/\/promocaododia.com.br\/site\/wp-content\/uploads\/2021\/06\/Chaleira-Luna-1-7-L-Mallory-127v-Mallory-Branco-110v.jpg",600,600,false],"woocommerce_thumbnail":["https:\/\/promocaododia.com.br\/site\/wp-content\/uploads\/2021\/06\/Chaleira-Luna-1-7-L-Mallory-127v-Mallory-Branco-110v-250x250.jpg",250,250,true],"woocommerce_single":["https:\/\/promocaododia.com.br\/site\/wp-content\/uploads\/2021\/06\/Chaleira-Luna-1-7-L-Mallory-127v-Mallory-Branco-110v-250x250.jpg",250,250,true],"woocommerce_gallery_thumbnail":["https:\/\/promocaododia.com.br\/site\/wp-content\/uploads\/2021\/06\/Chaleira-Luna-1-7-L-Mallory-127v-Mallory-Branco-110v-100x100.jpg",100,100,true]},"uagb_author_info":{"display_name":"danilo.gbr","author_link":"https:\/\/promocaododia.com.br\/site\/author\/"},"uagb_comment_info":0,"uagb_excerpt":"Postado 24\/06\/2021 Base girat\u00f3ria 360\u00ba Capacidade de 1, 7 l Indicadores do n\u00edvel de \u00e1gua nos dois lados com ilumina\u00e7\u00e3o e alojamento do cabo Interruptor liga\/desliga e desligamento autom\u00e1tico Filtro remov\u00edvel Resist\u00eancia oculta A equipe Promo\u00e7\u00f5es do dia divulga produtos de nossos parceiros, sendo a venda e p\u00f3s venda de responsabilidade dos mesmos.","_links":{"self":[{"href":"https:\/\/promocaododia.com.br\/site\/wp-json\/wp\/v2\/product\/352","targetHints":{"allow":["GET"]}}],"collection":[{"href":"https:\/\/promocaododia.com.br\/site\/wp-json\/wp\/v2\/product"}],"about":[{"href":"https:\/\/promocaododia.com.br\/site\/wp-json\/wp\/v2\/types\/product"}],"wp:featuredmedia":[{"embeddable":true,"href":"https:\/\/promocaododia.com.br\/site\/wp-json\/wp\/v2\/media\/353"}],"wp:attachment":[{"href":"https:\/\/promocaododia.com.br\/site\/wp-json\/wp\/v2\/media?parent=352"}],"wp:term":[{"taxonomy":"product_brand","embeddable":true,"href":"https:\/\/promocaododia.com.br\/site\/wp-json\/wp\/v2\/product_brand?post=352"},{"taxonomy":"product_cat","embeddable":true,"href":"https:\/\/promocaododia.com.br\/site\/wp-json\/wp\/v2\/product_cat?post=352"},{"taxonomy":"product_tag","embeddable":true,"href":"https:\/\/promocaododia.com.br\/site\/wp-json\/wp\/v2\/product_tag?post=352"}],"curies":[{"name":"wp","href":"https:\/\/api.w.org\/{rel}","templated":true}]}}