{"id":474,"date":"2021-06-28T23:14:39","date_gmt":"2021-06-29T02:14:39","guid":{"rendered":"https:\/\/promocaododia.com.br\/site\/?post_type=product&#038;p=474"},"modified":"2021-08-17T12:32:18","modified_gmt":"2021-08-17T15:32:18","slug":"notebook-gamer-acer-nitro-5-an515-54-574q-intel-core-i5-8gb-512gb-ssd-gtx-1650-15-6-endless","status":"publish","type":"product","link":"https:\/\/promocaododia.com.br\/site\/produto\/notebook-gamer-acer-nitro-5-an515-54-574q-intel-core-i5-8gb-512gb-ssd-gtx-1650-15-6-endless\/","title":{"rendered":"Notebook Gamer Acer Nitro 5 AN515-54-58CL Intel &#8211; Core i5 8GB 1TB 128GB SSD 15,6\u201d Nvidia GTX 1650"},"content":{"rendered":"<table class=\"tab descricao\">\n<tbody>\n<tr class=\"attribute level1\">\n<td>De olho no agitado mundo dos games, o notebook gamer Acer Aspire Nitro 5 AN515-54-58CL foi pensado para que sua jogatina esteja garantida e voc\u00ea aproveite v\u00e1rios t\u00edtulos com qualidade. Ele conta com processador Intel Core i5-9300H, SSD de 128GB e HD de 1TB, placa de v\u00eddeo dedicada GeForce GTX 1650 com 4GB e tela de 15,6&#8243; Full HD. Possui painel IPS, tendo assim um amplo \u00e2ngulo de vis\u00e3o sem distorcer as cores. O seu sistema operacional \u00e9 o Endless OS (que \u00e9 uma distribui\u00e7\u00e3o do Linux). Com essas configura\u00e7\u00f5es voc\u00ea poder\u00e1 rodar v\u00e1rios games mais atuais e mais exigentes, de forma lisa e sem travamentos. N\u00e3o menos importante, este notebook pode ser usado como ferramenta de trabalho para uso de programas de 3D e edi\u00e7\u00e3o de v\u00eddeos como: AutoCAD, Revit, Vegas, Adobe Premiere etc. A mem\u00f3ria RAM de 8GB deste modelo \u00e9 padr\u00e3o, suficiente para abrir v\u00e1rias abas ou v\u00e1rios programas ao mesmo tempo, sem travar nada.<\/td>\n<\/tr>\n<\/tbody>\n<\/table>\n<p>&nbsp;<\/p>\n","protected":false},"excerpt":{"rendered":"<p>De olho no agitado mundo dos games, o notebook gamer Acer Aspire Nitro 5 AN515-54-58CL foi pensado para que sua jogatina esteja garantida e voc\u00ea aproveite v\u00e1rios t\u00edtulos com qualidade. Ele conta com processador Intel Core i5-9300H, SSD de 128GB e HD de 1TB, placa de v\u00eddeo dedicada GeForce GTX 1650 com 4GB e tela de 15,6&#8243; Full HD. Possui painel IPS, tendo assim um amplo \u00e2ngulo de vis\u00e3o sem distorcer as cores. O seu sistema operacional \u00e9 o Endless OS (que \u00e9 uma distribui\u00e7\u00e3o do Linux). Com essas configura\u00e7\u00f5es voc\u00ea poder\u00e1 rodar v\u00e1rios games mais atuais e mais exigentes, de forma lisa e sem travamentos. N\u00e3o menos importante, este notebook pode ser usado como ferramenta de trabalho para uso de programas de 3D e edi\u00e7\u00e3o de v\u00eddeos como: AutoCAD, Revit, Vegas, Adobe Premiere etc. A mem\u00f3ria RAM de 8GB deste modelo \u00e9 padr\u00e3o, suficiente para abrir v\u00e1rias abas ou v\u00e1rios programas ao mesmo tempo, sem travar nada. &nbsp;<\/p>\n","protected":false},"featured_media":475,"template":"","meta":{"_uag_custom_page_level_css":"","site-sidebar-layout":"default","site-content-layout":"default","ast-site-content-layout":"default","site-content-style":"default","site-sidebar-style":"default","ast-global-header-display":"","ast-banner-title-visibility":"","ast-main-header-display":"","ast-hfb-above-header-display":"","ast-hfb-below-header-display":"","ast-hfb-mobile-header-display":"","site-post-title":"","ast-breadcrumbs-content":"","ast-featured-img":"","footer-sml-layout":"","theme-transparent-header-meta":"default","adv-header-id-meta":"","stick-header-meta":"","header-above-stick-meta":"","header-main-stick-meta":"","header-below-stick-meta":"","astra-migrate-meta-layouts":"default","ast-page-background-enabled":"default","ast-page-background-meta":{"desktop":{"background-color":"","background-image":"","background-repeat":"repeat","background-position":"center center","background-size":"auto","background-attachment":"scroll","background-type":"","background-media":"","overlay-type":"","overlay-color":"","overlay-opacity":"","overlay-gradient":""},"tablet":{"background-color":"","background-image":"","background-repeat":"repeat","background-position":"center center","background-size":"auto","background-attachment":"scroll","background-type":"","background-media":"","overlay-type":"","overlay-color":"","overlay-opacity":"","overlay-gradient":""},"mobile":{"background-color":"","background-image":"","background-repeat":"repeat","background-position":"center center","background-size":"auto","background-attachment":"scroll","background-type":"","background-media":"","overlay-type":"","overlay-color":"","overlay-opacity":"","overlay-gradient":""}},"ast-content-background-meta":{"desktop":{"background-color":"var(--ast-global-color-5)","background-image":"","background-repeat":"repeat","background-position":"center center","background-size":"auto","background-attachment":"scroll","background-type":"","background-media":"","overlay-type":"","overlay-color":"","overlay-opacity":"","overlay-gradient":""},"tablet":{"background-color":"var(--ast-global-color-5)","background-image":"","background-repeat":"repeat","background-position":"center center","background-size":"auto","background-attachment":"scroll","background-type":"","background-media":"","overlay-type":"","overlay-color":"","overlay-opacity":"","overlay-gradient":""},"mobile":{"background-color":"var(--ast-global-color-5)","background-image":"","background-repeat":"repeat","background-position":"center center","background-size":"auto","background-attachment":"scroll","background-type":"","background-media":"","overlay-type":"","overlay-color":"","overlay-opacity":"","overlay-gradient":""}}},"product_brand":[],"product_cat":[62],"product_tag":[],"class_list":{"0":"post-474","1":"product","2":"type-product","3":"status-publish","4":"has-post-thumbnail","6":"product_cat-notebook","7":"desktop-align-center","8":"tablet-align-left","9":"mobile-align-center","11":"first","12":"instock","13":"sale","14":"shipping-taxable","15":"product-type-external"},"uagb_featured_image_src":{"full":["https:\/\/promocaododia.com.br\/site\/wp-content\/uploads\/2021\/06\/NotebookGamerAcerNitro5-28-06-21.png",600,600,false],"thumbnail":["https:\/\/promocaododia.com.br\/site\/wp-content\/uploads\/2021\/06\/NotebookGamerAcerNitro5-28-06-21.png",150,150,false],"medium":["https:\/\/promocaododia.com.br\/site\/wp-content\/uploads\/2021\/06\/NotebookGamerAcerNitro5-28-06-21.png",300,300,false],"medium_large":["https:\/\/promocaododia.com.br\/site\/wp-content\/uploads\/2021\/06\/NotebookGamerAcerNitro5-28-06-21.png",600,600,false],"large":["https:\/\/promocaododia.com.br\/site\/wp-content\/uploads\/2021\/06\/NotebookGamerAcerNitro5-28-06-21.png",600,600,false],"1536x1536":["https:\/\/promocaododia.com.br\/site\/wp-content\/uploads\/2021\/06\/NotebookGamerAcerNitro5-28-06-21.png",600,600,false],"2048x2048":["https:\/\/promocaododia.com.br\/site\/wp-content\/uploads\/2021\/06\/NotebookGamerAcerNitro5-28-06-21.png",600,600,false],"woocommerce_thumbnail":["https:\/\/promocaododia.com.br\/site\/wp-content\/uploads\/2021\/06\/NotebookGamerAcerNitro5-28-06-21-250x250.png",250,250,true],"woocommerce_single":["https:\/\/promocaododia.com.br\/site\/wp-content\/uploads\/2021\/06\/NotebookGamerAcerNitro5-28-06-21-250x250.png",250,250,true],"woocommerce_gallery_thumbnail":["https:\/\/promocaododia.com.br\/site\/wp-content\/uploads\/2021\/06\/NotebookGamerAcerNitro5-28-06-21-100x100.png",100,100,true]},"uagb_author_info":{"display_name":"danilo.gbr","author_link":"https:\/\/promocaododia.com.br\/site\/author\/"},"uagb_comment_info":0,"uagb_excerpt":"De olho no agitado mundo dos games, o notebook gamer Acer Aspire Nitro 5 AN515-54-58CL foi pensado para que sua jogatina esteja garantida e voc\u00ea aproveite v\u00e1rios t\u00edtulos com qualidade. Ele conta com processador Intel Core i5-9300H, SSD de 128GB e HD de 1TB, placa de v\u00eddeo dedicada GeForce GTX 1650 com 4GB e tela&hellip;","_links":{"self":[{"href":"https:\/\/promocaododia.com.br\/site\/wp-json\/wp\/v2\/product\/474","targetHints":{"allow":["GET"]}}],"collection":[{"href":"https:\/\/promocaododia.com.br\/site\/wp-json\/wp\/v2\/product"}],"about":[{"href":"https:\/\/promocaododia.com.br\/site\/wp-json\/wp\/v2\/types\/product"}],"wp:featuredmedia":[{"embeddable":true,"href":"https:\/\/promocaododia.com.br\/site\/wp-json\/wp\/v2\/media\/475"}],"wp:attachment":[{"href":"https:\/\/promocaododia.com.br\/site\/wp-json\/wp\/v2\/media?parent=474"}],"wp:term":[{"taxonomy":"product_brand","embeddable":true,"href":"https:\/\/promocaododia.com.br\/site\/wp-json\/wp\/v2\/product_brand?post=474"},{"taxonomy":"product_cat","embeddable":true,"href":"https:\/\/promocaododia.com.br\/site\/wp-json\/wp\/v2\/product_cat?post=474"},{"taxonomy":"product_tag","embeddable":true,"href":"https:\/\/promocaododia.com.br\/site\/wp-json\/wp\/v2\/product_tag?post=474"}],"curies":[{"name":"wp","href":"https:\/\/api.w.org\/{rel}","templated":true}]}}