{"id":529,"date":"2021-11-02T18:29:42","date_gmt":"2021-11-02T21:29:42","guid":{"rendered":"https:\/\/promocaododia.com.br\/site\/?post_type=product&#038;p=529"},"modified":"2022-10-21T17:37:39","modified_gmt":"2022-10-21T20:37:39","slug":"jogo-de-panelas-tramontina-antiaderente-de-aluminio-vermelho-7-pecas-turim","status":"publish","type":"product","link":"https:\/\/promocaododia.com.br\/site\/produto\/jogo-de-panelas-tramontina-antiaderente-de-aluminio-vermelho-7-pecas-turim\/","title":{"rendered":"Jogo de Panelas Tramontina Antiaderente &#8211; de Alum\u00ednio Vermelho 7 Pe\u00e7as Turim"},"content":{"rendered":"<p>Postado 02\/11\/2021<\/p>\n<p>O conjunto de panelas Turim da Tramontina vai te trazer praticidade na cozinha. Composto por sete pe\u00e7as (duas frigideiras, uma ca\u00e7arola, duas panelas, uma esp\u00e1tula e uma colher), ele \u00e9 eficiente na hora de preparar a comida, pois o revestimento interno e externo antiaderente em Starflon T1 garante um cozimento uniforme. O mesmo revestimento tamb\u00e9m facilita a sua vida na hora de limpar o conjunto, pois os alimentos n\u00e3o grudam e seus utens\u00edlios s\u00e3o feitos em nylon, o que \u00e9 ideal para o uso. Por \u00faltimo, mas n\u00e3o menos importante, as panelas podem ser utilizadas em fog\u00e3o \u00e0 g\u00e1s, el\u00e9trico ou vitrocer\u00e2mico, al\u00e9m de poder ser levadas \u00e0 lava lou\u00e7as. \u00c9 mais um sucesso da Tramontina na sua cozinha!<\/p>\n<p>&nbsp;<\/p>\n<p>A equipe Promo\u00e7\u00f5es do Dia divulga produtos de nossos parceiros, sendo a venda e p\u00f3s venda de responsabilidade dos mesmos.<\/p>\n","protected":false},"excerpt":{"rendered":"<p>Postado 02\/11\/2021 O conjunto de panelas Turim da Tramontina vai te trazer praticidade na cozinha. Composto por sete pe\u00e7as (duas frigideiras, uma ca\u00e7arola, duas panelas, uma esp\u00e1tula e uma colher), ele \u00e9 eficiente na hora de preparar a comida, pois o revestimento interno e externo antiaderente em Starflon T1 garante um cozimento uniforme. O mesmo revestimento tamb\u00e9m facilita a sua vida na hora de limpar o conjunto, pois os alimentos n\u00e3o grudam e seus utens\u00edlios s\u00e3o feitos em nylon, o que \u00e9 ideal para o uso. Por \u00faltimo, mas n\u00e3o menos importante, as panelas podem ser utilizadas em fog\u00e3o \u00e0 g\u00e1s, el\u00e9trico ou vitrocer\u00e2mico, al\u00e9m de poder ser levadas \u00e0 lava lou\u00e7as. \u00c9 mais um sucesso da Tramontina na sua cozinha! &nbsp; A equipe Promo\u00e7\u00f5es do Dia divulga produtos de nossos parceiros, sendo a venda e p\u00f3s venda de responsabilidade dos mesmos.<\/p>\n","protected":false},"featured_media":530,"template":"","meta":{"_uag_custom_page_level_css":"","site-sidebar-layout":"default","site-content-layout":"default","ast-site-content-layout":"default","site-content-style":"default","site-sidebar-style":"default","ast-global-header-display":"","ast-banner-title-visibility":"","ast-main-header-display":"","ast-hfb-above-header-display":"","ast-hfb-below-header-display":"","ast-hfb-mobile-header-display":"","site-post-title":"","ast-breadcrumbs-content":"","ast-featured-img":"","footer-sml-layout":"","theme-transparent-header-meta":"default","adv-header-id-meta":"","stick-header-meta":"","header-above-stick-meta":"","header-main-stick-meta":"","header-below-stick-meta":"","astra-migrate-meta-layouts":"default","ast-page-background-enabled":"default","ast-page-background-meta":{"desktop":{"background-color":"","background-image":"","background-repeat":"repeat","background-position":"center center","background-size":"auto","background-attachment":"scroll","background-type":"","background-media":"","overlay-type":"","overlay-color":"","overlay-opacity":"","overlay-gradient":""},"tablet":{"background-color":"","background-image":"","background-repeat":"repeat","background-position":"center center","background-size":"auto","background-attachment":"scroll","background-type":"","background-media":"","overlay-type":"","overlay-color":"","overlay-opacity":"","overlay-gradient":""},"mobile":{"background-color":"","background-image":"","background-repeat":"repeat","background-position":"center center","background-size":"auto","background-attachment":"scroll","background-type":"","background-media":"","overlay-type":"","overlay-color":"","overlay-opacity":"","overlay-gradient":""}},"ast-content-background-meta":{"desktop":{"background-color":"var(--ast-global-color-5)","background-image":"","background-repeat":"repeat","background-position":"center center","background-size":"auto","background-attachment":"scroll","background-type":"","background-media":"","overlay-type":"","overlay-color":"","overlay-opacity":"","overlay-gradient":""},"tablet":{"background-color":"var(--ast-global-color-5)","background-image":"","background-repeat":"repeat","background-position":"center center","background-size":"auto","background-attachment":"scroll","background-type":"","background-media":"","overlay-type":"","overlay-color":"","overlay-opacity":"","overlay-gradient":""},"mobile":{"background-color":"var(--ast-global-color-5)","background-image":"","background-repeat":"repeat","background-position":"center center","background-size":"auto","background-attachment":"scroll","background-type":"","background-media":"","overlay-type":"","overlay-color":"","overlay-opacity":"","overlay-gradient":""}}},"product_brand":[],"product_cat":[19,18],"product_tag":[],"class_list":{"0":"post-529","1":"product","2":"type-product","3":"status-publish","4":"has-post-thumbnail","6":"product_cat-conjunto-de-panelas","7":"product_cat-utensilios-para-cozinhar","8":"desktop-align-center","9":"tablet-align-left","10":"mobile-align-center","12":"first","13":"instock","14":"sale","15":"shipping-taxable","16":"product-type-external"},"uagb_featured_image_src":{"full":["https:\/\/promocaododia.com.br\/site\/wp-content\/uploads\/2021\/11\/PromocaoDoDia.png",600,600,false],"thumbnail":["https:\/\/promocaododia.com.br\/site\/wp-content\/uploads\/2021\/11\/PromocaoDoDia.png",150,150,false],"medium":["https:\/\/promocaododia.com.br\/site\/wp-content\/uploads\/2021\/11\/PromocaoDoDia.png",300,300,false],"medium_large":["https:\/\/promocaododia.com.br\/site\/wp-content\/uploads\/2021\/11\/PromocaoDoDia.png",600,600,false],"large":["https:\/\/promocaododia.com.br\/site\/wp-content\/uploads\/2021\/11\/PromocaoDoDia.png",600,600,false],"1536x1536":["https:\/\/promocaododia.com.br\/site\/wp-content\/uploads\/2021\/11\/PromocaoDoDia.png",600,600,false],"2048x2048":["https:\/\/promocaododia.com.br\/site\/wp-content\/uploads\/2021\/11\/PromocaoDoDia.png",600,600,false],"woocommerce_thumbnail":["https:\/\/promocaododia.com.br\/site\/wp-content\/uploads\/2021\/11\/PromocaoDoDia-250x250.png",250,250,true],"woocommerce_single":["https:\/\/promocaododia.com.br\/site\/wp-content\/uploads\/2021\/11\/PromocaoDoDia-250x250.png",250,250,true],"woocommerce_gallery_thumbnail":["https:\/\/promocaododia.com.br\/site\/wp-content\/uploads\/2021\/11\/PromocaoDoDia-100x100.png",100,100,true]},"uagb_author_info":{"display_name":"Taiara Priscila Teodoro Raimundo","author_link":"https:\/\/promocaododia.com.br\/site\/author\/"},"uagb_comment_info":0,"uagb_excerpt":"Postado 02\/11\/2021 O conjunto de panelas Turim da Tramontina vai te trazer praticidade na cozinha. Composto por sete pe\u00e7as (duas frigideiras, uma ca\u00e7arola, duas panelas, uma esp\u00e1tula e uma colher), ele \u00e9 eficiente na hora de preparar a comida, pois o revestimento interno e externo antiaderente em Starflon T1 garante um cozimento uniforme. O mesmo&hellip;","_links":{"self":[{"href":"https:\/\/promocaododia.com.br\/site\/wp-json\/wp\/v2\/product\/529","targetHints":{"allow":["GET"]}}],"collection":[{"href":"https:\/\/promocaododia.com.br\/site\/wp-json\/wp\/v2\/product"}],"about":[{"href":"https:\/\/promocaododia.com.br\/site\/wp-json\/wp\/v2\/types\/product"}],"wp:featuredmedia":[{"embeddable":true,"href":"https:\/\/promocaododia.com.br\/site\/wp-json\/wp\/v2\/media\/530"}],"wp:attachment":[{"href":"https:\/\/promocaododia.com.br\/site\/wp-json\/wp\/v2\/media?parent=529"}],"wp:term":[{"taxonomy":"product_brand","embeddable":true,"href":"https:\/\/promocaododia.com.br\/site\/wp-json\/wp\/v2\/product_brand?post=529"},{"taxonomy":"product_cat","embeddable":true,"href":"https:\/\/promocaododia.com.br\/site\/wp-json\/wp\/v2\/product_cat?post=529"},{"taxonomy":"product_tag","embeddable":true,"href":"https:\/\/promocaododia.com.br\/site\/wp-json\/wp\/v2\/product_tag?post=529"}],"curies":[{"name":"wp","href":"https:\/\/api.w.org\/{rel}","templated":true}]}}