{"id":620,"date":"2022-10-22T14:16:00","date_gmt":"2022-10-22T17:16:00","guid":{"rendered":"https:\/\/promocaododia.com.br\/site\/?post_type=product&#038;p=620"},"modified":"2022-10-22T14:16:00","modified_gmt":"2022-10-22T17:16:00","slug":"tenis-masculino-bota-adventure-venturo-lancamento-venturo-boots","status":"publish","type":"product","link":"https:\/\/promocaododia.com.br\/site\/produto\/tenis-masculino-bota-adventure-venturo-lancamento-venturo-boots\/","title":{"rendered":"Tenis masculino bota adventure venturo lan\u00e7amento &#8211; venturo boots"},"content":{"rendered":"<p>Material sint\u00e9tico de alta qualidade amarra\u00e7\u00e3o: atacadores em 100% poli\u00e9ster proporcionando alta resist\u00eancia na tra\u00e7\u00e3o exigida solado: montado e costurado em volta garantindo maior refor\u00e7o e durabilidade borracha tratorada para maior tra\u00e7\u00e3o em terreno saventureiros.<\/p>\n<p>O produtos vai na caixa. BOAS COMPRAS<\/p>\n<p>Tamanhos:<br \/>\n37 &#8211; 25,5 cm | 38 &#8211; 26,0 cm | 39 &#8211; 26,7 cm | 40 &#8211; 27,5 cm | 41 &#8211; 28,0 cm | 42 &#8211; 28,5 cm | 43 &#8211; 29,5 cm | 44 &#8211; 30,2 cm<\/p>\n","protected":false},"excerpt":{"rendered":"<p>Material sint\u00e9tico de alta qualidade amarra\u00e7\u00e3o: atacadores em 100% poli\u00e9ster proporcionando alta resist\u00eancia na tra\u00e7\u00e3o exigida solado: montado e costurado em volta garantindo maior refor\u00e7o e durabilidade borracha tratorada para maior tra\u00e7\u00e3o em terreno saventureiros. O produtos vai na caixa. BOAS COMPRAS Tamanhos: 37 &#8211; 25,5 cm | 38 &#8211; 26,0 cm | 39 &#8211; 26,7 cm | 40 &#8211; 27,5 cm | 41 &#8211; 28,0 cm | 42 &#8211; 28,5 cm | 43 &#8211; 29,5 cm | 44 &#8211; 30,2 cm<\/p>\n","protected":false},"featured_media":621,"template":"","meta":{"_uag_custom_page_level_css":"","site-sidebar-layout":"default","site-content-layout":"default","ast-site-content-layout":"default","site-content-style":"default","site-sidebar-style":"default","ast-global-header-display":"","ast-banner-title-visibility":"","ast-main-header-display":"","ast-hfb-above-header-display":"","ast-hfb-below-header-display":"","ast-hfb-mobile-header-display":"","site-post-title":"","ast-breadcrumbs-content":"","ast-featured-img":"","footer-sml-layout":"","theme-transparent-header-meta":"default","adv-header-id-meta":"","stick-header-meta":"","header-above-stick-meta":"","header-main-stick-meta":"","header-below-stick-meta":"","astra-migrate-meta-layouts":"default","ast-page-background-enabled":"default","ast-page-background-meta":{"desktop":{"background-color":"","background-image":"","background-repeat":"repeat","background-position":"center center","background-size":"auto","background-attachment":"scroll","background-type":"","background-media":"","overlay-type":"","overlay-color":"","overlay-opacity":"","overlay-gradient":""},"tablet":{"background-color":"","background-image":"","background-repeat":"repeat","background-position":"center center","background-size":"auto","background-attachment":"scroll","background-type":"","background-media":"","overlay-type":"","overlay-color":"","overlay-opacity":"","overlay-gradient":""},"mobile":{"background-color":"","background-image":"","background-repeat":"repeat","background-position":"center center","background-size":"auto","background-attachment":"scroll","background-type":"","background-media":"","overlay-type":"","overlay-color":"","overlay-opacity":"","overlay-gradient":""}},"ast-content-background-meta":{"desktop":{"background-color":"var(--ast-global-color-5)","background-image":"","background-repeat":"repeat","background-position":"center center","background-size":"auto","background-attachment":"scroll","background-type":"","background-media":"","overlay-type":"","overlay-color":"","overlay-opacity":"","overlay-gradient":""},"tablet":{"background-color":"var(--ast-global-color-5)","background-image":"","background-repeat":"repeat","background-position":"center center","background-size":"auto","background-attachment":"scroll","background-type":"","background-media":"","overlay-type":"","overlay-color":"","overlay-opacity":"","overlay-gradient":""},"mobile":{"background-color":"var(--ast-global-color-5)","background-image":"","background-repeat":"repeat","background-position":"center center","background-size":"auto","background-attachment":"scroll","background-type":"","background-media":"","overlay-type":"","overlay-color":"","overlay-opacity":"","overlay-gradient":""}}},"product_brand":[],"product_cat":[77,31],"product_tag":[78,79,80],"class_list":{"0":"post-620","1":"product","2":"type-product","3":"status-publish","4":"has-post-thumbnail","6":"product_cat-calcados","7":"product_cat-masculina","8":"product_tag-calcado-masculino","9":"product_tag-sapatos","10":"product_tag-tenis","11":"desktop-align-center","12":"tablet-align-left","13":"mobile-align-center","15":"first","16":"instock","17":"sale","18":"shipping-taxable","19":"product-type-external"},"uagb_featured_image_src":{"full":["https:\/\/promocaododia.com.br\/site\/wp-content\/uploads\/2022\/10\/tenis-masculino-bota-adventure.jpg",600,600,false],"thumbnail":["https:\/\/promocaododia.com.br\/site\/wp-content\/uploads\/2022\/10\/tenis-masculino-bota-adventure-150x150.jpg",150,150,true],"medium":["https:\/\/promocaododia.com.br\/site\/wp-content\/uploads\/2022\/10\/tenis-masculino-bota-adventure-300x300.jpg",300,300,true],"medium_large":["https:\/\/promocaododia.com.br\/site\/wp-content\/uploads\/2022\/10\/tenis-masculino-bota-adventure.jpg",600,600,false],"large":["https:\/\/promocaododia.com.br\/site\/wp-content\/uploads\/2022\/10\/tenis-masculino-bota-adventure.jpg",600,600,false],"1536x1536":["https:\/\/promocaododia.com.br\/site\/wp-content\/uploads\/2022\/10\/tenis-masculino-bota-adventure.jpg",600,600,false],"2048x2048":["https:\/\/promocaododia.com.br\/site\/wp-content\/uploads\/2022\/10\/tenis-masculino-bota-adventure.jpg",600,600,false],"woocommerce_thumbnail":["https:\/\/promocaododia.com.br\/site\/wp-content\/uploads\/2022\/10\/tenis-masculino-bota-adventure-250x250.jpg",250,250,true],"woocommerce_single":["https:\/\/promocaododia.com.br\/site\/wp-content\/uploads\/2022\/10\/tenis-masculino-bota-adventure-250x250.jpg",250,250,true],"woocommerce_gallery_thumbnail":["https:\/\/promocaododia.com.br\/site\/wp-content\/uploads\/2022\/10\/tenis-masculino-bota-adventure-100x100.jpg",100,100,true]},"uagb_author_info":{"display_name":"danilo.gbr","author_link":"https:\/\/promocaododia.com.br\/site\/author\/"},"uagb_comment_info":0,"uagb_excerpt":"Material sint\u00e9tico de alta qualidade amarra\u00e7\u00e3o: atacadores em 100% poli\u00e9ster proporcionando alta resist\u00eancia na tra\u00e7\u00e3o exigida solado: montado e costurado em volta garantindo maior refor\u00e7o e durabilidade borracha tratorada para maior tra\u00e7\u00e3o em terreno saventureiros. O produtos vai na caixa. BOAS COMPRAS Tamanhos: 37 &#8211; 25,5 cm | 38 &#8211; 26,0 cm | 39 &#8211;&hellip;","_links":{"self":[{"href":"https:\/\/promocaododia.com.br\/site\/wp-json\/wp\/v2\/product\/620","targetHints":{"allow":["GET"]}}],"collection":[{"href":"https:\/\/promocaododia.com.br\/site\/wp-json\/wp\/v2\/product"}],"about":[{"href":"https:\/\/promocaododia.com.br\/site\/wp-json\/wp\/v2\/types\/product"}],"wp:featuredmedia":[{"embeddable":true,"href":"https:\/\/promocaododia.com.br\/site\/wp-json\/wp\/v2\/media\/621"}],"wp:attachment":[{"href":"https:\/\/promocaododia.com.br\/site\/wp-json\/wp\/v2\/media?parent=620"}],"wp:term":[{"taxonomy":"product_brand","embeddable":true,"href":"https:\/\/promocaododia.com.br\/site\/wp-json\/wp\/v2\/product_brand?post=620"},{"taxonomy":"product_cat","embeddable":true,"href":"https:\/\/promocaododia.com.br\/site\/wp-json\/wp\/v2\/product_cat?post=620"},{"taxonomy":"product_tag","embeddable":true,"href":"https:\/\/promocaododia.com.br\/site\/wp-json\/wp\/v2\/product_tag?post=620"}],"curies":[{"name":"wp","href":"https:\/\/api.w.org\/{rel}","templated":true}]}}