{"id":623,"date":"2022-10-22T14:22:31","date_gmt":"2022-10-22T17:22:31","guid":{"rendered":"https:\/\/promocaododia.com.br\/site\/?post_type=product&#038;p=623"},"modified":"2022-10-22T14:22:31","modified_gmt":"2022-10-22T17:22:31","slug":"notebook-gamer-acer-nitro-5-intel-core-i5-8gb-512gb-ssd-156-full-hd-ips-nvidia-gtx-1650-4gb","status":"publish","type":"product","link":"https:\/\/promocaododia.com.br\/site\/produto\/notebook-gamer-acer-nitro-5-intel-core-i5-8gb-512gb-ssd-156-full-hd-ips-nvidia-gtx-1650-4gb\/","title":{"rendered":"Notebook Gamer Acer Nitro 5 Intel Core i5 8GB &#8211; 512GB SSD 15,6\u201d Full HD IPS NVidia GTX 1650 4GB"},"content":{"rendered":"<p>O notebook gamer Acer AN515-57-52LC Nitro 5 \u00e9 a nova gera\u00e7\u00e3o, com uma configura\u00e7\u00e3o que n\u00e3o treme para os jogos mais pesados. Embarque agora e prepare-se para a pot\u00eancia m\u00e1xima. A placa de v\u00eddeo NVIDIA GeForce GTX 1650 com 4GB de mem\u00f3ria dedicada GDDR6 traz a performance que voc\u00ea precisa para surpreender seus advers\u00e1rios e jogar com alto n\u00edvel de realismo. Se \u00e9 poder que voc\u00ea quer para chegar mais r\u00e1pido ao level avan\u00e7ado, conte com o desempenho do processador Intel Core i5 &#8211; 11400H Six Core de 11\u00aa gera\u00e7\u00e3o, al\u00e9m dos 8GB de mem\u00f3ria RAM tipo DDR4, expans\u00edvel at\u00e9 64GB. O produto vem equipado com capacidade de 512GB, que possui velocidade de leitura e grava\u00e7\u00e3o mais r\u00e1pida que um HD tradicional. Com seu sistema operacional e jogos instalados nele, tudo abrir\u00e1 em poucos segundos. Para completar tudo isso, ainda conta com sistema operacional Windows 11 Home 64-bits, tela de 15,6&#8243; Full HD de 144HZ com painel IPS e imagem incr\u00edvel, tecnologia DTS X Ultra \u00c1udio, teclado retro iluminado na cor vermelha e tecla NitroSense, que \u00e9 a \u00faltima palavra em ferramenta de controle.<\/p>\n","protected":false},"excerpt":{"rendered":"<p>O notebook gamer Acer AN515-57-52LC Nitro 5 \u00e9 a nova gera\u00e7\u00e3o, com uma configura\u00e7\u00e3o que n\u00e3o treme para os jogos mais pesados. Embarque agora e prepare-se para a pot\u00eancia m\u00e1xima. A placa de v\u00eddeo NVIDIA GeForce GTX 1650 com 4GB de mem\u00f3ria dedicada GDDR6 traz a performance que voc\u00ea precisa para surpreender seus advers\u00e1rios e jogar com alto n\u00edvel de realismo. Se \u00e9 poder que voc\u00ea quer para chegar mais r\u00e1pido ao level avan\u00e7ado, conte com o desempenho do processador Intel Core i5 &#8211; 11400H Six Core de 11\u00aa gera\u00e7\u00e3o, al\u00e9m dos 8GB de mem\u00f3ria RAM tipo DDR4, expans\u00edvel at\u00e9 64GB. O produto vem equipado com capacidade de 512GB, que possui velocidade de leitura e grava\u00e7\u00e3o mais r\u00e1pida que um HD tradicional. Com seu sistema operacional e jogos instalados nele, tudo abrir\u00e1 em poucos segundos. Para completar tudo isso, ainda conta com sistema operacional Windows 11 Home 64-bits, tela de 15,6&#8243; Full HD de 144HZ com painel IPS e imagem incr\u00edvel, tecnologia DTS X Ultra \u00c1udio, teclado retro iluminado na cor vermelha e tecla NitroSense, que \u00e9 a \u00faltima palavra em ferramenta de controle.<\/p>\n","protected":false},"featured_media":624,"template":"","meta":{"_uag_custom_page_level_css":"","site-sidebar-layout":"default","site-content-layout":"default","ast-site-content-layout":"default","site-content-style":"default","site-sidebar-style":"default","ast-global-header-display":"","ast-banner-title-visibility":"","ast-main-header-display":"","ast-hfb-above-header-display":"","ast-hfb-below-header-display":"","ast-hfb-mobile-header-display":"","site-post-title":"","ast-breadcrumbs-content":"","ast-featured-img":"","footer-sml-layout":"","theme-transparent-header-meta":"default","adv-header-id-meta":"","stick-header-meta":"","header-above-stick-meta":"","header-main-stick-meta":"","header-below-stick-meta":"","astra-migrate-meta-layouts":"default","ast-page-background-enabled":"default","ast-page-background-meta":{"desktop":{"background-color":"","background-image":"","background-repeat":"repeat","background-position":"center center","background-size":"auto","background-attachment":"scroll","background-type":"","background-media":"","overlay-type":"","overlay-color":"","overlay-opacity":"","overlay-gradient":""},"tablet":{"background-color":"","background-image":"","background-repeat":"repeat","background-position":"center center","background-size":"auto","background-attachment":"scroll","background-type":"","background-media":"","overlay-type":"","overlay-color":"","overlay-opacity":"","overlay-gradient":""},"mobile":{"background-color":"","background-image":"","background-repeat":"repeat","background-position":"center center","background-size":"auto","background-attachment":"scroll","background-type":"","background-media":"","overlay-type":"","overlay-color":"","overlay-opacity":"","overlay-gradient":""}},"ast-content-background-meta":{"desktop":{"background-color":"var(--ast-global-color-5)","background-image":"","background-repeat":"repeat","background-position":"center center","background-size":"auto","background-attachment":"scroll","background-type":"","background-media":"","overlay-type":"","overlay-color":"","overlay-opacity":"","overlay-gradient":""},"tablet":{"background-color":"var(--ast-global-color-5)","background-image":"","background-repeat":"repeat","background-position":"center center","background-size":"auto","background-attachment":"scroll","background-type":"","background-media":"","overlay-type":"","overlay-color":"","overlay-opacity":"","overlay-gradient":""},"mobile":{"background-color":"var(--ast-global-color-5)","background-image":"","background-repeat":"repeat","background-position":"center center","background-size":"auto","background-attachment":"scroll","background-type":"","background-media":"","overlay-type":"","overlay-color":"","overlay-opacity":"","overlay-gradient":""}}},"product_brand":[],"product_cat":[75,62],"product_tag":[81,83,82],"class_list":{"0":"post-623","1":"product","2":"type-product","3":"status-publish","4":"has-post-thumbnail","6":"product_cat-informatica-e-acessorios","7":"product_cat-notebook","8":"product_tag-gamer","9":"product_tag-informatica","10":"product_tag-notebook","11":"desktop-align-center","12":"tablet-align-left","13":"mobile-align-center","15":"first","16":"instock","17":"sale","18":"shipping-taxable","19":"product-type-external"},"uagb_featured_image_src":{"full":["https:\/\/promocaododia.com.br\/site\/wp-content\/uploads\/2022\/10\/Notebook-Gamer-Acer-Nitro-5-Intel-Core-i5-8GB-512GB-SSD-156-Full-HD-IPS-NVidia-GTX-1650-4GB.jpg",600,600,false],"thumbnail":["https:\/\/promocaododia.com.br\/site\/wp-content\/uploads\/2022\/10\/Notebook-Gamer-Acer-Nitro-5-Intel-Core-i5-8GB-512GB-SSD-156-Full-HD-IPS-NVidia-GTX-1650-4GB-150x150.jpg",150,150,true],"medium":["https:\/\/promocaododia.com.br\/site\/wp-content\/uploads\/2022\/10\/Notebook-Gamer-Acer-Nitro-5-Intel-Core-i5-8GB-512GB-SSD-156-Full-HD-IPS-NVidia-GTX-1650-4GB-300x300.jpg",300,300,true],"medium_large":["https:\/\/promocaododia.com.br\/site\/wp-content\/uploads\/2022\/10\/Notebook-Gamer-Acer-Nitro-5-Intel-Core-i5-8GB-512GB-SSD-156-Full-HD-IPS-NVidia-GTX-1650-4GB.jpg",600,600,false],"large":["https:\/\/promocaododia.com.br\/site\/wp-content\/uploads\/2022\/10\/Notebook-Gamer-Acer-Nitro-5-Intel-Core-i5-8GB-512GB-SSD-156-Full-HD-IPS-NVidia-GTX-1650-4GB.jpg",600,600,false],"1536x1536":["https:\/\/promocaododia.com.br\/site\/wp-content\/uploads\/2022\/10\/Notebook-Gamer-Acer-Nitro-5-Intel-Core-i5-8GB-512GB-SSD-156-Full-HD-IPS-NVidia-GTX-1650-4GB.jpg",600,600,false],"2048x2048":["https:\/\/promocaododia.com.br\/site\/wp-content\/uploads\/2022\/10\/Notebook-Gamer-Acer-Nitro-5-Intel-Core-i5-8GB-512GB-SSD-156-Full-HD-IPS-NVidia-GTX-1650-4GB.jpg",600,600,false],"woocommerce_thumbnail":["https:\/\/promocaododia.com.br\/site\/wp-content\/uploads\/2022\/10\/Notebook-Gamer-Acer-Nitro-5-Intel-Core-i5-8GB-512GB-SSD-156-Full-HD-IPS-NVidia-GTX-1650-4GB-250x250.jpg",250,250,true],"woocommerce_single":["https:\/\/promocaododia.com.br\/site\/wp-content\/uploads\/2022\/10\/Notebook-Gamer-Acer-Nitro-5-Intel-Core-i5-8GB-512GB-SSD-156-Full-HD-IPS-NVidia-GTX-1650-4GB-250x250.jpg",250,250,true],"woocommerce_gallery_thumbnail":["https:\/\/promocaododia.com.br\/site\/wp-content\/uploads\/2022\/10\/Notebook-Gamer-Acer-Nitro-5-Intel-Core-i5-8GB-512GB-SSD-156-Full-HD-IPS-NVidia-GTX-1650-4GB-100x100.jpg",100,100,true]},"uagb_author_info":{"display_name":"danilo.gbr","author_link":"https:\/\/promocaododia.com.br\/site\/author\/"},"uagb_comment_info":0,"uagb_excerpt":"O notebook gamer Acer AN515-57-52LC Nitro 5 \u00e9 a nova gera\u00e7\u00e3o, com uma configura\u00e7\u00e3o que n\u00e3o treme para os jogos mais pesados. Embarque agora e prepare-se para a pot\u00eancia m\u00e1xima. A placa de v\u00eddeo NVIDIA GeForce GTX 1650 com 4GB de mem\u00f3ria dedicada GDDR6 traz a performance que voc\u00ea precisa para surpreender seus advers\u00e1rios e&hellip;","_links":{"self":[{"href":"https:\/\/promocaododia.com.br\/site\/wp-json\/wp\/v2\/product\/623","targetHints":{"allow":["GET"]}}],"collection":[{"href":"https:\/\/promocaododia.com.br\/site\/wp-json\/wp\/v2\/product"}],"about":[{"href":"https:\/\/promocaododia.com.br\/site\/wp-json\/wp\/v2\/types\/product"}],"wp:featuredmedia":[{"embeddable":true,"href":"https:\/\/promocaododia.com.br\/site\/wp-json\/wp\/v2\/media\/624"}],"wp:attachment":[{"href":"https:\/\/promocaododia.com.br\/site\/wp-json\/wp\/v2\/media?parent=623"}],"wp:term":[{"taxonomy":"product_brand","embeddable":true,"href":"https:\/\/promocaododia.com.br\/site\/wp-json\/wp\/v2\/product_brand?post=623"},{"taxonomy":"product_cat","embeddable":true,"href":"https:\/\/promocaododia.com.br\/site\/wp-json\/wp\/v2\/product_cat?post=623"},{"taxonomy":"product_tag","embeddable":true,"href":"https:\/\/promocaododia.com.br\/site\/wp-json\/wp\/v2\/product_tag?post=623"}],"curies":[{"name":"wp","href":"https:\/\/api.w.org\/{rel}","templated":true}]}}