{"id":627,"date":"2022-10-22T14:31:46","date_gmt":"2022-10-22T17:31:46","guid":{"rendered":"https:\/\/promocaododia.com.br\/site\/?post_type=product&#038;p=627"},"modified":"2022-10-22T14:31:46","modified_gmt":"2022-10-22T17:31:46","slug":"smartphone-samsung-galaxy-a23-128gb-preto-4g-octa-core-4gb-ram-66-cam-quadrupla-selfie-8mp","status":"publish","type":"product","link":"https:\/\/promocaododia.com.br\/site\/produto\/smartphone-samsung-galaxy-a23-128gb-preto-4g-octa-core-4gb-ram-66-cam-quadrupla-selfie-8mp\/","title":{"rendered":"Smartphone Samsung Galaxy A23 128GB Preto 4G &#8211; Octa-Core 4GB RAM 6,6\u201d C\u00e2m Qu\u00e1drupla + Selfie 8MP"},"content":{"rendered":"<p>Tenha tudo o que precisa ao mesmo tempo com o smartphone Galaxy A23 da Samsung. Ele \u00e9 dual chip com tecnologia 4G e vem na cor preta. Conta com display V-Cut TFT de 6,6&#8243; que faz com que voc\u00ea tenha espa\u00e7o para ver e fazer mais. O design conecta a c\u00e2mera ao corpo de forma suave, por\u00e9m com curvas refinadas. A c\u00e2mera selfie tem 8MP pra voc\u00ea sair bem na foto. Capture momentos memor\u00e1veis com detalhes claros com a c\u00e2mera qu\u00e1drupla sendo a principal de 50MP, expanda o \u00e2ngulo de visualiza\u00e7\u00e3o com Ultra Wide, personalize o foco com a de Profundidade, ou aproxime os detalhes com a Macro. O produto combina a robustez do processamento Octa-core com 4GB de mem\u00f3ria RAM para desempenho r\u00e1pido e eficiente. Usufrua com a capacidade de 128GB da mem\u00f3ria interna para guardar seus v\u00eddeos, fotos e os aplicativos de sua prefer\u00eancia.<\/p>\n","protected":false},"excerpt":{"rendered":"<p>Tenha tudo o que precisa ao mesmo tempo com o smartphone Galaxy A23 da Samsung. Ele \u00e9 dual chip com tecnologia 4G e vem na cor preta. Conta com display V-Cut TFT de 6,6&#8243; que faz com que voc\u00ea tenha espa\u00e7o para ver e fazer mais. O design conecta a c\u00e2mera ao corpo de forma suave, por\u00e9m com curvas refinadas. A c\u00e2mera selfie tem 8MP pra voc\u00ea sair bem na foto. Capture momentos memor\u00e1veis com detalhes claros com a c\u00e2mera qu\u00e1drupla sendo a principal de 50MP, expanda o \u00e2ngulo de visualiza\u00e7\u00e3o com Ultra Wide, personalize o foco com a de Profundidade, ou aproxime os detalhes com a Macro. O produto combina a robustez do processamento Octa-core com 4GB de mem\u00f3ria RAM para desempenho r\u00e1pido e eficiente. Usufrua com a capacidade de 128GB da mem\u00f3ria interna para guardar seus v\u00eddeos, fotos e os aplicativos de sua prefer\u00eancia.<\/p>\n","protected":false},"featured_media":628,"template":"","meta":{"_uag_custom_page_level_css":"","site-sidebar-layout":"default","site-content-layout":"default","ast-site-content-layout":"default","site-content-style":"default","site-sidebar-style":"default","ast-global-header-display":"","ast-banner-title-visibility":"","ast-main-header-display":"","ast-hfb-above-header-display":"","ast-hfb-below-header-display":"","ast-hfb-mobile-header-display":"","site-post-title":"","ast-breadcrumbs-content":"","ast-featured-img":"","footer-sml-layout":"","theme-transparent-header-meta":"default","adv-header-id-meta":"","stick-header-meta":"","header-above-stick-meta":"","header-main-stick-meta":"","header-below-stick-meta":"","astra-migrate-meta-layouts":"default","ast-page-background-enabled":"default","ast-page-background-meta":{"desktop":{"background-color":"","background-image":"","background-repeat":"repeat","background-position":"center center","background-size":"auto","background-attachment":"scroll","background-type":"","background-media":"","overlay-type":"","overlay-color":"","overlay-opacity":"","overlay-gradient":""},"tablet":{"background-color":"","background-image":"","background-repeat":"repeat","background-position":"center center","background-size":"auto","background-attachment":"scroll","background-type":"","background-media":"","overlay-type":"","overlay-color":"","overlay-opacity":"","overlay-gradient":""},"mobile":{"background-color":"","background-image":"","background-repeat":"repeat","background-position":"center center","background-size":"auto","background-attachment":"scroll","background-type":"","background-media":"","overlay-type":"","overlay-color":"","overlay-opacity":"","overlay-gradient":""}},"ast-content-background-meta":{"desktop":{"background-color":"var(--ast-global-color-5)","background-image":"","background-repeat":"repeat","background-position":"center center","background-size":"auto","background-attachment":"scroll","background-type":"","background-media":"","overlay-type":"","overlay-color":"","overlay-opacity":"","overlay-gradient":""},"tablet":{"background-color":"var(--ast-global-color-5)","background-image":"","background-repeat":"repeat","background-position":"center center","background-size":"auto","background-attachment":"scroll","background-type":"","background-media":"","overlay-type":"","overlay-color":"","overlay-opacity":"","overlay-gradient":""},"mobile":{"background-color":"var(--ast-global-color-5)","background-image":"","background-repeat":"repeat","background-position":"center center","background-size":"auto","background-attachment":"scroll","background-type":"","background-media":"","overlay-type":"","overlay-color":"","overlay-opacity":"","overlay-gradient":""}}},"product_brand":[],"product_cat":[23,35],"product_tag":[91,89,88,90],"class_list":{"0":"post-627","1":"product","2":"type-product","3":"status-publish","4":"has-post-thumbnail","6":"product_cat-celulares-e-tablets","7":"product_cat-smartphone","8":"product_tag-celular","9":"product_tag-samsung","10":"product_tag-samsung-galaxy","11":"product_tag-smartphone","12":"desktop-align-center","13":"tablet-align-left","14":"mobile-align-center","16":"first","17":"instock","18":"sale","19":"shipping-taxable","20":"product-type-external"},"uagb_featured_image_src":{"full":["https:\/\/promocaododia.com.br\/site\/wp-content\/uploads\/2022\/10\/Smartphone-Samsung-Galaxy-A23-128GB-Preto-4G-Octa-Core-4GB-RAM-66-Cam-Quadrupla-Selfie-8MP.jpg",600,600,false],"thumbnail":["https:\/\/promocaododia.com.br\/site\/wp-content\/uploads\/2022\/10\/Smartphone-Samsung-Galaxy-A23-128GB-Preto-4G-Octa-Core-4GB-RAM-66-Cam-Quadrupla-Selfie-8MP-150x150.jpg",150,150,true],"medium":["https:\/\/promocaododia.com.br\/site\/wp-content\/uploads\/2022\/10\/Smartphone-Samsung-Galaxy-A23-128GB-Preto-4G-Octa-Core-4GB-RAM-66-Cam-Quadrupla-Selfie-8MP-300x300.jpg",300,300,true],"medium_large":["https:\/\/promocaododia.com.br\/site\/wp-content\/uploads\/2022\/10\/Smartphone-Samsung-Galaxy-A23-128GB-Preto-4G-Octa-Core-4GB-RAM-66-Cam-Quadrupla-Selfie-8MP.jpg",600,600,false],"large":["https:\/\/promocaododia.com.br\/site\/wp-content\/uploads\/2022\/10\/Smartphone-Samsung-Galaxy-A23-128GB-Preto-4G-Octa-Core-4GB-RAM-66-Cam-Quadrupla-Selfie-8MP.jpg",600,600,false],"1536x1536":["https:\/\/promocaododia.com.br\/site\/wp-content\/uploads\/2022\/10\/Smartphone-Samsung-Galaxy-A23-128GB-Preto-4G-Octa-Core-4GB-RAM-66-Cam-Quadrupla-Selfie-8MP.jpg",600,600,false],"2048x2048":["https:\/\/promocaododia.com.br\/site\/wp-content\/uploads\/2022\/10\/Smartphone-Samsung-Galaxy-A23-128GB-Preto-4G-Octa-Core-4GB-RAM-66-Cam-Quadrupla-Selfie-8MP.jpg",600,600,false],"woocommerce_thumbnail":["https:\/\/promocaododia.com.br\/site\/wp-content\/uploads\/2022\/10\/Smartphone-Samsung-Galaxy-A23-128GB-Preto-4G-Octa-Core-4GB-RAM-66-Cam-Quadrupla-Selfie-8MP-250x250.jpg",250,250,true],"woocommerce_single":["https:\/\/promocaododia.com.br\/site\/wp-content\/uploads\/2022\/10\/Smartphone-Samsung-Galaxy-A23-128GB-Preto-4G-Octa-Core-4GB-RAM-66-Cam-Quadrupla-Selfie-8MP-250x250.jpg",250,250,true],"woocommerce_gallery_thumbnail":["https:\/\/promocaododia.com.br\/site\/wp-content\/uploads\/2022\/10\/Smartphone-Samsung-Galaxy-A23-128GB-Preto-4G-Octa-Core-4GB-RAM-66-Cam-Quadrupla-Selfie-8MP-100x100.jpg",100,100,true]},"uagb_author_info":{"display_name":"danilo.gbr","author_link":"https:\/\/promocaododia.com.br\/site\/author\/"},"uagb_comment_info":0,"uagb_excerpt":"Tenha tudo o que precisa ao mesmo tempo com o smartphone Galaxy A23 da Samsung. Ele \u00e9 dual chip com tecnologia 4G e vem na cor preta. Conta com display V-Cut TFT de 6,6&#8243; que faz com que voc\u00ea tenha espa\u00e7o para ver e fazer mais. O design conecta a c\u00e2mera ao corpo de forma&hellip;","_links":{"self":[{"href":"https:\/\/promocaododia.com.br\/site\/wp-json\/wp\/v2\/product\/627","targetHints":{"allow":["GET"]}}],"collection":[{"href":"https:\/\/promocaododia.com.br\/site\/wp-json\/wp\/v2\/product"}],"about":[{"href":"https:\/\/promocaododia.com.br\/site\/wp-json\/wp\/v2\/types\/product"}],"wp:featuredmedia":[{"embeddable":true,"href":"https:\/\/promocaododia.com.br\/site\/wp-json\/wp\/v2\/media\/628"}],"wp:attachment":[{"href":"https:\/\/promocaododia.com.br\/site\/wp-json\/wp\/v2\/media?parent=627"}],"wp:term":[{"taxonomy":"product_brand","embeddable":true,"href":"https:\/\/promocaododia.com.br\/site\/wp-json\/wp\/v2\/product_brand?post=627"},{"taxonomy":"product_cat","embeddable":true,"href":"https:\/\/promocaododia.com.br\/site\/wp-json\/wp\/v2\/product_cat?post=627"},{"taxonomy":"product_tag","embeddable":true,"href":"https:\/\/promocaododia.com.br\/site\/wp-json\/wp\/v2\/product_tag?post=627"}],"curies":[{"name":"wp","href":"https:\/\/api.w.org\/{rel}","templated":true}]}}