{"id":629,"date":"2022-10-22T14:42:05","date_gmt":"2022-10-22T17:42:05","guid":{"rendered":"https:\/\/promocaododia.com.br\/site\/?post_type=product&#038;p=629"},"modified":"2022-10-22T14:42:05","modified_gmt":"2022-10-22T17:42:05","slug":"calca-basica-feminina-jogger-em-moletom-peluciado-hering","status":"publish","type":"product","link":"https:\/\/promocaododia.com.br\/site\/produto\/calca-basica-feminina-jogger-em-moletom-peluciado-hering\/","title":{"rendered":"Cal\u00e7a B\u00e1sica Feminina Jogger Em Moletom Peluciado &#8211; Hering"},"content":{"rendered":"<p>Cal\u00e7a feminina desenvolvida em moletom peluciado de algod\u00e3o e modelagem jogger, confort\u00e1vel e super estilosa. A pe\u00e7a ainda conta com bolsos faca tradicionais, e c\u00f3s com el\u00e1stico e canaleta para passagem de cadar\u00e7o para amarra\u00e7\u00e3o. Aposte nesse modelo super democr\u00e1tico em combina\u00e7\u00f5es com blusas Hering e monte looks descolados e modernos.<\/p>\n","protected":false},"excerpt":{"rendered":"<p>Cal\u00e7a feminina desenvolvida em moletom peluciado de algod\u00e3o e modelagem jogger, confort\u00e1vel e super estilosa. A pe\u00e7a ainda conta com bolsos faca tradicionais, e c\u00f3s com el\u00e1stico e canaleta para passagem de cadar\u00e7o para amarra\u00e7\u00e3o. Aposte nesse modelo super democr\u00e1tico em combina\u00e7\u00f5es com blusas Hering e monte looks descolados e modernos.<\/p>\n","protected":false},"featured_media":630,"template":"","meta":{"_uag_custom_page_level_css":"","site-sidebar-layout":"default","site-content-layout":"default","ast-site-content-layout":"default","site-content-style":"default","site-sidebar-style":"default","ast-global-header-display":"","ast-banner-title-visibility":"","ast-main-header-display":"","ast-hfb-above-header-display":"","ast-hfb-below-header-display":"","ast-hfb-mobile-header-display":"","site-post-title":"","ast-breadcrumbs-content":"","ast-featured-img":"","footer-sml-layout":"","theme-transparent-header-meta":"default","adv-header-id-meta":"","stick-header-meta":"","header-above-stick-meta":"","header-main-stick-meta":"","header-below-stick-meta":"","astra-migrate-meta-layouts":"default","ast-page-background-enabled":"default","ast-page-background-meta":{"desktop":{"background-color":"","background-image":"","background-repeat":"repeat","background-position":"center center","background-size":"auto","background-attachment":"scroll","background-type":"","background-media":"","overlay-type":"","overlay-color":"","overlay-opacity":"","overlay-gradient":""},"tablet":{"background-color":"","background-image":"","background-repeat":"repeat","background-position":"center center","background-size":"auto","background-attachment":"scroll","background-type":"","background-media":"","overlay-type":"","overlay-color":"","overlay-opacity":"","overlay-gradient":""},"mobile":{"background-color":"","background-image":"","background-repeat":"repeat","background-position":"center center","background-size":"auto","background-attachment":"scroll","background-type":"","background-media":"","overlay-type":"","overlay-color":"","overlay-opacity":"","overlay-gradient":""}},"ast-content-background-meta":{"desktop":{"background-color":"var(--ast-global-color-5)","background-image":"","background-repeat":"repeat","background-position":"center center","background-size":"auto","background-attachment":"scroll","background-type":"","background-media":"","overlay-type":"","overlay-color":"","overlay-opacity":"","overlay-gradient":""},"tablet":{"background-color":"var(--ast-global-color-5)","background-image":"","background-repeat":"repeat","background-position":"center center","background-size":"auto","background-attachment":"scroll","background-type":"","background-media":"","overlay-type":"","overlay-color":"","overlay-opacity":"","overlay-gradient":""},"mobile":{"background-color":"var(--ast-global-color-5)","background-image":"","background-repeat":"repeat","background-position":"center center","background-size":"auto","background-attachment":"scroll","background-type":"","background-media":"","overlay-type":"","overlay-color":"","overlay-opacity":"","overlay-gradient":""}}},"product_brand":[],"product_cat":[92,58,30],"product_tag":[],"class_list":{"0":"post-629","1":"product","2":"type-product","3":"status-publish","4":"has-post-thumbnail","6":"product_cat-calca","7":"product_cat-feminina","8":"product_cat-moda","9":"desktop-align-center","10":"tablet-align-left","11":"mobile-align-center","13":"first","14":"instock","15":"shipping-taxable","16":"product-type-external"},"uagb_featured_image_src":{"full":["https:\/\/promocaododia.com.br\/site\/wp-content\/uploads\/2022\/10\/Calca-Basica-Feminina-Jogger-Em-Moletom-Peluciado-Hering.jpg",600,600,false],"thumbnail":["https:\/\/promocaododia.com.br\/site\/wp-content\/uploads\/2022\/10\/Calca-Basica-Feminina-Jogger-Em-Moletom-Peluciado-Hering-150x150.jpg",150,150,true],"medium":["https:\/\/promocaododia.com.br\/site\/wp-content\/uploads\/2022\/10\/Calca-Basica-Feminina-Jogger-Em-Moletom-Peluciado-Hering-300x300.jpg",300,300,true],"medium_large":["https:\/\/promocaododia.com.br\/site\/wp-content\/uploads\/2022\/10\/Calca-Basica-Feminina-Jogger-Em-Moletom-Peluciado-Hering.jpg",600,600,false],"large":["https:\/\/promocaododia.com.br\/site\/wp-content\/uploads\/2022\/10\/Calca-Basica-Feminina-Jogger-Em-Moletom-Peluciado-Hering.jpg",600,600,false],"1536x1536":["https:\/\/promocaododia.com.br\/site\/wp-content\/uploads\/2022\/10\/Calca-Basica-Feminina-Jogger-Em-Moletom-Peluciado-Hering.jpg",600,600,false],"2048x2048":["https:\/\/promocaododia.com.br\/site\/wp-content\/uploads\/2022\/10\/Calca-Basica-Feminina-Jogger-Em-Moletom-Peluciado-Hering.jpg",600,600,false],"woocommerce_thumbnail":["https:\/\/promocaododia.com.br\/site\/wp-content\/uploads\/2022\/10\/Calca-Basica-Feminina-Jogger-Em-Moletom-Peluciado-Hering-250x250.jpg",250,250,true],"woocommerce_single":["https:\/\/promocaododia.com.br\/site\/wp-content\/uploads\/2022\/10\/Calca-Basica-Feminina-Jogger-Em-Moletom-Peluciado-Hering-250x250.jpg",250,250,true],"woocommerce_gallery_thumbnail":["https:\/\/promocaododia.com.br\/site\/wp-content\/uploads\/2022\/10\/Calca-Basica-Feminina-Jogger-Em-Moletom-Peluciado-Hering-100x100.jpg",100,100,true]},"uagb_author_info":{"display_name":"danilo.gbr","author_link":"https:\/\/promocaododia.com.br\/site\/author\/"},"uagb_comment_info":0,"uagb_excerpt":"Cal\u00e7a feminina desenvolvida em moletom peluciado de algod\u00e3o e modelagem jogger, confort\u00e1vel e super estilosa. A pe\u00e7a ainda conta com bolsos faca tradicionais, e c\u00f3s com el\u00e1stico e canaleta para passagem de cadar\u00e7o para amarra\u00e7\u00e3o. Aposte nesse modelo super democr\u00e1tico em combina\u00e7\u00f5es com blusas Hering e monte looks descolados e modernos.","_links":{"self":[{"href":"https:\/\/promocaododia.com.br\/site\/wp-json\/wp\/v2\/product\/629","targetHints":{"allow":["GET"]}}],"collection":[{"href":"https:\/\/promocaododia.com.br\/site\/wp-json\/wp\/v2\/product"}],"about":[{"href":"https:\/\/promocaododia.com.br\/site\/wp-json\/wp\/v2\/types\/product"}],"wp:featuredmedia":[{"embeddable":true,"href":"https:\/\/promocaododia.com.br\/site\/wp-json\/wp\/v2\/media\/630"}],"wp:attachment":[{"href":"https:\/\/promocaododia.com.br\/site\/wp-json\/wp\/v2\/media?parent=629"}],"wp:term":[{"taxonomy":"product_brand","embeddable":true,"href":"https:\/\/promocaododia.com.br\/site\/wp-json\/wp\/v2\/product_brand?post=629"},{"taxonomy":"product_cat","embeddable":true,"href":"https:\/\/promocaododia.com.br\/site\/wp-json\/wp\/v2\/product_cat?post=629"},{"taxonomy":"product_tag","embeddable":true,"href":"https:\/\/promocaododia.com.br\/site\/wp-json\/wp\/v2\/product_tag?post=629"}],"curies":[{"name":"wp","href":"https:\/\/api.w.org\/{rel}","templated":true}]}}